{"id":17249,"date":"2025-05-15T15:48:40","date_gmt":"2025-05-15T07:48:40","guid":{"rendered":"https:\/\/weecke.com\/?post_type=product&#038;p=17249"},"modified":"2025-05-19T09:45:36","modified_gmt":"2025-05-19T01:45:36","slug":"weecke-puzzle","status":"publish","type":"product","link":"https:\/\/weecke.com\/pt\/produto\/weecke-puzzle\/","title":{"rendered":"WEECKE PUZZLE"},"content":{"rendered":"<p data-start=\"64\" data-end=\"81\"><strong data-start=\"64\" data-end=\"81\">Caracter\u00edsticas Principais:<\/strong><\/p>\n<ul data-start=\"83\" data-end=\"927\">\n<li data-start=\"83\" data-end=\"185\">\n<p data-start=\"85\" data-end=\"185\"><strong data-start=\"85\" data-end=\"108\">Sistema de Aquecimento Duplo<\/strong>: Garante aquecimento uniforme e consistente, proporcionando vapor suave e saboroso.<\/p>\n<\/li>\n<li data-start=\"186\" data-end=\"290\">\n<p data-start=\"188\" data-end=\"290\"><strong data-start=\"188\" data-end=\"208\">C\u00e2mara de Tit\u00e2nio<\/strong>: Excelente reten\u00e7\u00e3o de calor e pureza, real\u00e7ando o sabor e a experi\u00eancia geral.<\/p>\n<\/li>\n<li data-start=\"291\" data-end=\"393\">\n<p data-start=\"293\" data-end=\"393\"><strong data-start=\"293\" data-end=\"322\">Display Digital<\/strong>: Display digital vibrante oferece controle claro e em tempo real da sua sess\u00e3o.<\/p>\n<\/li>\n<li data-start=\"394\" data-end=\"495\">\n<p data-start=\"396\" data-end=\"495\"><strong data-start=\"396\" data-end=\"424\">Controle Total de Temperatura<\/strong>: Ajuste preciso de 320\u00b0F a 446\u00b0F para uma experi\u00eancia personalizada.<\/p>\n<\/li>\n<li data-start=\"496\" data-end=\"586\">\n<p data-start=\"498\" data-end=\"586\"><strong data-start=\"498\" data-end=\"525\">Tempo de Sess\u00e3o Ajust\u00e1vel<\/strong>: Defina a dura\u00e7\u00e3o da sua sess\u00e3o entre 3 e 5 minutos conforme necess\u00e1rio.<\/p>\n<\/li>\n<li data-start=\"587\" data-end=\"664\">\n<p data-start=\"589\" data-end=\"664\"><strong data-start=\"589\" data-end=\"613\">Tempo de Aquecimento R\u00e1pido<\/strong>: Aquece rapidamente, permitindo que voc\u00ea comece a vaporizar em segundos.<\/p>\n<\/li>\n<li data-start=\"665\" data-end=\"742\">\n<p data-start=\"667\" data-end=\"742\"><strong data-start=\"667\" data-end=\"692\">Bocal de Vidro<\/strong>: Preserva o sabor e garante tragadas frescas e suaves.<\/p>\n<\/li>\n<li data-start=\"743\" data-end=\"824\">\n<p data-start=\"745\" data-end=\"824\"><strong data-start=\"745\" data-end=\"766\">: Escolha entre sess\u00f5es de 3, 3,5, 4 ou 4,5 minutos.<\/strong>: Vapor puro e limpo, livre de interfer\u00eancias eletr\u00f4nicas.<\/p>\n<\/li>\n<li data-start=\"825\" data-end=\"927\">\n<p data-start=\"827\" data-end=\"927\"><strong data-start=\"827\" data-end=\"851\">Bateria de Longa Dura\u00e7\u00e3o<\/strong>: Bateria interna de 2100mAh oferece uso prolongado e desempenho confi\u00e1vel.<\/p>\n<\/li>\n<\/ul>","protected":false},"excerpt":{"rendered":"<p data-start=\"122\" data-end=\"373\">Alcance um novo n\u00edvel de vaporiza\u00e7\u00e3o com o WEECKE PUZZLE, projetado para quem exige precis\u00e3o, pot\u00eancia e estilo. Com tecnologia de aquecimento avan\u00e7ada e um design elegante, este vaporizador oferece uma experi\u00eancia incompar\u00e1vel.<\/p>\n<ul data-start=\"379\" data-end=\"922\">\n<li data-start=\"379\" data-end=\"413\">\n<p data-start=\"381\" data-end=\"413\"><strong data-start=\"381\" data-end=\"399\">M\u00e9todo de Aquecimento<\/strong>: Aquecimento duplo<\/p>\n<\/li>\n<li data-start=\"414\" data-end=\"441\">\n<p data-start=\"416\" data-end=\"441\"><strong data-start=\"416\" data-end=\"427\">Adequado Para<\/strong>: Material seco<\/p>\n<\/li>\n<li data-start=\"442\" data-end=\"497\"><strong data-start=\"500\" data-end=\"514\">Faixa de Temperatura<\/strong>: 160\u00b0C \u2013 230\u00b0C (320\u00b0F \u2013 446\u00b0F)<\/li>\n<li data-start=\"546\" data-end=\"613\">\n<p data-start=\"548\" data-end=\"613\"><strong data-start=\"548\" data-end=\"574\">Regula\u00e7\u00e3o de Temperatura<\/strong>: Precis\u00e3o ajust\u00e1vel em incrementos de 1\u00b0C<\/p>\n<\/li>\n<li data-start=\"614\" data-end=\"676\">\n<p data-start=\"616\" data-end=\"676\"><strong data-start=\"616\" data-end=\"627\">C\u00e2mara<\/strong>: Tit\u00e2nio para reten\u00e7\u00e3o de calor e sabor superiores<\/p>\n<\/li>\n<li data-start=\"677\" data-end=\"729\">\n<p data-start=\"679\" data-end=\"729\"><strong data-start=\"679\" data-end=\"690\">Bateria<\/strong>: 2100 mAh para desempenho duradouro<\/p>\n<\/li>\n<li data-start=\"730\" data-end=\"805\">\n<p data-start=\"732\" data-end=\"805\"><strong data-start=\"732\" data-end=\"759\">Tempo de Trabalho Ajust\u00e1vel<\/strong>: 3-5 minutos, personaliz\u00e1vel conforme sua prefer\u00eancia<\/p>\n<\/li>\n<li data-start=\"806\" data-end=\"867\">\n<p data-start=\"808\" data-end=\"867\"><strong data-start=\"808\" data-end=\"819\">Display<\/strong>: Display digital para controle de temperatura facilitado<\/p>\n<\/li>\n<li data-start=\"868\" data-end=\"922\">\n<p data-start=\"870\" data-end=\"922\"><strong data-start=\"870\" data-end=\"882\">Carregamento<\/strong>: Tipo-C para recarga r\u00e1pida e conveniente<\/p>\n<\/li>\n<\/ul>\n<p data-start=\"915\" data-end=\"1002\">Perfeito para quem busca desempenho de alto n\u00edvel, inova\u00e7\u00e3o e estilo em cada sess\u00e3o.<\/p>","protected":false},"featured_media":17252,"comment_status":"closed","ping_status":"closed","template":"","meta":[],"product_brand":[],"product_cat":[149],"product_tag":[],"class_list":{"0":"post-17249","1":"product","2":"type-product","3":"status-publish","4":"has-post-thumbnail","6":"product_cat-weecke-vaporizer","8":"first","9":"instock","10":"shipping-taxable","11":"product-type-simple"},"_links":{"self":[{"href":"https:\/\/weecke.com\/pt\/wp-json\/wp\/v2\/product\/17249","targetHints":{"allow":["GET"]}}],"collection":[{"href":"https:\/\/weecke.com\/pt\/wp-json\/wp\/v2\/product"}],"about":[{"href":"https:\/\/weecke.com\/pt\/wp-json\/wp\/v2\/types\/product"}],"replies":[{"embeddable":true,"href":"https:\/\/weecke.com\/pt\/wp-json\/wp\/v2\/comments?post=17249"}],"wp:featuredmedia":[{"embeddable":true,"href":"https:\/\/weecke.com\/pt\/wp-json\/wp\/v2\/media\/17252"}],"wp:attachment":[{"href":"https:\/\/weecke.com\/pt\/wp-json\/wp\/v2\/media?parent=17249"}],"wp:term":[{"taxonomy":"product_brand","embeddable":true,"href":"https:\/\/weecke.com\/pt\/wp-json\/wp\/v2\/product_brand?post=17249"},{"taxonomy":"product_cat","embeddable":true,"href":"https:\/\/weecke.com\/pt\/wp-json\/wp\/v2\/product_cat?post=17249"},{"taxonomy":"product_tag","embeddable":true,"href":"https:\/\/weecke.com\/pt\/wp-json\/wp\/v2\/product_tag?post=17249"}],"curies":[{"name":"wp","href":"https:\/\/api.w.org\/{rel}","templated":true}]}}