{"id":17220,"date":"2025-03-25T10:14:17","date_gmt":"2025-03-25T02:14:17","guid":{"rendered":"https:\/\/weecke.com\/?post_type=product&#038;p=17220"},"modified":"2025-03-31T18:31:04","modified_gmt":"2025-03-31T10:31:04","slug":"dabmax-zyra","status":"publish","type":"product","link":"https:\/\/weecke.com\/pt\/produto\/dabmax-zyra\/","title":{"rendered":"DABMAX ZYRA"},"content":{"rendered":"<h3 class=\"\" data-start=\"501\" data-end=\"525\"><strong data-start=\"508\" data-end=\"524\">Caracter\u00edsticas Principais<\/strong>:<\/h3>\n<ul data-start=\"527\" data-end=\"1599\">\n<li class=\"\" data-start=\"527\" data-end=\"647\">\n<p class=\"\" data-start=\"529\" data-end=\"647\"><strong data-start=\"529\" data-end=\"568\">Atomizador de Bobina em Anel de Cer\u00e2mica Avan\u00e7ado<\/strong><br data-start=\"568\" data-end=\"571\" \/>Garante distribui\u00e7\u00e3o de calor consistente para sabor ideal e densidade de vapor.<\/p>\n<\/li>\n<li class=\"\" data-start=\"651\" data-end=\"785\">\n<p class=\"\" data-start=\"653\" data-end=\"785\"><strong data-start=\"653\" data-end=\"696\">5 Configura\u00e7\u00f5es de Voltagem Vari\u00e1vel (2.9V, 3.1V, 3.3V, 3.5V, 3.7V)<\/strong><br data-start=\"696\" data-end=\"699\" \/>Personalize sua experi\u00eancia, de tragadas suaves e de baixa temperatura ricas em terpenos a nuvens de vapor robustas.<\/p>\n<\/li>\n<li class=\"\" data-start=\"789\" data-end=\"914\">\n<p class=\"\" data-start=\"791\" data-end=\"914\"><strong data-start=\"791\" data-end=\"820\">Fun\u00e7\u00e3o de Pr\u00e9-aquecimento Integrada<\/strong><br data-start=\"820\" data-end=\"823\" \/>Inicie sua sess\u00e3o instantaneamente com aquecimento eficiente para dabbing r\u00e1pido e sem esfor\u00e7o.<\/p>\n<\/li>\n<li class=\"\" data-start=\"916\" data-end=\"1108\">\n<p class=\"\" data-start=\"918\" data-end=\"1108\"><strong data-start=\"918\" data-end=\"969\">Compatibilidade Dupla: Ceras e Cartuchos com Roscamento 510<\/strong><br data-start=\"969\" data-end=\"972\" \/>Gra\u00e7as ao <strong data-start=\"988\" data-end=\"1011\">roscamento 510 integrado<\/strong>, o ZYRA se adapta a uma ampla variedade de cartuchos de cera e \u00f3leo\u2014oferecendo verdadeira versatilidade em um \u00fanico dispositivo.<\/p>\n<\/li>\n<li class=\"\" data-start=\"1110\" data-end=\"1241\">\n<p class=\"\" data-start=\"1112\" data-end=\"1241\"><strong data-start=\"1112\" data-end=\"1137\">Display Digital Inteligente<\/strong><br data-start=\"1137\" data-end=\"1140\" \/>Informa\u00e7\u00f5es em tempo real ao seu alcance. Monitore temperatura, vida \u00fatil da bateria e sele\u00e7\u00e3o de modo com facilidade.<\/p>\n<\/li>\n<li class=\"\" data-start=\"1243\" data-end=\"1362\">\n<p class=\"\" data-start=\"1245\" data-end=\"1362\"><strong data-start=\"1245\" data-end=\"1277\">Sele\u00e7\u00e3o de Modo Autom\u00e1tico \/ Manual<\/strong><br data-start=\"1277\" data-end=\"1280\" \/>Escolha entre tragadas totalmente automatizadas ou controle manual para um desempenho personalizado.<\/p>\n<\/li>\n<li class=\"\" data-start=\"1364\" data-end=\"1474\">\n<p class=\"\" data-start=\"1366\" data-end=\"1474\"><strong data-start=\"1366\" data-end=\"1389\">Carregamento R\u00e1pido USB-C<\/strong><br data-start=\"1389\" data-end=\"1392\" \/>Alimentado por uma <strong data-start=\"1407\" data-end=\"1417\">400mAh<\/strong> bateria, recarrega rapidamente e est\u00e1 sempre pronto para uso.<\/p>\n<\/li>\n<li class=\"\" data-start=\"1476\" data-end=\"1599\">\n<p class=\"\" data-start=\"1478\" data-end=\"1599\"><strong data-start=\"1478\" data-end=\"1510\">Design Compacto e Estiloso<\/strong><br data-start=\"1510\" data-end=\"1513\" \/>Elegante, leve e f\u00e1cil de carregar no bolso\u2014a est\u00e9tica moderna do ZYRA se adapta ao seu estilo de vida.<\/p>\n<\/li>\n<\/ul>","protected":false},"excerpt":{"rendered":"<p class=\"\" data-start=\"182\" data-end=\"228\"><strong data-start=\"182\" data-end=\"228\">Dabbing de Precis\u00e3o em um Design Elegante e Inteligente<\/strong><\/p>\n<p class=\"\" data-start=\"230\" data-end=\"499\">Projetado para desempenho e portabilidade, o <strong data-start=\"283\" data-end=\"298\">DABMAX ZYRA<\/strong> redefine a conveni\u00eancia e o controle no consumo de concentrados. Projetado com um <strong data-start=\"378\" data-end=\"417\">atomizador de bobina em anel de cer\u00e2mica avan\u00e7ado<\/strong>, ele proporciona <strong data-start=\"431\" data-end=\"447\">aquecimento uniforme<\/strong> para uma <strong data-start=\"454\" data-end=\"487\">experi\u00eancia pura e rica em terpenos<\/strong>\u2014sempre.<\/p>\n<ul>\n<li><strong data-start=\"245\" data-end=\"261\">Tipo de Roscamento:<\/strong> Roscamento 510 Integrado<\/li>\n<li><strong data-start=\"284\" data-end=\"305\">Capacidade da Bateria:<\/strong> 400mAh<\/li>\n<li><strong data-start=\"315\" data-end=\"333\">Porta de Carregamento:<\/strong> USB-C<\/li>\n<li><strong data-start=\"130\" data-end=\"150\">Elemento de Aquecimento:<\/strong> Atomizador de Bobina em Anel de Cer\u00e2mica Avan\u00e7ado<\/li>\n<li><strong data-start=\"581\" data-end=\"593\">Display:<\/strong> Display Digital Inteligente (Voltagem, Temperatura, Bateria, Modo)<\/li>\n<li><strong data-start=\"342\" data-end=\"371\">Tens\u00e3o\/Corrente de Carregamento:<\/strong> 5V \/ 0.5A<\/li>\n<li><strong data-start=\"425\" data-end=\"447\">Configura\u00e7\u00e3o de Voltagem:<\/strong> 2.9V, 3.1V, 3.3V, 3.5V, 3.7V<\/li>\n<li><strong data-start=\"508\" data-end=\"526\">Modos de Funcionamento:<\/strong> Modo Autom\u00e1tico \/ Modo Manual<\/li>\n<li><strong data-start=\"553\" data-end=\"574\">Fun\u00e7\u00e3o de Pr\u00e9-aquecimento:<\/strong> Sim<\/li>\n<li><strong data-start=\"959\" data-end=\"977\">Personaliza\u00e7\u00e3o:<\/strong> Logotipo, Cor, Interface do Usu\u00e1rio, Embalagem (OEM\/ODM Dispon\u00edvel)<br data-start=\"281\" data-end=\"284\" \/><br data-start=\"312\" data-end=\"315\" \/><br data-start=\"339\" data-end=\"342\" \/><br data-start=\"379\" data-end=\"382\" \/><br data-start=\"461\" data-end=\"464\" \/><br data-start=\"505\" data-end=\"508\" \/><\/li>\n<\/ul>","protected":false},"featured_media":17225,"comment_status":"closed","ping_status":"closed","template":"","meta":[],"product_brand":[],"product_cat":[154],"product_tag":[],"class_list":{"0":"post-17220","1":"product","2":"type-product","3":"status-publish","4":"has-post-thumbnail","6":"product_cat-dabmax-vaporizer","8":"first","9":"instock","10":"shipping-taxable","11":"product-type-simple"},"_links":{"self":[{"href":"https:\/\/weecke.com\/pt\/wp-json\/wp\/v2\/product\/17220","targetHints":{"allow":["GET"]}}],"collection":[{"href":"https:\/\/weecke.com\/pt\/wp-json\/wp\/v2\/product"}],"about":[{"href":"https:\/\/weecke.com\/pt\/wp-json\/wp\/v2\/types\/product"}],"replies":[{"embeddable":true,"href":"https:\/\/weecke.com\/pt\/wp-json\/wp\/v2\/comments?post=17220"}],"wp:featuredmedia":[{"embeddable":true,"href":"https:\/\/weecke.com\/pt\/wp-json\/wp\/v2\/media\/17225"}],"wp:attachment":[{"href":"https:\/\/weecke.com\/pt\/wp-json\/wp\/v2\/media?parent=17220"}],"wp:term":[{"taxonomy":"product_brand","embeddable":true,"href":"https:\/\/weecke.com\/pt\/wp-json\/wp\/v2\/product_brand?post=17220"},{"taxonomy":"product_cat","embeddable":true,"href":"https:\/\/weecke.com\/pt\/wp-json\/wp\/v2\/product_cat?post=17220"},{"taxonomy":"product_tag","embeddable":true,"href":"https:\/\/weecke.com\/pt\/wp-json\/wp\/v2\/product_tag?post=17220"}],"curies":[{"name":"wp","href":"https:\/\/api.w.org\/{rel}","templated":true}]}}