{"id":16661,"date":"2024-11-14T11:56:28","date_gmt":"2024-11-14T03:56:28","guid":{"rendered":"https:\/\/weecke.com\/?post_type=product&#038;p=16661"},"modified":"2025-11-18T21:31:57","modified_gmt":"2025-11-18T13:31:57","slug":"c-vapor-6-0","status":"publish","type":"product","link":"https:\/\/weecke.com\/pt\/produto\/c-vapor-6-0\/","title":{"rendered":"WEECKE C VAPOR 6.0"},"content":{"rendered":"<h3 class=\"wp-block-heading\"><strong>Por que os Distribuidores Adoram o C Vapor 6<\/strong><\/h3>\n\n\n\n<ul class=\"wp-block-list\">\n<li><strong>Design de Manuten\u00e7\u00e3o Modular<\/strong>: Componentes de bocal e aquecimento f\u00e1ceis de desmontar economizam tempo e m\u00e3o de obra \u2014 perfeito para uso di\u00e1rio<\/li>\n\n\n\n<li><strong>Caminho de Ar Totalmente Isolado<\/strong>: Garante vapor limpo e puro \u2014 sem gosto de queimado<\/li>\n\n\n\n<li><strong>Controle de Um Bot\u00e3o<\/strong>: Interface simples com feedback h\u00e1ptico torna-o amig\u00e1vel para iniciantes<\/li>\n\n\n\n<li><strong>Aquecimento Preciso<\/strong>: Escolha entre 4 temperaturas predefinidas (392\u00b0F \u2013 446\u00b0F\/200-230\u00b0C)<\/li>\n\n\n\n<li><strong>Aquecimento R\u00e1pido<\/strong>: Aquece em segundos e vibra quando pronto<\/li>\n\n\n\n<li><strong>Bateria de Alta Qualidade<\/strong>: 2600mAh, carregamento r\u00e1pido USB-C (5V\/2A)<\/li>\n\n\n\n<li><strong>Temporizador Autom\u00e1tico de Sess\u00e3o<\/strong>: Corte de 5 minutos para seguran\u00e7a e preserva\u00e7\u00e3o da bateria<\/li>\n<\/ul>\n\n\n\n<figure class=\"wp-block-image size-full\"><a href=\"https:\/\/weecke.com\/wp-content\/uploads\/C-Vapor-6.0.jpg\"><img fetchpriority=\"high\" decoding=\"async\" width=\"800\" height=\"800\" src=\"https:\/\/weecke.com\/wp-content\/uploads\/C-Vapor-6.0.jpg\" alt=\"\" class=\"wp-image-17383\" srcset=\"https:\/\/weecke.com\/wp-content\/uploads\/C-Vapor-6.0.jpg 800w, https:\/\/weecke.com\/wp-content\/uploads\/C-Vapor-6.0-300x300.jpg 300w, https:\/\/weecke.com\/wp-content\/uploads\/C-Vapor-6.0-150x150.jpg 150w, https:\/\/weecke.com\/wp-content\/uploads\/C-Vapor-6.0-768x768.jpg 768w, https:\/\/weecke.com\/wp-content\/uploads\/C-Vapor-6.0-500x500.jpg 500w, https:\/\/weecke.com\/wp-content\/uploads\/C-Vapor-6.0-700x700.jpg 700w, https:\/\/weecke.com\/wp-content\/uploads\/C-Vapor-6.0-100x100.jpg 100w\" sizes=\"(max-width: 800px) 100vw, 800px\" \/><\/a><\/figure>\n\n\n\n<figure class=\"wp-block-image size-full\"><a href=\"https:\/\/weecke.com\/wp-content\/uploads\/C-Vapor-6.0-with-modular-design.jpg\"><img decoding=\"async\" width=\"800\" height=\"800\" src=\"https:\/\/weecke.com\/wp-content\/uploads\/C-Vapor-6.0-with-modular-design.jpg\" alt=\"\" class=\"wp-image-17382\" srcset=\"https:\/\/weecke.com\/wp-content\/uploads\/C-Vapor-6.0-with-modular-design.jpg 800w, https:\/\/weecke.com\/wp-content\/uploads\/C-Vapor-6.0-with-modular-design-300x300.jpg 300w, https:\/\/weecke.com\/wp-content\/uploads\/C-Vapor-6.0-with-modular-design-150x150.jpg 150w, https:\/\/weecke.com\/wp-content\/uploads\/C-Vapor-6.0-with-modular-design-768x768.jpg 768w, https:\/\/weecke.com\/wp-content\/uploads\/C-Vapor-6.0-with-modular-design-500x500.jpg 500w, https:\/\/weecke.com\/wp-content\/uploads\/C-Vapor-6.0-with-modular-design-700x700.jpg 700w, https:\/\/weecke.com\/wp-content\/uploads\/C-Vapor-6.0-with-modular-design-100x100.jpg 100w\" sizes=\"(max-width: 800px) 100vw, 800px\" \/><\/a><\/figure>\n\n\n\n<figure class=\"wp-block-image size-full\"><a href=\"https:\/\/weecke.com\/wp-content\/uploads\/Bottom-View-of-C-Vapor-6.0.jpg\"><img decoding=\"async\" width=\"800\" height=\"800\" src=\"https:\/\/weecke.com\/wp-content\/uploads\/Bottom-View-of-C-Vapor-6.0.jpg\" alt=\"\" class=\"wp-image-17381\" srcset=\"https:\/\/weecke.com\/wp-content\/uploads\/Bottom-View-of-C-Vapor-6.0.jpg 800w, https:\/\/weecke.com\/wp-content\/uploads\/Bottom-View-of-C-Vapor-6.0-300x300.jpg 300w, https:\/\/weecke.com\/wp-content\/uploads\/Bottom-View-of-C-Vapor-6.0-150x150.jpg 150w, https:\/\/weecke.com\/wp-content\/uploads\/Bottom-View-of-C-Vapor-6.0-768x768.jpg 768w, https:\/\/weecke.com\/wp-content\/uploads\/Bottom-View-of-C-Vapor-6.0-500x500.jpg 500w, https:\/\/weecke.com\/wp-content\/uploads\/Bottom-View-of-C-Vapor-6.0-700x700.jpg 700w, https:\/\/weecke.com\/wp-content\/uploads\/Bottom-View-of-C-Vapor-6.0-100x100.jpg 100w\" sizes=\"(max-width: 800px) 100vw, 800px\" \/><\/a><\/figure>\n\n\n\n<h3 class=\"wp-block-heading\"><strong>Na Caixa<\/strong><\/h3>\n\n\n\n<ul class=\"wp-block-list\">\n<li>Dispositivo C Vapor 6<\/li>\n\n\n\n<li>Cabo de Carregamento USB-C<\/li>\n\n\n\n<li>Filtro de Cer\u00e2mica<\/li>\n\n\n\n<li>Anel de Silicone<\/li>\n\n\n\n<li>Escovas de Limpeza<\/li>\n\n\n\n<li>Espa\u00e7ador de Papel<\/li>\n\n\n\n<li>Manual do Usu\u00e1rio<\/li>\n<\/ul>","protected":false},"excerpt":{"rendered":"<p data-start=\"112\" data-end=\"164\"><em data-start=\"112\" data-end=\"164\">Compacto. Limpo. Pronto para Personaliza\u00e7\u00e3o. Projetado para Uso Di\u00e1rio.<\/em><\/p>\n<p data-start=\"166\" data-end=\"420\">Voc\u00ea n\u00e3o est\u00e1 apenas procurando um vaporizador de ervas soltas \u2014 voc\u00ea est\u00e1 buscando um produto confi\u00e1vel, f\u00e1cil de usar, f\u00e1cil de manter e constru\u00eddo para durar. Seja voc\u00ea um distribuidor, propriet\u00e1rio de marca ou vendedor online, o <strong data-start=\"380\" data-end=\"393\">C Vapor 6<\/strong> foi feito para o seu neg\u00f3cio.<\/p>\n<p data-start=\"422\" data-end=\"775\">Projetado com uma estrutura semimodular, o C Vapor 6 torna a limpeza, reparo e substitui\u00e7\u00e3o de pe\u00e7as mais f\u00e1cil do que nunca. A unidade do bocal, a unidade da bateria e a unidade da c\u00e2mara podem ser desmontadas rapidamente \u2014 mantendo o tempo de inatividade baixo e a satisfa\u00e7\u00e3o alta. Isso tamb\u00e9m significa menos reclama\u00e7\u00f5es, taxas de devolu\u00e7\u00e3o mais baixas e um produto que permanece mais tempo fresco na prateleira.<\/p>\n<p data-start=\"777\" data-end=\"1063\">Com 4 n\u00edveis de temperatura otimizados, uma bateria de longa dura\u00e7\u00e3o de 2600mAh e um caminho de ar totalmente isolado, permite que voc\u00ea obtenha vapor puro sem combust\u00e3o \u2014 apenas sabor suave do in\u00edcio ao fim. Compacto, potente e f\u00e1cil de usar, o C Vapor 6 \u00e9 uma escolha inteligente para usu\u00e1rios s\u00e9rios de ervas secas e tabaco solto.<\/p>\n<ul>\n<li data-start=\"1761\" data-end=\"1812\">\n<p data-start=\"1763\" data-end=\"1812\"><strong data-start=\"1763\" data-end=\"1784\">Faixa de Temperatura<\/strong>: 200\u00b0C \/392\u00b0F, 210\u00b0C\/410\u00b0F, 220\u00b0C\/428\u00b0F, 230\u00b0C\/446\u00b0F<\/p>\n<\/li>\n<li data-start=\"1813\" data-end=\"1846\">\n<p data-start=\"1815\" data-end=\"1846\"><strong data-start=\"1815\" data-end=\"1826\">Bateria<\/strong>: Li-Pol\u00edmero 2600mAh<\/p>\n<\/li>\n<li data-start=\"1847\" data-end=\"1883\">\n<p data-start=\"1849\" data-end=\"1883\"><strong data-start=\"1849\" data-end=\"1861\">Carregamento<\/strong>: USB-C, menos de 2 horas<\/p>\n<\/li>\n<li data-start=\"1884\" data-end=\"1906\">\n<p data-start=\"1886\" data-end=\"1906\"><strong data-start=\"1886\" data-end=\"1894\">Tamanho<\/strong>: 79\u00d754\u00d727mm<\/p>\n<\/li>\n<li data-start=\"1907\" data-end=\"1938\">\n<p data-start=\"1909\" data-end=\"1938\"><strong data-start=\"1909\" data-end=\"1925\">Tempo de Sess\u00e3o<\/strong>: 300 segundos<\/p>\n<\/li>\n<li data-start=\"1939\" data-end=\"2003\">\n<p data-start=\"1941\" data-end=\"2003\"><strong data-start=\"1941\" data-end=\"1951\">Seguran\u00e7a<\/strong>: Sobrecarga, curto-circuito, superaquecimento e outras 5 prote\u00e7\u00f5es<\/p>\n<\/li>\n<\/ul>\n<p data-start=\"777\" data-end=\"1063\">\u00a0<\/p>","protected":false},"featured_media":17397,"comment_status":"closed","ping_status":"closed","template":"","meta":[],"product_brand":[],"product_cat":[149],"product_tag":[],"class_list":{"0":"post-16661","1":"product","2":"type-product","3":"status-publish","4":"has-post-thumbnail","6":"product_cat-weecke-vaporizer","8":"first","9":"instock","10":"shipping-taxable","11":"product-type-simple"},"_links":{"self":[{"href":"https:\/\/weecke.com\/pt\/wp-json\/wp\/v2\/product\/16661","targetHints":{"allow":["GET"]}}],"collection":[{"href":"https:\/\/weecke.com\/pt\/wp-json\/wp\/v2\/product"}],"about":[{"href":"https:\/\/weecke.com\/pt\/wp-json\/wp\/v2\/types\/product"}],"replies":[{"embeddable":true,"href":"https:\/\/weecke.com\/pt\/wp-json\/wp\/v2\/comments?post=16661"}],"wp:featuredmedia":[{"embeddable":true,"href":"https:\/\/weecke.com\/pt\/wp-json\/wp\/v2\/media\/17397"}],"wp:attachment":[{"href":"https:\/\/weecke.com\/pt\/wp-json\/wp\/v2\/media?parent=16661"}],"wp:term":[{"taxonomy":"product_brand","embeddable":true,"href":"https:\/\/weecke.com\/pt\/wp-json\/wp\/v2\/product_brand?post=16661"},{"taxonomy":"product_cat","embeddable":true,"href":"https:\/\/weecke.com\/pt\/wp-json\/wp\/v2\/product_cat?post=16661"},{"taxonomy":"product_tag","embeddable":true,"href":"https:\/\/weecke.com\/pt\/wp-json\/wp\/v2\/product_tag?post=16661"}],"curies":[{"name":"wp","href":"https:\/\/api.w.org\/{rel}","templated":true}]}}