{"id":16224,"date":"2024-11-11T17:10:23","date_gmt":"2024-11-11T09:10:23","guid":{"rendered":"https:\/\/weecke.com\/?post_type=product&#038;p=16224"},"modified":"2024-11-15T16:51:35","modified_gmt":"2024-11-15T08:51:35","slug":"fenix-classic","status":"publish","type":"product","link":"https:\/\/weecke.com\/pt\/produto\/fenix-classic\/","title":{"rendered":"FENIX CLASSIC"},"content":{"rendered":"<p><strong>Vantagens e Recursos<\/strong><\/p>\n<ol>\n<li>Tecnologia patenteada de aquecimento por fluxo de convec\u00e7\u00e3o, Aquecimento por Ar 100%, vapor puro.<\/li>\n<li>Identifica\u00e7\u00e3o Inteligente de Fumo Especial: Com esta fun\u00e7\u00e3o, o usu\u00e1rio pode desfrutar de vapor instant\u00e2neo e uniforme, em qualquer lugar.<\/li>\n<li>Caminho de Ar Totalmente Isolado: ao utilizar, o ar entra na c\u00e2mara diretamente atrav\u00e9s do caminho met\u00e1lico de grau aliment\u00edcio, seguro.<\/li>\n<li>Inclui Copo para Cera &amp; \u00d3leo e \u00e9 adequado para ervas secas, cera e \u00f3leo.<\/li>\n<li>Boca destac\u00e1vel e lav\u00e1vel com tecnologia magn\u00e9tica, mais elegante.<\/li>\n<li>O display OLED indica a temperatura e o n\u00edvel da bateria.<\/li>\n<\/ol>\n<p><strong>Caracter\u00edsticas\u00a0<\/strong><\/p>\n<p>*Tecnologia de Convec\u00e7\u00e3o Paralela<\/p>\n<p>*M\u00f3dulo Inteligente de Identifica\u00e7\u00e3o de Tragada (vapor instant\u00e2neo)<\/p>\n<p>*Prote\u00e7\u00e3o por sensor inteligente de n\u00e3o combust\u00e3o<\/p>\n<p>*Fun\u00e7\u00f5es Multi-Shift 4\u00d72<\/p>\n<p>*Entrada: 58,0 mm DC 5,0V\/1,0A<\/p>\n<p>*Capacidade da Bateria: 2200mAh<\/p>\n<p>*Tipo de Bateria: Bateria de L\u00edtio Classe A EVE<\/p>\n<p>*C\u00e2mara premium com tecnologia de Aquecimento por Ar (convec\u00e7\u00e3o)<\/p>\n<p>*Tempo de aquecimento: 20 \u2013 30 segundos<\/p>\n<p>*2 Configura\u00e7\u00f5es de Modo de Inala\u00e7\u00e3o: Modo Intensivo e Suave<\/p>\n<p>*Indicador de Temperatura: Piscando: Aquecendo; Luz fixa: Dispositivo pronto<\/p>\n<p>*4 configura\u00e7\u00f5es de faixa de controle de temperatura: 338\u00b0F, 356\u00b0F, 374\u00b0F e 410\u00b0F<\/p>\n<p>*Porta de Carregamento Micro USB<\/p>\n<p>*Desligamento Autom\u00e1tico de Seguran\u00e7a em 5 Minutos<\/p>\n<p>*Recargas da bateria: Mais de 300<\/p>\n<p>*Prote\u00e7\u00f5es de Seguran\u00e7a: Prote\u00e7\u00e3o contra Sobrecarga\/Sobredescarga, Prote\u00e7\u00e3o contra Sobrecorrente\/Curto-circuito, Prote\u00e7\u00e3o contra Superaquecimento, Prote\u00e7\u00e3o contra Carga Aberta, Prote\u00e7\u00e3o contra Erro de Sensor<\/p>\n<p><strong>O C Vapor 3.0 foi atualizado com uma capacidade de bateria de 2300 mAh. Para o usu\u00e1rio m\u00e9dio, isso deve ser mais do que suficiente para um dia inteiro de vaporiza\u00e7\u00e3o. Al\u00e9m disso, possui fun\u00e7\u00e3o de carregamento r\u00e1pido, tornando muito pr\u00e1tico manter o dispositivo carregado.<\/strong><\/p>\n<p>1\u00aa Gera\u00e7\u00e3o: Combust\u00e3o - Embora frequentemente chamados de vaporizadores, estes dispositivos s\u00e3o um cachimbo eletr\u00f4nico conveniente onde uma resist\u00eancia incandescente queima o material.<\/p>\n<p>2\u00aa e 3\u00aa Gera\u00e7\u00e3o: Condu\u00e7\u00e3o - O material \u00e9 aquecido numa c\u00e2mara para extrair o vapor. Podem funcionar bem, mas como apenas as laterais e o fundo da c\u00e2mara s\u00e3o aquecidos, o material no centro n\u00e3o vaporiza completamente, exigindo que seja mexido frequentemente. A c\u00e2mara permanece aquecida, portanto h\u00e1 perda de efici\u00eancia, pois continua a vaporizar entre as tragadas.<\/p>\n<p>4\u00aa Gera\u00e7\u00e3o: Convec\u00e7\u00e3o - A tecnologia do Fenix. A c\u00e2mara possui centenas de pequenos orif\u00edcios pelos quais o ar quente \u00e9 aspirado, proporcionando uma distribui\u00e7\u00e3o de calor mais uniforme no material herb\u00e1ceo. Isto resulta num sabor e vapor consistentes, eficientes e saborosos, com necessidade m\u00ednima de mexer. O ar quente \u00e9 principalmente aspirado atrav\u00e9s da c\u00e2mara durante a tragada, portanto a perda de efici\u00eancia entre as tragadas \u00e9 m\u00ednima.<\/p>\n<p><strong>Tempo de Sess\u00e3o: 240 segundos<\/strong><\/p>\n<p>&nbsp;<\/p>\n<p>*Vaporizador por Convec\u00e7\u00e3o Fenix<br \/>\n*Bocal<br \/>\n*Copo para Cera &amp; \u00d3leo<\/p>\n<p>* C Vapor 3.0<br \/>\n*Ferramenta para Cera<br \/>\n* Ferramenta de Carregamento<\/p>\n<p><strong>\u00a0<\/strong><\/p>\n<p><strong>\u00a0<\/strong><strong>Garantia<\/strong><\/p>\n<p><strong>Todos os produtos Weecke t\u00eam garantia do fabricante de 6 meses.<\/strong><br \/>\nH\u00e1 uma garantia separada de 180 dias para a bateria.<\/p>\n<p>Para reivindicar a garantia, tenha em m\u00e3os o comprovante de compra e a caixa original em que a unidade veio, pois eles cont\u00eam um c\u00f3digo QR de seguran\u00e7a necess\u00e1rio para o processo de garantia. Se desejar iniciar o processo de garantia, entre em contato com sua loja de varejo.<\/p>","protected":false},"excerpt":{"rendered":"<p>O Fenix \u00e9 o vaporizador de ervas secas de quarta gera\u00e7\u00e3o da WEECKE, ap\u00f3s o WEECKE, o C Vapor I e o Ispy. Utiliza um sistema de aquecimento por convec\u00e7\u00e3o patenteado, totalmente diferente dos modelos atuais no mercado. \u00c9 aquecido por ar 100%, permitindo que o usu\u00e1rio desfrute de vapor puro e uniforme em qualquer lugar.<\/p>\n<ul>\n<li>DIMENS\u00d5ES: 111,0 mm * 28,0 mm<\/li>\n<li>DIMENS\u00d5ES: 50,5 mm * 26,0 mm * 118 mm<\/li>\n<li>Tens\u00e3o\/Corrente de Carregamento: 5V\/2,5A<\/li>\n<li>Bloqueio\/Desbloqueio: Pressione rapidamente o bot\u00e3o de energia 5 vezes para LIGAR\/DESLIGAR com feedback por vibra\u00e7\u00e3o<\/li>\n<li>Bloqueio\/Desbloqueio: Pressione rapidamente o bot\u00e3o de energia 5 vezes para LIGAR\/DESLIGAR com feedback de vibra\u00e7\u00e3o<\/li>\n<li>Faixa de Temperatura: 338\u00b0F, 356\u00b0F, 374\u00b0F e 410\u00b0F<\/li>\n<li>Tempo de Carregamento: 2 horas<\/li>\n<\/ul>","protected":false},"featured_media":16124,"comment_status":"closed","ping_status":"closed","template":"","meta":[],"product_brand":[],"product_cat":[150],"product_tag":[],"class_list":{"0":"post-16224","1":"product","2":"type-product","3":"status-publish","4":"has-post-thumbnail","6":"product_cat-fenix-vaporizer","8":"first","9":"instock","10":"shipping-taxable","11":"product-type-simple"},"_links":{"self":[{"href":"https:\/\/weecke.com\/pt\/wp-json\/wp\/v2\/product\/16224","targetHints":{"allow":["GET"]}}],"collection":[{"href":"https:\/\/weecke.com\/pt\/wp-json\/wp\/v2\/product"}],"about":[{"href":"https:\/\/weecke.com\/pt\/wp-json\/wp\/v2\/types\/product"}],"replies":[{"embeddable":true,"href":"https:\/\/weecke.com\/pt\/wp-json\/wp\/v2\/comments?post=16224"}],"wp:featuredmedia":[{"embeddable":true,"href":"https:\/\/weecke.com\/pt\/wp-json\/wp\/v2\/media\/16124"}],"wp:attachment":[{"href":"https:\/\/weecke.com\/pt\/wp-json\/wp\/v2\/media?parent=16224"}],"wp:term":[{"taxonomy":"product_brand","embeddable":true,"href":"https:\/\/weecke.com\/pt\/wp-json\/wp\/v2\/product_brand?post=16224"},{"taxonomy":"product_cat","embeddable":true,"href":"https:\/\/weecke.com\/pt\/wp-json\/wp\/v2\/product_cat?post=16224"},{"taxonomy":"product_tag","embeddable":true,"href":"https:\/\/weecke.com\/pt\/wp-json\/wp\/v2\/product_tag?post=16224"}],"curies":[{"name":"wp","href":"https:\/\/api.w.org\/{rel}","templated":true}]}}