{"id":16212,"date":"2024-11-11T17:09:05","date_gmt":"2024-11-11T09:09:05","guid":{"rendered":"https:\/\/weecke.com\/?post_type=product&#038;p=16212"},"modified":"2024-11-15T17:25:12","modified_gmt":"2024-11-15T09:25:12","slug":"fenix-pro","status":"publish","type":"product","link":"https:\/\/weecke.com\/pt\/produto\/fenix-pro\/","title":{"rendered":"FENIX PRO"},"content":{"rendered":"<h3>Design elegante e moderno<\/h3>\n<p>O FENiX Pro n\u00e3o \u00e9 apenas o vaporizador de ervas mais avan\u00e7ado do mercado, mas tamb\u00e9m tem uma apar\u00eancia \u00fanica. A elegante caixa preta e o bocal de vidro preto extens\u00edvel completam o design.<\/p>\n<p>Tudo isso \u00e9 apresentado em dimens\u00f5es extremamente compactas de 5,2 cm * 2,5 cm * 8,4 cm (sem o bocal de vidro) e apenas 5,2 cm * 2,5 cm * 10,2 cm com o bocal de vidro.<\/p>\n<h3>Tecnologia ECA patenteada e inovadora<\/h3>\n<p>ECA significa \u201cEasy Care Airpath\u201d (Caminho de Ar de F\u00e1cil Manuten\u00e7\u00e3o) e \u00e9 uma inova\u00e7\u00e3o \u00fanica. Os canais de ar e aquecimento n\u00e3o est\u00e3o mais escondidos no dispositivo; em vez disso, voc\u00ea pode v\u00ea-los \u2014 mais precisamente, voc\u00ea pode ver atrav\u00e9s deles. Remova a unidade do bocal do dispositivo e pressione a peneira com a ajuda da haste magenta da c\u00e2mara a partir da parte inferior do dispositivo, e o duto de aquecimento e ar ficar\u00e1 completamente exposto. Isso nunca aconteceu antes!<\/p>\n<h3>ECA<\/h3>\n<p>Como o duto de ar \u00e9 completamente vis\u00edvel, \u00e9 f\u00e1cil de limpar. Acabaram-se os dias em que voc\u00ea s\u00f3 podia limpar a peneira ou a c\u00e2mara de aquecimento, mas pequenos res\u00edduos de ervas desapareciam dentro do dispositivo. Isso n\u00e3o \u00e9 mais poss\u00edvel com o FENiX Pro. O duto de ar est\u00e1 100% livre, tornando a limpeza t\u00e3o f\u00e1cil quanto nunca antes.<\/p>\n<h3>Grande display OLED cristalino para temperatura livremente ajust\u00e1vel, temporizador livremente ajust\u00e1vel, n\u00edvel da bateria e fun\u00e7\u00e3o de vibra\u00e7\u00e3o<\/h3>\n<p>O grande display duplo de 0,96 polegadas mostra a temperatura definida e a temperatura real simultaneamente (semelhante ao FENiX 2.0). Mas isso n\u00e3o \u00e9 tudo: o display foi dividido em duas se\u00e7\u00f5es, indicando as temperaturas, o tempo programado e o tempo real, e os n\u00edveis da bateria. A \u00e1rea superior do display \u00e9 reservada para as temperaturas, e a \u00e1rea inferior \u00e9 reservada para os tempos.<\/p>\n<p>O temporizador ajust\u00e1vel no display duplo OLED do FENiX Pro permite que voc\u00ea escolha o tempo de vaporiza\u00e7\u00e3o entre 3 e 6 minutos antes que o FENiX Pro desligue automaticamente. Voc\u00ea pode acompanhar o tempo decorrido e a contagem regressiva no display e, se necess\u00e1rio, simplesmente estender ou encurtar o tempo \u2014 exatamente como preferir!<\/p>\n<p>A fun\u00e7\u00e3o de vibra\u00e7\u00e3o fornece os mecanismos j\u00e1 conhecidos de feedback h\u00e1ptico e sinaliza o alcance da temperatura, ligar e desligar, etc.<\/p>\n<h3>Aquecimento r\u00e1pido em menos de 30 segundos e vaporiza\u00e7\u00e3o com precis\u00e3o de grau<\/h3>\n<p>O controle de temperatura com precis\u00e3o de grau nas faixas de 320 \u00b0F \u2013 428 \u00b0F \/ 160 \u00b0 \u2013 221 \u00b0C oferece controle total para quase todas as ervas. O fabricante \u00e9 um mestre no desenvolvimento de novas tecnologias e est\u00e1 ao lado de uma conhecida empresa alem\u00e3 com a tecnologia de convec\u00e7\u00e3o mais avan\u00e7ada do mundo. Claro, essa experi\u00eancia tamb\u00e9m beneficiou o FENiX Pro, raz\u00e3o pela qual a tecnologia de convec\u00e7\u00e3o do FENiX Pro funciona de forma ainda mais precisa e traz l\u00e1grimas de alegria a todo entusiasta de vaporizadores. A vaporiza\u00e7\u00e3o nunca foi melhor!<\/p>\n<h3>Qualidade<\/h3>\n<p>Tecnologicamente l\u00edder, f\u00e1cil de usar e extremamente pr\u00e1tico, n\u00e3o foram feitos compromissos em rela\u00e7\u00e3o \u00e0 qualidade dos materiais. Os materiais de alta qualidade podem ser vistos, sentidos e degustados. Uma vez que voc\u00ea tenha tido ou at\u00e9 usado o Fenix Pro, n\u00e3o h\u00e1 d\u00favidas sobre o desempenho e a qualidade excepcionais deste vaporizador de convec\u00e7\u00e3o revolucion\u00e1rio.<\/p>\n<p>&nbsp;<\/p>\n<p><strong>Tempo de Sess\u00e3o: 240 segundos<\/strong><\/p>\n<p>1 x Vaporizador FENiX Pro<\/p>\n<p>1 x Anel O do Bocal &amp; Tela<\/p>\n<p>1 x Escova de Limpeza do Duto de Ar<\/p>\n<p>1 x Escova de Limpeza da C\u00e2mara<\/p>\n<p>1 x Haste da C\u00e2mara<\/p>\n<p>1 x Cabo USB<\/p>\n<p>1 x Manual de Instru\u00e7\u00f5es em Alem\u00e3o e Ingl\u00eas<\/p>\n<p>&nbsp;<\/p>\n<p>&nbsp;<\/p>\n<p><strong>Garantia<\/strong><\/p>\n<p><strong>Todos os produtos Weecke s\u00e3o respaldados por uma garantia do fabricante de 12 meses.<\/strong><\/p>\n<p>Para reivindicar a garantia, tenha em m\u00e3os o comprovante de compra e a caixa original em que a unidade veio, pois eles cont\u00eam um c\u00f3digo QR de seguran\u00e7a necess\u00e1rio para o processo de garantia. Se desejar iniciar o processo de garantia, entre em contato com sua loja de varejo.<\/p>","protected":false},"excerpt":{"rendered":"<p>A FENiX lan\u00e7ou a 7\u00aa gera\u00e7\u00e3o de vaporizadores, o FENiX Pro, que vem com a tecnologia ECA patenteada. O FENiX Pro \u00e9 a ponta de lan\u00e7a da tecnologia de vaporizadores, e a tecnologia de convec\u00e7\u00e3o ECA \u00e9 t\u00e3o avan\u00e7ada quanto \u00fanica. Nunca foi t\u00e3o f\u00e1cil vaporizar ervas de forma mais eficiente e confort\u00e1vel! O FENiX Pro \u00e9 uma revolu\u00e7\u00e3o! Nenhum outro vaporizador combina inova\u00e7\u00e3o, design, praticidade e facilidade de uso com tanta habilidade.<\/p>\n<p><strong>DIMENS\u00d5ES<\/strong> : 5,2 cm * 2,5 cm * 8,4 cm<\/p>\n<p><strong>Capacidade da Bateria<\/strong>: 2300mAh<\/p>\n<p><strong>Tens\u00e3o\/Corrente de Carregamento<\/strong>: 5V\/1,5A<\/p>\n<p><strong>Bloqueio\/Desbloqueio<\/strong>: Pressione rapidamente o bot\u00e3o de energia 5 vezes LIGAR\/DESLIGAR com feedback por vibra\u00e7\u00e3o<\/p>\n<p><strong>Tempo de Sess\u00e3o<\/strong>: 180 a 360 segundos, ajust\u00e1vel<\/p>\n<p><strong>Faixa de Temperatura<\/strong>: 160-221\u00b0C \/320\u00b0F -430\u00b0F<\/p>\n<p><strong>Tempo de Carregamento<\/strong>: 2 horas<\/p>\n<p>&nbsp;<\/p>","protected":false},"featured_media":16959,"comment_status":"closed","ping_status":"closed","template":"","meta":[],"product_brand":[],"product_cat":[150],"product_tag":[],"class_list":{"0":"post-16212","1":"product","2":"type-product","3":"status-publish","4":"has-post-thumbnail","6":"product_cat-fenix-vaporizer","8":"first","9":"instock","10":"shipping-taxable","11":"product-type-simple"},"_links":{"self":[{"href":"https:\/\/weecke.com\/pt\/wp-json\/wp\/v2\/product\/16212","targetHints":{"allow":["GET"]}}],"collection":[{"href":"https:\/\/weecke.com\/pt\/wp-json\/wp\/v2\/product"}],"about":[{"href":"https:\/\/weecke.com\/pt\/wp-json\/wp\/v2\/types\/product"}],"replies":[{"embeddable":true,"href":"https:\/\/weecke.com\/pt\/wp-json\/wp\/v2\/comments?post=16212"}],"wp:featuredmedia":[{"embeddable":true,"href":"https:\/\/weecke.com\/pt\/wp-json\/wp\/v2\/media\/16959"}],"wp:attachment":[{"href":"https:\/\/weecke.com\/pt\/wp-json\/wp\/v2\/media?parent=16212"}],"wp:term":[{"taxonomy":"product_brand","embeddable":true,"href":"https:\/\/weecke.com\/pt\/wp-json\/wp\/v2\/product_brand?post=16212"},{"taxonomy":"product_cat","embeddable":true,"href":"https:\/\/weecke.com\/pt\/wp-json\/wp\/v2\/product_cat?post=16212"},{"taxonomy":"product_tag","embeddable":true,"href":"https:\/\/weecke.com\/pt\/wp-json\/wp\/v2\/product_tag?post=16212"}],"curies":[{"name":"wp","href":"https:\/\/api.w.org\/{rel}","templated":true}]}}