{"id":16203,"date":"2024-11-11T17:06:22","date_gmt":"2024-11-11T09:06:22","guid":{"rendered":"https:\/\/weecke.com\/?post_type=product&#038;p=16203"},"modified":"2024-11-15T15:56:34","modified_gmt":"2024-11-15T07:56:34","slug":"weecke-lite","status":"publish","type":"product","link":"https:\/\/weecke.com\/pt\/produto\/weecke-lite\/","title":{"rendered":"WEECKE LITE"},"content":{"rendered":"<h3><strong>Caracter\u00edsticas Principais<\/strong><\/h3>\n<ul>\n<li><strong>Design Compacto e Discreto<\/strong>: Pequeno, leve e f\u00e1cil de levar no bolso para uso em movimento.<\/li>\n<li><strong>Opera\u00e7\u00e3o com Um Bot\u00e3o<\/strong>: Controle f\u00e1cil da energia e temperatura com um \u00fanico bot\u00e3o.<\/li>\n<li><strong>: Pequeno e f\u00e1cil de transportar, ideal para uso em movimento.<\/strong>Temperaturas Pr\u00e9-definidas: 5 n\u00edveis (180\u00b0C, 190\u00b0C, 200\u00b0C, 210\u00b0C, 220\u00b0C) para extra\u00e7\u00e3o completa e personaliza\u00e7\u00e3o.<\/li>\n<li><strong>: Tela OLED exibe configura\u00e7\u00f5es de temperatura de 160\u00b0C a 221\u00b0C (320\u00b0F a 430\u00b0F), ajust\u00e1veis em incrementos de 1\u00b0C.<\/strong>Aquecimento R\u00e1pido: Pronto para uso em apenas 25-30 segundos.<\/li>\n<li><strong>Tecnologia de Aquecimento por Condu\u00e7\u00e3o<\/strong>: Oferece vapor consistente e saboroso com uma c\u00e2mara de aquecimento em a\u00e7o inoxid\u00e1vel.<\/li>\n<li><strong>Materiais Dur\u00e1veis<\/strong>: Corpo em alum\u00ednio e bocal magn\u00e9tico para durabilidade e sensa\u00e7\u00e3o premium.<\/li>\n<li><strong>Qualidade Grau M\u00e9dico<\/strong>: Fabricado para atender aos padr\u00f5es ISO 13485 de seguran\u00e7a e qualidade.<\/li>\n<li><strong>Indicadores LED<\/strong>Indicador de Temperatura: Visualize as configura\u00e7\u00f5es de temperatura atuais de relance.<\/li>\n<\/ul>\n<p>&nbsp;<\/p>\n<p>&nbsp;<\/p>","protected":false},"excerpt":{"rendered":"<p>O <strong>WEECKE Lite<\/strong> \u00e9 um vaporizador compacto e potente, projetado para uso discreto e conveniente, perfeito para shows, clubes ou qualquer lugar onde discri\u00e7\u00e3o seja essencial. Com seu corpo elegante em alum\u00ednio, opera\u00e7\u00e3o simples de um bot\u00e3o e tecnologia avan\u00e7ada de aquecimento por condu\u00e7\u00e3o, o WEECKE Lite oferece desempenho excepcional em um pacote port\u00e1til.<\/p>\n<ul>\n<li><strong>Dimens\u00f5es<\/strong>Dimens\u00f5es: 100 mm x 31 mm x 32 mm<\/li>\n<li><strong>Bateria<\/strong>Bateria: 1600mAh \u00cdon-L\u00edtio Classe A<\/li>\n<li><strong>M\u00e9todo de Aquecimento<\/strong>Tipo de Aquecimento: Condu\u00e7\u00e3o<\/li>\n<li><strong>N\u00edveis de Temperatura<\/strong>: 180\u00b0C, 190\u00b0C, 200\u00b0C, 210\u00b0C, 220\u00b0C<\/li>\n<li><strong>Tempo de Aquecimento<\/strong>: 25-30 segundos<\/li>\n<li><strong>Entrada<\/strong>: DC 5 V \/ 1 A<\/li>\n<li><strong>Materiais<\/strong>Materiais: Corpo em alum\u00ednio, c\u00e2mara em a\u00e7o inoxid\u00e1vel<\/li>\n<\/ul>","protected":false},"featured_media":16630,"comment_status":"closed","ping_status":"closed","template":"","meta":[],"product_brand":[],"product_cat":[149],"product_tag":[],"class_list":{"0":"post-16203","1":"product","2":"type-product","3":"status-publish","4":"has-post-thumbnail","6":"product_cat-weecke-vaporizer","8":"first","9":"instock","10":"shipping-taxable","11":"product-type-simple"},"_links":{"self":[{"href":"https:\/\/weecke.com\/pt\/wp-json\/wp\/v2\/product\/16203","targetHints":{"allow":["GET"]}}],"collection":[{"href":"https:\/\/weecke.com\/pt\/wp-json\/wp\/v2\/product"}],"about":[{"href":"https:\/\/weecke.com\/pt\/wp-json\/wp\/v2\/types\/product"}],"replies":[{"embeddable":true,"href":"https:\/\/weecke.com\/pt\/wp-json\/wp\/v2\/comments?post=16203"}],"wp:featuredmedia":[{"embeddable":true,"href":"https:\/\/weecke.com\/pt\/wp-json\/wp\/v2\/media\/16630"}],"wp:attachment":[{"href":"https:\/\/weecke.com\/pt\/wp-json\/wp\/v2\/media?parent=16203"}],"wp:term":[{"taxonomy":"product_brand","embeddable":true,"href":"https:\/\/weecke.com\/pt\/wp-json\/wp\/v2\/product_brand?post=16203"},{"taxonomy":"product_cat","embeddable":true,"href":"https:\/\/weecke.com\/pt\/wp-json\/wp\/v2\/product_cat?post=16203"},{"taxonomy":"product_tag","embeddable":true,"href":"https:\/\/weecke.com\/pt\/wp-json\/wp\/v2\/product_tag?post=16203"}],"curies":[{"name":"wp","href":"https:\/\/api.w.org\/{rel}","templated":true}]}}