{"id":16191,"date":"2024-11-11T17:02:06","date_gmt":"2024-11-11T09:02:06","guid":{"rendered":"https:\/\/weecke.com\/?post_type=product&#038;p=16191"},"modified":"2024-11-14T11:39:57","modified_gmt":"2024-11-14T03:39:57","slug":"weecke-rush","status":"publish","type":"product","link":"https:\/\/weecke.com\/pt\/produto\/weecke-rush\/","title":{"rendered":"WEECKE RUSH"},"content":{"rendered":"<p data-pm-slice=\"1 1 []\"><strong>Port\u00e1til, Poderoso, Inovador e de Alto Desempenho<\/strong><\/p>\n<h3><\/h3>\n<h3><strong>Caracter\u00edsticas e Benef\u00edcios<\/strong><\/h3>\n<ol>\n<li><strong>Sistema de Filtro Exclusivo<\/strong>: Filtros duplos de silicone e cer\u00e2mica impedem a fuga de part\u00edculas enquanto garantem um vapor suave e limpo.<\/li>\n<li><strong>: Ajust\u00e1vel (3 min, 3,5 min, 4 min, 4,5 min)<\/strong>: O design inovador do filtro torna a limpeza mais r\u00e1pida e f\u00e1cil do que os filtros met\u00e1licos tradicionais, sem comprometer o desempenho ou o sabor.<\/li>\n<li><strong>Tecnologia de Duplo Aquecimento<\/strong>: O duplo aquecimento avan\u00e7ado proporciona aquecimento mais consistente e eficiente para um sabor de vapor ideal e maior durabilidade das ervas secas.<\/li>\n<li><strong>Bocais Vers\u00e1teis<\/strong>: Escolha entre bocais exclusivos de cer\u00e2mica e silicone para uma experi\u00eancia personalizada.<\/li>\n<li><strong>Carregamento Conveniente Tipo-C<\/strong>: Carregamento r\u00e1pido e confi\u00e1vel para uma experi\u00eancia perfeita.<\/li>\n<li><strong>Kit de Acess\u00f3rios Completo<\/strong>: Inclui uma escova de limpeza, ferramenta de prensagem para ervas secas e 2 telas adicionais para f\u00e1cil manuten\u00e7\u00e3o.<\/li>\n<\/ol>\n<p>&nbsp;<\/p>\n<p><img fetchpriority=\"high\" decoding=\"async\" class=\"aligncenter size-full wp-image-15615\" src=\"https:\/\/weecke.com\/wp-content\/uploads\/1-1.jpg\" alt=\"\" width=\"1920\" height=\"915\" srcset=\"https:\/\/weecke.com\/wp-content\/uploads\/1-1.jpg 1920w, https:\/\/weecke.com\/wp-content\/uploads\/1-1-500x238.jpg 500w, https:\/\/weecke.com\/wp-content\/uploads\/1-1-700x334.jpg 700w, https:\/\/weecke.com\/wp-content\/uploads\/1-1-300x143.jpg 300w, https:\/\/weecke.com\/wp-content\/uploads\/1-1-1024x488.jpg 1024w, https:\/\/weecke.com\/wp-content\/uploads\/1-1-768x366.jpg 768w, https:\/\/weecke.com\/wp-content\/uploads\/1-1-1536x732.jpg 1536w\" sizes=\"(max-width: 1920px) 100vw, 1920px\" \/> <img decoding=\"async\" class=\"aligncenter size-full wp-image-15613\" src=\"https:\/\/weecke.com\/wp-content\/uploads\/Dimensions_.png\" alt=\"\" width=\"1920\" height=\"1080\" srcset=\"https:\/\/weecke.com\/wp-content\/uploads\/Dimensions_.png 1920w, https:\/\/weecke.com\/wp-content\/uploads\/Dimensions_-500x281.png 500w, https:\/\/weecke.com\/wp-content\/uploads\/Dimensions_-700x394.png 700w, https:\/\/weecke.com\/wp-content\/uploads\/Dimensions_-300x169.png 300w, https:\/\/weecke.com\/wp-content\/uploads\/Dimensions_-1024x576.png 1024w, https:\/\/weecke.com\/wp-content\/uploads\/Dimensions_-768x432.png 768w, https:\/\/weecke.com\/wp-content\/uploads\/Dimensions_-1536x864.png 1536w\" sizes=\"(max-width: 1920px) 100vw, 1920px\" \/> <img decoding=\"async\" class=\"aligncenter size-full wp-image-15611\" src=\"https:\/\/weecke.com\/wp-content\/uploads\/Rush-detailed-Instruction_.png\" alt=\"\" width=\"1920\" height=\"1080\" srcset=\"https:\/\/weecke.com\/wp-content\/uploads\/Rush-detailed-Instruction_.png 1920w, https:\/\/weecke.com\/wp-content\/uploads\/Rush-detailed-Instruction_-500x281.png 500w, https:\/\/weecke.com\/wp-content\/uploads\/Rush-detailed-Instruction_-700x394.png 700w, https:\/\/weecke.com\/wp-content\/uploads\/Rush-detailed-Instruction_-300x169.png 300w, https:\/\/weecke.com\/wp-content\/uploads\/Rush-detailed-Instruction_-1024x576.png 1024w, https:\/\/weecke.com\/wp-content\/uploads\/Rush-detailed-Instruction_-768x432.png 768w, https:\/\/weecke.com\/wp-content\/uploads\/Rush-detailed-Instruction_-1536x864.png 1536w\" sizes=\"(max-width: 1920px) 100vw, 1920px\" \/> <img loading=\"lazy\" decoding=\"async\" class=\"aligncenter size-full wp-image-15603\" src=\"https:\/\/weecke.com\/wp-content\/uploads\/Temperature.jpg\" alt=\"\" width=\"1920\" height=\"1080\" srcset=\"https:\/\/weecke.com\/wp-content\/uploads\/Temperature.jpg 1920w, https:\/\/weecke.com\/wp-content\/uploads\/Temperature-500x281.jpg 500w, https:\/\/weecke.com\/wp-content\/uploads\/Temperature-700x394.jpg 700w, https:\/\/weecke.com\/wp-content\/uploads\/Temperature-300x169.jpg 300w, https:\/\/weecke.com\/wp-content\/uploads\/Temperature-1024x576.jpg 1024w, https:\/\/weecke.com\/wp-content\/uploads\/Temperature-768x432.jpg 768w, https:\/\/weecke.com\/wp-content\/uploads\/Temperature-1536x864.jpg 1536w\" sizes=\"(max-width: 1920px) 100vw, 1920px\" \/> <img loading=\"lazy\" decoding=\"async\" class=\"aligncenter size-full wp-image-15602\" src=\"https:\/\/weecke.com\/wp-content\/uploads\/session.jpg\" alt=\"\" width=\"1920\" height=\"1080\" srcset=\"https:\/\/weecke.com\/wp-content\/uploads\/session.jpg 1920w, https:\/\/weecke.com\/wp-content\/uploads\/session-500x281.jpg 500w, https:\/\/weecke.com\/wp-content\/uploads\/session-700x394.jpg 700w, https:\/\/weecke.com\/wp-content\/uploads\/session-300x169.jpg 300w, https:\/\/weecke.com\/wp-content\/uploads\/session-1024x576.jpg 1024w, https:\/\/weecke.com\/wp-content\/uploads\/session-768x432.jpg 768w, https:\/\/weecke.com\/wp-content\/uploads\/session-1536x864.jpg 1536w\" sizes=\"(max-width: 1920px) 100vw, 1920px\" \/> <img loading=\"lazy\" decoding=\"async\" class=\"aligncenter size-full wp-image-15601\" src=\"https:\/\/weecke.com\/wp-content\/uploads\/\u70df\u9505.gif\" alt=\"\" width=\"1920\" height=\"1080\" \/><\/p>\n<p>&nbsp;<\/p>\n<figure id=\"attachment_16626\" aria-describedby=\"caption-attachment-16626\" style=\"width: 1840px\" class=\"wp-caption aligncenter\"><img loading=\"lazy\" decoding=\"async\" class=\"size-full wp-image-16626\" src=\"https:\/\/weecke.com\/wp-content\/uploads\/rUsh-package1.jpg\" alt=\"\" width=\"1840\" height=\"1149\" srcset=\"https:\/\/weecke.com\/wp-content\/uploads\/rUsh-package1.jpg 1840w, https:\/\/weecke.com\/wp-content\/uploads\/rUsh-package1-300x187.jpg 300w, https:\/\/weecke.com\/wp-content\/uploads\/rUsh-package1-1024x639.jpg 1024w, https:\/\/weecke.com\/wp-content\/uploads\/rUsh-package1-768x480.jpg 768w, https:\/\/weecke.com\/wp-content\/uploads\/rUsh-package1-1536x959.jpg 1536w, https:\/\/weecke.com\/wp-content\/uploads\/rUsh-package1-500x312.jpg 500w, https:\/\/weecke.com\/wp-content\/uploads\/rUsh-package1-700x437.jpg 700w\" sizes=\"(max-width: 1840px) 100vw, 1840px\" \/><figcaption id=\"caption-attachment-16626\" class=\"wp-caption-text\">Pacote Weecke Rush<\/figcaption><\/figure>","protected":false},"excerpt":{"rendered":"<p><strong>O Rush<\/strong> vaporizador \u00e9 fabricado para m\u00e1xima conveni\u00eancia e efici\u00eancia, apresentando um sistema \u00fanico de filtro de silicone e cer\u00e2mica que impede a passagem de part\u00edculas enquanto proporciona um vapor puro e saboroso. Seu m\u00e9todo avan\u00e7ado de duplo aquecimento aquece uniformemente as ervas secas, maximizando o sabor e prolongando a vida \u00fatil das suas ervas, oferecendo uma experi\u00eancia verdadeiramente aprimorada em compara\u00e7\u00e3o com vaporizadores tradicionais.<\/p>\n<ul>\n<li><strong>M\u00e9todo de Aquecimento<\/strong>: Aquecimento duplo<\/li>\n<li><strong>Adequado Para<\/strong>: Material seco<\/li>\n<li><strong>Fluxo de Ar<\/strong>: Leve resist\u00eancia ao ar<\/li>\n<li><strong>Faixa de Temperatura<\/strong>: 160\u00b0C \u2013 240\u00b0C<\/li>\n<li><strong>Regula\u00e7\u00e3o de Temperatura<\/strong>: Precis\u00e3o ajust\u00e1vel em incrementos de 1\u00b0C<\/li>\n<li><strong>C\u00e2mara<\/strong>: A\u00e7o inoxid\u00e1vel<\/li>\n<li><strong>Capacidade<\/strong>: 0,3 g de ervas secas soltas<\/li>\n<li><strong>Velocidade de Aquecimento<\/strong>: ~ 25 segundos<\/li>\n<li><strong>Bateria<\/strong>: 2300 mAh<\/li>\n<\/ul>","protected":false},"featured_media":16621,"comment_status":"closed","ping_status":"closed","template":"","meta":[],"product_brand":[],"product_cat":[149],"product_tag":[],"class_list":{"0":"post-16191","1":"product","2":"type-product","3":"status-publish","4":"has-post-thumbnail","6":"product_cat-weecke-vaporizer","8":"first","9":"instock","10":"shipping-taxable","11":"product-type-simple"},"_links":{"self":[{"href":"https:\/\/weecke.com\/pt\/wp-json\/wp\/v2\/product\/16191","targetHints":{"allow":["GET"]}}],"collection":[{"href":"https:\/\/weecke.com\/pt\/wp-json\/wp\/v2\/product"}],"about":[{"href":"https:\/\/weecke.com\/pt\/wp-json\/wp\/v2\/types\/product"}],"replies":[{"embeddable":true,"href":"https:\/\/weecke.com\/pt\/wp-json\/wp\/v2\/comments?post=16191"}],"wp:featuredmedia":[{"embeddable":true,"href":"https:\/\/weecke.com\/pt\/wp-json\/wp\/v2\/media\/16621"}],"wp:attachment":[{"href":"https:\/\/weecke.com\/pt\/wp-json\/wp\/v2\/media?parent=16191"}],"wp:term":[{"taxonomy":"product_brand","embeddable":true,"href":"https:\/\/weecke.com\/pt\/wp-json\/wp\/v2\/product_brand?post=16191"},{"taxonomy":"product_cat","embeddable":true,"href":"https:\/\/weecke.com\/pt\/wp-json\/wp\/v2\/product_cat?post=16191"},{"taxonomy":"product_tag","embeddable":true,"href":"https:\/\/weecke.com\/pt\/wp-json\/wp\/v2\/product_tag?post=16191"}],"curies":[{"name":"wp","href":"https:\/\/api.w.org\/{rel}","templated":true}]}}