{"id":16566,"date":"2024-11-13T17:56:22","date_gmt":"2024-11-13T09:56:22","guid":{"rendered":"https:\/\/weecke.com\/?page_id=16566"},"modified":"2024-11-18T09:40:36","modified_gmt":"2024-11-18T01:40:36","slug":"faq","status":"publish","type":"page","link":"https:\/\/weecke.com\/pt\/faq\/","title":{"rendered":"Perguntas Frequentes"},"content":{"rendered":"<div data-elementor-type=\"wp-page\" data-elementor-id=\"16566\" class=\"elementor elementor-16566\" data-elementor-post-type=\"page\">\n\t\t\t\t<div class=\"elementor-element elementor-element-671598c6 e-flex e-con-boxed e-con e-parent\" data-id=\"671598c6\" data-element_type=\"container\" data-e-type=\"container\" data-settings=\"{&quot;background_background&quot;:&quot;classic&quot;,&quot;background_motion_fx_motion_fx_scrolling&quot;:&quot;yes&quot;,&quot;background_motion_fx_translateY_effect&quot;:&quot;yes&quot;,&quot;background_motion_fx_translateY_speed&quot;:{&quot;unit&quot;:&quot;px&quot;,&quot;size&quot;:3,&quot;sizes&quot;:[]},&quot;background_motion_fx_translateY_affectedRange&quot;:{&quot;unit&quot;:&quot;%&quot;,&quot;size&quot;:&quot;&quot;,&quot;sizes&quot;:{&quot;start&quot;:0,&quot;end&quot;:100}},&quot;background_motion_fx_devices&quot;:[&quot;desktop&quot;,&quot;tablet&quot;,&quot;mobile&quot;],&quot;ekit_has_onepagescroll_dot&quot;:&quot;yes&quot;}\">\n\t\t\t\t\t<div class=\"e-con-inner\">\n\t\t\t\t<div class=\"elementor-element elementor-element-46b6a8f6 elementor-invisible elementor-widget elementor-widget-heading\" data-id=\"46b6a8f6\" data-element_type=\"widget\" data-e-type=\"widget\" data-settings=\"{&quot;_animation&quot;:&quot;slideInUp&quot;,&quot;ekit_we_effect_on&quot;:&quot;none&quot;}\" data-widget_type=\"heading.default\">\n\t\t\t\t<div class=\"elementor-widget-container\">\n\t\t\t\t\t<h1 class=\"elementor-heading-title elementor-size-default\">Perguntas Frequentes (FAQs)<\/h1>\t\t\t\t<\/div>\n\t\t\t\t<\/div>\n\t\t\t\t<div class=\"elementor-element elementor-element-771dcba elementor-widget elementor-widget-text-editor\" data-id=\"771dcba\" data-element_type=\"widget\" data-e-type=\"widget\" data-settings=\"{&quot;ekit_we_effect_on&quot;:&quot;none&quot;}\" data-widget_type=\"text-editor.default\">\n\t\t\t\t<div class=\"elementor-widget-container\">\n\t\t\t\t\t\t\t\t\t<p>Obtenha Suporte, Obtenha Ajuda e Obtenha Respostas<\/p>\t\t\t\t\t\t\t\t<\/div>\n\t\t\t\t<\/div>\n\t\t\t\t\t<\/div>\n\t\t\t\t<\/div>\n\t\t\t\t<section class=\"elementor-section elementor-top-section elementor-element elementor-element-df27ee0 elementor-section-boxed elementor-section-height-default elementor-section-height-default\" data-id=\"df27ee0\" data-element_type=\"section\" data-e-type=\"section\" id=\"xs_tab_8\" data-settings=\"{&quot;background_background&quot;:&quot;classic&quot;,&quot;ekit_has_onepagescroll_dot&quot;:&quot;yes&quot;}\">\n\t\t\t\t\t\t<div class=\"elementor-container elementor-column-gap-default\">\n\t\t\t\t\t<div class=\"elementor-column elementor-col-100 elementor-top-column elementor-element elementor-element-64b0e390\" data-id=\"64b0e390\" data-element_type=\"column\" data-e-type=\"column\">\n\t\t\t<div class=\"elementor-widget-wrap elementor-element-populated\">\n\t\t\t\t\t\t<div class=\"elementor-element elementor-element-3f1f5158 elementor-widget elementor-widget-elementskit-heading\" data-id=\"3f1f5158\" data-element_type=\"widget\" data-e-type=\"widget\" data-settings=\"{&quot;ekit_we_effect_on&quot;:&quot;none&quot;}\" data-widget_type=\"elementskit-heading.default\">\n\t\t\t\t<div class=\"elementor-widget-container\">\n\t\t\t\t\t<div class=\"ekit-wid-con\" ><div class=\"ekit-heading elementskit-section-title-wraper center   ekit_heading_tablet-   ekit_heading_mobile-\"><h2 class=\"ekit-heading--title elementskit-section-title\">Tem perguntas? N\u00f3s temos as respostas.<\/h2><div class=\"ekit_heading_separetor_wraper ekit_heading_elementskit-border-divider ekit-dotted\"><div class=\"elementskit-border-divider ekit-dotted\"><\/div><\/div>\t\t\t\t<div class='ekit-heading__description'>\n\t\t\t\t\t<p>Explore nossa p\u00e1gina de Perguntas Frequentes para respostas r\u00e1pidas a d\u00favidas comuns sobre nossos produtos, envio, garantia e muito mais.<\/p>\n\t\t\t\t<\/div>\n\t\t\t<\/div><\/div>\t\t\t\t<\/div>\n\t\t\t\t<\/div>\n\t\t\t\t<section class=\"elementor-section elementor-inner-section elementor-element elementor-element-253ef1ee elementor-section-boxed elementor-section-height-default elementor-section-height-default\" data-id=\"253ef1ee\" data-element_type=\"section\" data-e-type=\"section\" data-settings=\"{&quot;ekit_has_onepagescroll_dot&quot;:&quot;yes&quot;}\">\n\t\t\t\t\t\t<div class=\"elementor-container elementor-column-gap-default\">\n\t\t\t\t\t<div class=\"elementor-column elementor-col-100 elementor-inner-column elementor-element elementor-element-6298b955\" data-id=\"6298b955\" data-element_type=\"column\" data-e-type=\"column\">\n\t\t\t<div class=\"elementor-widget-wrap elementor-element-populated\">\n\t\t\t\t\t\t<div class=\"elementor-element elementor-element-40f56a56 elementor-widget elementor-widget-elementskit-simple-tab\" data-id=\"40f56a56\" data-element_type=\"widget\" data-e-type=\"widget\" data-settings=\"{&quot;ekit_we_effect_on&quot;:&quot;none&quot;}\" data-widget_type=\"elementskit-simple-tab.default\">\n\t\t\t\t<div class=\"elementor-widget-container\">\n\t\t\t\t\t<div class=\"ekit-wid-con\" >        <div class=\"elementkit-tab-wraper\">\n            <ul class=\"nav nav-tabs elementkit-tab-nav  elementskit-fullwidth-tab\">\n                                    <li class=\"elementkit-nav-item elementor-repeater-item-e7fb3c4\">\n                        <a class=\"elementkit-nav-link  active show left-pos\" id=\"content-e7fb3c469d27cca7a9b0-tab\" data-ekit-handler-id=\"general\" data-ekit-toggle=\"tab\" data-target=\"#content-e7fb3c469d27cca7a9b0\" href=\"#Content-e7fb3c469d27cca7a9b0\"\n                            data-ekit-toggle-trigger=\"click\"\n                            aria-describedby=\"Content-e7fb3c469d27cca7a9b0\">\n                            <span class=\"fasicon icon-earth elementskit-tab-icon\"><\/span>                            <span class=\"elementskit-tab-title\"> GERAL<\/span>\n                        <\/a>\n                    <\/li>\n                                        <li class=\"elementkit-nav-item elementor-repeater-item-9077dfd\">\n                        <a class=\"elementkit-nav-link  left-pos\" id=\"content-9077dfd69d27cca7a9b0-tab\" data-ekit-handler-id=\"how-to-use\" data-ekit-toggle=\"tab\" data-target=\"#content-9077dfd69d27cca7a9b0\" href=\"#Content-9077dfd69d27cca7a9b0\"\n                            data-ekit-toggle-trigger=\"click\"\n                            aria-describedby=\"Content-9077dfd69d27cca7a9b0\">\n                            <span class=\"fasicon icon-earth elementskit-tab-icon\"><\/span>                            <span class=\"elementskit-tab-title\"> COMO USAR<\/span>\n                        <\/a>\n                    <\/li>\n                                        <li class=\"elementkit-nav-item elementor-repeater-item-00f52ae\">\n                        <a class=\"elementkit-nav-link  left-pos\" id=\"content-00f52ae69d27cca7a9b0-tab\" data-ekit-handler-id=\"white-label\" data-ekit-toggle=\"tab\" data-target=\"#content-00f52ae69d27cca7a9b0\" href=\"#Content-00f52ae69d27cca7a9b0\"\n                            data-ekit-toggle-trigger=\"click\"\n                            aria-describedby=\"Content-00f52ae69d27cca7a9b0\">\n                            <span class=\"fasicon icon-earth elementskit-tab-icon\"><\/span>                            <span class=\"elementskit-tab-title\"> WHITE LABEL<\/span>\n                        <\/a>\n                    <\/li>\n                                        <li class=\"elementkit-nav-item elementor-repeater-item-ad34ed5\">\n                        <a class=\"elementkit-nav-link  left-pos\" id=\"content-ad34ed569d27cca7a9b0-tab\" data-ekit-handler-id=\"other-questions\" data-ekit-toggle=\"tab\" data-target=\"#content-ad34ed569d27cca7a9b0\" href=\"#Content-ad34ed569d27cca7a9b0\"\n                            data-ekit-toggle-trigger=\"click\"\n                            aria-describedby=\"Content-ad34ed569d27cca7a9b0\">\n                            <span class=\"fasicon icon-earth elementskit-tab-icon\"><\/span>                            <span class=\"elementskit-tab-title\"> OUTRAS PERGUNTAS<\/span>\n                        <\/a>\n                    <\/li>\n                                <\/ul>\n\n            <div class=\"tab-content elementkit-tab-content\">\n                                    <div class=\"tab-pane elementkit-tab-pane elementor-repeater-item-e7fb3c4  active show\" id=\"content-e7fb3c469d27cca7a9b0\" role=\"tabpanel\"\n                         aria-labelledby=\"content-e7fb3c469d27cca7a9b0-tab\">\n                        <div class=\"animated fadeIn\">\n                            <p>\t\t<div data-elementor-type=\"section\" data-elementor-id=\"16878\" class=\"elementor elementor-16878\" data-elementor-post-type=\"elementor_library\">\n\t\t\t\t\t<section class=\"elementor-section elementor-top-section elementor-element elementor-element-s79ehh9 elementor-section-content-middle elementor-section-boxed elementor-section-height-default elementor-section-height-default\" data-id=\"s79ehh9\" data-element_type=\"section\" data-e-type=\"section\" data-settings=\"{&quot;background_background&quot;:&quot;classic&quot;,&quot;ekit_has_onepagescroll_dot&quot;:&quot;yes&quot;}\">\n\t\t\t\t\t\t\t<div class=\"elementor-background-overlay\"><\/div>\n\t\t\t\t\t\t\t<div class=\"elementor-container elementor-column-gap-no\">\n\t\t\t\t\t<div class=\"elementor-column elementor-col-50 elementor-top-column elementor-element elementor-element-f8645d3\" data-id=\"f8645d3\" data-element_type=\"column\" data-e-type=\"column\">\n\t\t\t<div class=\"elementor-widget-wrap elementor-element-populated\">\n\t\t\t\t\t\t<div class=\"elementor-element elementor-element-90f3545 elementor-widget elementor-widget-accordion\" data-id=\"90f3545\" data-element_type=\"widget\" data-e-type=\"widget\" data-settings=\"{&quot;ekit_we_effect_on&quot;:&quot;none&quot;}\" data-widget_type=\"accordion.default\">\n\t\t\t\t<div class=\"elementor-widget-container\">\n\t\t\t\t\t\t\t<div class=\"elementor-accordion\">\n\t\t\t\t\t\t\t<div class=\"elementor-accordion-item\">\n\t\t\t\t\t<div id=\"elementor-tab-title-1511\" class=\"elementor-tab-title\" data-tab=\"1\" role=\"button\" aria-controls=\"elementor-tab-content-1511\" aria-expanded=\"false\">\n\t\t\t\t\t\t\t\t\t\t\t\t\t<span class=\"elementor-accordion-icon elementor-accordion-icon-right\" aria-hidden=\"true\">\n\t\t\t\t\t\t\t\t\t\t\t\t\t\t\t<span class=\"elementor-accordion-icon-closed\"><i class=\"fas fa-plus\"><\/i><\/span>\n\t\t\t\t\t\t\t\t<span class=\"elementor-accordion-icon-opened\"><i class=\"fas fa-minus\"><\/i><\/span>\n\t\t\t\t\t\t\t\t\t\t\t\t\t\t<\/span>\n\t\t\t\t\t\t\t\t\t\t\t\t<a class=\"elementor-accordion-title\" tabindex=\"0\">O que \u00e9 um vaporizador de ervas secas?<\/a>\n\t\t\t\t\t<\/div>\n\t\t\t\t\t<div id=\"elementor-tab-content-1511\" class=\"elementor-tab-content elementor-clearfix\" data-tab=\"1\" role=\"region\" aria-labelledby=\"elementor-tab-title-1511\"><p>Um vaporizador de ervas secas \u00e9 um dispositivo projetado para aquecer ervas secas, como cannabis ou tabaco, a uma temperatura que vaporiza seus compostos ativos sem combust\u00e3o. Isso permite que os usu\u00e1rios inalem vapor em vez de fuma\u00e7a, reduzindo a exposi\u00e7\u00e3o a subprodutos nocivos.<\/p><p>\u00a0<\/p><\/div>\n\t\t\t\t<\/div>\n\t\t\t\t\t\t\t<div class=\"elementor-accordion-item\">\n\t\t\t\t\t<div id=\"elementor-tab-title-1512\" class=\"elementor-tab-title\" data-tab=\"2\" role=\"button\" aria-controls=\"elementor-tab-content-1512\" aria-expanded=\"false\">\n\t\t\t\t\t\t\t\t\t\t\t\t\t<span class=\"elementor-accordion-icon elementor-accordion-icon-right\" aria-hidden=\"true\">\n\t\t\t\t\t\t\t\t\t\t\t\t\t\t\t<span class=\"elementor-accordion-icon-closed\"><i class=\"fas fa-plus\"><\/i><\/span>\n\t\t\t\t\t\t\t\t<span class=\"elementor-accordion-icon-opened\"><i class=\"fas fa-minus\"><\/i><\/span>\n\t\t\t\t\t\t\t\t\t\t\t\t\t\t<\/span>\n\t\t\t\t\t\t\t\t\t\t\t\t<a class=\"elementor-accordion-title\" tabindex=\"0\">Como funcionam os vaporizadores de ervas secas?<\/a>\n\t\t\t\t\t<\/div>\n\t\t\t\t\t<div id=\"elementor-tab-content-1512\" class=\"elementor-tab-content elementor-clearfix\" data-tab=\"2\" role=\"region\" aria-labelledby=\"elementor-tab-title-1512\"><p>Os vaporizadores de ervas secas funcionam atrav\u00e9s dos seguintes m\u00e9todos de aquecimento:<\/p><p>1. Condu\u00e7\u00e3o: Aquece as ervas por contato direto com uma superf\u00edcie aquecida.<br \/>2. Convec\u00e7\u00e3o: Faz passar ar quente atrav\u00e9s das ervas para aquecimento uniforme e melhor sabor. Ambos os m\u00e9todos evitam a combust\u00e3o, produzindo vapor em vez de fuma\u00e7a.<\/p><\/div>\n\t\t\t\t<\/div>\n\t\t\t\t\t\t\t<div class=\"elementor-accordion-item\">\n\t\t\t\t\t<div id=\"elementor-tab-title-1513\" class=\"elementor-tab-title\" data-tab=\"3\" role=\"button\" aria-controls=\"elementor-tab-content-1513\" aria-expanded=\"false\">\n\t\t\t\t\t\t\t\t\t\t\t\t\t<span class=\"elementor-accordion-icon elementor-accordion-icon-right\" aria-hidden=\"true\">\n\t\t\t\t\t\t\t\t\t\t\t\t\t\t\t<span class=\"elementor-accordion-icon-closed\"><i class=\"fas fa-plus\"><\/i><\/span>\n\t\t\t\t\t\t\t\t<span class=\"elementor-accordion-icon-opened\"><i class=\"fas fa-minus\"><\/i><\/span>\n\t\t\t\t\t\t\t\t\t\t\t\t\t\t<\/span>\n\t\t\t\t\t\t\t\t\t\t\t\t<a class=\"elementor-accordion-title\" tabindex=\"0\">Um vaporizador de ervas secas \u00e9 melhor do que fumar?<\/a>\n\t\t\t\t\t<\/div>\n\t\t\t\t\t<div id=\"elementor-tab-content-1513\" class=\"elementor-tab-content elementor-clearfix\" data-tab=\"3\" role=\"region\" aria-labelledby=\"elementor-tab-title-1513\"><p>Sim, vaporizar \u00e9 considerado mais saud\u00e1vel e eficiente. Evita subprodutos nocivos da combust\u00e3o (como alcatr\u00e3o e mon\u00f3xido de carbono) enquanto preserva o sabor e os compostos ativos das ervas. Estudos indicam que a vaporiza\u00e7\u00e3o pode levar a uma melhora nos sintomas respirat\u00f3rios ao longo do tempo.<\/p><\/div>\n\t\t\t\t<\/div>\n\t\t\t\t\t\t\t<div class=\"elementor-accordion-item\">\n\t\t\t\t\t<div id=\"elementor-tab-title-1514\" class=\"elementor-tab-title\" data-tab=\"4\" role=\"button\" aria-controls=\"elementor-tab-content-1514\" aria-expanded=\"false\">\n\t\t\t\t\t\t\t\t\t\t\t\t\t<span class=\"elementor-accordion-icon elementor-accordion-icon-right\" aria-hidden=\"true\">\n\t\t\t\t\t\t\t\t\t\t\t\t\t\t\t<span class=\"elementor-accordion-icon-closed\"><i class=\"fas fa-plus\"><\/i><\/span>\n\t\t\t\t\t\t\t\t<span class=\"elementor-accordion-icon-opened\"><i class=\"fas fa-minus\"><\/i><\/span>\n\t\t\t\t\t\t\t\t\t\t\t\t\t\t<\/span>\n\t\t\t\t\t\t\t\t\t\t\t\t<a class=\"elementor-accordion-title\" tabindex=\"0\">Posso usar um vaporizador de ervas secas para maconha?<\/a>\n\t\t\t\t\t<\/div>\n\t\t\t\t\t<div id=\"elementor-tab-content-1514\" class=\"elementor-tab-content elementor-clearfix\" data-tab=\"4\" role=\"region\" aria-labelledby=\"elementor-tab-title-1514\"><p>Sim, a marijuana pode ser usada em um vaporizador de ervas secas. &lt;br&gt;Os vaporizadores de ervas secas aquecem a cannabis para liberar compostos ativos como THC e CBD sem queimar o material vegetal, oferecendo uma alternativa mais limpa e saud&aacute;vel ao fumo. Os vaporizadores tendem a produzir menos odor e fuma&ccedil;a vis&iacute;vel, tornando-os uma op&ccedil;&atilde;o mais discreta para o consumo de cannabis.<\/p><\/div>\n\t\t\t\t<\/div>\n\t\t\t\t\t\t\t<div class=\"elementor-accordion-item\">\n\t\t\t\t\t<div id=\"elementor-tab-title-1515\" class=\"elementor-tab-title\" data-tab=\"5\" role=\"button\" aria-controls=\"elementor-tab-content-1515\" aria-expanded=\"false\">\n\t\t\t\t\t\t\t\t\t\t\t\t\t<span class=\"elementor-accordion-icon elementor-accordion-icon-right\" aria-hidden=\"true\">\n\t\t\t\t\t\t\t\t\t\t\t\t\t\t\t<span class=\"elementor-accordion-icon-closed\"><i class=\"fas fa-plus\"><\/i><\/span>\n\t\t\t\t\t\t\t\t<span class=\"elementor-accordion-icon-opened\"><i class=\"fas fa-minus\"><\/i><\/span>\n\t\t\t\t\t\t\t\t\t\t\t\t\t\t<\/span>\n\t\t\t\t\t\t\t\t\t\t\t\t<a class=\"elementor-accordion-title\" tabindex=\"0\">Posso usar um vaporizador de ervas secas para tabaco?<\/a>\n\t\t\t\t\t<\/div>\n\t\t\t\t\t<div id=\"elementor-tab-content-1515\" class=\"elementor-tab-content elementor-clearfix\" data-tab=\"5\" role=\"region\" aria-labelledby=\"elementor-tab-title-1515\"><p>Com certeza! Os vaporizadores de ervas secas tamb\u00e9m podem aquecer tabaco para liberar seus compostos ativos sem combust\u00e3o, oferecendo uma alternativa mais suave e potencialmente mais saud\u00e1vel ao fumo tradicional. O vaporizador recomendado para tabaco \u00e9 o WEECKE C Vapor.<\/p><\/div>\n\t\t\t\t<\/div>\n\t\t\t\t\t\t\t\t<\/div>\n\t\t\t\t\t\t<\/div>\n\t\t\t\t<\/div>\n\t\t\t\t\t<\/div>\n\t\t<\/div>\n\t\t\t\t<div class=\"elementor-column elementor-col-50 elementor-top-column elementor-element elementor-element-050c35a\" data-id=\"050c35a\" data-element_type=\"column\" data-e-type=\"column\">\n\t\t\t<div class=\"elementor-widget-wrap elementor-element-populated\">\n\t\t\t\t\t\t<div class=\"elementor-element elementor-element-b8fd705 elementor-widget elementor-widget-image\" data-id=\"b8fd705\" data-element_type=\"widget\" data-e-type=\"widget\" data-settings=\"{&quot;ekit_we_effect_on&quot;:&quot;none&quot;}\" data-widget_type=\"image.default\">\n\t\t\t\t<div class=\"elementor-widget-container\">\n\t\t\t\t\t\t\t\t\t\t\t\t\t\t\t<img decoding=\"async\" src=\"https:\/\/weecke.com\/wp-content\/uploads\/elementor\/thumbs\/Mini-new-1011-qx6u7o5s0k620zrcssa1izon37htd73bn6mdmyq1zu.png\" title=\"\" alt=\"Vaporizador FENIX MINI 3 em 1\" loading=\"lazy\" \/>\t\t\t\t\t\t\t\t\t\t\t\t\t\t\t<\/div>\n\t\t\t\t<\/div>\n\t\t\t\t\t<\/div>\n\t\t<\/div>\n\t\t\t\t\t<\/div>\n\t\t<\/section>\n\t\t\t\t<\/div>\n\t\t<\/p>                        <\/div>\n                    <\/div>\n                                    <div class=\"tab-pane elementkit-tab-pane elementor-repeater-item-9077dfd\" id=\"content-9077dfd69d27cca7a9b0\" role=\"tabpanel\"\n                         aria-labelledby=\"content-9077dfd69d27cca7a9b0-tab\">\n                        <div class=\"animated fadeIn\">\n                            Lorem ipsum dolor sit amet, consectetuer adipiscing elit. Aenean commodo ligula eget dolor. Aenean massa. Cum sociis natoque penatibus et magnis dis parturient montes, nascetur ridiculus mus. Donec quam felis, ultricies nec, pellentesque eu, pretium quis, sem. Nulla consequat massa quis enim. Donec pede justo, fringilla vel, aliquet nec, vulputate eget, arcu. In enim justo, rhoncus ut, imperdiet a, venenatis vitae, justo.,                        <\/div>\n                    <\/div>\n                                    <div class=\"tab-pane elementkit-tab-pane elementor-repeater-item-00f52ae\" id=\"content-00f52ae69d27cca7a9b0\" role=\"tabpanel\"\n                         aria-labelledby=\"content-00f52ae69d27cca7a9b0-tab\">\n                        <div class=\"animated fadeIn\">\n                            Nullam dictum felis eu pede mollis pretium. Integer tincidunt. Cras dapibus. Vivamus elementum semper nisi. Aenean vulputate eleifend tellus. Aenean leo ligula, porttitor eu, consequat vitae, eleifend ac, enim. Aliquam lorem ante, dapibus in, viverra quis, feugiat a, tellus. Phasellus viverra nulla ut metus varius laoreet. Quisque rutrum.,                        <\/div>\n                    <\/div>\n                                    <div class=\"tab-pane elementkit-tab-pane elementor-repeater-item-ad34ed5\" id=\"content-ad34ed569d27cca7a9b0\" role=\"tabpanel\"\n                         aria-labelledby=\"content-ad34ed569d27cca7a9b0-tab\">\n                        <div class=\"animated fadeIn\">\n                            Aenean imperdiet. Etiam ultricies nisi vel augue. Curabitur ullamcorper ultricies nisi. Nam eget dui. Etiam rhoncus. Maecenas tempus, tellus eget condimentum rhoncus, sem quam semper libero, sit amet adipiscing sem neque sed ipsum. Nam quam nunc, blandit vel, luctus pulvinar, hendrerit id, lorem. Maecenas nec odio et ante tincidunt tempus.,                        <\/div>\n                    <\/div>\n                                \n            <\/div>\n                    <\/div>\n    <\/div>\t\t\t\t<\/div>\n\t\t\t\t<\/div>\n\t\t\t\t\t<\/div>\n\t\t<\/div>\n\t\t\t\t\t<\/div>\n\t\t<\/section>\n\t\t\t\t\t<\/div>\n\t\t<\/div>\n\t\t\t\t\t<\/div>\n\t\t<\/section>\n\t\t\t\t<\/div>","protected":false},"excerpt":{"rendered":"<p>FAQs Get Support,Get Help and Get Answer Got questions? We\u2019ve got answers. Explore our FAQ page for quick answers to common questions about our products, shipping, warranty, and more. GENERAL HOW TO USE WHITE LABEL OTHER QUESTIONS What is a dry herb vaporizer? A dry herb vaporizer is a device designed to heat dried herbs, [&hellip;]<\/p>","protected":false},"author":1,"featured_media":0,"parent":0,"menu_order":0,"comment_status":"closed","ping_status":"closed","template":"","meta":{"footnotes":""},"class_list":["post-16566","page","type-page","status-publish","hentry"],"_links":{"self":[{"href":"https:\/\/weecke.com\/pt\/wp-json\/wp\/v2\/pages\/16566","targetHints":{"allow":["GET"]}}],"collection":[{"href":"https:\/\/weecke.com\/pt\/wp-json\/wp\/v2\/pages"}],"about":[{"href":"https:\/\/weecke.com\/pt\/wp-json\/wp\/v2\/types\/page"}],"author":[{"embeddable":true,"href":"https:\/\/weecke.com\/pt\/wp-json\/wp\/v2\/users\/1"}],"replies":[{"embeddable":true,"href":"https:\/\/weecke.com\/pt\/wp-json\/wp\/v2\/comments?post=16566"}],"version-history":[{"count":22,"href":"https:\/\/weecke.com\/pt\/wp-json\/wp\/v2\/pages\/16566\/revisions"}],"predecessor-version":[{"id":17072,"href":"https:\/\/weecke.com\/pt\/wp-json\/wp\/v2\/pages\/16566\/revisions\/17072"}],"wp:attachment":[{"href":"https:\/\/weecke.com\/pt\/wp-json\/wp\/v2\/media?parent=16566"}],"curies":[{"name":"wp","href":"https:\/\/api.w.org\/{rel}","templated":true}]}}