{"id":17249,"date":"2025-05-15T15:48:40","date_gmt":"2025-05-15T07:48:40","guid":{"rendered":"https:\/\/weecke.com\/?post_type=product&#038;p=17249"},"modified":"2025-05-19T09:45:36","modified_gmt":"2025-05-19T01:45:36","slug":"weecke-puzzle","status":"publish","type":"product","link":"https:\/\/weecke.com\/pl\/product\/weecke-puzzle\/","title":{"rendered":"WEECKE PUZZLE"},"content":{"rendered":"<p data-start=\"64\" data-end=\"81\"><strong data-start=\"64\" data-end=\"81\">Kluczowe cechy:<\/strong><\/p>\n<ul data-start=\"83\" data-end=\"927\">\n<li data-start=\"83\" data-end=\"185\">\n<p data-start=\"85\" data-end=\"185\"><strong data-start=\"85\" data-end=\"108\">Podw\u00f3jny system grzewczy<\/strong>Zapewnia r\u00f3wnomierne i sta\u0142e nagrzewanie, dostarczaj\u0105c g\u0142adk\u0105 i aromatyczn\u0105 par\u0119.<\/p>\n<\/li>\n<li data-start=\"186\" data-end=\"290\">\n<p data-start=\"188\" data-end=\"290\"><strong data-start=\"188\" data-end=\"208\">Tytanowa komora<\/strong>Doskona\u0142a retencja ciep\u0142a i czysto\u015b\u0107, podnosz\u0105ca og\u00f3lny smak i do\u015bwiadczenie.<\/p>\n<\/li>\n<li data-start=\"291\" data-end=\"393\">\n<p data-start=\"293\" data-end=\"393\"><strong data-start=\"293\" data-end=\"322\">Wy\u015bwietlacz cyfrowy<\/strong>Wyrazisty wy\u015bwietlacz cyfrowy zapewnia jasn\u0105, rzeczywist\u0105 kontrol\u0119 nad sesj\u0105.<\/p>\n<\/li>\n<li data-start=\"394\" data-end=\"495\">\n<p data-start=\"396\" data-end=\"495\"><strong data-start=\"396\" data-end=\"424\">Pe\u0142na kontrola temperatury<\/strong>Precyzyjnie regulowana od 320\u00b0F do 446\u00b0F dla spersonalizowanego do\u015bwiadczenia.<\/p>\n<\/li>\n<li data-start=\"496\" data-end=\"586\">\n<p data-start=\"498\" data-end=\"586\"><strong data-start=\"498\" data-end=\"525\">Regulowany czas sesji<\/strong>Ustaw czas trwania sesji od 3 do 5 minut wed\u0142ug potrzeb.<\/p>\n<\/li>\n<li data-start=\"587\" data-end=\"664\">\n<p data-start=\"589\" data-end=\"664\"><strong data-start=\"589\" data-end=\"613\">Szybki czas nagrzewania<\/strong>Nagrzewa si\u0119 szybko, dzi\u0119ki czemu jeste\u015b gotowy do waporyzacji w kilka sekund.<\/p>\n<\/li>\n<li data-start=\"665\" data-end=\"742\">\n<p data-start=\"667\" data-end=\"742\"><strong data-start=\"667\" data-end=\"692\">Szklany ustnik<\/strong>Zachowuje smak i zapewnia ch\u0142odne, g\u0142adkie zaci\u0105gni\u0119cia.<\/p>\n<\/li>\n<li data-start=\"743\" data-end=\"824\">\n<p data-start=\"745\" data-end=\"824\"><strong data-start=\"745\" data-end=\"766\">Odizolowana \u015acie\u017cka Powietrza<\/strong>Czysta para: Czysta i klarowna para, wolna od zak\u0142\u00f3ce\u0144 elektronicznych.<\/p>\n<\/li>\n<li data-start=\"825\" data-end=\"927\">\n<p data-start=\"827\" data-end=\"927\"><strong data-start=\"827\" data-end=\"851\">D\u0142ugotrwa\u0142a Bateria<\/strong>Wydajna bateria: Wbudowana bateria 2100mAh zapewnia d\u0142ugi czas u\u017cytkowania i niezawodn\u0105 wydajno\u015b\u0107.<\/p>\n<\/li>\n<\/ul>","protected":false},"excerpt":{"rendered":"<p data-start=\"122\" data-end=\"373\">Osi\u0105gnij nowy poziom waporyzacji dzi\u0119ki WEECKE PUZZLE, zaprojektowanemu dla tych, kt\u00f3rzy wymagaj\u0105 precyzji, mocy i stylu. Dzi\u0119ki zaawansowanej technologii grzewczej i eleganckiemu designowi, ten waporyzator zapewnia niezr\u00f3wnane do\u015bwiadczenie.<\/p>\n<ul data-start=\"379\" data-end=\"922\">\n<li data-start=\"379\" data-end=\"413\">\n<p data-start=\"381\" data-end=\"413\"><strong data-start=\"381\" data-end=\"399\">Metoda grzania<\/strong>: Podw\u00f3jne grzanie<\/p>\n<\/li>\n<li data-start=\"414\" data-end=\"441\">\n<p data-start=\"416\" data-end=\"441\"><strong data-start=\"416\" data-end=\"427\">Przeznaczenie<\/strong>: Materia\u0142 suchy<\/p>\n<\/li>\n<li data-start=\"442\" data-end=\"497\"><strong data-start=\"500\" data-end=\"514\">Zakres temperatur<\/strong>Zakres temperatur: 160\u00b0C \u2013 230\u00b0C (320\u00b0F \u2013 446\u00b0F)<\/li>\n<li data-start=\"546\" data-end=\"613\">\n<p data-start=\"548\" data-end=\"613\"><strong data-start=\"548\" data-end=\"574\">Regulacja temperatury<\/strong>: Precyzyjna, regulowana co 1\u00b0C<\/p>\n<\/li>\n<li data-start=\"614\" data-end=\"676\">\n<p data-start=\"616\" data-end=\"676\"><strong data-start=\"616\" data-end=\"627\">Komora<\/strong>Materia\u0142 komory: Tytan zapewniaj\u0105cy doskona\u0142\u0105 retencj\u0119 ciep\u0142a i smak<\/p>\n<\/li>\n<li data-start=\"677\" data-end=\"729\">\n<p data-start=\"679\" data-end=\"729\"><strong data-start=\"679\" data-end=\"690\">Bateria<\/strong>Pojemno\u015b\u0107 baterii: 2100 mAh dla d\u0142ugotrwa\u0142ej wydajno\u015bci<\/p>\n<\/li>\n<li data-start=\"730\" data-end=\"805\">\n<p data-start=\"732\" data-end=\"805\"><strong data-start=\"732\" data-end=\"759\">Regulowany czas pracy<\/strong>Czas sesji: 3-5 minut, dostosowywany do preferencji<\/p>\n<\/li>\n<li data-start=\"806\" data-end=\"867\">\n<p data-start=\"808\" data-end=\"867\"><strong data-start=\"808\" data-end=\"819\">: 120\u00b0C \u2013 221\u00b0C (regulacja co 1\u00b0C)<\/strong>Wy\u015bwietlacz: Cyfrowy wy\u015bwietlacz u\u0142atwiaj\u0105cy kontrol\u0119 temperatury<\/p>\n<\/li>\n<li data-start=\"868\" data-end=\"922\">\n<p data-start=\"870\" data-end=\"922\"><strong data-start=\"870\" data-end=\"882\">\u0141adowanie<\/strong>\u0141adowanie: Typ-C dla szybkiego i wygodnego \u0142adowania<\/p>\n<\/li>\n<\/ul>\n<p data-start=\"915\" data-end=\"1002\">Idealny dla tych, kt\u00f3rzy poszukuj\u0105 najwy\u017cszej klasy wydajno\u015bci, innowacji i stylu w ka\u017cdej sesji.<\/p>","protected":false},"featured_media":17252,"comment_status":"closed","ping_status":"closed","template":"","meta":[],"product_brand":[],"product_cat":[149],"product_tag":[],"class_list":{"0":"post-17249","1":"product","2":"type-product","3":"status-publish","4":"has-post-thumbnail","6":"product_cat-weecke-vaporizer","8":"first","9":"instock","10":"shipping-taxable","11":"product-type-simple"},"_links":{"self":[{"href":"https:\/\/weecke.com\/pl\/wp-json\/wp\/v2\/product\/17249","targetHints":{"allow":["GET"]}}],"collection":[{"href":"https:\/\/weecke.com\/pl\/wp-json\/wp\/v2\/product"}],"about":[{"href":"https:\/\/weecke.com\/pl\/wp-json\/wp\/v2\/types\/product"}],"replies":[{"embeddable":true,"href":"https:\/\/weecke.com\/pl\/wp-json\/wp\/v2\/comments?post=17249"}],"wp:featuredmedia":[{"embeddable":true,"href":"https:\/\/weecke.com\/pl\/wp-json\/wp\/v2\/media\/17252"}],"wp:attachment":[{"href":"https:\/\/weecke.com\/pl\/wp-json\/wp\/v2\/media?parent=17249"}],"wp:term":[{"taxonomy":"product_brand","embeddable":true,"href":"https:\/\/weecke.com\/pl\/wp-json\/wp\/v2\/product_brand?post=17249"},{"taxonomy":"product_cat","embeddable":true,"href":"https:\/\/weecke.com\/pl\/wp-json\/wp\/v2\/product_cat?post=17249"},{"taxonomy":"product_tag","embeddable":true,"href":"https:\/\/weecke.com\/pl\/wp-json\/wp\/v2\/product_tag?post=17249"}],"curies":[{"name":"wp","href":"https:\/\/api.w.org\/{rel}","templated":true}]}}