{"id":17220,"date":"2025-03-25T10:14:17","date_gmt":"2025-03-25T02:14:17","guid":{"rendered":"https:\/\/weecke.com\/?post_type=product&#038;p=17220"},"modified":"2025-03-31T18:31:04","modified_gmt":"2025-03-31T10:31:04","slug":"dabmax-zyra","status":"publish","type":"product","link":"https:\/\/weecke.com\/pl\/product\/dabmax-zyra\/","title":{"rendered":"DABMAX ZYRA"},"content":{"rendered":"<h3 class=\"\" data-start=\"501\" data-end=\"525\"><strong data-start=\"508\" data-end=\"524\">Kluczowe Cechy<\/strong>:<\/h3>\n<ul data-start=\"527\" data-end=\"1599\">\n<li class=\"\" data-start=\"527\" data-end=\"647\">\n<p class=\"\" data-start=\"529\" data-end=\"647\"><strong data-start=\"529\" data-end=\"568\">Zaawansowany atomizer z ceramiczn\u0105 grza\u0142k\u0105 pier\u015bcieniow\u0105<\/strong><br data-start=\"568\" data-end=\"571\" \/>Zapewnia r\u00f3wnomierny rozk\u0142ad ciep\u0142a dla optymalnego smaku i g\u0119sto\u015bci pary.<\/p>\n<\/li>\n<li class=\"\" data-start=\"651\" data-end=\"785\">\n<p class=\"\" data-start=\"653\" data-end=\"785\"><strong data-start=\"653\" data-end=\"696\">5 regulowanych ustawie\u0144 napi\u0119cia (2,9 V, 3,1 V, 3,3 V, 3,5 V, 3,7 V)<\/strong><br data-start=\"696\" data-end=\"699\" \/>Dostosuj swoje do\u015bwiadczenie od g\u0142adkich, niskotemperaturowych poda\u0144 terpen\u00f3w po intensywne chmury pary.<\/p>\n<\/li>\n<li class=\"\" data-start=\"789\" data-end=\"914\">\n<p class=\"\" data-start=\"791\" data-end=\"914\"><strong data-start=\"791\" data-end=\"820\">Wbudowana funkcja wst\u0119pnego podgrzewania<\/strong><br data-start=\"820\" data-end=\"823\" \/>Rozpocznij sesj\u0119 natychmiast dzi\u0119ki efektywnemu nagrzewaniu, zapewniaj\u0105cemu szybkie i \u0142atwe dabowanie.<\/p>\n<\/li>\n<li class=\"\" data-start=\"916\" data-end=\"1108\">\n<p class=\"\" data-start=\"918\" data-end=\"1108\"><strong data-start=\"918\" data-end=\"969\">Podw\u00f3jna kompatybilno\u015b\u0107: Woski &amp; Kartrid\u017ce z gwintem 510<\/strong><br data-start=\"969\" data-end=\"972\" \/>Dzi\u0119ki <strong data-start=\"988\" data-end=\"1011\">wbudowanemu gwintowi 510<\/strong>, ZYRA pasuje do szerokiej gamy kartrid\u017cy z woskiem i olejem \u2014 oferuj\u0105c prawdziw\u0105 wszechstronno\u015b\u0107 w jednym urz\u0105dzeniu.<\/p>\n<\/li>\n<li class=\"\" data-start=\"1110\" data-end=\"1241\">\n<p class=\"\" data-start=\"1112\" data-end=\"1241\"><strong data-start=\"1112\" data-end=\"1137\">Inteligentny wy\u015bwietlacz cyfrowy<\/strong><br data-start=\"1137\" data-end=\"1140\" \/>Informacje w czasie rzeczywistym na wyci\u0105gni\u0119cie r\u0119ki. Z \u0142atwo\u015bci\u0105 monitoruj temperatur\u0119, stan baterii i wyb\u00f3r trybu.<\/p>\n<\/li>\n<li class=\"\" data-start=\"1243\" data-end=\"1362\">\n<p class=\"\" data-start=\"1245\" data-end=\"1362\"><strong data-start=\"1245\" data-end=\"1277\">Wyb\u00f3r trybu automatycznego \/ manualnego<\/strong><br data-start=\"1277\" data-end=\"1280\" \/>Wybierz pomi\u0119dzy w pe\u0142ni zautomatyzowanymi zaci\u0105gni\u0119ciami a kontrol\u0105 manualn\u0105 dla spersonalizowanej wydajno\u015bci.<\/p>\n<\/li>\n<li class=\"\" data-start=\"1364\" data-end=\"1474\">\n<p class=\"\" data-start=\"1366\" data-end=\"1474\"><strong data-start=\"1366\" data-end=\"1389\">Szybkie \u0141adowanie USB-C<\/strong><br data-start=\"1389\" data-end=\"1392\" \/>Zasilany <strong data-start=\"1407\" data-end=\"1417\">400 mAh<\/strong> bateri\u0105, \u0142aduje si\u0119 szybko i jest zawsze gotowy do u\u017cycia.<\/p>\n<\/li>\n<li class=\"\" data-start=\"1476\" data-end=\"1599\">\n<p class=\"\" data-start=\"1478\" data-end=\"1599\"><strong data-start=\"1478\" data-end=\"1510\">Kompaktowy i modny design<\/strong><br data-start=\"1510\" data-end=\"1513\" \/>Elegancki, lekki i por\u0119czny \u2014 nowoczesna estetyka ZYRY pasuje do Twojego stylu \u017cycia.<\/p>\n<\/li>\n<\/ul>","protected":false},"excerpt":{"rendered":"<p class=\"\" data-start=\"182\" data-end=\"228\"><strong data-start=\"182\" data-end=\"228\">Precyzyjne dabowanie w eleganckim, inteligentnym designie<\/strong><\/p>\n<p class=\"\" data-start=\"230\" data-end=\"499\">Zaprojektowany zar\u00f3wno pod k\u0105tem wydajno\u015bci, jak i przeno\u015bno\u015bci, <strong data-start=\"283\" data-end=\"298\">DABMAX ZYRA<\/strong> redefiniuje wygod\u0119 i kontrol\u0119 w konsumpcji koncentrat\u00f3w. Wyposa\u017cony w <strong data-start=\"378\" data-end=\"417\">zaawansowany atomizer z ceramiczn\u0105 grza\u0142k\u0105 pier\u015bcieniow\u0105<\/strong>, zapewnia <strong data-start=\"431\" data-end=\"447\">r\u00f3wnomierne nagrzewanie<\/strong> dla <strong data-start=\"454\" data-end=\"487\">czystego, bogatego w terpeny do\u015bwiadczenia<\/strong>\u2014 za ka\u017cdym razem.<\/p>\n<ul>\n<li><strong data-start=\"245\" data-end=\"261\">Typ gwintu:<\/strong> Wbudowany gwint 510<\/li>\n<li><strong data-start=\"284\" data-end=\"305\">Pojemno\u015b\u0107 baterii:<\/strong> 400 mAh<\/li>\n<li><strong data-start=\"315\" data-end=\"333\">Port \u0142adowania:<\/strong> USB-C<\/li>\n<li><strong data-start=\"130\" data-end=\"150\">Element grzewczy:<\/strong> Zaawansowany atomizer z ceramiczn\u0105 grza\u0142k\u0105 pier\u015bcieniow\u0105<\/li>\n<li><strong data-start=\"581\" data-end=\"593\">Wy\u015bwietlacz:<\/strong> Inteligentny wy\u015bwietlacz cyfrowy (napi\u0119cie, temperatura, bateria, tryb)<\/li>\n<li><strong data-start=\"342\" data-end=\"371\">Napi\u0119cie\/Pr\u0105d \u0142adowania:<\/strong> 5 V \/ 0,5 A<\/li>\n<li><strong data-start=\"425\" data-end=\"447\">Ustawienia napi\u0119cia:<\/strong> 2,9 V, 3,1 V, 3,3 V, 3,5 V, 3,7 V<\/li>\n<li><strong data-start=\"508\" data-end=\"526\">Tryby pracy:<\/strong> Tryb automatyczny \/ Tryb manualny<\/li>\n<li><strong data-start=\"553\" data-end=\"574\">Funkcja wst\u0119pnego podgrzewania:<\/strong> Tak<\/li>\n<li><strong data-start=\"959\" data-end=\"977\">Personalizacja:<\/strong> Logo, kolor, interfejs u\u017cytkownika, opakowanie (dost\u0119pne OEM\/ODM)<br data-start=\"281\" data-end=\"284\" \/><br data-start=\"312\" data-end=\"315\" \/><br data-start=\"339\" data-end=\"342\" \/><br data-start=\"379\" data-end=\"382\" \/><br data-start=\"461\" data-end=\"464\" \/><br data-start=\"505\" data-end=\"508\" \/><\/li>\n<\/ul>","protected":false},"featured_media":17225,"comment_status":"closed","ping_status":"closed","template":"","meta":[],"product_brand":[],"product_cat":[154],"product_tag":[],"class_list":{"0":"post-17220","1":"product","2":"type-product","3":"status-publish","4":"has-post-thumbnail","6":"product_cat-dabmax-vaporizer","8":"first","9":"instock","10":"shipping-taxable","11":"product-type-simple"},"_links":{"self":[{"href":"https:\/\/weecke.com\/pl\/wp-json\/wp\/v2\/product\/17220","targetHints":{"allow":["GET"]}}],"collection":[{"href":"https:\/\/weecke.com\/pl\/wp-json\/wp\/v2\/product"}],"about":[{"href":"https:\/\/weecke.com\/pl\/wp-json\/wp\/v2\/types\/product"}],"replies":[{"embeddable":true,"href":"https:\/\/weecke.com\/pl\/wp-json\/wp\/v2\/comments?post=17220"}],"wp:featuredmedia":[{"embeddable":true,"href":"https:\/\/weecke.com\/pl\/wp-json\/wp\/v2\/media\/17225"}],"wp:attachment":[{"href":"https:\/\/weecke.com\/pl\/wp-json\/wp\/v2\/media?parent=17220"}],"wp:term":[{"taxonomy":"product_brand","embeddable":true,"href":"https:\/\/weecke.com\/pl\/wp-json\/wp\/v2\/product_brand?post=17220"},{"taxonomy":"product_cat","embeddable":true,"href":"https:\/\/weecke.com\/pl\/wp-json\/wp\/v2\/product_cat?post=17220"},{"taxonomy":"product_tag","embeddable":true,"href":"https:\/\/weecke.com\/pl\/wp-json\/wp\/v2\/product_tag?post=17220"}],"curies":[{"name":"wp","href":"https:\/\/api.w.org\/{rel}","templated":true}]}}