{"id":16661,"date":"2024-11-14T11:56:28","date_gmt":"2024-11-14T03:56:28","guid":{"rendered":"https:\/\/weecke.com\/?post_type=product&#038;p=16661"},"modified":"2025-11-18T21:31:57","modified_gmt":"2025-11-18T13:31:57","slug":"c-vapor-6-0","status":"publish","type":"product","link":"https:\/\/weecke.com\/pl\/product\/c-vapor-6-0\/","title":{"rendered":"WEECKE C VAPOR 6.0"},"content":{"rendered":"<h3 class=\"wp-block-heading\"><strong>Dlaczego dystrybutorzy uwielbiaj\u0105 C Vapor 6<\/strong><\/h3>\n\n\n\n<ul class=\"wp-block-list\">\n<li><strong>Modu\u0142owa konstrukcja u\u0142atwiaj\u0105ca konserwacj\u0119<\/strong>: \u0141atwe do demonta\u017cu ustniki i komponenty grzewcze oszcz\u0119dzaj\u0105 czas i prac\u0119 \u2013 idealne do codziennego u\u017cytku<\/li>\n\n\n\n<li><strong>W pe\u0142ni odizolowana \u015bcie\u017cka powietrza<\/strong>: Gwarantuje czyst\u0105, nieskaziteln\u0105 par\u0119 \u2013 bez przypalonego posmaku<\/li>\n\n\n\n<li><strong>Sterowanie jednym przyciskiem<\/strong>: Prosty interfejs z feedbackiem dotykowym, przyjazny dla pocz\u0105tkuj\u0105cych<\/li>\n\n\n\n<li><strong>Precyzyjne grzanie<\/strong>: Wyb\u00f3r z 4 predefiniowanych temperatur (392\u00b0F \u2013 446\u00b0F\/200-230\u00b0C)<\/li>\n\n\n\n<li><strong>Szybkie nagrzewanie<\/strong>: Nagrzewa si\u0119 w kilka sekund i wibruje, gdy jest gotowy<\/li>\n\n\n\n<li><strong>Bateria wysokiej klasy<\/strong>: 2600mAh, szybkie \u0142adowanie USB-C (5V\/2A)<\/li>\n\n\n\n<li><strong>Automatyczny timer sesji<\/strong>: 5-minutowe automatyczne wy\u0142\u0105czenie dla bezpiecze\u0144stwa i oszcz\u0119dzania baterii<\/li>\n<\/ul>\n\n\n\n<figure class=\"wp-block-image size-full\"><a href=\"https:\/\/weecke.com\/wp-content\/uploads\/C-Vapor-6.0.jpg\"><img fetchpriority=\"high\" decoding=\"async\" width=\"800\" height=\"800\" src=\"https:\/\/weecke.com\/wp-content\/uploads\/C-Vapor-6.0.jpg\" alt=\"\" class=\"wp-image-17383\" srcset=\"https:\/\/weecke.com\/wp-content\/uploads\/C-Vapor-6.0.jpg 800w, https:\/\/weecke.com\/wp-content\/uploads\/C-Vapor-6.0-300x300.jpg 300w, https:\/\/weecke.com\/wp-content\/uploads\/C-Vapor-6.0-150x150.jpg 150w, https:\/\/weecke.com\/wp-content\/uploads\/C-Vapor-6.0-768x768.jpg 768w, https:\/\/weecke.com\/wp-content\/uploads\/C-Vapor-6.0-500x500.jpg 500w, https:\/\/weecke.com\/wp-content\/uploads\/C-Vapor-6.0-700x700.jpg 700w, https:\/\/weecke.com\/wp-content\/uploads\/C-Vapor-6.0-100x100.jpg 100w\" sizes=\"(max-width: 800px) 100vw, 800px\" \/><\/a><\/figure>\n\n\n\n<figure class=\"wp-block-image size-full\"><a href=\"https:\/\/weecke.com\/wp-content\/uploads\/C-Vapor-6.0-with-modular-design.jpg\"><img decoding=\"async\" width=\"800\" height=\"800\" src=\"https:\/\/weecke.com\/wp-content\/uploads\/C-Vapor-6.0-with-modular-design.jpg\" alt=\"\" class=\"wp-image-17382\" srcset=\"https:\/\/weecke.com\/wp-content\/uploads\/C-Vapor-6.0-with-modular-design.jpg 800w, https:\/\/weecke.com\/wp-content\/uploads\/C-Vapor-6.0-with-modular-design-300x300.jpg 300w, https:\/\/weecke.com\/wp-content\/uploads\/C-Vapor-6.0-with-modular-design-150x150.jpg 150w, https:\/\/weecke.com\/wp-content\/uploads\/C-Vapor-6.0-with-modular-design-768x768.jpg 768w, https:\/\/weecke.com\/wp-content\/uploads\/C-Vapor-6.0-with-modular-design-500x500.jpg 500w, https:\/\/weecke.com\/wp-content\/uploads\/C-Vapor-6.0-with-modular-design-700x700.jpg 700w, https:\/\/weecke.com\/wp-content\/uploads\/C-Vapor-6.0-with-modular-design-100x100.jpg 100w\" sizes=\"(max-width: 800px) 100vw, 800px\" \/><\/a><\/figure>\n\n\n\n<figure class=\"wp-block-image size-full\"><a href=\"https:\/\/weecke.com\/wp-content\/uploads\/Bottom-View-of-C-Vapor-6.0.jpg\"><img decoding=\"async\" width=\"800\" height=\"800\" src=\"https:\/\/weecke.com\/wp-content\/uploads\/Bottom-View-of-C-Vapor-6.0.jpg\" alt=\"\" class=\"wp-image-17381\" srcset=\"https:\/\/weecke.com\/wp-content\/uploads\/Bottom-View-of-C-Vapor-6.0.jpg 800w, https:\/\/weecke.com\/wp-content\/uploads\/Bottom-View-of-C-Vapor-6.0-300x300.jpg 300w, https:\/\/weecke.com\/wp-content\/uploads\/Bottom-View-of-C-Vapor-6.0-150x150.jpg 150w, https:\/\/weecke.com\/wp-content\/uploads\/Bottom-View-of-C-Vapor-6.0-768x768.jpg 768w, https:\/\/weecke.com\/wp-content\/uploads\/Bottom-View-of-C-Vapor-6.0-500x500.jpg 500w, https:\/\/weecke.com\/wp-content\/uploads\/Bottom-View-of-C-Vapor-6.0-700x700.jpg 700w, https:\/\/weecke.com\/wp-content\/uploads\/Bottom-View-of-C-Vapor-6.0-100x100.jpg 100w\" sizes=\"(max-width: 800px) 100vw, 800px\" \/><\/a><\/figure>\n\n\n\n<h3 class=\"wp-block-heading\"><strong>Zawarto\u015b\u0107 opakowania<\/strong><\/h3>\n\n\n\n<ul class=\"wp-block-list\">\n<li>Urz\u0105dzenie C Vapor 6<\/li>\n\n\n\n<li>Kabel \u0142adowaj\u0105cy USB-C<\/li>\n\n\n\n<li>Ceramiczny filtr<\/li>\n\n\n\n<li>O-ring silikonowy<\/li>\n\n\n\n<li>Szczoteczki czyszcz\u0105ce<\/li>\n\n\n\n<li>Papierowa przek\u0142adka<\/li>\n\n\n\n<li>Instrukcja obs\u0142ugi<\/li>\n<\/ul>","protected":false},"excerpt":{"rendered":"<p data-start=\"112\" data-end=\"164\"><em data-start=\"112\" data-end=\"164\">Kompaktowy. Czysty. Gotowy do personalizacji. Zaprojektowany do codziennego u\u017cytku.<\/em><\/p>\n<p data-start=\"166\" data-end=\"420\">Szukasz nie tylko waporyzatora do suszu sypkiego \u2013 szukasz niezawodnego produktu, kt\u00f3ry jest \u0142atwy w u\u017cyciu, \u0142atwy w konserwacji i zbudowany, by s\u0142u\u017cy\u0107 d\u0142ugo. Niezale\u017cnie od tego, czy jeste\u015b dystrybutorem, w\u0142a\u015bcicielem marki, czy sprzedawc\u0105 internetowym, <strong data-start=\"380\" data-end=\"393\">C Vapor 6<\/strong> jest stworzony dla Twojego biznesu.<\/p>\n<p data-start=\"422\" data-end=\"775\">Zaprojektowany w strukturze p\u00f3\u0142modu\u0142owej, C Vapor 6 sprawia, \u017ce czyszczenie, naprawa i wymiana cz\u0119\u015bci s\u0105 \u0142atwiejsze ni\u017c kiedykolwiek. Zestaw ustnika, jednostka baterii i komora grzewcza mog\u0105 by\u0107 szybko zdemontowane \u2013 co minimalizuje przestoje i maksymalizuje zadowolenie. Oznacza to r\u00f3wnie\u017c mniej reklamacji, ni\u017csze wska\u017aniki zwrot\u00f3w oraz produkt, kt\u00f3ry d\u0142u\u017cej zachowuje \u015bwie\u017co\u015b\u0107 na p\u00f3\u0142ce.<\/p>\n<p data-start=\"777\" data-end=\"1063\">Dzi\u0119ki 4 zoptymalizowanym poziomom temperatury, d\u0142ugotrwa\u0142ej baterii 2600mAh oraz w pe\u0142ni odizolowanej \u015bcie\u017cce powietrza, uzyskujesz czyst\u0105 par\u0119 bez spalania \u2013 tylko g\u0142adki smak od pocz\u0105tku do ko\u0144ca. Kompaktowy, wydajny i przyjazny dla u\u017cytkownika, C Vapor 6 to inteligentny wyb\u00f3r dla wymagaj\u0105cych u\u017cytkownik\u00f3w suszu ro\u015blinnego i sypkiego tytoniu.<\/p>\n<ul>\n<li data-start=\"1761\" data-end=\"1812\">\n<p data-start=\"1763\" data-end=\"1812\"><strong data-start=\"1763\" data-end=\"1784\">Zakres temperatur<\/strong>: 200\u00b0C \/392\u00b0F, 210\u00b0C\/410\u00b0F, 220\u00b0C\/428\u00b0F, 230\u00b0C\/446\u00b0F<\/p>\n<\/li>\n<li data-start=\"1813\" data-end=\"1846\">\n<p data-start=\"1815\" data-end=\"1846\"><strong data-start=\"1815\" data-end=\"1826\">Bateria<\/strong>Bateria<\/p>\n<\/li>\n<li data-start=\"1847\" data-end=\"1883\">\n<p data-start=\"1849\" data-end=\"1883\"><strong data-start=\"1849\" data-end=\"1861\">\u0141adowanie<\/strong>: USB-C, poni\u017cej 2 godzin<\/p>\n<\/li>\n<li data-start=\"1884\" data-end=\"1906\">\n<p data-start=\"1886\" data-end=\"1906\"><strong data-start=\"1886\" data-end=\"1894\">Wymiary<\/strong>: 79\u00d754\u00d727mm<\/p>\n<\/li>\n<li data-start=\"1907\" data-end=\"1938\">\n<p data-start=\"1909\" data-end=\"1938\"><strong data-start=\"1909\" data-end=\"1925\">Czas sesji<\/strong>: 300 sekund<\/p>\n<\/li>\n<li data-start=\"1939\" data-end=\"2003\">\n<p data-start=\"1941\" data-end=\"2003\"><strong data-start=\"1941\" data-end=\"1951\">Zabezpieczenia<\/strong>: Ochrona przed prze\u0142adowaniem, zwarciem, przegrzaniem oraz 5 innych zabezpiecze\u0144<\/p>\n<\/li>\n<\/ul>\n<p data-start=\"777\" data-end=\"1063\">\u00a0<\/p>","protected":false},"featured_media":17397,"comment_status":"closed","ping_status":"closed","template":"","meta":[],"product_brand":[],"product_cat":[149],"product_tag":[],"class_list":{"0":"post-16661","1":"product","2":"type-product","3":"status-publish","4":"has-post-thumbnail","6":"product_cat-weecke-vaporizer","8":"first","9":"instock","10":"shipping-taxable","11":"product-type-simple"},"_links":{"self":[{"href":"https:\/\/weecke.com\/pl\/wp-json\/wp\/v2\/product\/16661","targetHints":{"allow":["GET"]}}],"collection":[{"href":"https:\/\/weecke.com\/pl\/wp-json\/wp\/v2\/product"}],"about":[{"href":"https:\/\/weecke.com\/pl\/wp-json\/wp\/v2\/types\/product"}],"replies":[{"embeddable":true,"href":"https:\/\/weecke.com\/pl\/wp-json\/wp\/v2\/comments?post=16661"}],"wp:featuredmedia":[{"embeddable":true,"href":"https:\/\/weecke.com\/pl\/wp-json\/wp\/v2\/media\/17397"}],"wp:attachment":[{"href":"https:\/\/weecke.com\/pl\/wp-json\/wp\/v2\/media?parent=16661"}],"wp:term":[{"taxonomy":"product_brand","embeddable":true,"href":"https:\/\/weecke.com\/pl\/wp-json\/wp\/v2\/product_brand?post=16661"},{"taxonomy":"product_cat","embeddable":true,"href":"https:\/\/weecke.com\/pl\/wp-json\/wp\/v2\/product_cat?post=16661"},{"taxonomy":"product_tag","embeddable":true,"href":"https:\/\/weecke.com\/pl\/wp-json\/wp\/v2\/product_tag?post=16661"}],"curies":[{"name":"wp","href":"https:\/\/api.w.org\/{rel}","templated":true}]}}