{"id":16587,"date":"2024-11-14T09:10:22","date_gmt":"2024-11-14T01:10:22","guid":{"rendered":"https:\/\/weecke.com\/?post_type=product&#038;p=16587"},"modified":"2024-11-15T12:14:17","modified_gmt":"2024-11-15T04:14:17","slug":"weecke-c-vapor-3-0","status":"publish","type":"product","link":"https:\/\/weecke.com\/pl\/product\/weecke-c-vapor-3-0\/","title":{"rendered":"WEECKE C VAPOR 3.0"},"content":{"rendered":"<h3><strong>Zalety i cechy<\/strong><\/h3>\n<ol>\n<li><strong>Wyd\u0142u\u017cona \u017cywotno\u015b\u0107 baterii<\/strong>D\u0142u\u017csze u\u017cytkowanie: Wyposa\u017cony w wi\u0119ksz\u0105 bateri\u0119 2300mAh dla d\u0142u\u017cszych sesji i d\u0142ugotrwa\u0142ej wydajno\u015bci.<\/li>\n<li><strong>Szybkie nagrzewanie<\/strong>Efektywne parowanie: Ulepszona ceramiczna komora nagrzewa si\u0119 szybko, zapewniaj\u0105c wydajn\u0105 i aromatyczn\u0105 produkcj\u0119 pary.<\/li>\n<li><strong>Izolowana \u015acie\u017cka Powietrza<\/strong>Bezpo\u015brednia \u015bcie\u017cka powietrza: Bezpo\u015brednia, metalowa \u015bcie\u017cka powietrza klasy spo\u017cywczej dla bezpieczniejszego i czystszego do\u015bwiadczenia inhalacji.<\/li>\n<li><strong>Regulowany Przep\u0142yw Powietrza<\/strong>Regulacja przep\u0142ywu powietrza: Dostosuj g\u0119sto\u015b\u0107 pary dla spersonalizowanych dozna\u0144.<\/li>\n<li><strong>Wy\u015bwietlacz OLED<\/strong>Przejrzysty monitoring: Czytelny wy\u015bwietlacz do natychmiastowego sprawdzenia temperatury i poziomu na\u0142adowania baterii.<\/li>\n<li><strong>Opcje dostosowania<\/strong>Us\u0142ugi OEM i ODM: Dost\u0119pne us\u0142ugi OEM i ODM dla pe\u0142nej personalizacji.<\/li>\n<\/ol>\n<h3><strong>Elastyczne ustawienia temperatury<\/strong><\/h3>\n<p>The <strong>C Vapor 3.0<\/strong> Oferuje 8 zoptymalizowanych preset\u00f3w temperatury (160\u00b0C, 170\u00b0C, 180\u00b0C, 190\u00b0C, 200\u00b0C, 210\u00b0C, 220\u00b0C, 230\u00b0C), kt\u00f3re pozwalaj\u0105 u\u017cytkownikom w pe\u0142ni ekstrahowa\u0107 zio\u0142a na preferowanych poziomach. Przechodzenie przez te ustawienia umo\u017cliwia stopniow\u0105 i efektywn\u0105 waporyzacj\u0119, oferuj\u0105c g\u0142adkie i satysfakcjonuj\u0105ce doznania.<\/p>\n<h3><strong>\u017bywotno\u015b\u0107 baterii i szybkie \u0142adowanie<\/strong><\/h3>\n<p>Dzi\u0119ki zwi\u0119kszonej pojemno\u015bci baterii 2300mAh, C Vapor 3.0 zapewnia wystarczaj\u0105c\u0105 moc na ca\u0142y dzie\u0144 waporyzacji. Funkcja szybkiego \u0142adowania gwarantuje, \u017ce mo\u017cesz szybko na\u0142adowa\u0107 urz\u0105dzenie i wr\u00f3ci\u0107 do u\u017cytkowania przy minimalnym przestoju.<\/p>","protected":false},"excerpt":{"rendered":"<p>The <strong>C Vapor 3.0<\/strong> jest trzecim pokoleniem w serii C Vapor, oferuj\u0105c ulepszone funkcje i wszechstronno\u015b\u0107 dla wyj\u0105tkowych dozna\u0144 waporyzacji. Dzi\u0119ki 8 wst\u0119pnie ustawionym poziomom temperatury, przestronnej komorze grzewczej z ceramiki, opcjonalnym ustnikom szklanym lub silikonowym oraz wy\u015bwietlaczowi OLED z regulowanym przep\u0142ywem powietrza, ten elegancki i przeno\u015bny waporyzator zosta\u0142 zaprojektowany, aby sprosta\u0107 potrzebom zar\u00f3wno nowych, jak i do\u015bwiadczonych u\u017cytkownik\u00f3w.<\/p>\n<ul>\n<li><strong>Wymiary<\/strong>Wymiary: 50mm x 23.5mm x 80mm<\/li>\n<li><strong>Materia\u0142<\/strong>Obudowa: Wytrzyma\u0142e aluminium<\/li>\n<li><strong>Pojemno\u015b\u0107 Baterii<\/strong>Bateria: 2300mAh A+ bateria litowo-jonowa<\/li>\n<li><strong>Kontrola temperatury<\/strong>Regulacja: Dostosowywana do indywidualnych potrzeb<\/li>\n<li><strong>Czas nagrzewania<\/strong>Szybkie nagrzewanie: 30 sekund dla szybkiego i efektywnego nagrzania<\/li>\n<\/ul>","protected":false},"featured_media":16413,"comment_status":"closed","ping_status":"closed","template":"","meta":[],"product_brand":[],"product_cat":[149],"product_tag":[],"class_list":{"0":"post-16587","1":"product","2":"type-product","3":"status-publish","4":"has-post-thumbnail","6":"product_cat-weecke-vaporizer","8":"first","9":"instock","10":"shipping-taxable","11":"product-type-simple"},"_links":{"self":[{"href":"https:\/\/weecke.com\/pl\/wp-json\/wp\/v2\/product\/16587","targetHints":{"allow":["GET"]}}],"collection":[{"href":"https:\/\/weecke.com\/pl\/wp-json\/wp\/v2\/product"}],"about":[{"href":"https:\/\/weecke.com\/pl\/wp-json\/wp\/v2\/types\/product"}],"replies":[{"embeddable":true,"href":"https:\/\/weecke.com\/pl\/wp-json\/wp\/v2\/comments?post=16587"}],"wp:featuredmedia":[{"embeddable":true,"href":"https:\/\/weecke.com\/pl\/wp-json\/wp\/v2\/media\/16413"}],"wp:attachment":[{"href":"https:\/\/weecke.com\/pl\/wp-json\/wp\/v2\/media?parent=16587"}],"wp:term":[{"taxonomy":"product_brand","embeddable":true,"href":"https:\/\/weecke.com\/pl\/wp-json\/wp\/v2\/product_brand?post=16587"},{"taxonomy":"product_cat","embeddable":true,"href":"https:\/\/weecke.com\/pl\/wp-json\/wp\/v2\/product_cat?post=16587"},{"taxonomy":"product_tag","embeddable":true,"href":"https:\/\/weecke.com\/pl\/wp-json\/wp\/v2\/product_tag?post=16587"}],"curies":[{"name":"wp","href":"https:\/\/api.w.org\/{rel}","templated":true}]}}