{"id":16584,"date":"2024-11-14T09:10:04","date_gmt":"2024-11-14T01:10:04","guid":{"rendered":"https:\/\/weecke.com\/?post_type=product&#038;p=16584"},"modified":"2024-11-14T12:00:58","modified_gmt":"2024-11-14T04:00:58","slug":"weecke-c-vapor-2-0","status":"publish","type":"product","link":"https:\/\/weecke.com\/pl\/product\/weecke-c-vapor-2-0\/","title":{"rendered":"WEECKE C VAPOR 2.0"},"content":{"rendered":"<p><strong>C Vapor 2.0 <\/strong>zosta\u0142 zaprojektowany z my\u015bl\u0105 o uniwersalno\u015bci i wygodzie. Charakteryzuje si\u0119 kompaktow\u0105, czysto metalow\u0105 obudow\u0105, kt\u00f3ra wygodnie le\u017cy w d\u0142oni \u2013 jest mniejszy ni\u017c iPhone. Dzi\u0119ki samoch\u0142odz\u0105cemu si\u0119 szklanemu ustnikowi, ten waporyzator \u0142\u0105czy styl z innowacyjno\u015bci\u0105. Intuicyjne wska\u017aniki LED stanu baterii i temperatury pozwalaj\u0105 wybiera\u0107 spo\u015br\u00f3d 370\u00b0F, 410\u00b0F i 450\u00b0F, co czyni go adaptowalnym do r\u00f3\u017cnych preferencji.<\/p>\n<p>Urz\u0105dzenie jest kompatybilne z lu\u017anym tytoniem, suszem, woskami i olejkami, oferuj\u0105c do\u015bwiadczenie wolne od smo\u0142y, popio\u0142u i ognia. Zaprojektowany dla \u0142atwo\u015bci u\u017cytkowania, C Vapor 2.0 posiada bateri\u0119 1600mAh, szybkie w\u0142\u0105czanie\/wy\u0142\u0105czanie pi\u0119cioklikiem oraz czas sesji wynosz\u0105cy 240 sekund. \u0141aduj w zaledwie 3 godziny i ciesz si\u0119 niezawodn\u0105 wydajno\u015bci\u0105 przy ka\u017cdym u\u017cyciu.<\/p>\n<p>&nbsp;<\/p>","protected":false},"excerpt":{"rendered":"<p><strong>C Vapor 2.0 <\/strong>\u00a0\u2013 Elegancki, przeno\u015bny waporyzator o czysto metalowej konstrukcji, z samoch\u0142odz\u0105cym si\u0119 ustnikiem i wielofunkcyjno\u015bci\u0105 przeznaczon\u0105 do lu\u017anego tytoniu, suszu, wosk\u00f3w oraz olejk\u00f3w. Posiada ceramiczn\u0105 komor\u0119 grzewcz\u0105, zaawansowane wska\u017aniki LED oraz konfigurowalne ustawienia temperatury.<\/p>\n<ul>\n<li><strong>Wymiary<\/strong>: 50 x 26 x 114 mm<\/li>\n<li><strong>Pojemno\u015b\u0107 Baterii<\/strong>: 1600mAh<\/li>\n<li><strong>Napi\u0119cie\/Pr\u0105d \u0142adowania<\/strong>: 5V \/ 1.0A<\/li>\n<li><strong>Zakres temperatur<\/strong>: 370\u00b0F, 410\u00b0F, 450\u00b0F<\/li>\n<li><strong>Czas sesji<\/strong>: 240 sekund<\/li>\n<li><strong>Port \u0142adowania<\/strong>: 3 godziny<\/li>\n<\/ul>","protected":false},"featured_media":16453,"comment_status":"closed","ping_status":"closed","template":"","meta":[],"product_brand":[],"product_cat":[149],"product_tag":[],"class_list":{"0":"post-16584","1":"product","2":"type-product","3":"status-publish","4":"has-post-thumbnail","6":"product_cat-weecke-vaporizer","8":"first","9":"instock","10":"shipping-taxable","11":"product-type-simple"},"_links":{"self":[{"href":"https:\/\/weecke.com\/pl\/wp-json\/wp\/v2\/product\/16584","targetHints":{"allow":["GET"]}}],"collection":[{"href":"https:\/\/weecke.com\/pl\/wp-json\/wp\/v2\/product"}],"about":[{"href":"https:\/\/weecke.com\/pl\/wp-json\/wp\/v2\/types\/product"}],"replies":[{"embeddable":true,"href":"https:\/\/weecke.com\/pl\/wp-json\/wp\/v2\/comments?post=16584"}],"wp:featuredmedia":[{"embeddable":true,"href":"https:\/\/weecke.com\/pl\/wp-json\/wp\/v2\/media\/16453"}],"wp:attachment":[{"href":"https:\/\/weecke.com\/pl\/wp-json\/wp\/v2\/media?parent=16584"}],"wp:term":[{"taxonomy":"product_brand","embeddable":true,"href":"https:\/\/weecke.com\/pl\/wp-json\/wp\/v2\/product_brand?post=16584"},{"taxonomy":"product_cat","embeddable":true,"href":"https:\/\/weecke.com\/pl\/wp-json\/wp\/v2\/product_cat?post=16584"},{"taxonomy":"product_tag","embeddable":true,"href":"https:\/\/weecke.com\/pl\/wp-json\/wp\/v2\/product_tag?post=16584"}],"curies":[{"name":"wp","href":"https:\/\/api.w.org\/{rel}","templated":true}]}}