{"id":16581,"date":"2024-11-14T09:09:45","date_gmt":"2024-11-14T01:09:45","guid":{"rendered":"https:\/\/weecke.com\/?post_type=product&#038;p=16581"},"modified":"2024-11-14T12:01:13","modified_gmt":"2024-11-14T04:01:13","slug":"weecke-c-vapor","status":"publish","type":"product","link":"https:\/\/weecke.com\/pl\/product\/weecke-c-vapor\/","title":{"rendered":"WEECKE C VAPOR"},"content":{"rendered":"<p><strong>Cechy<\/strong>:<\/p>\n<ul>\n<li><strong>Potwierdzona Jako\u015b\u0107<\/strong>: Certyfikaty CE, RoHS, FCC oraz 11 mi\u0119dzynarodowych i krajowych patent\u00f3w<\/li>\n<li><strong>Przeno\u015bna Konstrukcja<\/strong>: Elegancki, kompaktowy, mniejszy ni\u017c opakowanie papieros\u00f3w Marlboro<\/li>\n<li><strong>Samoch\u0142odz\u0105cy si\u0119 Ustnik<\/strong>: Metalowa ko\u0144c\u00f3wka ze wbudowan\u0105 regulacj\u0105 temperatury<\/li>\n<li><strong>: Wydajne ogrzewanie dzi\u0119ki konwekcji powietrza 100%, zapewniaj\u0105ce g\u0142adk\u0105, aromatyczn\u0105 par\u0119.<\/strong>: Regulowane nagrzewanie dla spersonalizowanego u\u017cytkowania<\/li>\n<li><strong>\u0141atwa Konserwacja<\/strong>: \u0141atwy do czyszczenia i nape\u0142niania<\/li>\n<li><strong>Wska\u017aniki LED<\/strong>: Prosty w obs\u0142udze wy\u015bwietlacz poziomu na\u0142adowania i ustawie\u0144 temperatury<\/li>\n<li><strong>Kompaktowy i lekki<\/strong>: Odpowiedni do papieros\u00f3w, tytoniu i suszonych zi\u00f3\u0142<\/li>\n<\/ul>","protected":false},"excerpt":{"rendered":"<p><strong>C Vapor<\/strong> to wysokiej jako\u015bci, kompaktowy waporyzator zaprojektowany z my\u015bl\u0105 o wszechstronno\u015bci i \u0142atwo\u015bci u\u017cytkowania. Dzi\u0119ki opatentowanej komorze grzewczej z pustym rdzeniem, precyzyjnej kontroli temperatury oraz samoch\u0142odz\u0105cemu si\u0119 ustnikowi, idealnie nadaje si\u0119 do papieros\u00f3w, tytoniu i suszonych zi\u00f3\u0142. Zapewnia stabiln\u0105 wydajno\u015b\u0107 w eleganckiej, przeno\u015bnej konstrukcji stworzonej dla wygody.<\/p>\n<ul>\n<li><strong>Wymiary<\/strong>Wymiary: 50mm x 23.5mm x 80mm<\/li>\n<li><strong>Materia\u0142<\/strong>Obudowa: Wytrzyma\u0142e aluminium<\/li>\n<li><strong>Pojemno\u015b\u0107 Baterii<\/strong>: Akumulator litowo-jonowy A+ 1800mAh<\/li>\n<li><strong>Kontrola temperatury<\/strong>Regulacja: Dostosowywana do indywidualnych potrzeb<\/li>\n<li><strong>Czas nagrzewania<\/strong>Szybkie nagrzewanie: 30 sekund dla szybkiego i efektywnego nagrzania<\/li>\n<\/ul>","protected":false},"featured_media":16415,"comment_status":"closed","ping_status":"closed","template":"","meta":[],"product_brand":[],"product_cat":[149],"product_tag":[],"class_list":{"0":"post-16581","1":"product","2":"type-product","3":"status-publish","4":"has-post-thumbnail","6":"product_cat-weecke-vaporizer","8":"first","9":"instock","10":"shipping-taxable","11":"product-type-simple"},"_links":{"self":[{"href":"https:\/\/weecke.com\/pl\/wp-json\/wp\/v2\/product\/16581","targetHints":{"allow":["GET"]}}],"collection":[{"href":"https:\/\/weecke.com\/pl\/wp-json\/wp\/v2\/product"}],"about":[{"href":"https:\/\/weecke.com\/pl\/wp-json\/wp\/v2\/types\/product"}],"replies":[{"embeddable":true,"href":"https:\/\/weecke.com\/pl\/wp-json\/wp\/v2\/comments?post=16581"}],"wp:featuredmedia":[{"embeddable":true,"href":"https:\/\/weecke.com\/pl\/wp-json\/wp\/v2\/media\/16415"}],"wp:attachment":[{"href":"https:\/\/weecke.com\/pl\/wp-json\/wp\/v2\/media?parent=16581"}],"wp:term":[{"taxonomy":"product_brand","embeddable":true,"href":"https:\/\/weecke.com\/pl\/wp-json\/wp\/v2\/product_brand?post=16581"},{"taxonomy":"product_cat","embeddable":true,"href":"https:\/\/weecke.com\/pl\/wp-json\/wp\/v2\/product_cat?post=16581"},{"taxonomy":"product_tag","embeddable":true,"href":"https:\/\/weecke.com\/pl\/wp-json\/wp\/v2\/product_tag?post=16581"}],"curies":[{"name":"wp","href":"https:\/\/api.w.org\/{rel}","templated":true}]}}