{"id":16224,"date":"2024-11-11T17:10:23","date_gmt":"2024-11-11T09:10:23","guid":{"rendered":"https:\/\/weecke.com\/?post_type=product&#038;p=16224"},"modified":"2024-11-15T16:51:35","modified_gmt":"2024-11-15T08:51:35","slug":"fenix-classic","status":"publish","type":"product","link":"https:\/\/weecke.com\/pl\/product\/fenix-classic\/","title":{"rendered":"FENIX CLASSIC"},"content":{"rendered":"<p><strong>Zalety i cechy<\/strong><\/p>\n<ol>\n<li>Op patentowana technologia ogrzewania przep\u0142ywem powietrza konwekcyjnego, 100% Ogrzewanie Powietrzem, czysta para.<\/li>\n<li>Special Smoke Intelligent Identification: With this function, the user can enjoy instant, even vapor, on the go.<\/li>\n<li>Fully Isolated Airpath: when you smoke, the air will come into the chamber directly through the food-grade metal path, a safe<\/li>\n<li>Wax&amp;OiI Cup is included and is fit for dry herb, wax, and oil.<\/li>\n<li>Wyjmowany i mo\u017cliwy do czyszczenia ustnik z technologi\u0105 magnetyczn\u0105, bardziej stylowy.<\/li>\n<li>Wy\u015bwietlacz OLED wskazuje temperatur\u0119 i poziom na\u0142adowania baterii.<\/li>\n<\/ol>\n<p><strong>Cechy\u00a0<\/strong><\/p>\n<p>*R\u00f3wnoleg\u0142a Technologia Konwekcyjna<\/p>\n<p>*Inteligentny modu\u0142 identyfikacji zaci\u0105gni\u0119cia (natychmiastowa para)<\/p>\n<p>*Inteligentna ochrona czujnika zapobiegaj\u0105ca spalaniu<\/p>\n<p>* 4\u00d72 Multi-Shift functions<\/p>\n<p>*58.0mm Wej\u015bcie: DC 5.0V\/1.0A<\/p>\n<p>*Pojemno\u015b\u0107 baterii: 2200mAh<\/p>\n<p>*Typ baterii: Bateria litowa klasy A EVE<\/p>\n<p>*Najwy\u017cszej jako\u015bci komora z technologi\u0105 ogrzewania powietrzem (konwekcja)<\/p>\n<p>* Heating time: 20 \u2013 30 seconds<\/p>\n<p>*2 Ustawienia Trybu Zaci\u0105gania: Tryb Wzmocniony i Delikatny<\/p>\n<p>*Temperature Indicator: Flashing: Heating ; Solid Lighting: Device ready<\/p>\n<p>*4 zakresy ustawie\u0144 kontroli temperatury: 338\u00b0F, 356\u00b0F, 374\u00b0F i 410\u00b0F<\/p>\n<p>*Port \u0142adowania Micro USB<\/p>\n<p>*Automatyczne wy\u0142\u0105czenie z zabezpieczeniem czasowym: 5 minut<\/p>\n<p>*Liczba cykli \u0142adowania baterii: Ponad 300<\/p>\n<p>*Zabezpieczenia: Ochrona przed prze\u0142adowaniem\/nadmiernym roz\u0142adowaniem, Ochrona przed przeci\u0105\u017ceniem pr\u0105dowym\/zwarcie, Ochrona przed przegrzaniem, Ochrona przed brakiem obci\u0105\u017cenia, Ochrona przed b\u0142\u0119dem czujnika<\/p>\n<p><strong>C Vapor 3.0 zosta\u0142 zaktualizowany o pojemno\u015b\u0107 baterii 2300 mAh. Dla przeci\u0119tnego u\u017cytkownika powinno to w zupe\u0142no\u015bci wystarczy\u0107 na ca\u0142y dzie\u0144 waporyzacji. Posiada r\u00f3wnie\u017c funkcj\u0119 szybkiego \u0142adowania, co sprawia, \u017ce \u0142adowanie urz\u0105dzenia jest bardzo proste.<\/strong><\/p>\n<p>1st: Combustion- Though often called a vaporizer, these devices are a convenient electronic pipe where a red hot coil combusts the material.<\/p>\n<p>2nd &amp; 3rd: Conduction- The material is heated in a chamber to extract the vapor. These can work well, but since only the sides and bottom of the chamber are heated, the material in the center doesn\u2019t completely vaporize, requiring you to stir it frequently. The chamber stays heated, so you lose some efficiency as it still vaporizes between draws.<\/p>\n<p>4th: Convection-The technology of the Fenix. The chamber has hundreds of small holes through which hot air is pulled, giving you a more even heat distribution across the herb material. This gives a consistent, efficient, tasty flavor and vapor with minimal stirring. The hot air is primarily drawn through the chamber as you take a draw, so the efficiency loss is minimal between draws.<\/p>\n<p><strong>Co jest w zestawie?<\/strong><\/p>\n<p>&nbsp;<\/p>\n<p>*Waporyzator Konwekcyjny Fenix<br \/>\n*Ustnik<br \/>\n*Kubek na wosk i olej<\/p>\n<p>* C Vapor 3.0<br \/>\n*Narz\u0119dzie do wosku<br \/>\n* Narz\u0119dzie do ubijania<\/p>\n<p><strong>\u00a0<\/strong><\/p>\n<p><strong>\u00a0<\/strong><strong>Gwarancja<\/strong><\/p>\n<p><strong>A 6-month manufacturer warranty backs all Weecke products.<\/strong><br \/>\nNa bateri\u0119 obowi\u0105zuje odr\u0119bna 180-dniowa gwarancja.<\/p>\n<p>To claim a warranty, please have proof of purchase and the original box in which the unit came, as they contain a security QR code needed for the warranty process. If you would like to get the warranty process, please get in touch with your retail shop.<\/p>","protected":false},"excerpt":{"rendered":"<p>Fenix is WEECKE\u2019s fourth-generation dry herb vaporizer product after the WEECKE, C Vapor I, and Ispy. It uses a patented convection heating system, which is totally different from the current models in the market. It\u2019s 100% heated by air, so the user can enjoy pure and even vapor on the go.<\/p>\n<ul>\n<li>SIZE: 111.0mm* 28.0mm<\/li>\n<li>WYMIARY: 50,5 mm * 26,0 mm * 118 mm<\/li>\n<li>Charging Voltage\/Current: 5V\/2.5A<\/li>\n<li>Lock\/Unlock: Rapidly press the power button 5 times ON\/OFF with vibration feedback<\/li>\n<li>Czas sesji: 240 sekund<\/li>\n<li>Zakres temperatur: 338\u00b0F, 356\u00b0F, 374\u00b0F i 410\u00b0F<\/li>\n<li>Charging Time: 2 hours<\/li>\n<\/ul>","protected":false},"featured_media":16124,"comment_status":"closed","ping_status":"closed","template":"","meta":[],"product_brand":[],"product_cat":[150],"product_tag":[],"class_list":{"0":"post-16224","1":"product","2":"type-product","3":"status-publish","4":"has-post-thumbnail","6":"product_cat-fenix-vaporizer","8":"first","9":"instock","10":"shipping-taxable","11":"product-type-simple"},"_links":{"self":[{"href":"https:\/\/weecke.com\/pl\/wp-json\/wp\/v2\/product\/16224","targetHints":{"allow":["GET"]}}],"collection":[{"href":"https:\/\/weecke.com\/pl\/wp-json\/wp\/v2\/product"}],"about":[{"href":"https:\/\/weecke.com\/pl\/wp-json\/wp\/v2\/types\/product"}],"replies":[{"embeddable":true,"href":"https:\/\/weecke.com\/pl\/wp-json\/wp\/v2\/comments?post=16224"}],"wp:featuredmedia":[{"embeddable":true,"href":"https:\/\/weecke.com\/pl\/wp-json\/wp\/v2\/media\/16124"}],"wp:attachment":[{"href":"https:\/\/weecke.com\/pl\/wp-json\/wp\/v2\/media?parent=16224"}],"wp:term":[{"taxonomy":"product_brand","embeddable":true,"href":"https:\/\/weecke.com\/pl\/wp-json\/wp\/v2\/product_brand?post=16224"},{"taxonomy":"product_cat","embeddable":true,"href":"https:\/\/weecke.com\/pl\/wp-json\/wp\/v2\/product_cat?post=16224"},{"taxonomy":"product_tag","embeddable":true,"href":"https:\/\/weecke.com\/pl\/wp-json\/wp\/v2\/product_tag?post=16224"}],"curies":[{"name":"wp","href":"https:\/\/api.w.org\/{rel}","templated":true}]}}