{"id":16203,"date":"2024-11-11T17:06:22","date_gmt":"2024-11-11T09:06:22","guid":{"rendered":"https:\/\/weecke.com\/?post_type=product&#038;p=16203"},"modified":"2024-11-15T15:56:34","modified_gmt":"2024-11-15T07:56:34","slug":"weecke-lite","status":"publish","type":"product","link":"https:\/\/weecke.com\/pl\/product\/weecke-lite\/","title":{"rendered":"WEECKE LITE"},"content":{"rendered":"<h3><strong>Kluczowe Cechy<\/strong><\/h3>\n<ul>\n<li><strong>Kompaktowa i dyskretna konstrukcja<\/strong>: Ma\u0142y, lekki i por\u0119czny, idealny do u\u017cytku w podr\u00f3\u017cy.<\/li>\n<li><strong>Sterowanie jednym przyciskiem<\/strong>: Bez wysi\u0142ku kontroluj zasilanie i temperatur\u0119 za pomoc\u0105 jednego przycisku.<\/li>\n<li><strong>Regulowana Temperatura<\/strong>: 5 presetowanych poziom\u00f3w (180\u00b0C, 190\u00b0C, 200\u00b0C, 210\u00b0C, 220\u00b0C) zapewniaj\u0105cych pe\u0142n\u0105 ekstrakcj\u0119 i mo\u017cliwo\u015b\u0107 personalizacji.<\/li>\n<li><strong>Szybki czas nagrzewania<\/strong>: Gotowy do u\u017cycia w zaledwie 25-30 sekund.<\/li>\n<li><strong>Technologia grzania kondukcyjnego<\/strong>: Zapewnia r\u00f3wnomiern\u0105 i aromatyczn\u0105 par\u0119 dzi\u0119ki komorze grzewczej ze stali nierdzewnej.<\/li>\n<li><strong>Trwa\u0142e materia\u0142y<\/strong>: Aluminiowy korpus i magnetyczny ustnik zapewniaj\u0105 trwa\u0142o\u015b\u0107 i wysokiej jako\u015bci wyko\u0144czenie.<\/li>\n<li><strong>Jako\u015b\u0107 klasy medycznej<\/strong>: Wyprodukowany zgodnie z norm\u0105 ISO 13485, gwarantuj\u0105c\u0105 bezpiecze\u0144stwo i jako\u015b\u0107.<\/li>\n<li><strong>Wska\u017aniki LED<\/strong>: Bie\u017c\u0105ce ustawienia temperatury widoczne na pierwszy rzut oka.<\/li>\n<\/ul>\n<p>&nbsp;<\/p>\n<p>&nbsp;<\/p>","protected":false},"excerpt":{"rendered":"<p>The <strong>WEECKE Lite<\/strong> to kompaktowy, a zarazem wydajny waporyzator zaprojektowany do dyskretnego i wygodnego u\u017cytku, idealny na koncerty, do klub\u00f3w lub wsz\u0119dzie tam, gdzie kluczowa jest dyskrecja. Dzi\u0119ki eleganckiemu aluminiowemu korpusowi, prostemu sterowaniu jednym przyciskiem oraz zaawansowanej technologii grzania kondukcyjnego, WEECKE Lite zapewnia wyj\u0105tkow\u0105 wydajno\u015b\u0107 w przeno\u015bnym opakowaniu.<\/p>\n<ul>\n<li><strong>Wymiary<\/strong>: 100 mm x 31 mm x 32 mm<\/li>\n<li><strong>Bateria<\/strong>: 1600mAh litowo-jonowa klasy A<\/li>\n<li><strong>Metoda grzania<\/strong>: Kondukcja<\/li>\n<li><strong>Poziomy temperatury<\/strong>: 180\u00b0C, 190\u00b0C, 200\u00b0C, 210\u00b0C, 220\u00b0C<\/li>\n<li><strong>Czas nagrzewania<\/strong>: 25-30 sekund<\/li>\n<li><strong>Wej\u015bcie zasilania<\/strong>: DC 5 V \/ 1 A<\/li>\n<li><strong>Materia\u0142y<\/strong>: Korpus aluminiowy, komora ze stali nierdzewnej<\/li>\n<\/ul>","protected":false},"featured_media":16630,"comment_status":"closed","ping_status":"closed","template":"","meta":[],"product_brand":[],"product_cat":[149],"product_tag":[],"class_list":{"0":"post-16203","1":"product","2":"type-product","3":"status-publish","4":"has-post-thumbnail","6":"product_cat-weecke-vaporizer","8":"first","9":"instock","10":"shipping-taxable","11":"product-type-simple"},"_links":{"self":[{"href":"https:\/\/weecke.com\/pl\/wp-json\/wp\/v2\/product\/16203","targetHints":{"allow":["GET"]}}],"collection":[{"href":"https:\/\/weecke.com\/pl\/wp-json\/wp\/v2\/product"}],"about":[{"href":"https:\/\/weecke.com\/pl\/wp-json\/wp\/v2\/types\/product"}],"replies":[{"embeddable":true,"href":"https:\/\/weecke.com\/pl\/wp-json\/wp\/v2\/comments?post=16203"}],"wp:featuredmedia":[{"embeddable":true,"href":"https:\/\/weecke.com\/pl\/wp-json\/wp\/v2\/media\/16630"}],"wp:attachment":[{"href":"https:\/\/weecke.com\/pl\/wp-json\/wp\/v2\/media?parent=16203"}],"wp:term":[{"taxonomy":"product_brand","embeddable":true,"href":"https:\/\/weecke.com\/pl\/wp-json\/wp\/v2\/product_brand?post=16203"},{"taxonomy":"product_cat","embeddable":true,"href":"https:\/\/weecke.com\/pl\/wp-json\/wp\/v2\/product_cat?post=16203"},{"taxonomy":"product_tag","embeddable":true,"href":"https:\/\/weecke.com\/pl\/wp-json\/wp\/v2\/product_tag?post=16203"}],"curies":[{"name":"wp","href":"https:\/\/api.w.org\/{rel}","templated":true}]}}