{"id":16200,"date":"2024-11-11T17:04:19","date_gmt":"2024-11-11T09:04:19","guid":{"rendered":"https:\/\/weecke.com\/?post_type=product&#038;p=16200"},"modified":"2025-03-25T09:32:15","modified_gmt":"2025-03-25T01:32:15","slug":"weecke-c-vapo-5-0","status":"publish","type":"product","link":"https:\/\/weecke.com\/pl\/product\/weecke-c-vapo-5-0\/","title":{"rendered":"WEECKE C VAPOR 5.0"},"content":{"rendered":"<h3><strong>Kluczowe Cechy<\/strong><\/h3>\n<ul>\n<li><strong>Technologia Grzewcza Air-Hi<\/strong>: Zapewnia sta\u0142e, r\u00f3wnomierne ciep\u0142o dla g\u0142adkiej i aromatycznej pary, bez spalania czy posmaku przypalenia.<\/li>\n<li><strong>Izolowana \u015acie\u017cka Powietrza<\/strong>: W pe\u0142ni oddzielona od komory, dla najczystszej pary.<\/li>\n<li><strong>Przyjazny Interfejs U\u017cytkownika<\/strong>: Wy\u015bwietlacz cyfrowy z zaawansowan\u0105 kontrol\u0105 temperatury, czasu sesji oraz wyborem skali Celsjusza\/Fahrenheita.<\/li>\n<li><strong>Regulowany Przep\u0142yw Powietrza<\/strong>: Dostosuj si\u0142\u0119 zaci\u0105gu dzi\u0119ki precyzyjnej kontroli przep\u0142ywu powietrza.<\/li>\n<li><strong>Szklany lub Stalowy Ustnik<\/strong>: Zachowuje czysto\u015b\u0107 smaku przy wszystkich ustawieniach temperatury.<\/li>\n<li><strong>Sprz\u0119\u017cenie Zwrotne w Postaci Wibracji<\/strong>: Powiadamia, gdy urz\u0105dzenie jest gotowe, przechodzi w tryb u\u015bpienia lub jest w\u0142\u0105czane\/wy\u0142\u0105czane.<\/li>\n<\/ul>\n<h3><\/h3>\n<h3><strong>Najwa\u017cniejsze Cechy<\/strong><\/h3>\n<ul>\n<li>Automatyczny timer wy\u0142\u0105czaj\u0105cy dla bezpiecze\u0144stwa<\/li>\n<li>Informacje dotykowe (haptic feedback) dla alert\u00f3w u\u017cytkownika<\/li>\n<li>Wbudowana bateria klasy A Li-Polimer<\/li>\n<li>Zabezpieczenie przed prze\u0142adowaniem i przegrzaniem<\/li>\n<li>Szeroki zakres temperatur: 320\u00b0F \u2013 464\u00b0F (160\u00b0C \u2013 240\u00b0C)<\/li>\n<li>Trwa\u0142y szklany lub stalowy ustnik dla czystego smaku<\/li>\n<li>\u0141adowanie USB-C dla szybszego i wygodniejszego do\u0142adowania<\/li>\n<\/ul>","protected":false},"excerpt":{"rendered":"<p>The <strong>C Vapor 5.0<\/strong> to kolejna ewolucja serii C Vapor, oferuj\u0105ca zaawansowane funkcje i najnowocze\u015bniejsz\u0105 technologi\u0119 grzewcz\u0105 Air-Hi. Zaprojektowany do zi\u00f3\u0142 i tytoniu sypkiego, jego w pe\u0142ni izolowana \u015bcie\u017cka powietrza zapewnia r\u00f3wnomierne nagrzewanie, g\u0142adkie chmury pary i do\u015bwiadczenie wolne od spalania. Dzi\u0119ki przyjaznemu interfejsowi u\u017cytkownika, sterowaniu cyfrowemu, podw\u00f3jnemu systemowi grzewczemu, C Vapor 5.0 zapewnia premiumowe do\u015bwiadczenie waporyzacji, kt\u00f3re jest zar\u00f3wno wszechstronne, jak i wygodne.<\/p>\n<ul>\n<li><strong>Metoda grzania<\/strong>: Grzanie Air-Hi<\/li>\n<li><strong>Zakres temperatur<\/strong>: 320\u00b0F \u2013 464\u00b0F (160\u00b0C \u2013 240\u00b0C)<\/li>\n<li><strong>Czas Sesji<\/strong>: Regulowany<\/li>\n<li><strong>Typ Baterii<\/strong>: Klasa A Li-Polimer (d\u0142ugotrwa\u0142a)<\/li>\n<li><strong>Pojemno\u015b\u0107 Baterii<\/strong>: 3000mAh<\/li>\n<li><strong>Port \u0141adowania<\/strong>: USB-C<\/li>\n<li><strong>Funkcje Bezpiecze\u0144stwa<\/strong>: Zabezpieczenie przed prze\u0142adowaniem i przegrzaniem<\/li>\n<li><strong>Ustnik<\/strong>: Szk\u0142o \/ Stal nierdzewna<\/li>\n<li><strong>\u015acie\u017cka Powietrza<\/strong>: W pe\u0142ni izolowana<\/li>\n<\/ul>","protected":false},"featured_media":16370,"comment_status":"closed","ping_status":"closed","template":"","meta":[],"product_brand":[],"product_cat":[149],"product_tag":[],"class_list":{"0":"post-16200","1":"product","2":"type-product","3":"status-publish","4":"has-post-thumbnail","6":"product_cat-weecke-vaporizer","8":"first","9":"instock","10":"shipping-taxable","11":"product-type-simple"},"_links":{"self":[{"href":"https:\/\/weecke.com\/pl\/wp-json\/wp\/v2\/product\/16200","targetHints":{"allow":["GET"]}}],"collection":[{"href":"https:\/\/weecke.com\/pl\/wp-json\/wp\/v2\/product"}],"about":[{"href":"https:\/\/weecke.com\/pl\/wp-json\/wp\/v2\/types\/product"}],"replies":[{"embeddable":true,"href":"https:\/\/weecke.com\/pl\/wp-json\/wp\/v2\/comments?post=16200"}],"wp:featuredmedia":[{"embeddable":true,"href":"https:\/\/weecke.com\/pl\/wp-json\/wp\/v2\/media\/16370"}],"wp:attachment":[{"href":"https:\/\/weecke.com\/pl\/wp-json\/wp\/v2\/media?parent=16200"}],"wp:term":[{"taxonomy":"product_brand","embeddable":true,"href":"https:\/\/weecke.com\/pl\/wp-json\/wp\/v2\/product_brand?post=16200"},{"taxonomy":"product_cat","embeddable":true,"href":"https:\/\/weecke.com\/pl\/wp-json\/wp\/v2\/product_cat?post=16200"},{"taxonomy":"product_tag","embeddable":true,"href":"https:\/\/weecke.com\/pl\/wp-json\/wp\/v2\/product_tag?post=16200"}],"curies":[{"name":"wp","href":"https:\/\/api.w.org\/{rel}","templated":true}]}}