{"id":16197,"date":"2024-11-11T17:03:25","date_gmt":"2024-11-11T09:03:25","guid":{"rendered":"https:\/\/weecke.com\/?post_type=product&#038;p=16197"},"modified":"2024-11-15T12:06:33","modified_gmt":"2024-11-15T04:06:33","slug":"weecke-c-vapor-4-0","status":"publish","type":"product","link":"https:\/\/weecke.com\/pl\/product\/weecke-c-vapor-4-0\/","title":{"rendered":"WEECKE C VAPOR 4.0"},"content":{"rendered":"<h3><strong>Kluczowe Cechy<\/strong><\/h3>\n<ul>\n<li><strong>Precyzyjna Kontrola Temperatury<\/strong>: Regulowana temperatura od 160-226 \u00b0C (320-440\u00b0F) z du\u017cym wy\u015bwietlaczem OLED pokazuj\u0105cym zar\u00f3wno aktualn\u0105, jak i docelow\u0105 temperatur\u0119.<\/li>\n<li><strong>Regulowany Przep\u0142yw Powietrza<\/strong>: \u0141atwo modyfikuj przep\u0142yw powietrza za pomoc\u0105 regulatora na dole, aby dostosowa\u0107 g\u0119sto\u015b\u0107 pary i smak.<\/li>\n<li><strong>Wysokiej Jako\u015bci Materia\u0142y<\/strong>: Ceramiczna komora grzewcza i trwa\u0142y szklany ustnik z wewn\u0119trznym ceramicznym filtrem zapewniaj\u0105 czyst\u0105, g\u0142adk\u0105 par\u0119.<\/li>\n<li><strong>Automatyczne Wy\u0142\u0105czanie<\/strong>: Wy\u0142\u0105cza si\u0119 po 4 minutach bezczynno\u015bci, aby oszcz\u0119dza\u0107 bateri\u0119 i zwi\u0119kszy\u0107 bezpiecze\u0144stwo, z wibracyjnym potwierdzeniem.<\/li>\n<li><strong>D\u0142ugotrwa\u0142a Bateria<\/strong>: Pot\u0119\u017cna bateria 3000 mAh obs\u0142uguje 21-28 sesji na jednym \u0142adowaniu i \u0142aduje si\u0119 w pe\u0142ni w zaledwie 2 godziny.<\/li>\n<li><strong>Przeno\u015bna Konstrukcja<\/strong>: Kompaktowa i elegancka, co u\u0142atwia zabranie jej ze sob\u0105.<\/li>\n<li><strong>Szybkie Nagrzewanie<\/strong>: Osi\u0105ga optymaln\u0105 temperatur\u0119 w zaledwie 30 sekund.<\/li>\n<li><strong>\u0141atwa Konserwacja<\/strong>: \u015acie\u017cka powietrza z czyszczeniem od do\u0142u i wymienna ceramiczna komora u\u0142atwiaj\u0105 bezproblemowe czyszczenie.<\/li>\n<li><strong>Ustnik Odporny na Oparzenia<\/strong>: Wygodny w u\u017cyciu przy dowolnym ustawieniu temperatury.<\/li>\n<li><strong>Wibracyjne Potwierdzenie<\/strong>: Zapewnia dotykowe potwierdzenie w\u0142\u0105czenia\/wy\u0142\u0105czenia zasilania oraz powiadomienia o sesji.<\/li>\n<li><strong>\u0141adowanie USB<\/strong>: Wygodne i szybkie \u0142adowanie 5V\/2.0A.<\/li>\n<\/ul>\n<p>&nbsp;<\/p>\n<h3><strong>Optymalne Wskaz\u00f3wki U\u017cytkowania<\/strong><\/h3>\n<ul>\n<li><strong>Dla G\u0119stej Pary<\/strong>: U\u017cywaj wy\u017cszych temperatur z ograniczonym przep\u0142ywem powietrza.<\/li>\n<li><strong>Dla G\u0142adkiej Pary<\/strong>: U\u017cywaj ni\u017cszych temperatur ze zmniejszonym przep\u0142ywem powietrza.<\/li>\n<\/ul>\n<p><img fetchpriority=\"high\" decoding=\"async\" class=\"size-full wp-image-15337\" src=\"https:\/\/weecke.com\/wp-content\/uploads\/C-Vapor-4.0-P4-1.jpg\" alt=\"\" width=\"2560\" height=\"1440\" srcset=\"https:\/\/weecke.com\/wp-content\/uploads\/C-Vapor-4.0-P4-1.jpg 2560w, https:\/\/weecke.com\/wp-content\/uploads\/C-Vapor-4.0-P4-1-500x281.jpg 500w, https:\/\/weecke.com\/wp-content\/uploads\/C-Vapor-4.0-P4-1-700x394.jpg 700w, https:\/\/weecke.com\/wp-content\/uploads\/C-Vapor-4.0-P4-1-300x169.jpg 300w, https:\/\/weecke.com\/wp-content\/uploads\/C-Vapor-4.0-P4-1-1024x576.jpg 1024w, https:\/\/weecke.com\/wp-content\/uploads\/C-Vapor-4.0-P4-1-768x432.jpg 768w, https:\/\/weecke.com\/wp-content\/uploads\/C-Vapor-4.0-P4-1-1536x864.jpg 1536w, https:\/\/weecke.com\/wp-content\/uploads\/C-Vapor-4.0-P4-1-2048x1152.jpg 2048w\" sizes=\"(max-width: 2560px) 100vw, 2560px\" \/><\/p>\n<p><img decoding=\"async\" class=\"aligncenter size-full wp-image-15333\" src=\"https:\/\/weecke.com\/wp-content\/uploads\/C-Vapor-4.0-P1-3.jpg\" alt=\"\" width=\"2560\" height=\"1627\" srcset=\"https:\/\/weecke.com\/wp-content\/uploads\/C-Vapor-4.0-P1-3.jpg 2560w, https:\/\/weecke.com\/wp-content\/uploads\/C-Vapor-4.0-P1-3-500x318.jpg 500w, https:\/\/weecke.com\/wp-content\/uploads\/C-Vapor-4.0-P1-3-700x445.jpg 700w, https:\/\/weecke.com\/wp-content\/uploads\/C-Vapor-4.0-P1-3-300x191.jpg 300w, https:\/\/weecke.com\/wp-content\/uploads\/C-Vapor-4.0-P1-3-1024x651.jpg 1024w, https:\/\/weecke.com\/wp-content\/uploads\/C-Vapor-4.0-P1-3-768x488.jpg 768w, https:\/\/weecke.com\/wp-content\/uploads\/C-Vapor-4.0-P1-3-1536x976.jpg 1536w, https:\/\/weecke.com\/wp-content\/uploads\/C-Vapor-4.0-P1-3-2048x1302.jpg 2048w\" sizes=\"(max-width: 2560px) 100vw, 2560px\" \/> <img decoding=\"async\" class=\"aligncenter size-full wp-image-15332\" src=\"https:\/\/weecke.com\/wp-content\/uploads\/C-Vapor-4.0-P1-2.jpg\" alt=\"\" width=\"2560\" height=\"1627\" srcset=\"https:\/\/weecke.com\/wp-content\/uploads\/C-Vapor-4.0-P1-2.jpg 2560w, https:\/\/weecke.com\/wp-content\/uploads\/C-Vapor-4.0-P1-2-500x318.jpg 500w, https:\/\/weecke.com\/wp-content\/uploads\/C-Vapor-4.0-P1-2-700x445.jpg 700w, https:\/\/weecke.com\/wp-content\/uploads\/C-Vapor-4.0-P1-2-300x191.jpg 300w, https:\/\/weecke.com\/wp-content\/uploads\/C-Vapor-4.0-P1-2-1024x651.jpg 1024w, https:\/\/weecke.com\/wp-content\/uploads\/C-Vapor-4.0-P1-2-768x488.jpg 768w, https:\/\/weecke.com\/wp-content\/uploads\/C-Vapor-4.0-P1-2-1536x976.jpg 1536w, https:\/\/weecke.com\/wp-content\/uploads\/C-Vapor-4.0-P1-2-2048x1302.jpg 2048w\" sizes=\"(max-width: 2560px) 100vw, 2560px\" \/> <img loading=\"lazy\" decoding=\"async\" class=\"aligncenter size-full wp-image-15331\" src=\"https:\/\/weecke.com\/wp-content\/uploads\/C-Vapor-4.0-P1-1-scaled.jpg\" alt=\"\" width=\"2560\" height=\"1902\" srcset=\"https:\/\/weecke.com\/wp-content\/uploads\/C-Vapor-4.0-P1-1-scaled.jpg 2560w, https:\/\/weecke.com\/wp-content\/uploads\/C-Vapor-4.0-P1-1-scaled-500x371.jpg 500w, https:\/\/weecke.com\/wp-content\/uploads\/C-Vapor-4.0-P1-1-scaled-700x520.jpg 700w, https:\/\/weecke.com\/wp-content\/uploads\/C-Vapor-4.0-P1-1-300x223.jpg 300w, https:\/\/weecke.com\/wp-content\/uploads\/C-Vapor-4.0-P1-1-1024x761.jpg 1024w, https:\/\/weecke.com\/wp-content\/uploads\/C-Vapor-4.0-P1-1-768x571.jpg 768w, https:\/\/weecke.com\/wp-content\/uploads\/C-Vapor-4.0-P1-1-1536x1141.jpg 1536w, https:\/\/weecke.com\/wp-content\/uploads\/C-Vapor-4.0-P1-1-2048x1522.jpg 2048w\" sizes=\"(max-width: 2560px) 100vw, 2560px\" \/><\/p>\n<p>&nbsp;<\/p>","protected":false},"excerpt":{"rendered":"<p>W oparciu o sukces serii C Vapor, <strong>C Vapor 4.0<\/strong> oferuje ulepszone funkcje, zapewniaj\u0105c konfigurowalne, wysokowydajne do\u015bwiadczenie waporyzacji. Dzi\u0119ki precyzyjnej kontroli temperatury, regulowanemu przep\u0142ywowi powietrza oraz innowacyjnej \u015bcie\u017cce powietrza z czyszczeniem od do\u0142u, ten kompaktowy waporyzator (tylko 10 cm x 5,3 cm x 2,6 cm) zapewnia wszechstronno\u015b\u0107 i \u0142atwo\u015b\u0107 u\u017cytkowania. Zasilany solidn\u0105 bateri\u0105 3000 mAh, model C Vapor 4.0 jest wykonany z wysokiej jako\u015bci materia\u0142\u00f3w, gwarantuj\u0105c stale czyst\u0105 par\u0119 przy dowolnym ustawieniu temperatury.<\/p>\n<ul>\n<li><strong>Wymiary<\/strong>: 100 mm x 53 mm x 26 mm<\/li>\n<li><strong>Pojemno\u015b\u0107 Baterii<\/strong>: 3000mAh<\/li>\n<li><strong>Napi\u0119cie\/Pr\u0105d \u0142adowania<\/strong>: 5V \/ 2.0A<\/li>\n<li><strong>Blokada\/Odblokowanie<\/strong>: Naci\u015bnij przycisk zasilania 5 razy, aby w\u0142\u0105czy\u0107\/wy\u0142\u0105czy\u0107, z wibracyjnym potwierdzeniem.<\/li>\n<li><strong>Czas sesji<\/strong>: 240 sekund<\/li>\n<\/ul>","protected":false},"featured_media":16412,"comment_status":"closed","ping_status":"closed","template":"","meta":[],"product_brand":[],"product_cat":[149],"product_tag":[],"class_list":{"0":"post-16197","1":"product","2":"type-product","3":"status-publish","4":"has-post-thumbnail","6":"product_cat-weecke-vaporizer","8":"first","9":"instock","10":"shipping-taxable","11":"product-type-simple"},"_links":{"self":[{"href":"https:\/\/weecke.com\/pl\/wp-json\/wp\/v2\/product\/16197","targetHints":{"allow":["GET"]}}],"collection":[{"href":"https:\/\/weecke.com\/pl\/wp-json\/wp\/v2\/product"}],"about":[{"href":"https:\/\/weecke.com\/pl\/wp-json\/wp\/v2\/types\/product"}],"replies":[{"embeddable":true,"href":"https:\/\/weecke.com\/pl\/wp-json\/wp\/v2\/comments?post=16197"}],"wp:featuredmedia":[{"embeddable":true,"href":"https:\/\/weecke.com\/pl\/wp-json\/wp\/v2\/media\/16412"}],"wp:attachment":[{"href":"https:\/\/weecke.com\/pl\/wp-json\/wp\/v2\/media?parent=16197"}],"wp:term":[{"taxonomy":"product_brand","embeddable":true,"href":"https:\/\/weecke.com\/pl\/wp-json\/wp\/v2\/product_brand?post=16197"},{"taxonomy":"product_cat","embeddable":true,"href":"https:\/\/weecke.com\/pl\/wp-json\/wp\/v2\/product_cat?post=16197"},{"taxonomy":"product_tag","embeddable":true,"href":"https:\/\/weecke.com\/pl\/wp-json\/wp\/v2\/product_tag?post=16197"}],"curies":[{"name":"wp","href":"https:\/\/api.w.org\/{rel}","templated":true}]}}