{"id":16191,"date":"2024-11-11T17:02:06","date_gmt":"2024-11-11T09:02:06","guid":{"rendered":"https:\/\/weecke.com\/?post_type=product&#038;p=16191"},"modified":"2024-11-14T11:39:57","modified_gmt":"2024-11-14T03:39:57","slug":"weecke-rush","status":"publish","type":"product","link":"https:\/\/weecke.com\/pl\/product\/weecke-rush\/","title":{"rendered":"WEECKE RUSH"},"content":{"rendered":"<p data-pm-slice=\"1 1 []\"><strong>Przeno\u015bny, Mocny, Innowacyjny i Najwy\u017cszej Klasy<\/strong><\/p>\n<h3><\/h3>\n<h3><strong>Cechy i Korzy\u015bci<\/strong><\/h3>\n<ol>\n<li><strong>Unikalny System Filtracji<\/strong>: Podw\u00f3jne filtry silikonowe i ceramiczne zapobiegaj\u0105 wydostawaniu si\u0119 cz\u0105stek, zapewniaj\u0105c jednocze\u015bnie g\u0142adk\u0105 i czyst\u0105 par\u0119.<\/li>\n<li><strong>\u0141atwa Konserwacja<\/strong>: Innowacyjna konstrukcja filtra sprawia, \u017ce czyszczenie jest szybsze i \u0142atwiejsze ni\u017c w przypadku tradycyjnych filtr\u00f3w metalowych, bez kompromis\u00f3w w wydajno\u015bci lub smaku.<\/li>\n<li><strong>Technologia Podw\u00f3jnego Grzania<\/strong>: Zaawansowane podw\u00f3jne grzanie zapewnia bardziej r\u00f3wnomierne i wydajne podgrzewanie dla optymalnego smaku pary oraz wyd\u0142u\u017conego u\u017cytkowania suszu.<\/li>\n<li><strong>Wymienne Ustniki<\/strong>: Wybierz mi\u0119dzy unikalnymi ustnikami ceramicznymi i silikonowymi dla spersonalizowanego do\u015bwiadczenia.<\/li>\n<li><strong>Wygodne \u0141adowanie Type-C<\/strong>: Szybkie i niezawodne \u0142adowanie dla p\u0142ynnego u\u017cytkowania.<\/li>\n<li><strong>Kompletny Zestaw Akcesori\u00f3w<\/strong>: Zawiera szczotk\u0119 czyszcz\u0105c\u0105, narz\u0119dzie do ubijania suszu oraz 2 dodatkowe sitka dla u\u0142atwionej konserwacji.<\/li>\n<\/ol>\n<p>&nbsp;<\/p>\n<p><img fetchpriority=\"high\" decoding=\"async\" class=\"aligncenter size-full wp-image-15615\" src=\"https:\/\/weecke.com\/wp-content\/uploads\/1-1.jpg\" alt=\"\" width=\"1920\" height=\"915\" srcset=\"https:\/\/weecke.com\/wp-content\/uploads\/1-1.jpg 1920w, https:\/\/weecke.com\/wp-content\/uploads\/1-1-500x238.jpg 500w, https:\/\/weecke.com\/wp-content\/uploads\/1-1-700x334.jpg 700w, https:\/\/weecke.com\/wp-content\/uploads\/1-1-300x143.jpg 300w, https:\/\/weecke.com\/wp-content\/uploads\/1-1-1024x488.jpg 1024w, https:\/\/weecke.com\/wp-content\/uploads\/1-1-768x366.jpg 768w, https:\/\/weecke.com\/wp-content\/uploads\/1-1-1536x732.jpg 1536w\" sizes=\"(max-width: 1920px) 100vw, 1920px\" \/> <img decoding=\"async\" class=\"aligncenter size-full wp-image-15613\" src=\"https:\/\/weecke.com\/wp-content\/uploads\/Dimensions_.png\" alt=\"\" width=\"1920\" height=\"1080\" srcset=\"https:\/\/weecke.com\/wp-content\/uploads\/Dimensions_.png 1920w, https:\/\/weecke.com\/wp-content\/uploads\/Dimensions_-500x281.png 500w, https:\/\/weecke.com\/wp-content\/uploads\/Dimensions_-700x394.png 700w, https:\/\/weecke.com\/wp-content\/uploads\/Dimensions_-300x169.png 300w, https:\/\/weecke.com\/wp-content\/uploads\/Dimensions_-1024x576.png 1024w, https:\/\/weecke.com\/wp-content\/uploads\/Dimensions_-768x432.png 768w, https:\/\/weecke.com\/wp-content\/uploads\/Dimensions_-1536x864.png 1536w\" sizes=\"(max-width: 1920px) 100vw, 1920px\" \/> <img decoding=\"async\" class=\"aligncenter size-full wp-image-15611\" src=\"https:\/\/weecke.com\/wp-content\/uploads\/Rush-detailed-Instruction_.png\" alt=\"\" width=\"1920\" height=\"1080\" srcset=\"https:\/\/weecke.com\/wp-content\/uploads\/Rush-detailed-Instruction_.png 1920w, https:\/\/weecke.com\/wp-content\/uploads\/Rush-detailed-Instruction_-500x281.png 500w, https:\/\/weecke.com\/wp-content\/uploads\/Rush-detailed-Instruction_-700x394.png 700w, https:\/\/weecke.com\/wp-content\/uploads\/Rush-detailed-Instruction_-300x169.png 300w, https:\/\/weecke.com\/wp-content\/uploads\/Rush-detailed-Instruction_-1024x576.png 1024w, https:\/\/weecke.com\/wp-content\/uploads\/Rush-detailed-Instruction_-768x432.png 768w, https:\/\/weecke.com\/wp-content\/uploads\/Rush-detailed-Instruction_-1536x864.png 1536w\" sizes=\"(max-width: 1920px) 100vw, 1920px\" \/> <img loading=\"lazy\" decoding=\"async\" class=\"aligncenter size-full wp-image-15603\" src=\"https:\/\/weecke.com\/wp-content\/uploads\/Temperature.jpg\" alt=\"\" width=\"1920\" height=\"1080\" srcset=\"https:\/\/weecke.com\/wp-content\/uploads\/Temperature.jpg 1920w, https:\/\/weecke.com\/wp-content\/uploads\/Temperature-500x281.jpg 500w, https:\/\/weecke.com\/wp-content\/uploads\/Temperature-700x394.jpg 700w, https:\/\/weecke.com\/wp-content\/uploads\/Temperature-300x169.jpg 300w, https:\/\/weecke.com\/wp-content\/uploads\/Temperature-1024x576.jpg 1024w, https:\/\/weecke.com\/wp-content\/uploads\/Temperature-768x432.jpg 768w, https:\/\/weecke.com\/wp-content\/uploads\/Temperature-1536x864.jpg 1536w\" sizes=\"(max-width: 1920px) 100vw, 1920px\" \/> <img loading=\"lazy\" decoding=\"async\" class=\"aligncenter size-full wp-image-15602\" src=\"https:\/\/weecke.com\/wp-content\/uploads\/session.jpg\" alt=\"\" width=\"1920\" height=\"1080\" srcset=\"https:\/\/weecke.com\/wp-content\/uploads\/session.jpg 1920w, https:\/\/weecke.com\/wp-content\/uploads\/session-500x281.jpg 500w, https:\/\/weecke.com\/wp-content\/uploads\/session-700x394.jpg 700w, https:\/\/weecke.com\/wp-content\/uploads\/session-300x169.jpg 300w, https:\/\/weecke.com\/wp-content\/uploads\/session-1024x576.jpg 1024w, https:\/\/weecke.com\/wp-content\/uploads\/session-768x432.jpg 768w, https:\/\/weecke.com\/wp-content\/uploads\/session-1536x864.jpg 1536w\" sizes=\"(max-width: 1920px) 100vw, 1920px\" \/> <img loading=\"lazy\" decoding=\"async\" class=\"aligncenter size-full wp-image-15601\" src=\"https:\/\/weecke.com\/wp-content\/uploads\/\u70df\u9505.gif\" alt=\"\" width=\"1920\" height=\"1080\" \/><\/p>\n<p>&nbsp;<\/p>\n<figure id=\"attachment_16626\" aria-describedby=\"caption-attachment-16626\" style=\"width: 1840px\" class=\"wp-caption aligncenter\"><img loading=\"lazy\" decoding=\"async\" class=\"size-full wp-image-16626\" src=\"https:\/\/weecke.com\/wp-content\/uploads\/rUsh-package1.jpg\" alt=\"\" width=\"1840\" height=\"1149\" srcset=\"https:\/\/weecke.com\/wp-content\/uploads\/rUsh-package1.jpg 1840w, https:\/\/weecke.com\/wp-content\/uploads\/rUsh-package1-300x187.jpg 300w, https:\/\/weecke.com\/wp-content\/uploads\/rUsh-package1-1024x639.jpg 1024w, https:\/\/weecke.com\/wp-content\/uploads\/rUsh-package1-768x480.jpg 768w, https:\/\/weecke.com\/wp-content\/uploads\/rUsh-package1-1536x959.jpg 1536w, https:\/\/weecke.com\/wp-content\/uploads\/rUsh-package1-500x312.jpg 500w, https:\/\/weecke.com\/wp-content\/uploads\/rUsh-package1-700x437.jpg 700w\" sizes=\"(max-width: 1840px) 100vw, 1840px\" \/><figcaption id=\"caption-attachment-16626\" class=\"wp-caption-text\">Zestaw Weecke Rush<\/figcaption><\/figure>","protected":false},"excerpt":{"rendered":"<p><strong>The Rush<\/strong> Waporyzator Rush zaprojektowano z my\u015bl\u0105 o najwy\u017cszej wygodzie i wydajno\u015bci. Charakteryzuje si\u0119 unikalnym systemem filtr\u00f3w silikonowo-ceramicznych, kt\u00f3ry zatrzymuje cz\u0105stki sta\u0142e, dostarczaj\u0105c jednocze\u015bnie czyst\u0105 i aromatyczn\u0105 par\u0119. Zaawansowana, podw\u00f3jna metoda grzania r\u00f3wnomiernie podgrzewa susz, maksymalizuj\u0105c smak i wyd\u0142u\u017caj\u0105c \u017cywotno\u015b\u0107 zi\u00f3\u0142, oferuj\u0105c prawdziwie unowocze\u015bnione do\u015bwiadczenie w por\u00f3wnaniu z tradycyjnymi waporyzatorami.<\/p>\n<ul>\n<li><strong>Metoda grzania<\/strong>: Podw\u00f3jne grzanie<\/li>\n<li><strong>Przeznaczenie<\/strong>: Materia\u0142 suchy<\/li>\n<li><strong>Przep\u0142yw powietrza<\/strong>: Lekki op\u00f3r powietrza<\/li>\n<li><strong>Zakres temperatur<\/strong>: 160\u00b0C \u2013 240\u00b0C<\/li>\n<li><strong>Regulacja temperatury<\/strong>: Precyzyjna, regulowana co 1\u00b0C<\/li>\n<li><strong>Komora<\/strong>: Stal nierdzewna<\/li>\n<li><strong>Pojemno\u015b\u0107<\/strong>: 0,3 g sypkiego suszu<\/li>\n<li><strong>Czas nagrzewania<\/strong>: ~ 25 sekund<\/li>\n<li><strong>Bateria<\/strong>: 2300 mAh<\/li>\n<\/ul>","protected":false},"featured_media":16621,"comment_status":"closed","ping_status":"closed","template":"","meta":[],"product_brand":[],"product_cat":[149],"product_tag":[],"class_list":{"0":"post-16191","1":"product","2":"type-product","3":"status-publish","4":"has-post-thumbnail","6":"product_cat-weecke-vaporizer","8":"first","9":"instock","10":"shipping-taxable","11":"product-type-simple"},"_links":{"self":[{"href":"https:\/\/weecke.com\/pl\/wp-json\/wp\/v2\/product\/16191","targetHints":{"allow":["GET"]}}],"collection":[{"href":"https:\/\/weecke.com\/pl\/wp-json\/wp\/v2\/product"}],"about":[{"href":"https:\/\/weecke.com\/pl\/wp-json\/wp\/v2\/types\/product"}],"replies":[{"embeddable":true,"href":"https:\/\/weecke.com\/pl\/wp-json\/wp\/v2\/comments?post=16191"}],"wp:featuredmedia":[{"embeddable":true,"href":"https:\/\/weecke.com\/pl\/wp-json\/wp\/v2\/media\/16621"}],"wp:attachment":[{"href":"https:\/\/weecke.com\/pl\/wp-json\/wp\/v2\/media?parent=16191"}],"wp:term":[{"taxonomy":"product_brand","embeddable":true,"href":"https:\/\/weecke.com\/pl\/wp-json\/wp\/v2\/product_brand?post=16191"},{"taxonomy":"product_cat","embeddable":true,"href":"https:\/\/weecke.com\/pl\/wp-json\/wp\/v2\/product_cat?post=16191"},{"taxonomy":"product_tag","embeddable":true,"href":"https:\/\/weecke.com\/pl\/wp-json\/wp\/v2\/product_tag?post=16191"}],"curies":[{"name":"wp","href":"https:\/\/api.w.org\/{rel}","templated":true}]}}