{"id":16661,"date":"2024-11-14T11:56:28","date_gmt":"2024-11-14T03:56:28","guid":{"rendered":"https:\/\/weecke.com\/?post_type=product&#038;p=16661"},"modified":"2025-11-18T21:31:57","modified_gmt":"2025-11-18T13:31:57","slug":"c-vapor-6-0","status":"publish","type":"product","link":"https:\/\/weecke.com\/it\/prodotto\/c-vapor-6-0\/","title":{"rendered":"WEECKE C VAPOR 6.0"},"content":{"rendered":"<h3 class=\"wp-block-heading\"><strong>Perch\u00e9 i Distributori Amano il C Vapor 6<\/strong><\/h3>\n\n\n\n<ul class=\"wp-block-list\">\n<li><strong>**Design di Manutenzione Modulare**<\/strong>: Bocchino e componenti di riscaldamento facili da smontare risparmiano tempo e manodopera\u2014perfetti per l'uso quotidiano<\/li>\n\n\n\n<li><strong>**Percorso Aria Completamente Isolato**<\/strong>: Garantisce un vapore pulito e puro\u2014nessun sapore di bruciato<\/li>\n\n\n\n<li><strong>**Controllo a Un Tasto**<\/strong>: Interfaccia semplice con feedback aptico, ideale per i principianti<\/li>\n\n\n\n<li><strong>**Riscaldamento di Precisione**<\/strong>: Scegli tra 4 temperature preimpostate (392\u00b0F \u2013 446\u00b0F\/200-230\u00b0C)<\/li>\n\n\n\n<li><strong>**Riscaldamento Rapido**<\/strong>: Si riscalda in pochi secondi e vibra quando \u00e8 pronto<\/li>\n\n\n\n<li><strong>**Batteria di Alta Qualit\u00e0**<\/strong>: 2600mAh, ricarica rapida USB-C (5V\/2A)<\/li>\n\n\n\n<li><strong>**Timer di Sessione Automatico**<\/strong>: Spegnimento automatico dopo 5 minuti per sicurezza e conservazione della batteria<\/li>\n<\/ul>\n\n\n\n<figure class=\"wp-block-image size-full\"><a href=\"https:\/\/weecke.com\/wp-content\/uploads\/C-Vapor-6.0.jpg\"><img fetchpriority=\"high\" decoding=\"async\" width=\"800\" height=\"800\" src=\"https:\/\/weecke.com\/wp-content\/uploads\/C-Vapor-6.0.jpg\" alt=\"\" class=\"wp-image-17383\" srcset=\"https:\/\/weecke.com\/wp-content\/uploads\/C-Vapor-6.0.jpg 800w, https:\/\/weecke.com\/wp-content\/uploads\/C-Vapor-6.0-300x300.jpg 300w, https:\/\/weecke.com\/wp-content\/uploads\/C-Vapor-6.0-150x150.jpg 150w, https:\/\/weecke.com\/wp-content\/uploads\/C-Vapor-6.0-768x768.jpg 768w, https:\/\/weecke.com\/wp-content\/uploads\/C-Vapor-6.0-500x500.jpg 500w, https:\/\/weecke.com\/wp-content\/uploads\/C-Vapor-6.0-700x700.jpg 700w, https:\/\/weecke.com\/wp-content\/uploads\/C-Vapor-6.0-100x100.jpg 100w\" sizes=\"(max-width: 800px) 100vw, 800px\" \/><\/a><\/figure>\n\n\n\n<figure class=\"wp-block-image size-full\"><a href=\"https:\/\/weecke.com\/wp-content\/uploads\/C-Vapor-6.0-with-modular-design.jpg\"><img decoding=\"async\" width=\"800\" height=\"800\" src=\"https:\/\/weecke.com\/wp-content\/uploads\/C-Vapor-6.0-with-modular-design.jpg\" alt=\"\" class=\"wp-image-17382\" srcset=\"https:\/\/weecke.com\/wp-content\/uploads\/C-Vapor-6.0-with-modular-design.jpg 800w, https:\/\/weecke.com\/wp-content\/uploads\/C-Vapor-6.0-with-modular-design-300x300.jpg 300w, https:\/\/weecke.com\/wp-content\/uploads\/C-Vapor-6.0-with-modular-design-150x150.jpg 150w, https:\/\/weecke.com\/wp-content\/uploads\/C-Vapor-6.0-with-modular-design-768x768.jpg 768w, https:\/\/weecke.com\/wp-content\/uploads\/C-Vapor-6.0-with-modular-design-500x500.jpg 500w, https:\/\/weecke.com\/wp-content\/uploads\/C-Vapor-6.0-with-modular-design-700x700.jpg 700w, https:\/\/weecke.com\/wp-content\/uploads\/C-Vapor-6.0-with-modular-design-100x100.jpg 100w\" sizes=\"(max-width: 800px) 100vw, 800px\" \/><\/a><\/figure>\n\n\n\n<figure class=\"wp-block-image size-full\"><a href=\"https:\/\/weecke.com\/wp-content\/uploads\/Bottom-View-of-C-Vapor-6.0.jpg\"><img decoding=\"async\" width=\"800\" height=\"800\" src=\"https:\/\/weecke.com\/wp-content\/uploads\/Bottom-View-of-C-Vapor-6.0.jpg\" alt=\"\" class=\"wp-image-17381\" srcset=\"https:\/\/weecke.com\/wp-content\/uploads\/Bottom-View-of-C-Vapor-6.0.jpg 800w, https:\/\/weecke.com\/wp-content\/uploads\/Bottom-View-of-C-Vapor-6.0-300x300.jpg 300w, https:\/\/weecke.com\/wp-content\/uploads\/Bottom-View-of-C-Vapor-6.0-150x150.jpg 150w, https:\/\/weecke.com\/wp-content\/uploads\/Bottom-View-of-C-Vapor-6.0-768x768.jpg 768w, https:\/\/weecke.com\/wp-content\/uploads\/Bottom-View-of-C-Vapor-6.0-500x500.jpg 500w, https:\/\/weecke.com\/wp-content\/uploads\/Bottom-View-of-C-Vapor-6.0-700x700.jpg 700w, https:\/\/weecke.com\/wp-content\/uploads\/Bottom-View-of-C-Vapor-6.0-100x100.jpg 100w\" sizes=\"(max-width: 800px) 100vw, 800px\" \/><\/a><\/figure>\n\n\n\n<h3 class=\"wp-block-heading\"><strong>**Nella Confezione**<\/strong><\/h3>\n\n\n\n<ul class=\"wp-block-list\">\n<li>Dispositivo C Vapor 6<\/li>\n\n\n\n<li>Cavo di Ricarica USB-C<\/li>\n\n\n\n<li>Filtro Ceramico<\/li>\n\n\n\n<li>Anello in Silicone<\/li>\n\n\n\n<li>Spazzole per la Pulizia<\/li>\n\n\n\n<li>Distanziatore di Carta<\/li>\n\n\n\n<li>Manuale Utente<\/li>\n<\/ul>","protected":false},"excerpt":{"rendered":"<p data-start=\"112\" data-end=\"164\"><em data-start=\"112\" data-end=\"164\">Compatto. Pulito. Pronto per la personalizzazione. Progettato per l'uso quotidiano.<\/em><\/p>\n<p data-start=\"166\" data-end=\"420\">Non stai cercando solo un vaporizzatore per foglie sfuse\u2014stai cercando un prodotto affidabile, facile da usare, facile da mantenere e costruito per durare. Che tu sia un distributore, un proprietario di marca o un venditore online, il <strong data-start=\"380\" data-end=\"393\">C Vapor 6<\/strong> \u00e8 fatto per la tua attivit\u00e0.<\/p>\n<p data-start=\"422\" data-end=\"775\">Progettato con una struttura semi-modulare, il C Vapor 6 rende la pulizia, la riparazione e la sostituzione delle parti pi\u00f9 semplice che mai. L'unit\u00e0 del bocchino, l'unit\u00e0 della batteria e l'unit\u00e0 della camera possono essere smontate rapidamente\u2014mantenendo i tempi di inattivit\u00e0 bassi e la soddisfazione alta. Ci\u00f2 significa anche meno reclami, tassi di reso pi\u00f9 bassi e un prodotto che rimane fresco pi\u00f9 a lungo sullo scaffale.<\/p>\n<p data-start=\"777\" data-end=\"1063\">Con 4 livelli di temperatura ottimizzati, una batteria di lunga durata da 2600mAh e un percorso dell'aria completamente isolato, ti permette di ottenere vapore puro senza combustione\u2014solo un sapore morbido dall'inizio alla fine. Compatto, potente e user-friendly, il C Vapor 6 \u00e8 una scelta intelligente per i seri consumatori di erbe secche e tabacco sfuso.<\/p>\n<ul>\n<li data-start=\"1761\" data-end=\"1812\">\n<p data-start=\"1763\" data-end=\"1812\"><strong data-start=\"1763\" data-end=\"1784\">Intervallo di Temperatura<\/strong>**Temperatura**: 200\u00b0C \/392\u00b0F, 210\u00b0C\/410\u00b0F, 220\u00b0C\/428\u00b0F, 230\u00b0C\/446\u00b0F<\/p>\n<\/li>\n<li data-start=\"1813\" data-end=\"1846\">\n<p data-start=\"1815\" data-end=\"1846\"><strong data-start=\"1815\" data-end=\"1826\">Batteria<\/strong>**Batteria**: Li-Polimero 2600mAh<\/p>\n<\/li>\n<li data-start=\"1847\" data-end=\"1883\">\n<p data-start=\"1849\" data-end=\"1883\"><strong data-start=\"1849\" data-end=\"1861\">Ricarica<\/strong>**Ricarica**: USB-C, meno di 2 ore<\/p>\n<\/li>\n<li data-start=\"1884\" data-end=\"1906\">\n<p data-start=\"1886\" data-end=\"1906\"><strong data-start=\"1886\" data-end=\"1894\">Dimensioni<\/strong>**Dimensioni**: 79\u00d754\u00d727mm<\/p>\n<\/li>\n<li data-start=\"1907\" data-end=\"1938\">\n<p data-start=\"1909\" data-end=\"1938\"><strong data-start=\"1909\" data-end=\"1925\">Durata Sessione<\/strong>**Timer di sessione**: 300 secondi<\/p>\n<\/li>\n<li data-start=\"1939\" data-end=\"2003\">\n<p data-start=\"1941\" data-end=\"2003\"><strong data-start=\"1941\" data-end=\"1951\">Sicurezza<\/strong>**Protezioni**: Sovraccarico, cortocircuito, surriscaldamento e altre 5 protezioni<\/p>\n<\/li>\n<\/ul>\n<p data-start=\"777\" data-end=\"1063\">\u00a0<\/p>","protected":false},"featured_media":17397,"comment_status":"closed","ping_status":"closed","template":"","meta":[],"product_brand":[],"product_cat":[149],"product_tag":[],"class_list":{"0":"post-16661","1":"product","2":"type-product","3":"status-publish","4":"has-post-thumbnail","6":"product_cat-weecke-vaporizer","8":"first","9":"instock","10":"shipping-taxable","11":"product-type-simple"},"_links":{"self":[{"href":"https:\/\/weecke.com\/it\/wp-json\/wp\/v2\/product\/16661","targetHints":{"allow":["GET"]}}],"collection":[{"href":"https:\/\/weecke.com\/it\/wp-json\/wp\/v2\/product"}],"about":[{"href":"https:\/\/weecke.com\/it\/wp-json\/wp\/v2\/types\/product"}],"replies":[{"embeddable":true,"href":"https:\/\/weecke.com\/it\/wp-json\/wp\/v2\/comments?post=16661"}],"wp:featuredmedia":[{"embeddable":true,"href":"https:\/\/weecke.com\/it\/wp-json\/wp\/v2\/media\/17397"}],"wp:attachment":[{"href":"https:\/\/weecke.com\/it\/wp-json\/wp\/v2\/media?parent=16661"}],"wp:term":[{"taxonomy":"product_brand","embeddable":true,"href":"https:\/\/weecke.com\/it\/wp-json\/wp\/v2\/product_brand?post=16661"},{"taxonomy":"product_cat","embeddable":true,"href":"https:\/\/weecke.com\/it\/wp-json\/wp\/v2\/product_cat?post=16661"},{"taxonomy":"product_tag","embeddable":true,"href":"https:\/\/weecke.com\/it\/wp-json\/wp\/v2\/product_tag?post=16661"}],"curies":[{"name":"wp","href":"https:\/\/api.w.org\/{rel}","templated":true}]}}