{"id":16221,"date":"2024-11-11T17:10:01","date_gmt":"2024-11-11T09:10:01","guid":{"rendered":"https:\/\/weecke.com\/?post_type=product&#038;p=16221"},"modified":"2025-02-20T15:51:23","modified_gmt":"2025-02-20T07:51:23","slug":"fenix-2","status":"publish","type":"product","link":"https:\/\/weecke.com\/it\/prodotto\/fenix-2\/","title":{"rendered":"FENIX 2 MAX"},"content":{"rendered":"<p><strong>Tecnologia a convezione AIR HEATING\u00ae<\/strong><\/p>\n<p>Nonostante le numerose e ottime caratteristiche del FENIX 2 MAX, questa \u00e8 la disciplina di punta e la pi\u00f9 grande innovazione di questo ingegnoso vaporizzatore. La tecnologia brevettata AIR Heating\u00ae offre nuovi risultati nell'evaporazione delle erbe. Questa tecnologia a convezione estremamente efficace garantisce un'evaporazione superba a un nuovo livello. Mentre altri vaporizzatori vacillano, il FENIX 2 MAX fornisce risultati eccellenti a tutti i livelli di temperatura. Un'evaporazione completamente priva di combustione \u00e8 la norma, cos\u00ec come nuvole di vapore eccellenti, impeccabili e perfette.<\/p>\n<p><strong>Riscaldamento rapido in meno di 30 secondi<\/strong><\/p>\n<p>Non devi aspettare che il FENIX 2 MAX sia pronto per iniziare l'evaporazione. Nessun problema; il FENIX 2 MAX si riscalda in meno di 30 secondi, e i lunghi tempi di attesa sono un ricordo del passato.<\/p>\n<p><strong>Canale dell'aria in acciaio inossidabile completamente isolato<\/strong><\/p>\n<p>Il condotto dell'aria del FENIX 2 MAX \u00e8 completamente isolato e separato dall'elettronica interna. In questo modo, l'evaporazione \u00e8 sicura e il condotto dell'aria, realizzato in acciaio inossidabile di alta qualit\u00e0, garantisce un gusto assolutamente puro poich\u00e9 l'acciaio inossidabile \u00e8 insapore.<\/p>\n<p><strong>Sistema di raffreddamento speciale del canale dell'aria<\/strong><\/p>\n<p>Il sistema di raffreddamento innovativo del condotto dell'aria raffredda efficacemente il vapore prima che venga inalato. Ci\u00f2 rende l'evaporazione pi\u00f9 piacevole, pur preservando la quantit\u00e0 di vapore e il gusto.<\/p>\n<p><strong>Batteria grande da 4800 mAh con autonomia innovativa<\/strong><\/p>\n<p>Anche pionieristico e promettente: il FENIX 2 MAX ha una potente batteria agli ioni di litio da 4800 mAh, che consente un tempo di evaporazione efficace fino a 75 minuti. Viene eliminata la fastidiosa e costante necessit\u00e0 di ricarica dopo poche sessioni.<\/p>\n<p><strong>Ricarica rapida \u2013 solo 2,5 ore<\/strong><\/p>\n<p>Molti vaporizzatori richiedono fino a 4 ore o pi\u00f9 per la ricarica (con batterie pi\u00f9 piccole da soli 2200 mAh o 2500 mAh). Il FENIX 2 MAX si ricarica completamente in 2,5 ore nonostante la grande batteria da 4800 mAh.<\/p>\n<p><strong>\u00a0<\/strong><\/p>\n<p><strong>Timer regolabile liberamente con tempo di lavoro da 3 a 7 minuti<\/strong><\/p>\n<p>Finora, nessun vaporizzatore \u00e8 stato offerto con questa funzionalit\u00e0, ed \u00e8 assolutamente nuovo e innovativo! Alcuni altri produttori hanno gi\u00e0 avuto l'opzione di scegliere un tempo di spegnimento o standby sui loro vaporizzatori. Ma di solito era un tempo prestabilito (5 o 8 minuti, ecc.), e\/o non era visibile sul display e non si poteva scegliere liberamente.<\/p>\n<p>Il timer regolabile sul doppio display OLED del FENIX 2 MAX ti consente di scegliere completamente liberamente il tempo di evaporazione prima che il FENIX 2 MAX si spenga automaticamente. Puoi osservare il tempo che scade e il conto alla rovescia sul display e, se necessario, semplicemente estendere o accorciare il tempo, proprio come preferisci!<\/p>\n<p>Pu\u00f2 essere impostato al secondo tra 180 e 420 secondi. Quindi hai sempre il controllo assoluto sul tempo di evaporazione e piena sicurezza! Molti altri produttori probabilmente copieranno questa grande caratteristica, ma FENIX 2 MAX ha introdotto per primo questa innovazione.<\/p>\n<p><strong>Coperchio magnetico per apertura\/chiusura facile in acciaio inossidabile e PEEK di alta qualit\u00e0<\/strong><\/p>\n<p>Il coperchio del FENIX 2 MAX \u00e8 magnetico, in modo che il FENIX 2 MAX sia particolarmente facile da aprire e chiudere. Tieni il coperchio dalla parte superiore (dove c'\u00e8 il logo FENIX) e appoggialo sul dispositivo. Funziona tutto molto bene e testimonia il design sofisticato del FENIX 2 MAX.<\/p>\n<p>Poich\u00e9 il metallo si deforma ad alte temperature e quindi non \u00e8 sicuro, la parte inferiore del FENIX 2 MAX \u00e8 stata dotata di un termoplastico ad alta temperatura chiamato PEEK (polietere etere chetone), che rende l'evaporazione sicura e assolutamente innocua per la salute, anche alle temperature pi\u00f9 elevate.<\/p>\n<p><strong>Grande display doppio OLED innovativo da 0,96\u2033 per temperature e timer<\/strong><\/p>\n<p>Non c'\u00e8 mai stato nulla di simile: il grande display doppio da 0,96 pollici mostra contemporaneamente la temperatura impostata e quella effettiva. Ma non \u00e8 tutto: il display \u00e8 stato suddiviso senza trascurare le dimensioni e mostra non solo le temperature, ma anche il timer con il tempo impostato e quello effettivo. L'area superiore del display \u00e8 riservata alle temperature e l'area inferiore ai tempi. \u00c8 un sogno che si avvera per ogni maniaco del controllo!<\/p>\n<p><strong>Camera in titanio intercambiabile<\/strong><\/p>\n<p>La Camera per Erbe in Titanio pu\u00f2 essere rimossa per facilitare la pulizia della camera di riscaldamento. Una camera in vetro pu\u00f2 sostituire quella in titanio per migliorare ulteriormente il gusto.<\/p>\n<p>Il Vaporizzatore per Erbe Secche FENIX 2 MAX \u00e8 un eccellente vaporizzatore a convezione e non pu\u00f2 essere paragonato al suo predecessore, il che si riflette nel prezzo. Tuttavia, \u00e8 ben al di sotto del livello di prezzo di vaporizzatori comparabili (ma non altrettanto buoni) e, quindi, offre un rapporto qualit\u00e0-prezzo eccellente e imbattibile. Questo vaporizzatore \u00e8 un successo!<\/p>","protected":false},"excerpt":{"rendered":"<p>FENIX 2 MAX \u00e8 l'ultima versione del vaporizzatore per erbe secche FENIX 2.0 di WEECKE e rappresenta l'apice della tecnologia e delle prestazioni a convezione. Il vaporizzatore FENIX 2 MAX utilizza la tecnologia brevettata Air Heating, una tecnica di riscaldamento a convezione innovativa che garantisce una vaporizzazione efficace e uniforme delle erbe, producendo grandi nuvole di vapore. Il vapore prodotto da questo vaporizzatore premium \u00e8 assolutamente eccellente.<\/p>\n<p>Tecnologia AIR HEATING\u00ae<\/p>\n<p>Riscaldamento rapido in 30 secondi<\/p>\n<p>Cammino d'aria in acciaio inossidabile completamente isolato<\/p>\n<p>Sistema di raffreddamento speciale del cammino d'aria<\/p>\n<p>Batteria grande da 4800 mAh<\/p>\n<p>Tecnologia di ricarica rapida (2,5 ore)<\/p>\n<p>Timer regolabile con tempo di funzionamento da 3 a 7 minuti<\/p>\n<p>Grande display OLED innovativo da 0,96\u2033 (doppio) per temperatura e timer<\/p>\n<p>Camera per erbe in titanio removibile<\/p>","protected":false},"featured_media":16390,"comment_status":"closed","ping_status":"closed","template":"","meta":[],"product_brand":[],"product_cat":[150],"product_tag":[],"class_list":{"0":"post-16221","1":"product","2":"type-product","3":"status-publish","4":"has-post-thumbnail","6":"product_cat-fenix-vaporizer","8":"first","9":"instock","10":"shipping-taxable","11":"product-type-simple"},"_links":{"self":[{"href":"https:\/\/weecke.com\/it\/wp-json\/wp\/v2\/product\/16221","targetHints":{"allow":["GET"]}}],"collection":[{"href":"https:\/\/weecke.com\/it\/wp-json\/wp\/v2\/product"}],"about":[{"href":"https:\/\/weecke.com\/it\/wp-json\/wp\/v2\/types\/product"}],"replies":[{"embeddable":true,"href":"https:\/\/weecke.com\/it\/wp-json\/wp\/v2\/comments?post=16221"}],"wp:featuredmedia":[{"embeddable":true,"href":"https:\/\/weecke.com\/it\/wp-json\/wp\/v2\/media\/16390"}],"wp:attachment":[{"href":"https:\/\/weecke.com\/it\/wp-json\/wp\/v2\/media?parent=16221"}],"wp:term":[{"taxonomy":"product_brand","embeddable":true,"href":"https:\/\/weecke.com\/it\/wp-json\/wp\/v2\/product_brand?post=16221"},{"taxonomy":"product_cat","embeddable":true,"href":"https:\/\/weecke.com\/it\/wp-json\/wp\/v2\/product_cat?post=16221"},{"taxonomy":"product_tag","embeddable":true,"href":"https:\/\/weecke.com\/it\/wp-json\/wp\/v2\/product_tag?post=16221"}],"curies":[{"name":"wp","href":"https:\/\/api.w.org\/{rel}","templated":true}]}}