{"id":16212,"date":"2024-11-11T17:09:05","date_gmt":"2024-11-11T09:09:05","guid":{"rendered":"https:\/\/weecke.com\/?post_type=product&#038;p=16212"},"modified":"2024-11-15T17:25:12","modified_gmt":"2024-11-15T09:25:12","slug":"fenix-pro","status":"publish","type":"product","link":"https:\/\/weecke.com\/it\/prodotto\/fenix-pro\/","title":{"rendered":"FENIX PRO"},"content":{"rendered":"<h3>Design elegante e moderno<\/h3>\n<p>Il FENiX Pro non \u00e8 solo il vaporizzatore per erbe pi\u00f9 avanzato sul mercato, ma ha anche un aspetto unico. La scocca nera elegante e il bocchino in vetro nero estraibile completano il design.<\/p>\n<p>Il tutto \u00e8 racchiuso in dimensioni estremamente compatte di 5,2 cm * 2,5 cm * 8,4 cm (senza bocchino in vetro) e di soli 5,2 cm * 2,5 cm * 10,2 cm con il bocchino in vetro.<\/p>\n<h3>Innovativa tecnologia brevettata ECA<\/h3>\n<p>ECA sta per \u201cEasy Care Airpath\u201d ed \u00e8 un'innovazione unica. I canali dell'aria e del riscaldamento non sono pi\u00f9 nascosti all'interno del dispositivo; piuttosto, sono visibili \u2014 pi\u00f9 precisamente, \u00e8 possibile vederci attraverso. Rimuovendo l'unit\u00e0 del bocchino dal dispositivo e premendo il filtro con l'aiuto della bacchetta magenta della camera dal fondo del dispositivo, il condotto di riscaldamento e dell'aria sar\u00e0 completamente esposto. Questo non era mai successo prima!<\/p>\n<h3>ECA<\/h3>\n<p>Poich\u00e9 il condotto dell'aria \u00e8 completamente visibile, \u00e8 facile da pulire. Sono finiti i giorni in cui si poteva pulire solo il setaccio o la camera di riscaldamento, mentre piccoli residui di erba rimanevano nascosti nel dispositivo. Con il FENiX Pro questo non \u00e8 pi\u00f9 possibile. Il condotto dell'aria \u00e8 completamente libero, rendendo la pulizia pi\u00f9 semplice che mai.<\/p>\n<h3>Ampio display OLED cristallino per temperatura regolabile liberamente, timer regolabile liberamente, livello della batteria e funzione di vibrazione<\/h3>\n<p>Il grande display doppio da 0,96 pollici mostra simultaneamente la temperatura impostata e quella effettiva (simile al FENiX 2.0). Ma non \u00e8 tutto: il display \u00e8 stato suddiviso in due sezioni, che indicano le temperature, il tempo impostato e quello effettivo, e i livelli della batteria. L'area superiore del display \u00e8 riservata alle temperature, quella inferiore ai tempi.<\/p>\n<p>Il timer regolabile sul display doppio OLED del FENiX Pro consente di scegliere il tempo di vaporizzazione tra 3 e 6 minuti prima che il FENiX Pro si spenga automaticamente. \u00c8 possibile osservare il tempo che scorre e il conto alla rovescia sul display e, se necessario, estendere o accorciare semplicemente il tempo \u2014 proprio come si preferisce!<\/p>\n<p>La funzione di vibrazione fornisce i meccanismi gi\u00e0 noti di feedback aptico e segnala il raggiungimento della temperatura, l'accensione, lo spegnimento, ecc.<\/p>\n<h3>Riscaldamento rapido in meno di 30 secondi e vaporizzazione precisa al grado<\/h3>\n<p>Il controllo preciso della temperatura per grado negli intervalli 320\u00b0F \u2013 428\u00b0F \/ 160\u00b0 \u2013 221\u00b0C offre un controllo completo per quasi tutte le erbe. Il produttore \u00e8 un maestro nello sviluppo di nuove tecnologie e si colloca accanto a una nota azienda tedesca con la tecnologia a convezione pi\u00f9 avanzata al mondo. Naturalmente, questa esperienza ha beneficiato anche il FENiX Pro, motivo per cui la sua tecnologia a convezione funziona in modo ancora pi\u00f9 preciso e porta lacrime di gioia a ogni appassionato di vaporizzatori. La vaporizzazione non \u00e8 mai stata cos\u00ec buona!<\/p>\n<h3>Qualit\u00e0<\/h3>\n<p>All'avanguardia tecnologica, facile da usare ed estremamente pratico, non sono state fatte compromessi riguardo alla qualit\u00e0 dei materiali. I materiali di alta qualit\u00e0 si vedono, si percepiscono al tatto e si apprezzano al gusto. Una volta che si possiede o addirittura si utilizza il Fenix Pro, non ci sono dubbi sulle prestazioni e sulla qualit\u00e0 eccezionali di questo vaporizzatore a convezione rivoluzionario.<\/p>\n<p>&nbsp;<\/p>\n<p><strong>Cosa \u00e8 incluso?<\/strong><\/p>\n<p>1 x Vaporizzatore FENiX Pro<\/p>\n<p>1 x O-Ring &amp; Griglia per Bocchino<\/p>\n<p>1 x Spazzola per Pulizia Condotto Aria<\/p>\n<p>1 x Spazzola per Pulizia Camera<\/p>\n<p>1 x Bacchetta per Camera<\/p>\n<p>1 x Cavo USB<\/p>\n<p>1 x Manuale di Istruzioni in Tedesco e Inglese<\/p>\n<p>&nbsp;<\/p>\n<p>&nbsp;<\/p>\n<p><strong>Garanzia<\/strong><\/p>\n<p><strong>Tutti i prodotti Weecke sono coperti da una garanzia del produttore di 12 mesi.<\/strong><\/p>\n<p>Per richiedere la garanzia, si prega di disporre della prova d'acquisto e della scatola originale in cui era contenuta l'unit\u00e0, poich\u00e9 contengono un codice QR di sicurezza necessario per la procedura di garanzia. Se si desidera avviare la procedura di garanzia, si prega di contattare il proprio negozio di vendita.<\/p>","protected":false},"excerpt":{"rendered":"<p>FENiX ha lanciato la settima generazione di vaporizzatori, il FENiX Pro, dotato della tecnologia brevettata ECA. Il FENiX Pro \u00e8 l'avanguardia della tecnologia dei vaporizzatori, e la tecnologia a convezione ECA \u00e8 tanto avanzata quanto unica. Non \u00e8 mai stato cos\u00ec facile vaporizzare erbe in modo pi\u00f9 efficiente e confortevole! Il FENiX Pro \u00e8 una rivoluzione! Nessun altro vaporizzatore combina con tale maestria innovazione, design, praticit\u00e0 e facilit\u00e0 d'uso.<\/p>\n<p><strong>DIMENSIONI<\/strong> : 5,2 cm * 2,5 cm * 8,4 cm<\/p>\n<p><strong>Capacit\u00e0 della Batteria<\/strong>: 2300mAh<\/p>\n<p><strong>Tensione\/Corrente di Ricarica<\/strong>: 5V\/1,5A<\/p>\n<p><strong>Blocco\/Sblocco<\/strong>: Premere rapidamente 5 volte il pulsante di accensione ON\/OFF con feedback vibrazione<\/p>\n<p><strong>Durata Sessione<\/strong>: Da 180 a 360 secondi, regolabile<\/p>\n<p><strong>Intervallo di Temperatura<\/strong>: 160-221\u00b0C \/320\u00b0F -430\u00b0F<\/p>\n<p><strong>Tempo di Ricarica<\/strong>: 2 ore<\/p>\n<p>&nbsp;<\/p>","protected":false},"featured_media":16959,"comment_status":"closed","ping_status":"closed","template":"","meta":[],"product_brand":[],"product_cat":[150],"product_tag":[],"class_list":{"0":"post-16212","1":"product","2":"type-product","3":"status-publish","4":"has-post-thumbnail","6":"product_cat-fenix-vaporizer","8":"first","9":"instock","10":"shipping-taxable","11":"product-type-simple"},"_links":{"self":[{"href":"https:\/\/weecke.com\/it\/wp-json\/wp\/v2\/product\/16212","targetHints":{"allow":["GET"]}}],"collection":[{"href":"https:\/\/weecke.com\/it\/wp-json\/wp\/v2\/product"}],"about":[{"href":"https:\/\/weecke.com\/it\/wp-json\/wp\/v2\/types\/product"}],"replies":[{"embeddable":true,"href":"https:\/\/weecke.com\/it\/wp-json\/wp\/v2\/comments?post=16212"}],"wp:featuredmedia":[{"embeddable":true,"href":"https:\/\/weecke.com\/it\/wp-json\/wp\/v2\/media\/16959"}],"wp:attachment":[{"href":"https:\/\/weecke.com\/it\/wp-json\/wp\/v2\/media?parent=16212"}],"wp:term":[{"taxonomy":"product_brand","embeddable":true,"href":"https:\/\/weecke.com\/it\/wp-json\/wp\/v2\/product_brand?post=16212"},{"taxonomy":"product_cat","embeddable":true,"href":"https:\/\/weecke.com\/it\/wp-json\/wp\/v2\/product_cat?post=16212"},{"taxonomy":"product_tag","embeddable":true,"href":"https:\/\/weecke.com\/it\/wp-json\/wp\/v2\/product_tag?post=16212"}],"curies":[{"name":"wp","href":"https:\/\/api.w.org\/{rel}","templated":true}]}}