{"id":17249,"date":"2025-05-15T15:48:40","date_gmt":"2025-05-15T07:48:40","guid":{"rendered":"https:\/\/weecke.com\/?post_type=product&#038;p=17249"},"modified":"2025-05-19T09:45:36","modified_gmt":"2025-05-19T01:45:36","slug":"weecke-puzzle","status":"publish","type":"product","link":"https:\/\/weecke.com\/fr\/produit\/weecke-puzzle\/","title":{"rendered":"WEECKE PUZZLE"},"content":{"rendered":"<p data-start=\"64\" data-end=\"81\"><strong data-start=\"64\" data-end=\"81\">Caract\u00e9ristiques Principales :<\/strong><\/p>\n<ul data-start=\"83\" data-end=\"927\">\n<li data-start=\"83\" data-end=\"185\">\n<p data-start=\"85\" data-end=\"185\"><strong data-start=\"85\" data-end=\"108\">Syst\u00e8me de Chauffage Double<\/strong>: Assure un chauffage uniforme et constant, produisant une vapeur douce et savoureuse.<\/p>\n<\/li>\n<li data-start=\"186\" data-end=\"290\">\n<p data-start=\"188\" data-end=\"290\"><strong data-start=\"188\" data-end=\"208\">Chambre en Titane<\/strong>: Excellente r\u00e9tention de chaleur et puret\u00e9, am\u00e9liorant le go\u00fbt et l'exp\u00e9rience globale.<\/p>\n<\/li>\n<li data-start=\"291\" data-end=\"393\">\n<p data-start=\"293\" data-end=\"393\"><strong data-start=\"293\" data-end=\"322\">Affichage Num\u00e9rique<\/strong>: Un affichage num\u00e9rique vibrant offre un contr\u00f4le clair et en temps r\u00e9el de votre session.<\/p>\n<\/li>\n<li data-start=\"394\" data-end=\"495\">\n<p data-start=\"396\" data-end=\"495\"><strong data-start=\"396\" data-end=\"424\">Contr\u00f4le Complet de la Temp\u00e9rature<\/strong>: R\u00e9glage pr\u00e9cis de 320\u00b0F \u00e0 446\u00b0F pour une exp\u00e9rience personnalis\u00e9e.<\/p>\n<\/li>\n<li data-start=\"496\" data-end=\"586\">\n<p data-start=\"498\" data-end=\"586\"><strong data-start=\"498\" data-end=\"525\">Dur\u00e9e de Session R\u00e9glable<\/strong>: D\u00e9finissez la dur\u00e9e de votre session entre 3 et 5 minutes selon vos besoins.<\/p>\n<\/li>\n<li data-start=\"587\" data-end=\"664\">\n<p data-start=\"589\" data-end=\"664\"><strong data-start=\"589\" data-end=\"613\">Temps de Chauffage Rapide<\/strong>: Chauffage rapide pour que vous soyez pr\u00eat \u00e0 vapoter en quelques secondes.<\/p>\n<\/li>\n<li data-start=\"665\" data-end=\"742\">\n<p data-start=\"667\" data-end=\"742\"><strong data-start=\"667\" data-end=\"692\">Embase de l'Embouchoir en Verre<\/strong>: Pr\u00e9serve la saveur et assure des aspirations fra\u00eeches et douces.<\/p>\n<\/li>\n<li data-start=\"743\" data-end=\"824\">\n<p data-start=\"745\" data-end=\"824\"><strong data-start=\"745\" data-end=\"766\">Chemin d'Air Isol\u00e9<\/strong>: Vapeur pure et propre, sans interf\u00e9rence \u00e9lectronique.<\/p>\n<\/li>\n<li data-start=\"825\" data-end=\"927\">\n<p data-start=\"827\" data-end=\"927\"><strong data-start=\"827\" data-end=\"851\">Batterie Longue Dur\u00e9e<\/strong>: Batterie int\u00e9gr\u00e9e de 2100mAh offrant une utilisation prolong\u00e9e et des performances fiables.<\/p>\n<\/li>\n<\/ul>","protected":false},"excerpt":{"rendered":"<p data-start=\"122\" data-end=\"373\">Acc\u00e9dez \u00e0 un nouveau niveau de vapotage avec le WEECKE PUZZLE, con\u00e7u pour ceux qui exigent pr\u00e9cision, puissance et style. Dot\u00e9 d'une technologie de chauffage avanc\u00e9e et d'un design \u00e9l\u00e9gant, ce vaporisateur offre une exp\u00e9rience in\u00e9gal\u00e9e.<\/p>\n<ul data-start=\"379\" data-end=\"922\">\n<li data-start=\"379\" data-end=\"413\">\n<p data-start=\"381\" data-end=\"413\"><strong data-start=\"381\" data-end=\"399\">M\u00e9thode de Chauffage<\/strong>: Chauffage double<\/p>\n<\/li>\n<li data-start=\"414\" data-end=\"441\">\n<p data-start=\"416\" data-end=\"441\"><strong data-start=\"416\" data-end=\"427\">Adapt\u00e9 \u00e0<\/strong>: Mat\u00e9riaux secs<\/p>\n<\/li>\n<li data-start=\"442\" data-end=\"497\"><strong data-start=\"500\" data-end=\"514\">Plage de Temp\u00e9rature<\/strong>: 160\u00b0C \u2013 230\u00b0C (320\u00b0F \u2013 446\u00b0F)<\/li>\n<li data-start=\"546\" data-end=\"613\">\n<p data-start=\"548\" data-end=\"613\"><strong data-start=\"548\" data-end=\"574\">R\u00e9gulation de Temp\u00e9rature<\/strong>: Pr\u00e9cise, r\u00e9glable par incr\u00e9ments de 1 \u00b0C<\/p>\n<\/li>\n<li data-start=\"614\" data-end=\"676\">\n<p data-start=\"616\" data-end=\"676\"><strong data-start=\"616\" data-end=\"627\">Chambre<\/strong>: Titane pour une r\u00e9tention de chaleur et une saveur sup\u00e9rieures<\/p>\n<\/li>\n<li data-start=\"677\" data-end=\"729\">\n<p data-start=\"679\" data-end=\"729\"><strong data-start=\"679\" data-end=\"690\">Batterie<\/strong>: 2100 mAh pour des performances durables<\/p>\n<\/li>\n<li data-start=\"730\" data-end=\"805\">\n<p data-start=\"732\" data-end=\"805\"><strong data-start=\"732\" data-end=\"759\">Temps de Travail R\u00e9glable<\/strong>: 3-5 minutes, personnalisable selon vos pr\u00e9f\u00e9rences<\/p>\n<\/li>\n<li data-start=\"806\" data-end=\"867\">\n<p data-start=\"808\" data-end=\"867\"><strong data-start=\"808\" data-end=\"819\">Affichage<\/strong>: Affichage num\u00e9rique pour un contr\u00f4le facile de la temp\u00e9rature<\/p>\n<\/li>\n<li data-start=\"868\" data-end=\"922\">\n<p data-start=\"870\" data-end=\"922\"><strong data-start=\"870\" data-end=\"882\">Chargement<\/strong>: Type-C pour une recharge rapide et pratique<\/p>\n<\/li>\n<\/ul>\n<p data-start=\"915\" data-end=\"1002\">Id\u00e9al pour ceux qui recherchent des performances de premier ordre, de l'innovation et du style \u00e0 chaque session.<\/p>","protected":false},"featured_media":17252,"comment_status":"closed","ping_status":"closed","template":"","meta":[],"product_brand":[],"product_cat":[149],"product_tag":[],"class_list":{"0":"post-17249","1":"product","2":"type-product","3":"status-publish","4":"has-post-thumbnail","6":"product_cat-weecke-vaporizer","8":"first","9":"instock","10":"shipping-taxable","11":"product-type-simple"},"_links":{"self":[{"href":"https:\/\/weecke.com\/fr\/wp-json\/wp\/v2\/product\/17249","targetHints":{"allow":["GET"]}}],"collection":[{"href":"https:\/\/weecke.com\/fr\/wp-json\/wp\/v2\/product"}],"about":[{"href":"https:\/\/weecke.com\/fr\/wp-json\/wp\/v2\/types\/product"}],"replies":[{"embeddable":true,"href":"https:\/\/weecke.com\/fr\/wp-json\/wp\/v2\/comments?post=17249"}],"wp:featuredmedia":[{"embeddable":true,"href":"https:\/\/weecke.com\/fr\/wp-json\/wp\/v2\/media\/17252"}],"wp:attachment":[{"href":"https:\/\/weecke.com\/fr\/wp-json\/wp\/v2\/media?parent=17249"}],"wp:term":[{"taxonomy":"product_brand","embeddable":true,"href":"https:\/\/weecke.com\/fr\/wp-json\/wp\/v2\/product_brand?post=17249"},{"taxonomy":"product_cat","embeddable":true,"href":"https:\/\/weecke.com\/fr\/wp-json\/wp\/v2\/product_cat?post=17249"},{"taxonomy":"product_tag","embeddable":true,"href":"https:\/\/weecke.com\/fr\/wp-json\/wp\/v2\/product_tag?post=17249"}],"curies":[{"name":"wp","href":"https:\/\/api.w.org\/{rel}","templated":true}]}}