{"id":16581,"date":"2024-11-14T09:09:45","date_gmt":"2024-11-14T01:09:45","guid":{"rendered":"https:\/\/weecke.com\/?post_type=product&#038;p=16581"},"modified":"2024-11-14T12:01:13","modified_gmt":"2024-11-14T04:01:13","slug":"weecke-c-vapor","status":"publish","type":"product","link":"https:\/\/weecke.com\/fr\/produit\/weecke-c-vapor\/","title":{"rendered":"WEECKE C VAPOR"},"content":{"rendered":"<p><strong>Caract\u00e9ristiques<\/strong>:<\/p>\n<ul>\n<li><strong>Qualit\u00e9 certifi\u00e9e<\/strong>: Certifications CE, RoHS, FCC avec 11 brevets internationaux et nationaux<\/li>\n<li><strong>Design portable<\/strong>: \u00c9l\u00e9gant, compact et plus petit qu'un paquet de cigarettes Marlboro<\/li>\n<li><strong>Embout buccal auto-refroidissant<\/strong>: Embout m\u00e9tallique avec r\u00e9gulation int\u00e9gr\u00e9e de la temp\u00e9rature<\/li>\n<li><strong>Contr\u00f4le pr\u00e9cis de la temp\u00e9rature<\/strong>: Chauffage r\u00e9glable pour un usage personnalis\u00e9<\/li>\n<li><strong>Entretien Facile<\/strong>: Nettoyage et remplissage faciles<\/li>\n<li><strong>Indicateurs LED<\/strong>: Niveau de batterie et r\u00e9glages de temp\u00e9rature affich\u00e9s clairement<\/li>\n<li><strong>: Temp\u00e9rature r\u00e9glable de 120\u00b0C \u00e0 221\u00b0C avec une pr\u00e9cision au degr\u00e9 affich\u00e9e sur l'\u00e9cran OLED.<\/strong>: Adapt\u00e9 aux cigarettes, au tabac et aux herbes s\u00e8ches<\/li>\n<\/ul>","protected":false},"excerpt":{"rendered":"<p><strong>C Vapor<\/strong> est un vaporisateur compact de haute qualit\u00e9 con\u00e7u pour sa polyvalence et sa facilit\u00e9 d'utilisation. Gr\u00e2ce \u00e0 sa chambre de chauffage creuse brevet\u00e9e, son contr\u00f4le pr\u00e9cis de la temp\u00e9rature et son embout buccal auto-refroidissant, il est id\u00e9al pour les cigarettes, le tabac et les herbes s\u00e8ches. Profitez de performances constantes dans un design \u00e9l\u00e9gant et portable pens\u00e9 pour le confort.<\/p>\n<ul>\n<li><strong>Dimensions<\/strong>: 50 mm x 23,5 mm x 80 mm<\/li>\n<li><strong>Mat\u00e9riau<\/strong>: Aluminium durable<\/li>\n<li><strong>Capacit\u00e9 de la batterie<\/strong>: Batterie Li-ion A+ 1800 mAh<\/li>\n<li><strong>Contr\u00f4le de temp\u00e9rature<\/strong>: R\u00e9glable pour un usage personnalis\u00e9<\/li>\n<li><strong>Temps de chauffage<\/strong>: 30 secondes pour un chauffage rapide et efficace<\/li>\n<\/ul>","protected":false},"featured_media":16415,"comment_status":"closed","ping_status":"closed","template":"","meta":[],"product_brand":[],"product_cat":[149],"product_tag":[],"class_list":{"0":"post-16581","1":"product","2":"type-product","3":"status-publish","4":"has-post-thumbnail","6":"product_cat-weecke-vaporizer","8":"first","9":"instock","10":"shipping-taxable","11":"product-type-simple"},"_links":{"self":[{"href":"https:\/\/weecke.com\/fr\/wp-json\/wp\/v2\/product\/16581","targetHints":{"allow":["GET"]}}],"collection":[{"href":"https:\/\/weecke.com\/fr\/wp-json\/wp\/v2\/product"}],"about":[{"href":"https:\/\/weecke.com\/fr\/wp-json\/wp\/v2\/types\/product"}],"replies":[{"embeddable":true,"href":"https:\/\/weecke.com\/fr\/wp-json\/wp\/v2\/comments?post=16581"}],"wp:featuredmedia":[{"embeddable":true,"href":"https:\/\/weecke.com\/fr\/wp-json\/wp\/v2\/media\/16415"}],"wp:attachment":[{"href":"https:\/\/weecke.com\/fr\/wp-json\/wp\/v2\/media?parent=16581"}],"wp:term":[{"taxonomy":"product_brand","embeddable":true,"href":"https:\/\/weecke.com\/fr\/wp-json\/wp\/v2\/product_brand?post=16581"},{"taxonomy":"product_cat","embeddable":true,"href":"https:\/\/weecke.com\/fr\/wp-json\/wp\/v2\/product_cat?post=16581"},{"taxonomy":"product_tag","embeddable":true,"href":"https:\/\/weecke.com\/fr\/wp-json\/wp\/v2\/product_tag?post=16581"}],"curies":[{"name":"wp","href":"https:\/\/api.w.org\/{rel}","templated":true}]}}