{"id":16224,"date":"2024-11-11T17:10:23","date_gmt":"2024-11-11T09:10:23","guid":{"rendered":"https:\/\/weecke.com\/?post_type=product&#038;p=16224"},"modified":"2024-11-15T16:51:35","modified_gmt":"2024-11-15T08:51:35","slug":"fenix-classic","status":"publish","type":"product","link":"https:\/\/weecke.com\/fr\/produit\/fenix-classic\/","title":{"rendered":"FENIX CLASSIC"},"content":{"rendered":"<p><strong>Avantages et caract\u00e9ristiques<\/strong><\/p>\n<ol>\n<li>Technologie de chauffage par flux d'air convection brevet\u00e9e, chauffage par air 100%, vapeur pure.<\/li>\n<li>D\u00e9tection intelligente sp\u00e9ciale de la vapeur : cette fonction permet \u00e0 l'utilisateur de profiter d'une vapeur instantan\u00e9e et homog\u00e8ne en d\u00e9placement.<\/li>\n<li>Conduit d'air enti\u00e8rement isol\u00e9 : lors de l'utilisation, l'air p\u00e9n\u00e8tre directement dans la chambre via un conduit en m\u00e9tal de qualit\u00e9 alimentaire, garantissant la s\u00e9curit\u00e9.<\/li>\n<li>Un bol pour cires et huiles est inclus, compatible avec les herbes s\u00e8ches, les cires et les huiles.<\/li>\n<li>Embuche amovible et lavable avec technologie magn\u00e9tique, design plus \u00e9l\u00e9gant.<\/li>\n<li>5. \u00c9cran OLED indiquant la temp\u00e9rature et le niveau de batterie.<\/li>\n<\/ol>\n<p><strong>Caract\u00e9ristiques\u00a0<\/strong><\/p>\n<p>* Technologie de convection parall\u00e8le<\/p>\n<p>* Module intelligent de d\u00e9tection d'inhalation (vapeur instantan\u00e9e)<\/p>\n<p>* Capteur intelligent de protection contre la combustion<\/p>\n<p>* 4\u00d72 fonctions de commutation multiples<\/p>\n<p>* Entr\u00e9e : 58,0 mm CC 5,0 V \/ 1,0 A<\/p>\n<p>* Capacit\u00e9 de la batterie : 2200 mAh<\/p>\n<p>* Type de batterie : Batterie lithium classe A EVE<\/p>\n<p>* Chambre premium avec technologie de chauffage par air (convection)<\/p>\n<p>* Temps de chauffage : 20 \u00e0 30 secondes<\/p>\n<p>* 2 r\u00e9glages de mode d'inhalation : Mode intensifi\u00e9 et mode doux<\/p>\n<p>* Indicateur de temp\u00e9rature : Clignotement = chauffage ; Lumi\u00e8re fixe = appareil pr\u00eat<\/p>\n<p>* 4 r\u00e9glages de plage de temp\u00e9rature : 338 \u00b0F, 356 \u00b0F, 374 \u00b0F et 410 \u00b0F<\/p>\n<p>* Port de charge Micro USB<\/p>\n<p>* Arr\u00eat automatique de s\u00e9curit\u00e9 apr\u00e8s 5 minutes<\/p>\n<p>* Nombre de cycles de recharge de la batterie : Plus de 300<\/p>\n<p>* Protections de s\u00e9curit\u00e9 : Protection contre la surcharge\/d\u00e9charge, protection contre les surintensit\u00e9s\/court-circuits, protection contre la surchauffe, protection contre la charge ouverte, protection contre les erreurs de capteur.<\/p>\n<p><strong>Le C Vapor 3.0 a \u00e9t\u00e9 am\u00e9lior\u00e9 avec une capacit\u00e9 de batterie de 2300 mAh. Pour l'utilisateur moyen, cela devrait \u00eatre largement suffisant pour une journ\u00e9e d'utilisation. Il dispose \u00e9galement d'une fonction de charge rapide, facilitant grandement le rechargement de l'appareil.<\/strong><\/p>\n<p>1re g\u00e9n\u00e9ration : Combustion \u2013 Bien que souvent appel\u00e9s vaporisateurs, ces appareils sont des pipes \u00e9lectroniques pratiques o\u00f9 une r\u00e9sistance chauffante au rouge br\u00fble la mati\u00e8re.<\/p>\n<p>2e et 3e g\u00e9n\u00e9rations : Conduction \u2013 La mati\u00e8re est chauff\u00e9e dans une chambre pour extraire la vapeur. Ces mod\u00e8les peuvent fonctionner correctement, mais comme seuls les c\u00f4t\u00e9s et le fond de la chambre sont chauff\u00e9s, la mati\u00e8re au centre ne se vaporise pas compl\u00e8tement, n\u00e9cessitant un brassage fr\u00e9quent. La chambre reste chaude, entra\u00eenant une perte d'efficacit\u00e9 car la vaporisation se poursuit entre les inhalations.<\/p>\n<p>4e g\u00e9n\u00e9ration : Convection \u2013 La technologie du Fenix. La chambre comporte des centaines de petits trous \u00e0 travers lesquels l'air chaud est aspir\u00e9, assurant une r\u00e9partition de chaleur plus uniforme dans la mati\u00e8re v\u00e9g\u00e9tale. Cela procure une saveur et une vapeur constantes, efficaces et savoureuses avec un brassage minimal. L'air chaud est principalement aspir\u00e9 \u00e0 travers la chambre lors de l'inhalation, minimisant ainsi les pertes d'efficacit\u00e9 entre les bouff\u00e9es.<\/p>\n<p><strong>Dur\u00e9e d'une Session : 240 secondes<\/strong><\/p>\n<p>&nbsp;<\/p>\n<p>* Vaporisateur \u00e0 convection Fenix<br \/>\n* Embuche<br \/>\n* Bol pour cires et huiles<\/p>\n<p>* C Vapor 3.0<br \/>\n* Outil pour cires<br \/>\n* Outil de Remplissage<\/p>\n<p><strong>\u00a0<\/strong><\/p>\n<p><strong>\u00a0<\/strong><strong>Garantie<\/strong><\/p>\n<p><strong>Tous les produits Weecke b\u00e9n\u00e9ficient d'une garantie constructeur de 6 mois.<\/strong><br \/>\nLa batterie dispose d'une garantie distincte de 180 jours.<\/p>\n<p>Pour faire valoir la garantie, veuillez vous munir d'une preuve d'achat et du coffret d'origine dans lequel l'appareil \u00e9tait livr\u00e9, car ils contiennent un code QR de s\u00e9curit\u00e9 n\u00e9cessaire \u00e0 la proc\u00e9dure de garantie. Si vous souhaitez engager une proc\u00e9dure de garantie, veuillez contacter votre magasin de vente.<\/p>","protected":false},"excerpt":{"rendered":"<p>Fenix est le vaporisateur \u00e0 herbes s\u00e8ches de quatri\u00e8me g\u00e9n\u00e9ration de WEECKE, succ\u00e9dant aux mod\u00e8les WEECKE, C Vapor I et Ispy. Il utilise un syst\u00e8me de chauffage par convection brevet\u00e9, totalement diff\u00e9rent des mod\u00e8les actuellement disponibles sur le march\u00e9. Son chauffage 100% par air permet \u00e0 l'utilisateur de profiter d'une vapeur pure et homog\u00e8ne en d\u00e9placement.<\/p>\n<ul>\n<li>DIMENSIONS : 111,0 mm \u00d7 28,0 mm<\/li>\n<li>DIMENSIONS : 50,5 mm * 26,0 mm * 118 mm<\/li>\n<li>Tension\/Courant de charge : 5 V \/ 2,5 A<\/li>\n<li>Verrouillage\/D\u00e9verrouillage : Appuyer rapidement 5 fois sur le bouton d'alimentation pour allumer\/\u00e9teindre avec retour haptique<\/li>\n<li>Verrouillage\/D\u00e9verrouillage : Appuyer rapidement 5 fois sur le bouton marche\/arr\u00eat avec retour haptique<\/li>\n<li>Plage de temp\u00e9rature : 338 \u00b0F, 356 \u00b0F, 374 \u00b0F et 410 \u00b0F<\/li>\n<li>Temps de charge : 2 heures<\/li>\n<\/ul>","protected":false},"featured_media":16124,"comment_status":"closed","ping_status":"closed","template":"","meta":[],"product_brand":[],"product_cat":[150],"product_tag":[],"class_list":{"0":"post-16224","1":"product","2":"type-product","3":"status-publish","4":"has-post-thumbnail","6":"product_cat-fenix-vaporizer","8":"first","9":"instock","10":"shipping-taxable","11":"product-type-simple"},"_links":{"self":[{"href":"https:\/\/weecke.com\/fr\/wp-json\/wp\/v2\/product\/16224","targetHints":{"allow":["GET"]}}],"collection":[{"href":"https:\/\/weecke.com\/fr\/wp-json\/wp\/v2\/product"}],"about":[{"href":"https:\/\/weecke.com\/fr\/wp-json\/wp\/v2\/types\/product"}],"replies":[{"embeddable":true,"href":"https:\/\/weecke.com\/fr\/wp-json\/wp\/v2\/comments?post=16224"}],"wp:featuredmedia":[{"embeddable":true,"href":"https:\/\/weecke.com\/fr\/wp-json\/wp\/v2\/media\/16124"}],"wp:attachment":[{"href":"https:\/\/weecke.com\/fr\/wp-json\/wp\/v2\/media?parent=16224"}],"wp:term":[{"taxonomy":"product_brand","embeddable":true,"href":"https:\/\/weecke.com\/fr\/wp-json\/wp\/v2\/product_brand?post=16224"},{"taxonomy":"product_cat","embeddable":true,"href":"https:\/\/weecke.com\/fr\/wp-json\/wp\/v2\/product_cat?post=16224"},{"taxonomy":"product_tag","embeddable":true,"href":"https:\/\/weecke.com\/fr\/wp-json\/wp\/v2\/product_tag?post=16224"}],"curies":[{"name":"wp","href":"https:\/\/api.w.org\/{rel}","templated":true}]}}