{"id":16212,"date":"2024-11-11T17:09:05","date_gmt":"2024-11-11T09:09:05","guid":{"rendered":"https:\/\/weecke.com\/?post_type=product&#038;p=16212"},"modified":"2024-11-15T17:25:12","modified_gmt":"2024-11-15T09:25:12","slug":"fenix-pro","status":"publish","type":"product","link":"https:\/\/weecke.com\/fr\/produit\/fenix-pro\/","title":{"rendered":"FENIX PRO"},"content":{"rendered":"<h3>Design \u00e9l\u00e9gant et moderne<\/h3>\n<p>Le FENiX Pro n'est pas seulement le vaporisateur \u00e0 herbes le plus avanc\u00e9 du march\u00e9, il poss\u00e8de \u00e9galement un design unique. Le bo\u00eetier noir \u00e9l\u00e9gant et l'embout buccal en verre noir extensible parach\u00e8vent son apparence.<\/p>\n<p>Le tout est conditionn\u00e9 dans des dimensions extr\u00eamement compactes de 5,2 cm * 2,5 cm * 8,4 cm (sans embout buccal en verre) et seulement 5,2 cm * 2,5 cm * 10,2 cm avec l'embout buccal en verre.<\/p>\n<h3>Innovation : technologie ECA brevet\u00e9e<\/h3>\n<p>ECA signifie \u201c Easy Care Airpath \u201d et constitue une innovation unique. Les conduits d'air et de chauffage ne sont plus cach\u00e9s dans l'appareil ; au contraire, vous pouvez les voir \u2013 plus pr\u00e9cis\u00e9ment, vous pouvez voir \u00e0 travers. Retirez l'unit\u00e9 de l'embout buccal de l'appareil et poussez le tamis \u00e0 l'aide de la tige magenta depuis le bas de l'appareil : le conduit de chauffage et d'air sera alors enti\u00e8rement expos\u00e9. Cela n'avait jamais \u00e9t\u00e9 vu auparavant !<\/p>\n<h3>ECA<\/h3>\n<p>Le conduit d'air \u00e9tant enti\u00e8rement visible, il est facile \u00e0 nettoyer. Finie l'\u00e9poque o\u00f9 l'on ne pouvait nettoyer que le tamis ou la chambre de chauffe, tandis que de petits r\u00e9sidus d'herbes disparaissaient \u00e0 l'int\u00e9rieur de l'appareil. Cela est d\u00e9sormais impossible avec le FENiX Pro. Le conduit d'air est exempt de tout r\u00e9sidu, ce qui le rend aussi facile \u00e0 nettoyer que jamais.<\/p>\n<h3>Grand \u00e9cran OLED haute d\u00e9finition pour une temp\u00e9rature r\u00e9glable librement, un minuteur r\u00e9glable librement, le niveau de batterie et une fonction de vibration<\/h3>\n<p>Le grand double affichage de 0,96 pouce affiche simultan\u00e9ment la temp\u00e9rature d\u00e9finie et la temp\u00e9rature r\u00e9elle (comme sur le FENiX 2.0). Mais ce n'est pas tout : l'affichage est divis\u00e9 en deux sections, indiquant les temp\u00e9ratures, le temps d\u00e9fini et le temps r\u00e9el, ainsi que le niveau de batterie. La partie sup\u00e9rieure de l'\u00e9cran est r\u00e9serv\u00e9e aux temp\u00e9ratures, et la partie inf\u00e9rieure aux dur\u00e9es.<\/p>\n<p>Le minuteur r\u00e9glable sur l'\u00e9cran double OLED du FENiX Pro vous permet de choisir une dur\u00e9e de vaporisation entre 3 et 6 minutes avant que l'appareil ne s'\u00e9teigne automatiquement. Vous pouvez suivre le temps restant et le compte \u00e0 rebours sur l'\u00e9cran et, si n\u00e9cessaire, prolonger ou raccourcir la dur\u00e9e \u2013 selon vos pr\u00e9f\u00e9rences !<\/p>\n<p>La fonction de vibration fournit les m\u00e9canismes d\u00e9j\u00e0 connus de retour haptique et signale l'atteinte de la temp\u00e9rature, la mise en marche et l'arr\u00eat, etc.<\/p>\n<h3>Chauffage rapide en moins de 30 secondes et \u00e9vaporation pr\u00e9cise au degr\u00e9 pr\u00e8s<\/h3>\n<p>Le contr\u00f4le pr\u00e9cis au degr\u00e9 pr\u00e8s dans les plages de 320 \u00b0F \u2013 428 \u00b0F \/ 160 \u00b0C \u2013 221 \u00b0C offre un contr\u00f4le total pour presque toutes les herbes. Le fabricant est un ma\u00eetre dans le d\u00e9veloppement de nouvelles technologies et figure, aux c\u00f4t\u00e9s d'une entreprise allemande renomm\u00e9e, parmi les d\u00e9tenteurs de la technologie de convection la plus avanc\u00e9e au monde. Bien s\u00fbr, cette exp\u00e9rience a \u00e9galement profit\u00e9 au FENiX Pro, c'est pourquoi sa technologie de convection fonctionne de mani\u00e8re encore plus pr\u00e9cise et fait briller les yeux de tout amateur de vaporisation. La vaporisation n'a jamais \u00e9t\u00e9 aussi performante !<\/p>\n<h3>Qualit\u00e9<\/h3>\n<p>Technologiquement leader, facile \u00e0 utiliser et extr\u00eamement maniable, aucun compromis n'a \u00e9t\u00e9 fait sur la qualit\u00e9 des mat\u00e9riaux. Les mat\u00e9riaux haut de gamme se voient, se sentent et se per\u00e7oivent au go\u00fbt. Une fois que vous avez eu, ou m\u00eame utilis\u00e9, le Fenix Pro, il ne fait aucun doute que ce vaporisateur \u00e0 convection r\u00e9volutionnaire offre des performances et une qualit\u00e9 exceptionnelles.<\/p>\n<p>&nbsp;<\/p>\n<p><strong>Dur\u00e9e d'une Session : 240 secondes<\/strong><\/p>\n<p>1 x Vaporisateur FENiX Pro<\/p>\n<p>1 x Joint torique et tamis pour embout buccal<\/p>\n<p>1 x Brosse de nettoyage pour conduit d'air<\/p>\n<p>1 x Brosse de nettoyage pour chambre<\/p>\n<p>1 x Tige pour chambre<\/p>\n<p>1 x C\u00e2ble USB<\/p>\n<p>1 x Manuel d'instructions en allemand et en anglais<\/p>\n<p>&nbsp;<\/p>\n<p>&nbsp;<\/p>\n<p><strong>Garantie<\/strong><\/p>\n<p><strong>Tous les produits Weecke sont garantis 12 mois par le fabricant.<\/strong><\/p>\n<p>Pour faire valoir la garantie, veuillez vous munir d'une preuve d'achat et du coffret d'origine dans lequel l'appareil \u00e9tait livr\u00e9, car ils contiennent un code QR de s\u00e9curit\u00e9 n\u00e9cessaire \u00e0 la proc\u00e9dure de garantie. Si vous souhaitez engager une proc\u00e9dure de garantie, veuillez contacter votre magasin de vente.<\/p>","protected":false},"excerpt":{"rendered":"<p>FENiX a lanc\u00e9 la 7\u1d49 g\u00e9n\u00e9ration de vaporisateurs, le FENiX Pro, dot\u00e9 de la technologie brevet\u00e9e ECA. Le FENiX Pro est \u00e0 la pointe de la technologie des vaporisateurs, et la technologie de convection ECA est aussi avanc\u00e9e qu'unique. Il n'a jamais \u00e9t\u00e9 aussi simple de vaporiser des herbes de mani\u00e8re plus efficace et plus confortable ! Le FENiX Pro est une r\u00e9volution ! Aucun autre vaporisateur ne combine avec autant de ma\u00eetrise l'innovation, le design, la maniabilit\u00e9 et la convivialit\u00e9.<\/p>\n<p><strong>DIMENSIONS<\/strong> : 5,2 cm * 2,5 cm * 8,4 cm<\/p>\n<p><strong>Capacit\u00e9 de la batterie<\/strong>: 2300 mAh<\/p>\n<p><strong>Tension\/Courant de charge<\/strong>: 5 V \/ 1,5 A<\/p>\n<p><strong>Verrouiller\/D\u00e9verrouiller<\/strong>: Appuyer rapidement 5 fois sur le bouton d'alimentation pour ON\/OFF avec retour haptique<\/p>\n<p><strong>Dimensions<\/strong>: 180 \u00e0 360 secondes, r\u00e9glable<\/p>\n<p><strong>Plage de Temp\u00e9rature<\/strong>: 160\u2013221 \u00b0C \/ 320\u2013430 \u00b0F<\/p>\n<p><strong>Temps de charge<\/strong>: 2 heures<\/p>\n<p>&nbsp;<\/p>","protected":false},"featured_media":16959,"comment_status":"closed","ping_status":"closed","template":"","meta":[],"product_brand":[],"product_cat":[150],"product_tag":[],"class_list":{"0":"post-16212","1":"product","2":"type-product","3":"status-publish","4":"has-post-thumbnail","6":"product_cat-fenix-vaporizer","8":"first","9":"instock","10":"shipping-taxable","11":"product-type-simple"},"_links":{"self":[{"href":"https:\/\/weecke.com\/fr\/wp-json\/wp\/v2\/product\/16212","targetHints":{"allow":["GET"]}}],"collection":[{"href":"https:\/\/weecke.com\/fr\/wp-json\/wp\/v2\/product"}],"about":[{"href":"https:\/\/weecke.com\/fr\/wp-json\/wp\/v2\/types\/product"}],"replies":[{"embeddable":true,"href":"https:\/\/weecke.com\/fr\/wp-json\/wp\/v2\/comments?post=16212"}],"wp:featuredmedia":[{"embeddable":true,"href":"https:\/\/weecke.com\/fr\/wp-json\/wp\/v2\/media\/16959"}],"wp:attachment":[{"href":"https:\/\/weecke.com\/fr\/wp-json\/wp\/v2\/media?parent=16212"}],"wp:term":[{"taxonomy":"product_brand","embeddable":true,"href":"https:\/\/weecke.com\/fr\/wp-json\/wp\/v2\/product_brand?post=16212"},{"taxonomy":"product_cat","embeddable":true,"href":"https:\/\/weecke.com\/fr\/wp-json\/wp\/v2\/product_cat?post=16212"},{"taxonomy":"product_tag","embeddable":true,"href":"https:\/\/weecke.com\/fr\/wp-json\/wp\/v2\/product_tag?post=16212"}],"curies":[{"name":"wp","href":"https:\/\/api.w.org\/{rel}","templated":true}]}}