{"id":16191,"date":"2024-11-11T17:02:06","date_gmt":"2024-11-11T09:02:06","guid":{"rendered":"https:\/\/weecke.com\/?post_type=product&#038;p=16191"},"modified":"2024-11-14T11:39:57","modified_gmt":"2024-11-14T03:39:57","slug":"weecke-rush","status":"publish","type":"product","link":"https:\/\/weecke.com\/fr\/produit\/weecke-rush\/","title":{"rendered":"WEECKE RUSH"},"content":{"rendered":"<p data-pm-slice=\"1 1 []\"><strong>Portable, Puissant, Innovant et Hautes Performances<\/strong><\/p>\n<h3><\/h3>\n<h3><strong>Caract\u00e9ristiques et Avantages<\/strong><\/h3>\n<ol>\n<li><strong>Syst\u00e8me de Filtre Unique<\/strong>: Les doubles filtres en silicone et c\u00e9ramique emp\u00eachent l'\u00e9chappement des particules tout en garantissant une vapeur douce et propre.<\/li>\n<li><strong>Entretien Facile<\/strong>: La conception innovante du filtre rend le nettoyage plus rapide et plus facile qu'avec les filtres m\u00e9talliques traditionnels, sans compromettre les performances ou le go\u00fbt.<\/li>\n<li><strong>Technologie de Chauffage Double<\/strong>: Le chauffage double avanc\u00e9 assure un chauffage plus uniforme et plus efficace pour une saveur de vapeur optimale et une utilisation prolong\u00e9e des herbes s\u00e8ches.<\/li>\n<li><strong>Embouchoires Polyvalentes<\/strong>: Choisissez entre des embouchoires uniques en c\u00e9ramique ou en silicone pour une exp\u00e9rience personnalis\u00e9e.<\/li>\n<li><strong>Chargeur Type-C Pratique<\/strong>: Charge rapide et fiable pour une exp\u00e9rience sans interruption.<\/li>\n<li><strong>Kit d'Accessoires Complet<\/strong>: Inclut une brosse de nettoyage, un outil de remplissage pour herbes s\u00e8ches et 2 grilles suppl\u00e9mentaires pour un entretien facile.<\/li>\n<\/ol>\n<p>&nbsp;<\/p>\n<p><img fetchpriority=\"high\" decoding=\"async\" class=\"aligncenter size-full wp-image-15615\" src=\"https:\/\/weecke.com\/wp-content\/uploads\/1-1.jpg\" alt=\"\" width=\"1920\" height=\"915\" srcset=\"https:\/\/weecke.com\/wp-content\/uploads\/1-1.jpg 1920w, https:\/\/weecke.com\/wp-content\/uploads\/1-1-500x238.jpg 500w, https:\/\/weecke.com\/wp-content\/uploads\/1-1-700x334.jpg 700w, https:\/\/weecke.com\/wp-content\/uploads\/1-1-300x143.jpg 300w, https:\/\/weecke.com\/wp-content\/uploads\/1-1-1024x488.jpg 1024w, https:\/\/weecke.com\/wp-content\/uploads\/1-1-768x366.jpg 768w, https:\/\/weecke.com\/wp-content\/uploads\/1-1-1536x732.jpg 1536w\" sizes=\"(max-width: 1920px) 100vw, 1920px\" \/> <img decoding=\"async\" class=\"aligncenter size-full wp-image-15613\" src=\"https:\/\/weecke.com\/wp-content\/uploads\/Dimensions_.png\" alt=\"\" width=\"1920\" height=\"1080\" srcset=\"https:\/\/weecke.com\/wp-content\/uploads\/Dimensions_.png 1920w, https:\/\/weecke.com\/wp-content\/uploads\/Dimensions_-500x281.png 500w, https:\/\/weecke.com\/wp-content\/uploads\/Dimensions_-700x394.png 700w, https:\/\/weecke.com\/wp-content\/uploads\/Dimensions_-300x169.png 300w, https:\/\/weecke.com\/wp-content\/uploads\/Dimensions_-1024x576.png 1024w, https:\/\/weecke.com\/wp-content\/uploads\/Dimensions_-768x432.png 768w, https:\/\/weecke.com\/wp-content\/uploads\/Dimensions_-1536x864.png 1536w\" sizes=\"(max-width: 1920px) 100vw, 1920px\" \/> <img decoding=\"async\" class=\"aligncenter size-full wp-image-15611\" src=\"https:\/\/weecke.com\/wp-content\/uploads\/Rush-detailed-Instruction_.png\" alt=\"\" width=\"1920\" height=\"1080\" srcset=\"https:\/\/weecke.com\/wp-content\/uploads\/Rush-detailed-Instruction_.png 1920w, https:\/\/weecke.com\/wp-content\/uploads\/Rush-detailed-Instruction_-500x281.png 500w, https:\/\/weecke.com\/wp-content\/uploads\/Rush-detailed-Instruction_-700x394.png 700w, https:\/\/weecke.com\/wp-content\/uploads\/Rush-detailed-Instruction_-300x169.png 300w, https:\/\/weecke.com\/wp-content\/uploads\/Rush-detailed-Instruction_-1024x576.png 1024w, https:\/\/weecke.com\/wp-content\/uploads\/Rush-detailed-Instruction_-768x432.png 768w, https:\/\/weecke.com\/wp-content\/uploads\/Rush-detailed-Instruction_-1536x864.png 1536w\" sizes=\"(max-width: 1920px) 100vw, 1920px\" \/> <img loading=\"lazy\" decoding=\"async\" class=\"aligncenter size-full wp-image-15603\" src=\"https:\/\/weecke.com\/wp-content\/uploads\/Temperature.jpg\" alt=\"\" width=\"1920\" height=\"1080\" srcset=\"https:\/\/weecke.com\/wp-content\/uploads\/Temperature.jpg 1920w, https:\/\/weecke.com\/wp-content\/uploads\/Temperature-500x281.jpg 500w, https:\/\/weecke.com\/wp-content\/uploads\/Temperature-700x394.jpg 700w, https:\/\/weecke.com\/wp-content\/uploads\/Temperature-300x169.jpg 300w, https:\/\/weecke.com\/wp-content\/uploads\/Temperature-1024x576.jpg 1024w, https:\/\/weecke.com\/wp-content\/uploads\/Temperature-768x432.jpg 768w, https:\/\/weecke.com\/wp-content\/uploads\/Temperature-1536x864.jpg 1536w\" sizes=\"(max-width: 1920px) 100vw, 1920px\" \/> <img loading=\"lazy\" decoding=\"async\" class=\"aligncenter size-full wp-image-15602\" src=\"https:\/\/weecke.com\/wp-content\/uploads\/session.jpg\" alt=\"\" width=\"1920\" height=\"1080\" srcset=\"https:\/\/weecke.com\/wp-content\/uploads\/session.jpg 1920w, https:\/\/weecke.com\/wp-content\/uploads\/session-500x281.jpg 500w, https:\/\/weecke.com\/wp-content\/uploads\/session-700x394.jpg 700w, https:\/\/weecke.com\/wp-content\/uploads\/session-300x169.jpg 300w, https:\/\/weecke.com\/wp-content\/uploads\/session-1024x576.jpg 1024w, https:\/\/weecke.com\/wp-content\/uploads\/session-768x432.jpg 768w, https:\/\/weecke.com\/wp-content\/uploads\/session-1536x864.jpg 1536w\" sizes=\"(max-width: 1920px) 100vw, 1920px\" \/> <img loading=\"lazy\" decoding=\"async\" class=\"aligncenter size-full wp-image-15601\" src=\"https:\/\/weecke.com\/wp-content\/uploads\/\u70df\u9505.gif\" alt=\"\" width=\"1920\" height=\"1080\" \/><\/p>\n<p>&nbsp;<\/p>\n<figure id=\"attachment_16626\" aria-describedby=\"caption-attachment-16626\" style=\"width: 1840px\" class=\"wp-caption aligncenter\"><img loading=\"lazy\" decoding=\"async\" class=\"size-full wp-image-16626\" src=\"https:\/\/weecke.com\/wp-content\/uploads\/rUsh-package1.jpg\" alt=\"\" width=\"1840\" height=\"1149\" srcset=\"https:\/\/weecke.com\/wp-content\/uploads\/rUsh-package1.jpg 1840w, https:\/\/weecke.com\/wp-content\/uploads\/rUsh-package1-300x187.jpg 300w, https:\/\/weecke.com\/wp-content\/uploads\/rUsh-package1-1024x639.jpg 1024w, https:\/\/weecke.com\/wp-content\/uploads\/rUsh-package1-768x480.jpg 768w, https:\/\/weecke.com\/wp-content\/uploads\/rUsh-package1-1536x959.jpg 1536w, https:\/\/weecke.com\/wp-content\/uploads\/rUsh-package1-500x312.jpg 500w, https:\/\/weecke.com\/wp-content\/uploads\/rUsh-package1-700x437.jpg 700w\" sizes=\"(max-width: 1840px) 100vw, 1840px\" \/><figcaption id=\"caption-attachment-16626\" class=\"wp-caption-text\">Pack Weecke Rush<\/figcaption><\/figure>","protected":false},"excerpt":{"rendered":"<p><strong>Le Rush<\/strong> Le vaporisateur est con\u00e7u pour une commodit\u00e9 et une efficacit\u00e9 ultimes. Il dispose d'un syst\u00e8me de filtre unique en silicone et c\u00e9ramique qui retient les particules tout en d\u00e9livrant une vapeur pure et savoureuse. Sa m\u00e9thode de chauffage double avanc\u00e9e chauffe uniform\u00e9ment les herbes s\u00e8ches, maximisant la saveur et prolongeant la dur\u00e9e de vie de vos herbes, offrant ainsi une exp\u00e9rience nettement sup\u00e9rieure \u00e0 celle des vaporisateurs traditionnels.<\/p>\n<ul>\n<li><strong>M\u00e9thode de Chauffage<\/strong>: Chauffage double<\/li>\n<li><strong>Adapt\u00e9 \u00e0<\/strong>: Mat\u00e9riaux secs<\/li>\n<li><strong>Circulation d'Air<\/strong>: L\u00e9g\u00e8re r\u00e9sistance \u00e0 l'air<\/li>\n<li><strong>Plage de Temp\u00e9rature<\/strong>: 160 \u00b0C \u2013 240 \u00b0C<\/li>\n<li><strong>R\u00e9gulation de Temp\u00e9rature<\/strong>: Pr\u00e9cise, r\u00e9glable par incr\u00e9ments de 1 \u00b0C<\/li>\n<li><strong>Chambre<\/strong>: Acier inoxydable<\/li>\n<li><strong>Capacit\u00e9<\/strong>: 0,3 g d'herbes s\u00e8ches en vrac<\/li>\n<li><strong>Vitesse de Chauffage<\/strong>: ~ 25 secondes<\/li>\n<li><strong>Batterie<\/strong>: 2300 mAh<\/li>\n<\/ul>","protected":false},"featured_media":16621,"comment_status":"closed","ping_status":"closed","template":"","meta":[],"product_brand":[],"product_cat":[149],"product_tag":[],"class_list":{"0":"post-16191","1":"product","2":"type-product","3":"status-publish","4":"has-post-thumbnail","6":"product_cat-weecke-vaporizer","8":"first","9":"instock","10":"shipping-taxable","11":"product-type-simple"},"_links":{"self":[{"href":"https:\/\/weecke.com\/fr\/wp-json\/wp\/v2\/product\/16191","targetHints":{"allow":["GET"]}}],"collection":[{"href":"https:\/\/weecke.com\/fr\/wp-json\/wp\/v2\/product"}],"about":[{"href":"https:\/\/weecke.com\/fr\/wp-json\/wp\/v2\/types\/product"}],"replies":[{"embeddable":true,"href":"https:\/\/weecke.com\/fr\/wp-json\/wp\/v2\/comments?post=16191"}],"wp:featuredmedia":[{"embeddable":true,"href":"https:\/\/weecke.com\/fr\/wp-json\/wp\/v2\/media\/16621"}],"wp:attachment":[{"href":"https:\/\/weecke.com\/fr\/wp-json\/wp\/v2\/media?parent=16191"}],"wp:term":[{"taxonomy":"product_brand","embeddable":true,"href":"https:\/\/weecke.com\/fr\/wp-json\/wp\/v2\/product_brand?post=16191"},{"taxonomy":"product_cat","embeddable":true,"href":"https:\/\/weecke.com\/fr\/wp-json\/wp\/v2\/product_cat?post=16191"},{"taxonomy":"product_tag","embeddable":true,"href":"https:\/\/weecke.com\/fr\/wp-json\/wp\/v2\/product_tag?post=16191"}],"curies":[{"name":"wp","href":"https:\/\/api.w.org\/{rel}","templated":true}]}}