{"id":17249,"date":"2025-05-15T15:48:40","date_gmt":"2025-05-15T07:48:40","guid":{"rendered":"https:\/\/weecke.com\/?post_type=product&#038;p=17249"},"modified":"2025-05-19T09:45:36","modified_gmt":"2025-05-19T01:45:36","slug":"weecke-puzzle","status":"publish","type":"product","link":"https:\/\/weecke.com\/es\/producto\/weecke-puzzle\/","title":{"rendered":"WEECKE PUZZLE"},"content":{"rendered":"<p data-start=\"64\" data-end=\"81\"><strong data-start=\"64\" data-end=\"81\">Caracter\u00edsticas Principales:<\/strong><\/p>\n<ul data-start=\"83\" data-end=\"927\">\n<li data-start=\"83\" data-end=\"185\">\n<p data-start=\"85\" data-end=\"185\"><strong data-start=\"85\" data-end=\"108\">Sistema de Calentamiento Dual<\/strong>: Garantiza un calentamiento uniforme y constante, proporcionando un vapor suave y lleno de sabor.<\/p>\n<\/li>\n<li data-start=\"186\" data-end=\"290\">\n<p data-start=\"188\" data-end=\"290\"><strong data-start=\"188\" data-end=\"208\">C\u00e1mara de Titanio<\/strong>: Excelente retenci\u00f3n de calor y pureza, mejorando el sabor y la experiencia general.<\/p>\n<\/li>\n<li data-start=\"291\" data-end=\"393\">\n<p data-start=\"293\" data-end=\"393\"><strong data-start=\"293\" data-end=\"322\">Pantalla Digital<\/strong>: Una vibrante pantalla digital proporciona un control claro y en tiempo real de su sesi\u00f3n.<\/p>\n<\/li>\n<li data-start=\"394\" data-end=\"495\">\n<p data-start=\"396\" data-end=\"495\"><strong data-start=\"396\" data-end=\"424\">Control Total de Temperatura<\/strong>: Ajuste preciso desde 320\u00b0F hasta 446\u00b0F para una experiencia personalizada.<\/p>\n<\/li>\n<li data-start=\"496\" data-end=\"586\">\n<p data-start=\"498\" data-end=\"586\"><strong data-start=\"498\" data-end=\"525\">Tiempo de Sesi\u00f3n Ajustable<\/strong>: Establezca la duraci\u00f3n de su sesi\u00f3n entre 3 y 5 minutos seg\u00fan sea necesario.<\/p>\n<\/li>\n<li data-start=\"587\" data-end=\"664\">\n<p data-start=\"589\" data-end=\"664\"><strong data-start=\"589\" data-end=\"613\">Tiempo de Calentamiento R\u00e1pido<\/strong>: Se calienta r\u00e1pidamente, estando listo para vaporizar en segundos.<\/p>\n<\/li>\n<li data-start=\"665\" data-end=\"742\">\n<p data-start=\"667\" data-end=\"742\"><strong data-start=\"667\" data-end=\"692\">Boquilla de Vidrio<\/strong>: Preserva el sabor y garantiza caladas frescas y suaves.<\/p>\n<\/li>\n<li data-start=\"743\" data-end=\"824\">\n<p data-start=\"745\" data-end=\"824\"><strong data-start=\"745\" data-end=\"766\">Ruta de Aire Aislada<\/strong>: Vapor puro y limpio, libre de interferencias electr\u00f3nicas.<\/p>\n<\/li>\n<li data-start=\"825\" data-end=\"927\">\n<p data-start=\"827\" data-end=\"927\"><strong data-start=\"827\" data-end=\"851\">Bater\u00eda de Larga Duraci\u00f3n<\/strong>: Bater\u00eda integrada de 2100mAh que ofrece un uso prolongado y un rendimiento confiable.<\/p>\n<\/li>\n<\/ul>","protected":false},"excerpt":{"rendered":"<p data-start=\"122\" data-end=\"373\">Desbloquee un nuevo nivel en vaporizaci\u00f3n con el WEECKE PUZZLE, dise\u00f1ado para quienes exigen precisi\u00f3n, potencia y estilo. Con tecnolog\u00eda de calentamiento avanzada y un dise\u00f1o elegante, este vaporizador ofrece una experiencia inigualable.<\/p>\n<ul data-start=\"379\" data-end=\"922\">\n<li data-start=\"379\" data-end=\"413\">\n<p data-start=\"381\" data-end=\"413\"><strong data-start=\"381\" data-end=\"399\">M\u00e9todo de Calentamiento<\/strong>: Calentamiento dual<\/p>\n<\/li>\n<li data-start=\"414\" data-end=\"441\">\n<p data-start=\"416\" data-end=\"441\"><strong data-start=\"416\" data-end=\"427\">Adecuado para<\/strong>: Material seco<\/p>\n<\/li>\n<li data-start=\"442\" data-end=\"497\"><strong data-start=\"500\" data-end=\"514\">Rango de temperatura<\/strong>: 160\u00b0C \u2013 230\u00b0C (320\u00b0F \u2013 446\u00b0F)<\/li>\n<li data-start=\"546\" data-end=\"613\">\n<p data-start=\"548\" data-end=\"613\"><strong data-start=\"548\" data-end=\"574\">Regulaci\u00f3n de temperatura<\/strong>: Preciso, ajustable en incrementos de 1\u00b0C<\/p>\n<\/li>\n<li data-start=\"614\" data-end=\"676\">\n<p data-start=\"616\" data-end=\"676\"><strong data-start=\"616\" data-end=\"627\">C\u00e1mara<\/strong>: Titanio para una retenci\u00f3n de calor y sabor superiores<\/p>\n<\/li>\n<li data-start=\"677\" data-end=\"729\">\n<p data-start=\"679\" data-end=\"729\"><strong data-start=\"679\" data-end=\"690\">Bater\u00eda<\/strong>: 2100 mAh para un rendimiento duradero<\/p>\n<\/li>\n<li data-start=\"730\" data-end=\"805\">\n<p data-start=\"732\" data-end=\"805\"><strong data-start=\"732\" data-end=\"759\">Tiempo de Trabajo Ajustable<\/strong>: 3-5 minutos, personalizable seg\u00fan su preferencia<\/p>\n<\/li>\n<li data-start=\"806\" data-end=\"867\">\n<p data-start=\"808\" data-end=\"867\"><strong data-start=\"808\" data-end=\"819\">Pantalla<\/strong>: Pantalla digital para un control de temperatura sencillo<\/p>\n<\/li>\n<li data-start=\"868\" data-end=\"922\">\n<p data-start=\"870\" data-end=\"922\"><strong data-start=\"870\" data-end=\"882\">Carga<\/strong>: Tipo-C para una recarga r\u00e1pida y conveniente<\/p>\n<\/li>\n<\/ul>\n<p data-start=\"915\" data-end=\"1002\">Perfecto para quienes buscan un rendimiento de primer nivel, innovaci\u00f3n y estilo en cada sesi\u00f3n.<\/p>","protected":false},"featured_media":17252,"comment_status":"closed","ping_status":"closed","template":"","meta":[],"product_brand":[],"product_cat":[149],"product_tag":[],"class_list":{"0":"post-17249","1":"product","2":"type-product","3":"status-publish","4":"has-post-thumbnail","6":"product_cat-weecke-vaporizer","8":"first","9":"instock","10":"shipping-taxable","11":"product-type-simple"},"_links":{"self":[{"href":"https:\/\/weecke.com\/es\/wp-json\/wp\/v2\/product\/17249","targetHints":{"allow":["GET"]}}],"collection":[{"href":"https:\/\/weecke.com\/es\/wp-json\/wp\/v2\/product"}],"about":[{"href":"https:\/\/weecke.com\/es\/wp-json\/wp\/v2\/types\/product"}],"replies":[{"embeddable":true,"href":"https:\/\/weecke.com\/es\/wp-json\/wp\/v2\/comments?post=17249"}],"wp:featuredmedia":[{"embeddable":true,"href":"https:\/\/weecke.com\/es\/wp-json\/wp\/v2\/media\/17252"}],"wp:attachment":[{"href":"https:\/\/weecke.com\/es\/wp-json\/wp\/v2\/media?parent=17249"}],"wp:term":[{"taxonomy":"product_brand","embeddable":true,"href":"https:\/\/weecke.com\/es\/wp-json\/wp\/v2\/product_brand?post=17249"},{"taxonomy":"product_cat","embeddable":true,"href":"https:\/\/weecke.com\/es\/wp-json\/wp\/v2\/product_cat?post=17249"},{"taxonomy":"product_tag","embeddable":true,"href":"https:\/\/weecke.com\/es\/wp-json\/wp\/v2\/product_tag?post=17249"}],"curies":[{"name":"wp","href":"https:\/\/api.w.org\/{rel}","templated":true}]}}