{"id":16661,"date":"2024-11-14T11:56:28","date_gmt":"2024-11-14T03:56:28","guid":{"rendered":"https:\/\/weecke.com\/?post_type=product&#038;p=16661"},"modified":"2025-11-18T21:31:57","modified_gmt":"2025-11-18T13:31:57","slug":"c-vapor-6-0","status":"publish","type":"product","link":"https:\/\/weecke.com\/es\/producto\/c-vapor-6-0\/","title":{"rendered":"WEECKE C VAPOR 6.0"},"content":{"rendered":"<h3 class=\"wp-block-heading\"><strong>Por qu\u00e9 los distribuidores adoran el C Vapor 6<\/strong><\/h3>\n\n\n\n<ul class=\"wp-block-list\">\n<li><strong>**Dise\u00f1o modular de mantenimiento**<\/strong>: Boquilla y componentes de calentamiento f\u00e1ciles de desmontar ahorran tiempo y mano de obra, perfectos para uso diario.<\/li>\n\n\n\n<li><strong>**Ruta de aire completamente aislada**<\/strong>: Garantiza un vapor limpio y puro, sin sabor a quemado.<\/li>\n\n\n\n<li><strong>**Control de un bot\u00f3n**<\/strong>: Interfaz simple con retroalimentaci\u00f3n h\u00e1ptica, ideal para principiantes.<\/li>\n\n\n\n<li><strong>**Calentamiento preciso**<\/strong>: Elija entre 4 temperaturas preestablecidas (392\u00b0F \u2013 446\u00b0F \/ 200-230\u00b0C).<\/li>\n\n\n\n<li><strong>**Calentamiento r\u00e1pido**<\/strong>: Se calienta en segundos y vibra cuando est\u00e1 listo.<\/li>\n\n\n\n<li><strong>**Bater\u00eda de alta calidad**<\/strong>: 2600 mAh, carga r\u00e1pida USB-C (5V\/2A).<\/li>\n\n\n\n<li><strong>**Temporizador de sesi\u00f3n autom\u00e1tico**<\/strong>: Corte autom\u00e1tico a los 5 minutos para seguridad y conservaci\u00f3n de la bater\u00eda.<\/li>\n<\/ul>\n\n\n\n<figure class=\"wp-block-image size-full\"><a href=\"https:\/\/weecke.com\/wp-content\/uploads\/C-Vapor-6.0.jpg\"><img fetchpriority=\"high\" decoding=\"async\" width=\"800\" height=\"800\" src=\"https:\/\/weecke.com\/wp-content\/uploads\/C-Vapor-6.0.jpg\" alt=\"\" class=\"wp-image-17383\" srcset=\"https:\/\/weecke.com\/wp-content\/uploads\/C-Vapor-6.0.jpg 800w, https:\/\/weecke.com\/wp-content\/uploads\/C-Vapor-6.0-300x300.jpg 300w, https:\/\/weecke.com\/wp-content\/uploads\/C-Vapor-6.0-150x150.jpg 150w, https:\/\/weecke.com\/wp-content\/uploads\/C-Vapor-6.0-768x768.jpg 768w, https:\/\/weecke.com\/wp-content\/uploads\/C-Vapor-6.0-500x500.jpg 500w, https:\/\/weecke.com\/wp-content\/uploads\/C-Vapor-6.0-700x700.jpg 700w, https:\/\/weecke.com\/wp-content\/uploads\/C-Vapor-6.0-100x100.jpg 100w\" sizes=\"(max-width: 800px) 100vw, 800px\" \/><\/a><\/figure>\n\n\n\n<figure class=\"wp-block-image size-full\"><a href=\"https:\/\/weecke.com\/wp-content\/uploads\/C-Vapor-6.0-with-modular-design.jpg\"><img decoding=\"async\" width=\"800\" height=\"800\" src=\"https:\/\/weecke.com\/wp-content\/uploads\/C-Vapor-6.0-with-modular-design.jpg\" alt=\"\" class=\"wp-image-17382\" srcset=\"https:\/\/weecke.com\/wp-content\/uploads\/C-Vapor-6.0-with-modular-design.jpg 800w, https:\/\/weecke.com\/wp-content\/uploads\/C-Vapor-6.0-with-modular-design-300x300.jpg 300w, https:\/\/weecke.com\/wp-content\/uploads\/C-Vapor-6.0-with-modular-design-150x150.jpg 150w, https:\/\/weecke.com\/wp-content\/uploads\/C-Vapor-6.0-with-modular-design-768x768.jpg 768w, https:\/\/weecke.com\/wp-content\/uploads\/C-Vapor-6.0-with-modular-design-500x500.jpg 500w, https:\/\/weecke.com\/wp-content\/uploads\/C-Vapor-6.0-with-modular-design-700x700.jpg 700w, https:\/\/weecke.com\/wp-content\/uploads\/C-Vapor-6.0-with-modular-design-100x100.jpg 100w\" sizes=\"(max-width: 800px) 100vw, 800px\" \/><\/a><\/figure>\n\n\n\n<figure class=\"wp-block-image size-full\"><a href=\"https:\/\/weecke.com\/wp-content\/uploads\/Bottom-View-of-C-Vapor-6.0.jpg\"><img decoding=\"async\" width=\"800\" height=\"800\" src=\"https:\/\/weecke.com\/wp-content\/uploads\/Bottom-View-of-C-Vapor-6.0.jpg\" alt=\"\" class=\"wp-image-17381\" srcset=\"https:\/\/weecke.com\/wp-content\/uploads\/Bottom-View-of-C-Vapor-6.0.jpg 800w, https:\/\/weecke.com\/wp-content\/uploads\/Bottom-View-of-C-Vapor-6.0-300x300.jpg 300w, https:\/\/weecke.com\/wp-content\/uploads\/Bottom-View-of-C-Vapor-6.0-150x150.jpg 150w, https:\/\/weecke.com\/wp-content\/uploads\/Bottom-View-of-C-Vapor-6.0-768x768.jpg 768w, https:\/\/weecke.com\/wp-content\/uploads\/Bottom-View-of-C-Vapor-6.0-500x500.jpg 500w, https:\/\/weecke.com\/wp-content\/uploads\/Bottom-View-of-C-Vapor-6.0-700x700.jpg 700w, https:\/\/weecke.com\/wp-content\/uploads\/Bottom-View-of-C-Vapor-6.0-100x100.jpg 100w\" sizes=\"(max-width: 800px) 100vw, 800px\" \/><\/a><\/figure>\n\n\n\n<h3 class=\"wp-block-heading\"><strong>Contenido de la caja<\/strong><\/h3>\n\n\n\n<ul class=\"wp-block-list\">\n<li>Dispositivo C Vapor 6<\/li>\n\n\n\n<li>Cable de carga USB-C<\/li>\n\n\n\n<li>Filtro de malla de cer\u00e1mica<\/li>\n\n\n\n<li>Anillo de silicona<\/li>\n\n\n\n<li>Cepillos de limpieza<\/li>\n\n\n\n<li>Separador de papel<\/li>\n\n\n\n<li>Manual de usuario<\/li>\n<\/ul>","protected":false},"excerpt":{"rendered":"<p data-start=\"112\" data-end=\"164\"><em data-start=\"112\" data-end=\"164\">Compacto. Limpio. Listo para personalizar. Dise\u00f1ado para uso diario.<\/em><\/p>\n<p data-start=\"166\" data-end=\"420\">No solo busca un vaporizador de hierbas sueltas, sino un producto confiable, f\u00e1cil de usar, f\u00e1cil de mantener y construido para durar. Ya sea distribuidor, propietario de marca o vendedor en l\u00ednea, el <strong data-start=\"380\" data-end=\"393\">C Vapor 6<\/strong> est\u00e1 hecho para su negocio.<\/p>\n<p data-start=\"422\" data-end=\"775\">Dise\u00f1ado con una estructura semimodular, el C Vapor 6 facilita la limpieza, reparaci\u00f3n y sustituci\u00f3n de piezas como nunca. La unidad de boquilla, la unidad de bater\u00eda y la unidad de c\u00e1mara se desmontan r\u00e1pidamente, minimizando el tiempo de inactividad y maximizando la satisfacci\u00f3n. Esto tambi\u00e9n significa menos quejas, menores tasas de devoluci\u00f3n y un producto que permanece fresco m\u00e1s tiempo en el estante.<\/p>\n<p data-start=\"777\" data-end=\"1063\">Con 4 niveles de temperatura optimizados, una bater\u00eda de larga duraci\u00f3n de 2600 mAh y una ruta de aire completamente aislada, obtendr\u00e1 vapor puro sin combusti\u00f3n, solo un sabor suave de principio a fin. Compacto, potente y f\u00e1cil de usar, el C Vapor 6 es una elecci\u00f3n inteligente para usuarios serios de hierbas secas y tabaco suelto.<\/p>\n<ul>\n<li data-start=\"1761\" data-end=\"1812\">\n<p data-start=\"1763\" data-end=\"1812\"><strong data-start=\"1763\" data-end=\"1784\">Rango de Temperatura<\/strong>**Temperatura**: 200\u00b0C \/392\u00b0F, 210\u00b0C\/410\u00b0F, 220\u00b0C\/428\u00b0F, 230\u00b0C\/446\u00b0F<\/p>\n<\/li>\n<li data-start=\"1813\" data-end=\"1846\">\n<p data-start=\"1815\" data-end=\"1846\"><strong data-start=\"1815\" data-end=\"1826\">Bater\u00eda<\/strong>**Bater\u00eda**: Li-Pol\u00edmero 2600 mAh<\/p>\n<\/li>\n<li data-start=\"1847\" data-end=\"1883\">\n<p data-start=\"1849\" data-end=\"1883\"><strong data-start=\"1849\" data-end=\"1861\">Carga<\/strong>**Carga**: USB-C, menos de 2 horas<\/p>\n<\/li>\n<li data-start=\"1884\" data-end=\"1906\">\n<p data-start=\"1886\" data-end=\"1906\"><strong data-start=\"1886\" data-end=\"1894\">Tama\u00f1o<\/strong>**Dimensiones**: 79\u00d754\u00d727 mm<\/p>\n<\/li>\n<li data-start=\"1907\" data-end=\"1938\">\n<p data-start=\"1909\" data-end=\"1938\"><strong data-start=\"1909\" data-end=\"1925\">Duraci\u00f3n de la Sesi\u00f3n<\/strong>**Temporizador de sesi\u00f3n**: 300 segundos<\/p>\n<\/li>\n<li data-start=\"1939\" data-end=\"2003\">\n<p data-start=\"1941\" data-end=\"2003\"><strong data-start=\"1941\" data-end=\"1951\">Seguridad<\/strong>**Protecciones**: Sobre carga, cortocircuito, sobrecalentamiento y otras 5 protecciones<\/p>\n<\/li>\n<\/ul>\n<p data-start=\"777\" data-end=\"1063\">\u00a0<\/p>","protected":false},"featured_media":17397,"comment_status":"closed","ping_status":"closed","template":"","meta":[],"product_brand":[],"product_cat":[149],"product_tag":[],"class_list":{"0":"post-16661","1":"product","2":"type-product","3":"status-publish","4":"has-post-thumbnail","6":"product_cat-weecke-vaporizer","8":"first","9":"instock","10":"shipping-taxable","11":"product-type-simple"},"_links":{"self":[{"href":"https:\/\/weecke.com\/es\/wp-json\/wp\/v2\/product\/16661","targetHints":{"allow":["GET"]}}],"collection":[{"href":"https:\/\/weecke.com\/es\/wp-json\/wp\/v2\/product"}],"about":[{"href":"https:\/\/weecke.com\/es\/wp-json\/wp\/v2\/types\/product"}],"replies":[{"embeddable":true,"href":"https:\/\/weecke.com\/es\/wp-json\/wp\/v2\/comments?post=16661"}],"wp:featuredmedia":[{"embeddable":true,"href":"https:\/\/weecke.com\/es\/wp-json\/wp\/v2\/media\/17397"}],"wp:attachment":[{"href":"https:\/\/weecke.com\/es\/wp-json\/wp\/v2\/media?parent=16661"}],"wp:term":[{"taxonomy":"product_brand","embeddable":true,"href":"https:\/\/weecke.com\/es\/wp-json\/wp\/v2\/product_brand?post=16661"},{"taxonomy":"product_cat","embeddable":true,"href":"https:\/\/weecke.com\/es\/wp-json\/wp\/v2\/product_cat?post=16661"},{"taxonomy":"product_tag","embeddable":true,"href":"https:\/\/weecke.com\/es\/wp-json\/wp\/v2\/product_tag?post=16661"}],"curies":[{"name":"wp","href":"https:\/\/api.w.org\/{rel}","templated":true}]}}