{"id":16224,"date":"2024-11-11T17:10:23","date_gmt":"2024-11-11T09:10:23","guid":{"rendered":"https:\/\/weecke.com\/?post_type=product&#038;p=16224"},"modified":"2024-11-15T16:51:35","modified_gmt":"2024-11-15T08:51:35","slug":"fenix-classic","status":"publish","type":"product","link":"https:\/\/weecke.com\/es\/producto\/fenix-classic\/","title":{"rendered":"FENIX CLASSIC"},"content":{"rendered":"<p><strong>Ventajas y caracter\u00edsticas<\/strong><\/p>\n<ol>\n<li>Tecnolog\u00eda patentada de calentamiento por flujo de convecci\u00f3n, calentamiento por aire 100%, vapor puro.<\/li>\n<li>Identificaci\u00f3n Inteligente de Vapor Especial: Con esta funci\u00f3n, el usuario puede disfrutar de vapor instant\u00e1neo y uniforme en cualquier momento.<\/li>\n<li>Conducto de aire completamente aislado: al usar el dispositivo, el aire ingresa directamente a la c\u00e1mara a trav\u00e9s de un conducto de metal de grado alimenticio, garantizando seguridad.<\/li>\n<li>Incluye copa para ceras y aceites, compatible con hierbas secas, ceras y aceites.<\/li>\n<li>Boquilla extra\u00edble y lavable con tecnolog\u00eda magn\u00e9tica, de dise\u00f1o moderno.<\/li>\n<li>Se aceptan servicios OEM y ODM.<\/li>\n<\/ol>\n<p><strong>Caracter\u00edsticas\u00a0<\/strong><\/p>\n<p>*Tecnolog\u00eda de Convecci\u00f3n Paralela<\/p>\n<p>*M\u00f3dulo Inteligente de Identificaci\u00f3n de Calada (vapor instant\u00e1neo)<\/p>\n<p>*Protecci\u00f3n con sensor inteligente anti-combusti\u00f3n<\/p>\n<p>*Funciones Multi-Shift 4\u00d72<\/p>\n<p>*Entrada: 58,0 mm, DC 5,0 V \/ 1,0 A<\/p>\n<p>*Capacidad de la bater\u00eda: 2200 mAh<\/p>\n<p>*Tipo de bater\u00eda: Bater\u00eda de litio Clase A EVE<\/p>\n<p>*C\u00e1mara premium con tecnolog\u00eda de calentamiento por aire (convecci\u00f3n)<\/p>\n<p>*Tiempo de calentamiento: 20 \u2013 30 segundos<\/p>\n<p>*2 modos de inhalaci\u00f3n: Modo Intenso y Modo Suave<\/p>\n<p>*Indicador de temperatura: Parpadeo: Calentando; Luz fija: Dispositivo listo<\/p>\n<p>*4 rangos de control de temperatura: 338\u00b0F, 356\u00b0F, 374\u00b0F y 410\u00b0F<\/p>\n<p>*Puerto de carga Micro USB<\/p>\n<p>*Apagado autom\u00e1tico de seguridad a los 5 minutos<\/p>\n<p>*Ciclos de recarga de la bater\u00eda: M\u00e1s de 300<\/p>\n<p>*Protecciones de seguridad: Protecci\u00f3n contra sobrecarga\/descarga excesiva, protecci\u00f3n contra sobrecorriente\/cortocircuito, protecci\u00f3n contra sobrecalentamiento, protecci\u00f3n contra carga abierta, protecci\u00f3n por error del sensor.<\/p>\n<p><strong>Las Generaciones del Vaporizador<\/strong><\/p>\n<p>1\u00aa: Combusti\u00f3n: Aunque a menudo se les llama vaporizadores, estos dispositivos son pipas electr\u00f3nicas pr\u00e1cticas en las que una resistencia al rojo vivo combustiona el material.<\/p>\n<p>2\u00aa y 3\u00aa: Conducci\u00f3n: El material se calienta en una c\u00e1mara para extraer el vapor. Pueden funcionar bien, pero dado que solo se calientan los lados y el fondo de la c\u00e1mara, el material del centro no se vaporiza completamente, requiriendo agitarlo con frecuencia. La c\u00e1mara permanece caliente, por lo que se pierde eficiencia ya que sigue vaporizando entre caladas.<\/p>\n<p>4\u00aa: Convecci\u00f3n: La tecnolog\u00eda del Fenix. La c\u00e1mara tiene cientos de peque\u00f1os orificios por los que se introduce aire caliente, logrando una distribuci\u00f3n de calor m\u00e1s uniforme en el material herb\u00e1ceo. Esto proporciona un sabor y vapor consistentes, eficientes y sabrosos con una agitaci\u00f3n m\u00ednima. El aire caliente se introduce principalmente en la c\u00e1mara al inhalar, por lo que la p\u00e9rdida de eficiencia entre caladas es m\u00ednima.<\/p>\n<p><strong>\u00bfQu\u00e9 incluye?<\/strong><\/p>\n<p>&nbsp;<\/p>\n<p>*Vaporizador por Convecci\u00f3n Fenix<br \/>\n*Boquilla<br \/>\n*Copa para Ceras y Aceites<\/p>\n<p>*Cepillo de limpieza<br \/>\n*Herramienta para ceras<br \/>\n*Filtros y Anillos de Silicona<\/p>\n<p><strong>\u00a0<\/strong><\/p>\n<p><strong>\u00a0<\/strong><strong>Garant\u00eda<\/strong><\/p>\n<p><strong>Todos los productos Weecke cuentan con una garant\u00eda del fabricante de 6 meses.<\/strong><br \/>\nExiste una garant\u00eda separada de 180 d\u00edas para la bater\u00eda.<\/p>\n<p>Para hacer v\u00e1lida la garant\u00eda, es necesario presentar el comprobante de compra y la caja original del producto, ya que contienen un c\u00f3digo QR de seguridad necesario para el proceso de garant\u00eda. Si desea iniciar el proceso de garant\u00eda, p\u00f3ngase en contacto con su tienda minorista.<\/p>","protected":false},"excerpt":{"rendered":"<p>Fenix es el vaporizador de hierbas secas de cuarta generaci\u00f3n de WEECKE, sucesor de los modelos WEECKE, C Vapor I e Ispy. Utiliza un sistema de calentamiento por convecci\u00f3n patentado, completamente diferente a los modelos actuales del mercado. Su tecnolog\u00eda 100% de calentamiento por aire permite al usuario disfrutar de un vapor puro y uniforme en cualquier lugar.<\/p>\n<ul>\n<li>TAMA\u00d1O: 111,0 mm * 28,0 mm<\/li>\n<li>Capacidad de la bater\u00eda: 2300 mAh<\/li>\n<li>Voltaje\/Corriente de carga: 5 V \/ 2,5 A<\/li>\n<li>Bloqueo\/Desbloqueo: Presionar r\u00e1pidamente 5 veces el bot\u00f3n de encendido para activar\/desactivar, con retroceso t\u00e1ctil<\/li>\n<li>Tiempo de sesi\u00f3n: 240 segundos<\/li>\n<li>Rango de temperaturas: 338\u00b0F, 356\u00b0F, 374\u00b0F y 410\u00b0F<\/li>\n<li>Tiempo de carga: 2 horas<\/li>\n<\/ul>","protected":false},"featured_media":16124,"comment_status":"closed","ping_status":"closed","template":"","meta":[],"product_brand":[],"product_cat":[150],"product_tag":[],"class_list":{"0":"post-16224","1":"product","2":"type-product","3":"status-publish","4":"has-post-thumbnail","6":"product_cat-fenix-vaporizer","8":"first","9":"instock","10":"shipping-taxable","11":"product-type-simple"},"_links":{"self":[{"href":"https:\/\/weecke.com\/es\/wp-json\/wp\/v2\/product\/16224","targetHints":{"allow":["GET"]}}],"collection":[{"href":"https:\/\/weecke.com\/es\/wp-json\/wp\/v2\/product"}],"about":[{"href":"https:\/\/weecke.com\/es\/wp-json\/wp\/v2\/types\/product"}],"replies":[{"embeddable":true,"href":"https:\/\/weecke.com\/es\/wp-json\/wp\/v2\/comments?post=16224"}],"wp:featuredmedia":[{"embeddable":true,"href":"https:\/\/weecke.com\/es\/wp-json\/wp\/v2\/media\/16124"}],"wp:attachment":[{"href":"https:\/\/weecke.com\/es\/wp-json\/wp\/v2\/media?parent=16224"}],"wp:term":[{"taxonomy":"product_brand","embeddable":true,"href":"https:\/\/weecke.com\/es\/wp-json\/wp\/v2\/product_brand?post=16224"},{"taxonomy":"product_cat","embeddable":true,"href":"https:\/\/weecke.com\/es\/wp-json\/wp\/v2\/product_cat?post=16224"},{"taxonomy":"product_tag","embeddable":true,"href":"https:\/\/weecke.com\/es\/wp-json\/wp\/v2\/product_tag?post=16224"}],"curies":[{"name":"wp","href":"https:\/\/api.w.org\/{rel}","templated":true}]}}