{"id":16212,"date":"2024-11-11T17:09:05","date_gmt":"2024-11-11T09:09:05","guid":{"rendered":"https:\/\/weecke.com\/?post_type=product&#038;p=16212"},"modified":"2024-11-15T17:25:12","modified_gmt":"2024-11-15T09:25:12","slug":"fenix-pro","status":"publish","type":"product","link":"https:\/\/weecke.com\/es\/producto\/fenix-pro\/","title":{"rendered":"FENIX PRO"},"content":{"rendered":"<h3>Dise\u00f1o elegante y moderno<\/h3>\n<p>El FENiX Pro no solo es el vaporizador de hierbas m\u00e1s avanzado del mercado, sino que tambi\u00e9n tiene un aspecto \u00fanico. La elegante carcasa negra y la boquilla de vidrio negra extensible completan el dise\u00f1o.<\/p>\n<p>Todo esto se presenta en unas dimensiones extremadamente compactas de 5,2 cm * 2,5 cm * 8,4 cm (sin boquilla de vidrio) y de solo 5,2 cm * 2,5 cm * 10,2 cm con la boquilla de vidrio.<\/p>\n<h3>Innovadora tecnolog\u00eda ECA patentada<\/h3>\n<p>ECA significa \u201cEasy Care Airpath\u201d (Trayectoria de Aire de F\u00e1cil Mantenimiento) y es una innovaci\u00f3n \u00fanica. Los canales de aire y calentamiento ya no est\u00e1n ocultos en el dispositivo; m\u00e1s bien, se pueden ver, o m\u00e1s precisamente, ver a trav\u00e9s de ellos. Retire la unidad de la boquilla del dispositivo y presione el filtro con ayuda de la varilla magenta de la c\u00e1mara desde la parte inferior del dispositivo, y el conducto de calentamiento y aire quedar\u00e1 completamente expuesto. \u00a1Esto nunca hab\u00eda sucedido antes!<\/p>\n<h3>ECA<\/h3>\n<p>Dado que el conducto de aire es completamente visible, es f\u00e1cil de limpiar. Se acabaron los d\u00edas en que solo se pod\u00eda limpiar el filtro o la c\u00e1mara de calentamiento, mientras que peque\u00f1os restos de hierbas desaparec\u00edan en el interior del dispositivo. Esto ya no es posible con el FENiX Pro. El conducto de aire est\u00e1 100% libre de obstrucciones, lo que hace que su limpieza sea m\u00e1s f\u00e1cil que nunca.<\/p>\n<h3>Pantalla OLED grande y n\u00edtida para temperatura ajustable libremente, temporizador ajustable libremente y nivel de bater\u00eda, funci\u00f3n de vibraci\u00f3n.<\/h3>\n<p>La gran pantalla doble de 0,96 pulgadas muestra simult\u00e1neamente la temperatura configurada y la real (similar al FENiX 2.0). Pero eso no es todo: la pantalla se ha dividido en dos secciones, que indican las temperaturas, el tiempo programado y el tiempo real, y los niveles de bater\u00eda. La zona superior de la pantalla est\u00e1 reservada para las temperaturas, y la zona inferior para los tiempos.<\/p>\n<p>El temporizador ajustable en la pantalla dual OLED del FENiX Pro le permite elegir el tiempo de vaporizaci\u00f3n entre 3 y 6 minutos antes de que el FENiX Pro se apague autom\u00e1ticamente. Puede ver el tiempo transcurrido y la cuenta regresiva en la pantalla y, si es necesario, simplemente extender o acortar el tiempo, \u00a1tal como desee!<\/p>\n<p>La funci\u00f3n de vibraci\u00f3n proporciona los mecanismos ya conocidos de retroceso h\u00e1ptico y se\u00f1ala el logro de la temperatura, el encendido y apagado, etc.<\/p>\n<h3>Calentamiento r\u00e1pido en menos de 30 segundos y vaporizaci\u00f3n precisa por grados<\/h3>\n<p>El control de temperatura preciso al grado en los rangos de 320 \u00b0F \u2013 428 \u00b0F \/ 160 \u00b0C \u2013 221 \u00b0C ofrece control total para casi cualquier hierba. El fabricante es un maestro en el desarrollo de nuevas tecnolog\u00edas y est\u00e1 junto a una conocida empresa alemana con la tecnolog\u00eda de convecci\u00f3n m\u00e1s avanzada a nivel mundial. Por supuesto, esta experiencia tambi\u00e9n benefici\u00f3 al FENiX Pro, por lo que la tecnolog\u00eda de convecci\u00f3n del FENiX Pro funciona a\u00fan m\u00e1s de cerca y arranca l\u00e1grimas de alegr\u00eda a cada entusiasta de la vaporizaci\u00f3n. \u00a1La vaporizaci\u00f3n nunca fue mejor!<\/p>\n<h3>Calidad<\/h3>\n<p>L\u00edder tecnol\u00f3gico, f\u00e1cil de usar y extremadamente pr\u00e1ctico. No se hicieron compromisos en cuanto a la calidad de los materiales. Los materiales de alta calidad se pueden ver, sentir y saborear. Una vez que haya tenido o incluso usado el Fenix Pro, no habr\u00e1 duda sobre el rendimiento y la calidad excepcionales de este revolucionario vaporizador por convecci\u00f3n.<\/p>\n<p>&nbsp;<\/p>\n<p><strong>\u00bfQu\u00e9 incluye?<\/strong><\/p>\n<p>1 x Vaporizador FENiX Pro<\/p>\n<p>1 x Junta t\u00f3rica y filtro para boquilla<\/p>\n<p>1 x Cepillo de limpieza para conducto de aire<\/p>\n<p>1 x Cepillo de limpieza para c\u00e1mara<\/p>\n<p>1 x Varilla para c\u00e1mara<\/p>\n<p>1 x Cable USB<\/p>\n<p>1 x Manual de instrucciones en alem\u00e1n e ingl\u00e9s<\/p>\n<p>&nbsp;<\/p>\n<p>&nbsp;<\/p>\n<p><strong>Garant\u00eda<\/strong><\/p>\n<p><strong>Todos los productos Weecke cuentan con una garant\u00eda del fabricante de 12 meses.<\/strong><\/p>\n<p>Para hacer v\u00e1lida la garant\u00eda, es necesario presentar el comprobante de compra y la caja original del producto, ya que contienen un c\u00f3digo QR de seguridad necesario para el proceso de garant\u00eda. Si desea iniciar el proceso de garant\u00eda, p\u00f3ngase en contacto con su tienda minorista.<\/p>","protected":false},"excerpt":{"rendered":"<p>FENiX lanz\u00f3 la s\u00e9ptima generaci\u00f3n de vaporizadores, el FENiX Pro, que incorpora la tecnolog\u00eda patentada ECA. El FENiX Pro es la punta de lanza de la tecnolog\u00eda de vaporizaci\u00f3n, y la tecnolog\u00eda de convecci\u00f3n ECA es tan avanzada como \u00fanica. \u00a1Nunca hab\u00eda sido tan f\u00e1cil vaporizar hierbas de manera m\u00e1s eficiente y c\u00f3moda! El FENiX Pro es una revoluci\u00f3n. Ning\u00fan otro vaporizador combina con tanta maestr\u00eda innovaci\u00f3n, dise\u00f1o, practicidad y facilidad de uso.<\/p>\n<p><strong>TAMA\u00d1O<\/strong> : 5,2 cm * 2,5 cm * 8,4 cm<\/p>\n<p><strong>Capacidad de la Bater\u00eda<\/strong>: 2300 mAh<\/p>\n<p><strong>Voltaje\/Corriente de Carga<\/strong>: 5V\/1,5A<\/p>\n<p><strong>Bloqueo\/Desbloqueo<\/strong>: Presione r\u00e1pidamente 5 veces el bot\u00f3n de encendido ON\/OFF con retroceso por vibraci\u00f3n<\/p>\n<p><strong>Duraci\u00f3n de la Sesi\u00f3n<\/strong>: 180 a 360 segundos, ajustable<\/p>\n<p><strong>Rango de Temperatura<\/strong>: 160-221\u00b0C \/ 320\u00b0F - 430\u00b0F<\/p>\n<p><strong>Puerto de Carga<\/strong>: 2 horas<\/p>\n<p>&nbsp;<\/p>","protected":false},"featured_media":16959,"comment_status":"closed","ping_status":"closed","template":"","meta":[],"product_brand":[],"product_cat":[150],"product_tag":[],"class_list":{"0":"post-16212","1":"product","2":"type-product","3":"status-publish","4":"has-post-thumbnail","6":"product_cat-fenix-vaporizer","8":"first","9":"instock","10":"shipping-taxable","11":"product-type-simple"},"_links":{"self":[{"href":"https:\/\/weecke.com\/es\/wp-json\/wp\/v2\/product\/16212","targetHints":{"allow":["GET"]}}],"collection":[{"href":"https:\/\/weecke.com\/es\/wp-json\/wp\/v2\/product"}],"about":[{"href":"https:\/\/weecke.com\/es\/wp-json\/wp\/v2\/types\/product"}],"replies":[{"embeddable":true,"href":"https:\/\/weecke.com\/es\/wp-json\/wp\/v2\/comments?post=16212"}],"wp:featuredmedia":[{"embeddable":true,"href":"https:\/\/weecke.com\/es\/wp-json\/wp\/v2\/media\/16959"}],"wp:attachment":[{"href":"https:\/\/weecke.com\/es\/wp-json\/wp\/v2\/media?parent=16212"}],"wp:term":[{"taxonomy":"product_brand","embeddable":true,"href":"https:\/\/weecke.com\/es\/wp-json\/wp\/v2\/product_brand?post=16212"},{"taxonomy":"product_cat","embeddable":true,"href":"https:\/\/weecke.com\/es\/wp-json\/wp\/v2\/product_cat?post=16212"},{"taxonomy":"product_tag","embeddable":true,"href":"https:\/\/weecke.com\/es\/wp-json\/wp\/v2\/product_tag?post=16212"}],"curies":[{"name":"wp","href":"https:\/\/api.w.org\/{rel}","templated":true}]}}