{"id":16203,"date":"2024-11-11T17:06:22","date_gmt":"2024-11-11T09:06:22","guid":{"rendered":"https:\/\/weecke.com\/?post_type=product&#038;p=16203"},"modified":"2024-11-15T15:56:34","modified_gmt":"2024-11-15T07:56:34","slug":"weecke-lite","status":"publish","type":"product","link":"https:\/\/weecke.com\/es\/producto\/weecke-lite\/","title":{"rendered":"WEECKE LITE"},"content":{"rendered":"<h3><strong>Caracter\u00edsticas Principales<\/strong><\/h3>\n<ul>\n<li><strong>Dise\u00f1o compacto y discreto<\/strong>: Peque\u00f1o, ligero y f\u00e1cil de llevar en el bolsillo para usar en movimiento.<\/li>\n<li><strong>Operaci\u00f3n con un solo bot\u00f3n<\/strong>: Controla f\u00e1cilmente la potencia y la temperatura con un solo bot\u00f3n.<\/li>\n<li><strong>Temperatura Ajustable<\/strong>Temperaturas preestablecidas.<\/li>\n<li><strong>Tiempo R\u00e1pido de Calentamiento<\/strong>: Listo para usar en solo 25-30 segundos.<\/li>\n<li><strong>Tecnolog\u00eda de calentamiento por conducci\u00f3n<\/strong>: Proporciona vapor consistente y sabroso gracias a su c\u00e1mara de calentamiento de acero inoxidable.<\/li>\n<li><strong>Materiales duraderos<\/strong>: Cuerpo de aluminio y boquilla magn\u00e9tica para mayor durabilidad y una sensaci\u00f3n premium.<\/li>\n<li><strong>Calidad de grado m\u00e9dico<\/strong>: Fabricado para cumplir con los est\u00e1ndares ISO 13485 de seguridad y calidad.<\/li>\n<li><strong>Indicadores LED<\/strong>: Muestran la configuraci\u00f3n de temperatura actual de un vistazo.<\/li>\n<\/ul>\n<p>&nbsp;<\/p>\n<p>&nbsp;<\/p>","protected":false},"excerpt":{"rendered":"<p>El <strong>WEECKE Lite<\/strong> es un vaporizador compacto pero potente, dise\u00f1ado para un uso discreto y conveniente, perfecto para conciertos, clubes o cualquier lugar donde el sigilo sea clave. Con su elegante cuerpo de aluminio, operaci\u00f3n sencilla de un solo bot\u00f3n y tecnolog\u00eda avanzada de calentamiento por conducci\u00f3n, el WEECKE Lite ofrece un rendimiento excepcional en un formato port\u00e1til.<\/p>\n<ul>\n<li><strong>Dimensiones<\/strong>Dimensiones: 100 mm x 31 mm x 32 mm<\/li>\n<li><strong>Bater\u00eda<\/strong>Bater\u00eda: 1600 mAh de iones de litio Clase A<\/li>\n<li><strong>M\u00e9todo de Calentamiento<\/strong>Tipo de calentamiento: Conducci\u00f3n<\/li>\n<li><strong>Niveles de temperatura<\/strong>: 180\u00b0C, 190\u00b0C, 200\u00b0C, 210\u00b0C, 220\u00b0C<\/li>\n<li><strong>Tiempo de calentamiento<\/strong>: 25-30 segundos<\/li>\n<li><strong>Entrada<\/strong>: DC 5 V \/ 1 A<\/li>\n<li><strong>Materiales<\/strong>Materiales: Cuerpo de aluminio, c\u00e1mara de acero inoxidable<\/li>\n<\/ul>","protected":false},"featured_media":16630,"comment_status":"closed","ping_status":"closed","template":"","meta":[],"product_brand":[],"product_cat":[149],"product_tag":[],"class_list":{"0":"post-16203","1":"product","2":"type-product","3":"status-publish","4":"has-post-thumbnail","6":"product_cat-weecke-vaporizer","8":"first","9":"instock","10":"shipping-taxable","11":"product-type-simple"},"_links":{"self":[{"href":"https:\/\/weecke.com\/es\/wp-json\/wp\/v2\/product\/16203","targetHints":{"allow":["GET"]}}],"collection":[{"href":"https:\/\/weecke.com\/es\/wp-json\/wp\/v2\/product"}],"about":[{"href":"https:\/\/weecke.com\/es\/wp-json\/wp\/v2\/types\/product"}],"replies":[{"embeddable":true,"href":"https:\/\/weecke.com\/es\/wp-json\/wp\/v2\/comments?post=16203"}],"wp:featuredmedia":[{"embeddable":true,"href":"https:\/\/weecke.com\/es\/wp-json\/wp\/v2\/media\/16630"}],"wp:attachment":[{"href":"https:\/\/weecke.com\/es\/wp-json\/wp\/v2\/media?parent=16203"}],"wp:term":[{"taxonomy":"product_brand","embeddable":true,"href":"https:\/\/weecke.com\/es\/wp-json\/wp\/v2\/product_brand?post=16203"},{"taxonomy":"product_cat","embeddable":true,"href":"https:\/\/weecke.com\/es\/wp-json\/wp\/v2\/product_cat?post=16203"},{"taxonomy":"product_tag","embeddable":true,"href":"https:\/\/weecke.com\/es\/wp-json\/wp\/v2\/product_tag?post=16203"}],"curies":[{"name":"wp","href":"https:\/\/api.w.org\/{rel}","templated":true}]}}