{"id":16191,"date":"2024-11-11T17:02:06","date_gmt":"2024-11-11T09:02:06","guid":{"rendered":"https:\/\/weecke.com\/?post_type=product&#038;p=16191"},"modified":"2024-11-14T11:39:57","modified_gmt":"2024-11-14T03:39:57","slug":"weecke-rush","status":"publish","type":"product","link":"https:\/\/weecke.com\/es\/producto\/weecke-rush\/","title":{"rendered":"WEECKE RUSH"},"content":{"rendered":"<p data-pm-slice=\"1 1 []\"><strong>Port\u00e1til, Potente, Innovador y de Alto Rendimiento<\/strong><\/p>\n<h3><\/h3>\n<h3><strong>Caracter\u00edsticas y Beneficios<\/strong><\/h3>\n<ol>\n<li><strong>Sistema de Filtro Exclusivo<\/strong>: Los filtros duales de silicona y cer\u00e1mica evitan que escapen part\u00edculas mientras garantizan un vapor suave y limpio.<\/li>\n<li><strong>Mantenimiento F\u00e1cil<\/strong>: El dise\u00f1o innovador del filtro hace que la limpieza sea m\u00e1s r\u00e1pida y sencilla que con los filtros met\u00e1licos tradicionales, sin comprometer el rendimiento o el sabor.<\/li>\n<li><strong>Tecnolog\u00eda de Calentamiento Dual<\/strong>: El avanzado calentamiento dual proporciona una distribuci\u00f3n de calor m\u00e1s uniforme y eficiente para un sabor de vapor \u00f3ptimo y un uso prolongado de las hierbas secas.<\/li>\n<li><strong>Boquillas Vers\u00e1tiles<\/strong>: Elige entre las exclusivas boquillas de cer\u00e1mica y silicona para una experiencia personalizada.<\/li>\n<li><strong>Carga Conveniente Tipo-C<\/strong>: Carga r\u00e1pida y fiable para una experiencia sin interrupciones.<\/li>\n<li><strong>Kit de Accesorios Completo<\/strong>: Incluye un cepillo de limpieza, una herramienta para compactar hierbas secas y 2 pantallas adicionales para un mantenimiento sencillo.<\/li>\n<\/ol>\n<p>&nbsp;<\/p>\n<p><img fetchpriority=\"high\" decoding=\"async\" class=\"aligncenter size-full wp-image-15615\" src=\"https:\/\/weecke.com\/wp-content\/uploads\/1-1.jpg\" alt=\"\" width=\"1920\" height=\"915\" srcset=\"https:\/\/weecke.com\/wp-content\/uploads\/1-1.jpg 1920w, https:\/\/weecke.com\/wp-content\/uploads\/1-1-500x238.jpg 500w, https:\/\/weecke.com\/wp-content\/uploads\/1-1-700x334.jpg 700w, https:\/\/weecke.com\/wp-content\/uploads\/1-1-300x143.jpg 300w, https:\/\/weecke.com\/wp-content\/uploads\/1-1-1024x488.jpg 1024w, https:\/\/weecke.com\/wp-content\/uploads\/1-1-768x366.jpg 768w, https:\/\/weecke.com\/wp-content\/uploads\/1-1-1536x732.jpg 1536w\" sizes=\"(max-width: 1920px) 100vw, 1920px\" \/> <img decoding=\"async\" class=\"aligncenter size-full wp-image-15613\" src=\"https:\/\/weecke.com\/wp-content\/uploads\/Dimensions_.png\" alt=\"\" width=\"1920\" height=\"1080\" srcset=\"https:\/\/weecke.com\/wp-content\/uploads\/Dimensions_.png 1920w, https:\/\/weecke.com\/wp-content\/uploads\/Dimensions_-500x281.png 500w, https:\/\/weecke.com\/wp-content\/uploads\/Dimensions_-700x394.png 700w, https:\/\/weecke.com\/wp-content\/uploads\/Dimensions_-300x169.png 300w, https:\/\/weecke.com\/wp-content\/uploads\/Dimensions_-1024x576.png 1024w, https:\/\/weecke.com\/wp-content\/uploads\/Dimensions_-768x432.png 768w, https:\/\/weecke.com\/wp-content\/uploads\/Dimensions_-1536x864.png 1536w\" sizes=\"(max-width: 1920px) 100vw, 1920px\" \/> <img decoding=\"async\" class=\"aligncenter size-full wp-image-15611\" src=\"https:\/\/weecke.com\/wp-content\/uploads\/Rush-detailed-Instruction_.png\" alt=\"\" width=\"1920\" height=\"1080\" srcset=\"https:\/\/weecke.com\/wp-content\/uploads\/Rush-detailed-Instruction_.png 1920w, https:\/\/weecke.com\/wp-content\/uploads\/Rush-detailed-Instruction_-500x281.png 500w, https:\/\/weecke.com\/wp-content\/uploads\/Rush-detailed-Instruction_-700x394.png 700w, https:\/\/weecke.com\/wp-content\/uploads\/Rush-detailed-Instruction_-300x169.png 300w, https:\/\/weecke.com\/wp-content\/uploads\/Rush-detailed-Instruction_-1024x576.png 1024w, https:\/\/weecke.com\/wp-content\/uploads\/Rush-detailed-Instruction_-768x432.png 768w, https:\/\/weecke.com\/wp-content\/uploads\/Rush-detailed-Instruction_-1536x864.png 1536w\" sizes=\"(max-width: 1920px) 100vw, 1920px\" \/> <img loading=\"lazy\" decoding=\"async\" class=\"aligncenter size-full wp-image-15603\" src=\"https:\/\/weecke.com\/wp-content\/uploads\/Temperature.jpg\" alt=\"\" width=\"1920\" height=\"1080\" srcset=\"https:\/\/weecke.com\/wp-content\/uploads\/Temperature.jpg 1920w, https:\/\/weecke.com\/wp-content\/uploads\/Temperature-500x281.jpg 500w, https:\/\/weecke.com\/wp-content\/uploads\/Temperature-700x394.jpg 700w, https:\/\/weecke.com\/wp-content\/uploads\/Temperature-300x169.jpg 300w, https:\/\/weecke.com\/wp-content\/uploads\/Temperature-1024x576.jpg 1024w, https:\/\/weecke.com\/wp-content\/uploads\/Temperature-768x432.jpg 768w, https:\/\/weecke.com\/wp-content\/uploads\/Temperature-1536x864.jpg 1536w\" sizes=\"(max-width: 1920px) 100vw, 1920px\" \/> <img loading=\"lazy\" decoding=\"async\" class=\"aligncenter size-full wp-image-15602\" src=\"https:\/\/weecke.com\/wp-content\/uploads\/session.jpg\" alt=\"\" width=\"1920\" height=\"1080\" srcset=\"https:\/\/weecke.com\/wp-content\/uploads\/session.jpg 1920w, https:\/\/weecke.com\/wp-content\/uploads\/session-500x281.jpg 500w, https:\/\/weecke.com\/wp-content\/uploads\/session-700x394.jpg 700w, https:\/\/weecke.com\/wp-content\/uploads\/session-300x169.jpg 300w, https:\/\/weecke.com\/wp-content\/uploads\/session-1024x576.jpg 1024w, https:\/\/weecke.com\/wp-content\/uploads\/session-768x432.jpg 768w, https:\/\/weecke.com\/wp-content\/uploads\/session-1536x864.jpg 1536w\" sizes=\"(max-width: 1920px) 100vw, 1920px\" \/> <img loading=\"lazy\" decoding=\"async\" class=\"aligncenter size-full wp-image-15601\" src=\"https:\/\/weecke.com\/wp-content\/uploads\/\u70df\u9505.gif\" alt=\"\" width=\"1920\" height=\"1080\" \/><\/p>\n<p>&nbsp;<\/p>\n<figure id=\"attachment_16626\" aria-describedby=\"caption-attachment-16626\" style=\"width: 1840px\" class=\"wp-caption aligncenter\"><img loading=\"lazy\" decoding=\"async\" class=\"size-full wp-image-16626\" src=\"https:\/\/weecke.com\/wp-content\/uploads\/rUsh-package1.jpg\" alt=\"\" width=\"1840\" height=\"1149\" srcset=\"https:\/\/weecke.com\/wp-content\/uploads\/rUsh-package1.jpg 1840w, https:\/\/weecke.com\/wp-content\/uploads\/rUsh-package1-300x187.jpg 300w, https:\/\/weecke.com\/wp-content\/uploads\/rUsh-package1-1024x639.jpg 1024w, https:\/\/weecke.com\/wp-content\/uploads\/rUsh-package1-768x480.jpg 768w, https:\/\/weecke.com\/wp-content\/uploads\/rUsh-package1-1536x959.jpg 1536w, https:\/\/weecke.com\/wp-content\/uploads\/rUsh-package1-500x312.jpg 500w, https:\/\/weecke.com\/wp-content\/uploads\/rUsh-package1-700x437.jpg 700w\" sizes=\"(max-width: 1840px) 100vw, 1840px\" \/><figcaption id=\"caption-attachment-16626\" class=\"wp-caption-text\">Paquete Weecke Rush<\/figcaption><\/figure>","protected":false},"excerpt":{"rendered":"<p><strong>The Rush<\/strong> El vaporizador est\u00e1 dise\u00f1ado para ofrecer la m\u00e1xima comodidad y eficiencia, presentando un exclusivo sistema de filtro de silicona y cer\u00e1mica que retiene las part\u00edculas mientras proporciona un vapor puro y lleno de sabor. Su avanzado m\u00e9todo de doble calentamiento calienta de manera uniforme las hierbas secas, maximizando el sabor y prolongando la vida \u00fatil de tus hierbas, ofreciendo una experiencia realmente superior a la de los vaporizadores tradicionales.<\/p>\n<ul>\n<li><strong>M\u00e9todo de Calentamiento<\/strong>: Calentamiento dual<\/li>\n<li><strong>Adecuado para<\/strong>: Material seco<\/li>\n<li><strong>Flujo de aire<\/strong>: Ligera resistencia al aire<\/li>\n<li><strong>Rango de temperatura<\/strong>: 160\u00b0C \u2013 240\u00b0C<\/li>\n<li><strong>Regulaci\u00f3n de temperatura<\/strong>: Preciso, ajustable en incrementos de 1\u00b0C<\/li>\n<li><strong>C\u00e1mara<\/strong>: Acero inoxidable<\/li>\n<li><strong>Capacidad<\/strong>: 0.3 g de hierbas secas sueltas<\/li>\n<li><strong>Velocidad de calentamiento<\/strong>: ~ 25 segundos<\/li>\n<li><strong>Bater\u00eda<\/strong>: 2300 mAh<\/li>\n<\/ul>","protected":false},"featured_media":16621,"comment_status":"closed","ping_status":"closed","template":"","meta":[],"product_brand":[],"product_cat":[149],"product_tag":[],"class_list":{"0":"post-16191","1":"product","2":"type-product","3":"status-publish","4":"has-post-thumbnail","6":"product_cat-weecke-vaporizer","8":"first","9":"instock","10":"shipping-taxable","11":"product-type-simple"},"_links":{"self":[{"href":"https:\/\/weecke.com\/es\/wp-json\/wp\/v2\/product\/16191","targetHints":{"allow":["GET"]}}],"collection":[{"href":"https:\/\/weecke.com\/es\/wp-json\/wp\/v2\/product"}],"about":[{"href":"https:\/\/weecke.com\/es\/wp-json\/wp\/v2\/types\/product"}],"replies":[{"embeddable":true,"href":"https:\/\/weecke.com\/es\/wp-json\/wp\/v2\/comments?post=16191"}],"wp:featuredmedia":[{"embeddable":true,"href":"https:\/\/weecke.com\/es\/wp-json\/wp\/v2\/media\/16621"}],"wp:attachment":[{"href":"https:\/\/weecke.com\/es\/wp-json\/wp\/v2\/media?parent=16191"}],"wp:term":[{"taxonomy":"product_brand","embeddable":true,"href":"https:\/\/weecke.com\/es\/wp-json\/wp\/v2\/product_brand?post=16191"},{"taxonomy":"product_cat","embeddable":true,"href":"https:\/\/weecke.com\/es\/wp-json\/wp\/v2\/product_cat?post=16191"},{"taxonomy":"product_tag","embeddable":true,"href":"https:\/\/weecke.com\/es\/wp-json\/wp\/v2\/product_tag?post=16191"}],"curies":[{"name":"wp","href":"https:\/\/api.w.org\/{rel}","templated":true}]}}