{"id":17249,"date":"2025-05-15T15:48:40","date_gmt":"2025-05-15T07:48:40","guid":{"rendered":"https:\/\/weecke.com\/?post_type=product&#038;p=17249"},"modified":"2025-05-19T09:45:36","modified_gmt":"2025-05-19T01:45:36","slug":"weecke-puzzle","status":"publish","type":"product","link":"https:\/\/weecke.com\/de\/product\/weecke-puzzle\/","title":{"rendered":"WEECKE PUZZLE"},"content":{"rendered":"<p data-start=\"64\" data-end=\"81\"><strong data-start=\"64\" data-end=\"81\">Hauptmerkmale:<\/strong><\/p>\n<ul data-start=\"83\" data-end=\"927\">\n<li data-start=\"83\" data-end=\"185\">\n<p data-start=\"85\" data-end=\"185\"><strong data-start=\"85\" data-end=\"108\">Duales Heizsystem<\/strong>: Gew\u00e4hrleistet gleichm\u00e4\u00dfiges und konstantes Heizen f\u00fcr einen sanften und geschmackvollen Dampf.<\/p>\n<\/li>\n<li data-start=\"186\" data-end=\"290\">\n<p data-start=\"188\" data-end=\"290\"><strong data-start=\"188\" data-end=\"208\">Titan-Kammer<\/strong>: Hervorragende W\u00e4rmespeicherung und Reinheit, die den Gesamtgeschmack und das Erlebnis verbessern.<\/p>\n<\/li>\n<li data-start=\"291\" data-end=\"393\">\n<p data-start=\"293\" data-end=\"393\"><strong data-start=\"293\" data-end=\"322\">Digitales Display<\/strong>: Lebhaftes Digitaldisplay bietet klare, Echtzeit-Kontrolle Ihrer Sitzung.<\/p>\n<\/li>\n<li data-start=\"394\" data-end=\"495\">\n<p data-start=\"396\" data-end=\"495\"><strong data-start=\"396\" data-end=\"424\">Volle Temperaturkontrolle<\/strong>: Pr\u00e4zise einstellbar von 320\u00b0F bis 446\u00b0F f\u00fcr ein individuelles Erlebnis.<\/p>\n<\/li>\n<li data-start=\"496\" data-end=\"586\">\n<p data-start=\"498\" data-end=\"586\"><strong data-start=\"498\" data-end=\"525\">Einstellbare Sitzungsdauer<\/strong>: Stellen Sie die Dauer Ihrer Sitzung nach Bedarf zwischen 3 und 5 Minuten ein.<\/p>\n<\/li>\n<li data-start=\"587\" data-end=\"664\">\n<p data-start=\"589\" data-end=\"664\"><strong data-start=\"589\" data-end=\"613\">Schnelle Aufheizzeit<\/strong>: Heizt schnell auf, sodass Sie in Sekunden bereit zum Dampfen sind.<\/p>\n<\/li>\n<li data-start=\"665\" data-end=\"742\">\n<p data-start=\"667\" data-end=\"742\"><strong data-start=\"667\" data-end=\"692\">Glas-Mundst\u00fcck<\/strong>: Bewahrt den Geschmack und gew\u00e4hrleistet k\u00fchle, sanfte Z\u00fcge.<\/p>\n<\/li>\n<li data-start=\"743\" data-end=\"824\">\n<p data-start=\"745\" data-end=\"824\"><strong data-start=\"745\" data-end=\"766\">Isolierter Luftweg<\/strong>: Reiner und sauberer Dampf, frei von elektronischen St\u00f6rungen.<\/p>\n<\/li>\n<li data-start=\"825\" data-end=\"927\">\n<p data-start=\"827\" data-end=\"927\"><strong data-start=\"827\" data-end=\"851\">Langlebiger Akku<\/strong>: Integrierter 2100-mAh-Akku erm\u00f6glicht lange Nutzung und zuverl\u00e4ssige Leistung.<\/p>\n<\/li>\n<\/ul>","protected":false},"excerpt":{"rendered":"<p data-start=\"122\" data-end=\"373\">Erschlie\u00dfen Sie ein neues Level des Dampfens mit dem WEECKE PUZZLE, entwickelt f\u00fcr alle, die Pr\u00e4zision, Leistung und Stil fordern. Mit fortschrittlicher Heiztechnologie und einem eleganten Design bietet dieser Vaporizer ein unvergleichliches Erlebnis.<\/p>\n<ul data-start=\"379\" data-end=\"922\">\n<li data-start=\"379\" data-end=\"413\">\n<p data-start=\"381\" data-end=\"413\"><strong data-start=\"381\" data-end=\"399\">Heizmethode<\/strong>: Dual-Heating<\/p>\n<\/li>\n<li data-start=\"414\" data-end=\"441\">\n<p data-start=\"416\" data-end=\"441\"><strong data-start=\"416\" data-end=\"427\">Geeignet f\u00fcr<\/strong>: Trockene Materialien<\/p>\n<\/li>\n<li data-start=\"442\" data-end=\"497\"><strong data-start=\"500\" data-end=\"514\">Temperaturbereich<\/strong>: 160\u00b0C \u2013 230\u00b0C (320\u00b0F \u2013 446\u00b0F)<\/li>\n<li data-start=\"546\" data-end=\"613\">\n<p data-start=\"548\" data-end=\"613\"><strong data-start=\"548\" data-end=\"574\">Temperaturregelung<\/strong>: Pr\u00e4zise, in 1\u00b0C-Schritten einstellbar<\/p>\n<\/li>\n<li data-start=\"614\" data-end=\"676\">\n<p data-start=\"616\" data-end=\"676\"><strong data-start=\"616\" data-end=\"627\">Kammer<\/strong>: Titan f\u00fcr \u00fcberlegene W\u00e4rmespeicherung und Geschmack<\/p>\n<\/li>\n<li data-start=\"677\" data-end=\"729\">\n<p data-start=\"679\" data-end=\"729\"><strong data-start=\"679\" data-end=\"690\">Akku<\/strong>: 2100 mAh f\u00fcr langanhaltende Leistung<\/p>\n<\/li>\n<li data-start=\"730\" data-end=\"805\">\n<p data-start=\"732\" data-end=\"805\"><strong data-start=\"732\" data-end=\"759\">Einstellbare Arbeitszeit<\/strong>: 3-5 Minuten, nach Ihren Vorstellungen anpassbar<\/p>\n<\/li>\n<li data-start=\"806\" data-end=\"867\">\n<p data-start=\"808\" data-end=\"867\"><strong data-start=\"808\" data-end=\"819\">Display<\/strong>: Digitales Display f\u00fcr einfache Temperaturkontrolle<\/p>\n<\/li>\n<li data-start=\"868\" data-end=\"922\">\n<p data-start=\"870\" data-end=\"922\"><strong data-start=\"870\" data-end=\"882\">Aufladung<\/strong>: Typ-C f\u00fcr schnelles, bequemes Aufladen<\/p>\n<\/li>\n<\/ul>\n<p data-start=\"915\" data-end=\"1002\">Perfekt f\u00fcr alle, die erstklassige Leistung, Innovation und Stil in jeder Sitzung suchen.<\/p>","protected":false},"featured_media":17252,"comment_status":"closed","ping_status":"closed","template":"","meta":[],"product_brand":[],"product_cat":[149],"product_tag":[],"class_list":{"0":"post-17249","1":"product","2":"type-product","3":"status-publish","4":"has-post-thumbnail","6":"product_cat-weecke-vaporizer","8":"first","9":"instock","10":"shipping-taxable","11":"product-type-simple"},"_links":{"self":[{"href":"https:\/\/weecke.com\/de\/wp-json\/wp\/v2\/product\/17249","targetHints":{"allow":["GET"]}}],"collection":[{"href":"https:\/\/weecke.com\/de\/wp-json\/wp\/v2\/product"}],"about":[{"href":"https:\/\/weecke.com\/de\/wp-json\/wp\/v2\/types\/product"}],"replies":[{"embeddable":true,"href":"https:\/\/weecke.com\/de\/wp-json\/wp\/v2\/comments?post=17249"}],"wp:featuredmedia":[{"embeddable":true,"href":"https:\/\/weecke.com\/de\/wp-json\/wp\/v2\/media\/17252"}],"wp:attachment":[{"href":"https:\/\/weecke.com\/de\/wp-json\/wp\/v2\/media?parent=17249"}],"wp:term":[{"taxonomy":"product_brand","embeddable":true,"href":"https:\/\/weecke.com\/de\/wp-json\/wp\/v2\/product_brand?post=17249"},{"taxonomy":"product_cat","embeddable":true,"href":"https:\/\/weecke.com\/de\/wp-json\/wp\/v2\/product_cat?post=17249"},{"taxonomy":"product_tag","embeddable":true,"href":"https:\/\/weecke.com\/de\/wp-json\/wp\/v2\/product_tag?post=17249"}],"curies":[{"name":"wp","href":"https:\/\/api.w.org\/{rel}","templated":true}]}}