{"id":16679,"date":"2024-11-14T13:57:00","date_gmt":"2024-11-14T05:57:00","guid":{"rendered":"https:\/\/weecke.com\/?post_type=product&#038;p=16679"},"modified":"2024-11-15T16:50:26","modified_gmt":"2024-11-15T08:50:26","slug":"dabmax-pen","status":"publish","type":"product","link":"https:\/\/weecke.com\/de\/product\/dabmax-pen\/","title":{"rendered":"DABMAX PEN"},"content":{"rendered":"<h3><strong>Hauptmerkmale<\/strong><\/h3>\n<ul>\n<li><strong>Wendellose Quarzkammer<\/strong>: Liefert reinen Geschmack dank schneller Aufheizung ohne Verbrennungsgeschmack und gew\u00e4hrleistet ein sanftes, hochwertiges Dampferlebnis.<\/li>\n<li><strong>Kompaktes &amp; tragbares Design<\/strong>: Mit den Ma\u00dfen von nur 11,5 cm x \u03c61,8 cm ist der DabMax Pen unauff\u00e4llig und passt bequem in die Tasche.<\/li>\n<li><strong>Einstellbare Temperaturstufen<\/strong>: Drei Heizstufen, angezeigt durch LED-Farben zur einfachen Temperaturwahl:\n<ul>\n<li><strong>Lila<\/strong>: Niedrig (350 \u00b0C\u2013400 \u00b0C)<\/li>\n<li><strong>Blau<\/strong>: Mittel (400 \u00b0C\u2013450 \u00b0C)<\/li>\n<li><strong>T\u00fcrkis<\/strong>: Hoch (450 \u00b0C\u2013500 \u00b0C)<\/li>\n<\/ul>\n<\/li>\n<li><strong>Schnelle Aufheizzeit<\/strong>: Heizt schnell auf, sodass Sie ohne Verz\u00f6gerung mit Ihrer Session beginnen k\u00f6nnen.<\/li>\n<li><strong>Langlebige Akkuleistung<\/strong>: 650 mAh Akkukapazit\u00e4t, die zuverl\u00e4ssige Leistung bietet und eine Ladezeit von \u22642 Stunden \u00fcber USB-C erm\u00f6glicht.<\/li>\n<li><strong>Benutzerfreundliche Bedienung<\/strong>: Einfache Ein-Knopf-Bedienung f\u00fcr Ein-\/Ausschalten, Temperaturwahl und Aufheizen, entwickelt f\u00fcr einfache Handhabung.<\/li>\n<li><strong>Haptisches Feedback<\/strong>: Vibrationsbenachrichtigungen signalisieren Ein-\/Ausschalten, Aufheizbereitschaft und Session-Ende.<\/li>\n<li><strong>Langlebiges Keramik-Mundst\u00fcck<\/strong>: F\u00fcr Komfort und Langlebigkeit konstruiert, gew\u00e4hrleistet es sauberen, gleichm\u00e4\u00dfigen Dampf.<\/li>\n<\/ul>","protected":false},"excerpt":{"rendered":"<p>Der <strong>DabMax Pen<\/strong> ist ein eleganter, kompakter Vaporizer, der f\u00fcr Wachs-Enthusiasten entwickelt wurde, die Portabilit\u00e4t und leistungsstarke Performance sch\u00e4tzen. Mit einer wendellosen Quarzkammer, drei pr\u00e4zisen Temperaturstufen, schneller Aufheizung und intuitiver Ein-Knopf-Bedienung bietet der DabMax Pen ein anpassbares und problemloses Erlebnis. Ausgestattet mit einem langlebigen 650-mAh-Akku und USB-C-Schnellladung ist dieser pen-f\u00f6rmige Vaporizer daf\u00fcr konzipiert, Sie \u00fcberallhin zu begleiten und bei jeder Session f\u00fcr gleichm\u00e4\u00dfigen, sanften Dampf zu sorgen.<\/p>\n<ul>\n<li><strong>Abmessungen<\/strong>: 11,5 cm x \u03c61,8 cm<\/li>\n<li><strong>Batteriekapazit\u00e4t<\/strong>: 650 mAh<\/li>\n<li><strong>Ladespannung\/-strom<\/strong>: 5 V\/1 A<\/li>\n<li><strong>Ladezeit<\/strong>: \u2264 2 Stunden<\/li>\n<li><strong>Temperatureinstellungen<\/strong>:\n<ul>\n<li><strong>Niedrig (Lila)<\/strong>: 350 \u00b0C\u2013400 \u00b0C<\/li>\n<li><strong>Mittel (Blau)<\/strong>: 400 \u00b0C\u2013450 \u00b0C<\/li>\n<li><strong>Hoch (T\u00fcrkis)<\/strong>: 450 \u00b0C\u2013500 \u00b0C<\/li>\n<\/ul>\n<\/li>\n<li><strong>Sitzungsdauer<\/strong>: Wachs \u2013 10 Sekunden<\/li>\n<\/ul>","protected":false},"featured_media":16330,"comment_status":"closed","ping_status":"closed","template":"","meta":[],"product_brand":[],"product_cat":[154],"product_tag":[],"class_list":{"0":"post-16679","1":"product","2":"type-product","3":"status-publish","4":"has-post-thumbnail","6":"product_cat-dabmax-vaporizer","8":"first","9":"instock","10":"shipping-taxable","11":"product-type-simple"},"_links":{"self":[{"href":"https:\/\/weecke.com\/de\/wp-json\/wp\/v2\/product\/16679","targetHints":{"allow":["GET"]}}],"collection":[{"href":"https:\/\/weecke.com\/de\/wp-json\/wp\/v2\/product"}],"about":[{"href":"https:\/\/weecke.com\/de\/wp-json\/wp\/v2\/types\/product"}],"replies":[{"embeddable":true,"href":"https:\/\/weecke.com\/de\/wp-json\/wp\/v2\/comments?post=16679"}],"wp:featuredmedia":[{"embeddable":true,"href":"https:\/\/weecke.com\/de\/wp-json\/wp\/v2\/media\/16330"}],"wp:attachment":[{"href":"https:\/\/weecke.com\/de\/wp-json\/wp\/v2\/media?parent=16679"}],"wp:term":[{"taxonomy":"product_brand","embeddable":true,"href":"https:\/\/weecke.com\/de\/wp-json\/wp\/v2\/product_brand?post=16679"},{"taxonomy":"product_cat","embeddable":true,"href":"https:\/\/weecke.com\/de\/wp-json\/wp\/v2\/product_cat?post=16679"},{"taxonomy":"product_tag","embeddable":true,"href":"https:\/\/weecke.com\/de\/wp-json\/wp\/v2\/product_tag?post=16679"}],"curies":[{"name":"wp","href":"https:\/\/api.w.org\/{rel}","templated":true}]}}