{"id":16587,"date":"2024-11-14T09:10:22","date_gmt":"2024-11-14T01:10:22","guid":{"rendered":"https:\/\/weecke.com\/?post_type=product&#038;p=16587"},"modified":"2024-11-15T12:14:17","modified_gmt":"2024-11-15T04:14:17","slug":"weecke-c-vapor-3-0","status":"publish","type":"product","link":"https:\/\/weecke.com\/de\/product\/weecke-c-vapor-3-0\/","title":{"rendered":"WEECKE C VAPOR 3.0"},"content":{"rendered":"<h3><strong>Vorteile und Merkmale<\/strong><\/h3>\n<ol>\n<li><strong>Verl\u00e4ngerte Akkulaufzeit<\/strong>: Ausgestattet mit einem gr\u00f6\u00dferen 2300-mAh-Akku f\u00fcr l\u00e4ngere Sessions und dauerhafte Leistung.<\/li>\n<li><strong>Schnelles Aufheizen<\/strong>: Aufger\u00fcstete Keramikkammer heizt schnell auf und gew\u00e4hrleistet eine effiziente und aromatische Dampferzeugung.<\/li>\n<li><strong>Isolierter Luftweg<\/strong>: Direkter, lebensmittelechter Metall-Luftweg f\u00fcr ein sichereres und reineres Inhalationserlebnis.<\/li>\n<li><strong>Einstellbarer Luftstrom<\/strong>: Passen Sie Ihre Dampfdichte f\u00fcr ein ma\u00dfgeschneidertes Erlebnis an.<\/li>\n<li><strong>OLED-Display<\/strong>: Klares Display zur einfachen \u00dcberwachung von Temperatur und Akkustand.<\/li>\n<li><strong>Anpassbare Optionen<\/strong>: OEM- und ODM-Dienstleistungen f\u00fcr vollst\u00e4ndige Individualisierung verf\u00fcgbar.<\/li>\n<\/ol>\n<h3><strong>Flexible Temperatureinstellungen<\/strong><\/h3>\n<p>Der <strong>C Vapor 3.0<\/strong> bietet 8 optimierte Temperaturvoreinstellungen (160 \u00b0C, 170 \u00b0C, 180 \u00b0C, 190 \u00b0C, 200 \u00b0C, 210 \u00b0C, 220 \u00b0C, 230 \u00b0C), die es Nutzern erm\u00f6glichen, ihre Kr\u00e4uter bei bevorzugten Stufen vollst\u00e4ndig zu extrahieren. Das Durchschalten dieser Einstellungen erm\u00f6glicht eine schrittweise und effiziente Verdampfung f\u00fcr ein sanftes, befriedigendes Erlebnis.<\/p>\n<h3><strong>Akkulaufzeit und Schnellladung<\/strong><\/h3>\n<p>Mit einer aufger\u00fcsteten Akkukapazit\u00e4t von 2300 mAh bietet der C Vapor 3.0 ausreichend Leistung f\u00fcr einen ganzen Tag Vaping. Die Schnellladefunktion gew\u00e4hrleistet eine rasche Wiederaufladung und minimale Ausfallzeiten.<\/p>","protected":false},"excerpt":{"rendered":"<p>Der <strong>C Vapor 3.0<\/strong> ist die 3. Generation der C Vapor-Serie und bietet verbesserte Funktionen und Vielseitigkeit f\u00fcr ein au\u00dfergew\u00f6hnliches Vaping-Erlebnis. Mit 8 voreingestellten Temperaturstufen, einer ger\u00e4umigen Keramik-Heizkammer, optionalen Glas- oder Silikon-Mundst\u00fccken sowie einem OLED-Display mit regelbarem Luftstrom ist dieser schlanke und tragbare Vaporizer f\u00fcr die Bed\u00fcrfnisse von Neulingen und erfahrenen Nutzern konzipiert.<\/p>\n<ul>\n<li><strong>Abmessungen<\/strong>: 50 mm x 23,5 mm x 80 mm<\/li>\n<li><strong>Material<\/strong>: Langlebiges Aluminium<\/li>\n<li><strong>Batteriekapazit\u00e4t<\/strong>: 2300-mAh-A+-Li-Ionen-Akku<\/li>\n<li><strong>Temperaturkontrolle<\/strong>: Einstellbar f\u00fcr individuelle Nutzung<\/li>\n<li><strong>Aufheizzeit<\/strong>: 30 Sekunden f\u00fcr schnelles, effizientes Aufheizen<\/li>\n<\/ul>","protected":false},"featured_media":16413,"comment_status":"closed","ping_status":"closed","template":"","meta":[],"product_brand":[],"product_cat":[149],"product_tag":[],"class_list":{"0":"post-16587","1":"product","2":"type-product","3":"status-publish","4":"has-post-thumbnail","6":"product_cat-weecke-vaporizer","8":"first","9":"instock","10":"shipping-taxable","11":"product-type-simple"},"_links":{"self":[{"href":"https:\/\/weecke.com\/de\/wp-json\/wp\/v2\/product\/16587","targetHints":{"allow":["GET"]}}],"collection":[{"href":"https:\/\/weecke.com\/de\/wp-json\/wp\/v2\/product"}],"about":[{"href":"https:\/\/weecke.com\/de\/wp-json\/wp\/v2\/types\/product"}],"replies":[{"embeddable":true,"href":"https:\/\/weecke.com\/de\/wp-json\/wp\/v2\/comments?post=16587"}],"wp:featuredmedia":[{"embeddable":true,"href":"https:\/\/weecke.com\/de\/wp-json\/wp\/v2\/media\/16413"}],"wp:attachment":[{"href":"https:\/\/weecke.com\/de\/wp-json\/wp\/v2\/media?parent=16587"}],"wp:term":[{"taxonomy":"product_brand","embeddable":true,"href":"https:\/\/weecke.com\/de\/wp-json\/wp\/v2\/product_brand?post=16587"},{"taxonomy":"product_cat","embeddable":true,"href":"https:\/\/weecke.com\/de\/wp-json\/wp\/v2\/product_cat?post=16587"},{"taxonomy":"product_tag","embeddable":true,"href":"https:\/\/weecke.com\/de\/wp-json\/wp\/v2\/product_tag?post=16587"}],"curies":[{"name":"wp","href":"https:\/\/api.w.org\/{rel}","templated":true}]}}