{"id":16584,"date":"2024-11-14T09:10:04","date_gmt":"2024-11-14T01:10:04","guid":{"rendered":"https:\/\/weecke.com\/?post_type=product&#038;p=16584"},"modified":"2024-11-14T12:00:58","modified_gmt":"2024-11-14T04:00:58","slug":"weecke-c-vapor-2-0","status":"publish","type":"product","link":"https:\/\/weecke.com\/de\/product\/weecke-c-vapor-2-0\/","title":{"rendered":"WEECKE C VAPOR 2.0"},"content":{"rendered":"<p><strong>C Vapor 2.0 <\/strong>ist auf Vielseitigkeit und Komfort ausgelegt. Sein kompakter, reiner Metallk\u00f6rper liegt angenehm in der Hand \u2013 kleiner als ein iPhone. Mit einem selbstk\u00fchlenden Glas-Mundst\u00fcck vereint dieser Vaporizer Stil und Innovation. Intuitive LED-Batterie- und Temperaturanzeigen erm\u00f6glichen die Wahl zwischen 188\u00b0C, 210\u00b0C und 232\u00b0C, um verschiedenen Vorlieben gerecht zu werden.<\/p>\n<p>Dieses Ger\u00e4t ist kompatibel mit losem Tabak, Kr\u00e4utern, Wachsen und \u00d6len und bietet ein teer-, asche- und feuerfreies Erlebnis. F\u00fcr einfache Bedienung konzipiert, verf\u00fcgt der C Vapor 2.0 \u00fcber einen 1600-mAh-Akku, eine schnelle 5-Klick Ein-\/Ausschalt-Sperre und eine Sitzungsdauer von 240 Sekunden. Nach nur 3 Stunden Ladezeit genie\u00dfen Sie bei jeder Nutzung zuverl\u00e4ssige Leistung.<\/p>\n<p>&nbsp;<\/p>","protected":false},"excerpt":{"rendered":"<p><strong>C Vapor 2.0 <\/strong>\u00a0\u2013 Ein eleganter, tragbarer Vaporizer mit reinem Metalldesign, selbstk\u00fchlendem Mundst\u00fcck und Multifunktionalit\u00e4t f\u00fcr losen Tabak, Kr\u00e4uter, Wachse und \u00d6le. Er verf\u00fcgt \u00fcber eine Keramik-Heizkammer, fortschrittliche LED-Anzeigen und anpassbare Temperatureinstellungen.<\/p>\n<ul>\n<li><strong>Abmessungen<\/strong>: 50 x 26 x 114 mm<\/li>\n<li><strong>Batteriekapazit\u00e4t<\/strong>: 1600mAh<\/li>\n<li><strong>Ladespannung\/-strom<\/strong>: 5V \/ 1,0A<\/li>\n<li><strong>Temperaturbereich<\/strong>: 188\u00b0C, 210\u00b0C, 232\u00b0C<\/li>\n<li><strong>Sitzungsdauer<\/strong>: 240 Sekunden<\/li>\n<li><strong>Ladezeit<\/strong>: 3 Stunden<\/li>\n<\/ul>","protected":false},"featured_media":16453,"comment_status":"closed","ping_status":"closed","template":"","meta":[],"product_brand":[],"product_cat":[149],"product_tag":[],"class_list":{"0":"post-16584","1":"product","2":"type-product","3":"status-publish","4":"has-post-thumbnail","6":"product_cat-weecke-vaporizer","8":"first","9":"instock","10":"shipping-taxable","11":"product-type-simple"},"_links":{"self":[{"href":"https:\/\/weecke.com\/de\/wp-json\/wp\/v2\/product\/16584","targetHints":{"allow":["GET"]}}],"collection":[{"href":"https:\/\/weecke.com\/de\/wp-json\/wp\/v2\/product"}],"about":[{"href":"https:\/\/weecke.com\/de\/wp-json\/wp\/v2\/types\/product"}],"replies":[{"embeddable":true,"href":"https:\/\/weecke.com\/de\/wp-json\/wp\/v2\/comments?post=16584"}],"wp:featuredmedia":[{"embeddable":true,"href":"https:\/\/weecke.com\/de\/wp-json\/wp\/v2\/media\/16453"}],"wp:attachment":[{"href":"https:\/\/weecke.com\/de\/wp-json\/wp\/v2\/media?parent=16584"}],"wp:term":[{"taxonomy":"product_brand","embeddable":true,"href":"https:\/\/weecke.com\/de\/wp-json\/wp\/v2\/product_brand?post=16584"},{"taxonomy":"product_cat","embeddable":true,"href":"https:\/\/weecke.com\/de\/wp-json\/wp\/v2\/product_cat?post=16584"},{"taxonomy":"product_tag","embeddable":true,"href":"https:\/\/weecke.com\/de\/wp-json\/wp\/v2\/product_tag?post=16584"}],"curies":[{"name":"wp","href":"https:\/\/api.w.org\/{rel}","templated":true}]}}