{"id":16224,"date":"2024-11-11T17:10:23","date_gmt":"2024-11-11T09:10:23","guid":{"rendered":"https:\/\/weecke.com\/?post_type=product&#038;p=16224"},"modified":"2024-11-15T16:51:35","modified_gmt":"2024-11-15T08:51:35","slug":"fenix-classic","status":"publish","type":"product","link":"https:\/\/weecke.com\/de\/product\/fenix-classic\/","title":{"rendered":"FENIX CLASSIC"},"content":{"rendered":"<p><strong>Vorteile und Merkmale<\/strong><\/p>\n<ol>\n<li>Patentierte Konvektionsluftstrom-Heiztechnologie, 100% Luftheizung, reiner Dampf.<\/li>\n<li>Spezielle Rauch-Intelligente Erkennung: Mit dieser Funktion kann der Nutzer sofortigen, gleichm\u00e4\u00dfigen Dampf unterwegs genie\u00dfen.<\/li>\n<li>Vollst\u00e4ndig isolierter Luftweg: Beim Gebrauch str\u00f6mt die Luft direkt durch den lebensmittelechten Metallweg in die Kammer, sicher.<\/li>\n<li>Wachs- &amp; \u00d6lbecher ist enthalten und geeignet f\u00fcr Trockenkr\u00e4uter, Wachs und \u00d6l.<\/li>\n<li>Abnehmbares und reinigbares Mundst\u00fcck mit Magnettechnologie, modischer.<\/li>\n<li>OEM und ODM sind willkommen.<\/li>\n<\/ol>\n<p><strong>Merkmale\u00a0<\/strong><\/p>\n<p>* Parallele Konvektionstechnologie<\/p>\n<p>* Intelligentes Zug-Erkennungsmodul (Sofortdampf)<\/p>\n<p>* Intelligenter Nichtverbrennungssensor-Schutz<\/p>\n<p>* 4\u00d72 Multi-Shift-Funktionen<\/p>\n<p>* 58,0 mm Eingang: DC 5,0 V \/ 1,0 A<\/p>\n<p>* Batteriekapazit\u00e4t: 2200 mAh<\/p>\n<p>* Batterietyp: EVE Klasse A Lithiumbatterie<\/p>\n<p>* Hochwertige Kammer mit Luftheizung (Konvektion) Technologie<\/p>\n<p>* Aufheizzeit: 20 \u2013 30 Sekunden<\/p>\n<p>* 2 Zugmodus-Einstellungen: Verst\u00e4rkungs- und Sanftmodus<\/p>\n<p>* Temperaturanzeige: Blinkend: Heizt; Dauerleuchten: Ger\u00e4t bereit<\/p>\n<p>* 4 Temperatursteuerbereich-Einstellungen: 338\u00b0F, 356\u00b0F, 374\u00b0F und 410\u00b0F<\/p>\n<p>* Micro-USB-Ladeanschluss<\/p>\n<p>* 5-Minuten Sicherheits-Automatik-Abschaltung<\/p>\n<p>* Die Batterie l\u00e4sst sich aufladen: \u00dcber 300 Mal<\/p>\n<p>* Sicherheitsschutz: \u00dcberladungs-\/Tiefentladungsschutz, \u00dcberstrom-\/Kurzschlussschutz, \u00dcberhitzungsschutz, Leerlaufschutz, Sensorfehlerschutz<\/p>\n<p><strong>Die Generationen der Verdampfer<\/strong><\/p>\n<p>1.: Verbrennung \u2013 Obwohl oft Verdampfer genannt, sind diese Ger\u00e4te eine praktische elektronische Pfeife, bei der eine rot gl\u00fchende Wendel das Material verbrennt.<\/p>\n<p>2. &amp; 3.: Konduktion \u2013 Das Material wird in einer Kammer erhitzt, um den Dampf zu extrahieren. Diese k\u00f6nnen gut funktionieren, aber da nur die Seiten und der Boden der Kammer beheizt werden, verdampft das Material in der Mitte nicht vollst\u00e4ndig, was h\u00e4ufiges Umr\u00fchren erfordert. Die Kammer bleibt erhitzt, sodass Effizienz verloren geht, da sie zwischen den Z\u00fcgen weiter verdampft.<\/p>\n<p>4.: Konvektion \u2013 Die Technologie des Fenix. Die Kammer hat hunderte kleiner L\u00f6cher, durch die hei\u00dfe Luft gezogen wird, was eine gleichm\u00e4\u00dfigere W\u00e4rmeverteilung \u00fcber das Kr\u00e4utermaterial erm\u00f6glicht. Dies sorgt f\u00fcr einen konsistenten, effizienten, geschmackvollen Geschmack und Dampf mit minimalem R\u00fchren. Die hei\u00dfe Luft wird haupts\u00e4chlich durch die Kammer gezogen, wenn man einen Zug nimmt, sodass der Effizienzverlust zwischen den Z\u00fcgen minimal ist.<\/p>\n<p><strong>Lieferumfang?<\/strong><\/p>\n<p>&nbsp;<\/p>\n<p>* Fenix Konvektionsverdampfer<br \/>\n* Mundst\u00fcck<br \/>\n* Wachs- &amp; \u00d6lbecher<\/p>\n<p>* Reinigungsb\u00fcrste<br \/>\n* Wachswerkzeug<br \/>\n* Siebe &amp; Silikonringe<\/p>\n<p><strong>\u00a0<\/strong><\/p>\n<p><strong>\u00a0<\/strong><strong>Garantie<\/strong><\/p>\n<p><strong>Alle Weecke-Produkte werden durch eine 6-monatige Herstellergarantie abgedeckt.<\/strong><br \/>\nAuf die Batterie gibt es eine separate 180-Tage-Garantie.<\/p>\n<p>Um Garantieanspr\u00fcche geltend zu machen, halten Sie bitte den Kaufbeleg und die Originalverpackung bereit, in der das Ger\u00e4t geliefert wurde, da diese einen Sicherheits-QR-Code enthalten, der f\u00fcr den Garantieprozess ben\u00f6tigt wird. Wenn Sie den Garantieprozess einleiten m\u00f6chten, wenden Sie sich bitte an Ihren Einzelhandelsshop.<\/p>","protected":false},"excerpt":{"rendered":"<p>Fenix ist das vierte Generationstrockenkr\u00e4uterverdampferprodukt von WEECKE nach dem WEECKE, C Vapor I und Ispy. Es verwendet ein patentiertes Konvektionsheizsystem, das sich v\u00f6llig von den aktuellen Modellen auf dem Markt unterscheidet. Es wird durch Luft erhitzt (100%), sodass der Nutzer unterwegs reinen und gleichm\u00e4\u00dfigen Dampf genie\u00dfen kann.<\/p>\n<ul>\n<li>ABMESSUNGEN: 111,0 mm * 28,0 mm<\/li>\n<li>BATTERIEKAPAZIT\u00c4T: 2300 mAh<\/li>\n<li>LADESPANNUNG\/-STROM: 5 V \/ 2,5 A<\/li>\n<li>VERRIEGELN\/ENTRIEGELN: Schnell 5 Mal die Einschalttaste dr\u00fccken EIN\/AUS mit Vibrationsr\u00fcckmeldung<\/li>\n<li>SITZUNGSDAUER: 240 Sekunden<\/li>\n<li>TEMPERATURBEREICH: 338\u00b0F, 356\u00b0F, 374\u00b0F und 410\u00b0F<\/li>\n<li>LADEZEIT: 2 Stunden<\/li>\n<\/ul>","protected":false},"featured_media":16124,"comment_status":"closed","ping_status":"closed","template":"","meta":[],"product_brand":[],"product_cat":[150],"product_tag":[],"class_list":{"0":"post-16224","1":"product","2":"type-product","3":"status-publish","4":"has-post-thumbnail","6":"product_cat-fenix-vaporizer","8":"first","9":"instock","10":"shipping-taxable","11":"product-type-simple"},"_links":{"self":[{"href":"https:\/\/weecke.com\/de\/wp-json\/wp\/v2\/product\/16224","targetHints":{"allow":["GET"]}}],"collection":[{"href":"https:\/\/weecke.com\/de\/wp-json\/wp\/v2\/product"}],"about":[{"href":"https:\/\/weecke.com\/de\/wp-json\/wp\/v2\/types\/product"}],"replies":[{"embeddable":true,"href":"https:\/\/weecke.com\/de\/wp-json\/wp\/v2\/comments?post=16224"}],"wp:featuredmedia":[{"embeddable":true,"href":"https:\/\/weecke.com\/de\/wp-json\/wp\/v2\/media\/16124"}],"wp:attachment":[{"href":"https:\/\/weecke.com\/de\/wp-json\/wp\/v2\/media?parent=16224"}],"wp:term":[{"taxonomy":"product_brand","embeddable":true,"href":"https:\/\/weecke.com\/de\/wp-json\/wp\/v2\/product_brand?post=16224"},{"taxonomy":"product_cat","embeddable":true,"href":"https:\/\/weecke.com\/de\/wp-json\/wp\/v2\/product_cat?post=16224"},{"taxonomy":"product_tag","embeddable":true,"href":"https:\/\/weecke.com\/de\/wp-json\/wp\/v2\/product_tag?post=16224"}],"curies":[{"name":"wp","href":"https:\/\/api.w.org\/{rel}","templated":true}]}}