{"id":16212,"date":"2024-11-11T17:09:05","date_gmt":"2024-11-11T09:09:05","guid":{"rendered":"https:\/\/weecke.com\/?post_type=product&#038;p=16212"},"modified":"2024-11-15T17:25:12","modified_gmt":"2024-11-15T09:25:12","slug":"fenix-pro","status":"publish","type":"product","link":"https:\/\/weecke.com\/de\/product\/fenix-pro\/","title":{"rendered":"FENIX PRO"},"content":{"rendered":"<h3>Elegantes und modernes Design<\/h3>\n<p>Der FENiX Pro ist nicht nur der fortschrittlichste Kr\u00e4utervaporizer auf dem Markt, sondern sieht auch einzigartig aus. Das schlanke schwarze Geh\u00e4use und das ausziehbare schwarze Glas-Mundst\u00fcck runden das Design ab.<\/p>\n<p>All dies ist in extrem kompakten Abmessungen von 5,2 cm * 2,5 cm * 8,4 cm (ohne Glas-Mundst\u00fcck) und nur 5,2 cm * 2,5 cm * 10,2 cm mit Glas-Mundst\u00fcck verpackt.<\/p>\n<h3>Innovative patentierte ECA-Technologie<\/h3>\n<p>ECA steht f\u00fcr \u201cEasy Care Airpath\u201d und ist eine einzigartige Innovation. Die Luft- und Heizkan\u00e4le sind nicht l\u00e4nger im Ger\u00e4t verborgen; vielmehr kann man sie sehen \u2013 genauer gesagt, man kann durch sie hindurchsehen. Entfernen Sie die Mundst\u00fcck-Einheit aus dem Ger\u00e4t und dr\u00fccken Sie das Sieb mithilfe des magenta-farbenen Kammerstabs vom Boden des Ger\u00e4ts aus, und der Heiz- und Luftkanal liegt komplett frei. Das gab es noch nie!<\/p>\n<h3>ECA<\/h3>\n<p>Da der Luftkanal komplett einsehbar ist, ist er leicht zu reinigen. Vorbei sind die Zeiten, in denen man nur das Sieb oder die Heizkammer reinigen konnte, aber kleine Kr\u00e4uterreste im Ger\u00e4t verschwanden. Dies ist beim FENiX Pro nicht mehr m\u00f6glich. Der Luftkanal ist 100% frei, was die Reinigung so einfach wie nie macht.<\/p>\n<h3>Gro\u00dfes und kristallklares OLED-Display f\u00fcr frei einstellbare Temperatur, frei einstellbaren Timer und Batteriestand, Vibrationsfunktion<\/h3>\n<p>Das gro\u00dfe 0,96-Zoll-Doppeldisplay zeigt gleichzeitig die eingestellte und die aktuelle Temperatur an (\u00e4hnlich wie beim FENiX 2.0). Doch das ist noch nicht alles: Das Display wurde in zwei Bereiche aufgeteilt, die die Temperaturen, die Timer- und die Ist-Zeit sowie den Batteriestand anzeigen. Der obere Bereich des Displays ist f\u00fcr die Temperaturen reserviert, der untere f\u00fcr die Zeiten.<\/p>\n<p>Der einstellbare Timer auf dem FENiX Pro OLED-Dual-Display erm\u00f6glicht es Ihnen, die Verdampfungszeit zwischen 3 und 6 Minuten zu w\u00e4hlen, bevor sich der FENiX Pro automatisch abschaltet. Sie k\u00f6nnen die ablaufende und herunterz\u00e4hlende Zeit auf dem Display verfolgen und bei Bedarf die Zeit einfach verl\u00e4ngern oder verk\u00fcrzen \u2013 ganz wie Sie m\u00f6chten!<\/p>\n<p>Die Vibrationsfunktion bietet die bereits bekannten Mechanismen des haptischen Feedbacks und signalisiert das Erreichen der Temperatur, das Ein- und Ausschalten usw.<\/p>\n<h3>Schnelles Aufheizen in weniger als 30 Sekunden und gradgenaue Verdampfung<\/h3>\n<p>Die gradgenaue Temperaturregelung im Bereich von 320 \u00b0F \u2013 428 \u00b0F \/ 160 \u00b0 \u2013 221 \u00b0C bietet volle Kontrolle f\u00fcr nahezu jede Kr\u00e4utersorte. Der Hersteller ist ein Meister in der Entwicklung neuer Technologien und steht neben einem bekannten deutschen Unternehmen mit der weltweit fortschrittlichsten Konvektionstechnologie. Nat\u00fcrlich kam diese Erfahrung auch dem FENiX Pro zugute, weshalb die FENiX Pro-Konvektionstechnologie noch pr\u00e4ziser arbeitet und jedem Vaporizer-Enthusiasten Freudentr\u00e4nen in die Augen treibt. Verdampfen war noch nie besser!<\/p>\n<h3>Qualit\u00e4t<\/h3>\n<p>Technologisch f\u00fchrend, einfach zu bedienen und extrem handlich \u2013 bei der Qualit\u00e4t der Materialien wurden keine Kompromisse gemacht. Die hochwertigen Materialien sind sichtbar, f\u00fchlbar und schmeckbar. Sobald man den Fenix Pro in der Hand gehalten oder sogar benutzt hat, gibt es keinen Zweifel an der herausragenden Leistung und Qualit\u00e4t dieses revolution\u00e4ren Konvektionsvaporizers.<\/p>\n<p>&nbsp;<\/p>\n<p><strong>Lieferumfang?<\/strong><\/p>\n<p>1 x FENiX Pro Vaporizer<\/p>\n<p>1 x Mundst\u00fcck-O-Ring &amp; Sieb<\/p>\n<p>1 x Luftweg-Reinigungsb\u00fcrste<\/p>\n<p>1 x Kammer-Reinigungsb\u00fcrste<\/p>\n<p>1 x Kammerstab<\/p>\n<p>1 x USB-Kabel<\/p>\n<p>1 x Bedienungsanleitung auf Deutsch und Englisch<\/p>\n<p>&nbsp;<\/p>\n<p>&nbsp;<\/p>\n<p><strong>Garantie<\/strong><\/p>\n<p><strong>Alle Weecke-Produkte werden durch eine 12-monatige Herstellergarantie abgesichert.<\/strong><\/p>\n<p>Um Garantieanspr\u00fcche geltend zu machen, halten Sie bitte den Kaufbeleg und die Originalverpackung bereit, in der das Ger\u00e4t geliefert wurde, da diese einen Sicherheits-QR-Code enthalten, der f\u00fcr den Garantieprozess ben\u00f6tigt wird. Wenn Sie den Garantieprozess einleiten m\u00f6chten, wenden Sie sich bitte an Ihren Einzelhandelsshop.<\/p>","protected":false},"excerpt":{"rendered":"<p>FENiX brachte die 7. Generation der Vaporizer auf den Markt, den FENiX Pro, der mit patentierter ECA-Technologie ausgestattet ist. Der FENiX Pro ist die Speerspitze der Vaporizer-Technologie, und die ECA-Konvektionstechnologie ist ebenso fortschrittlich wie einzigartig. Noch nie war es einfacher, Kr\u00e4uter effizienter und komfortabler zu verdampfen! Der FENiX Pro ist eine Revolution! Kein anderer Vaporizer vereint Innovation, Design, Handlichkeit und Benutzerfreundlichkeit so gekonnt.<\/p>\n<p><strong>ABMESSUNGEN<\/strong> : 5,2 cm * 2,5 cm * 8,4 cm<\/p>\n<p><strong>Batteriekapazit\u00e4t<\/strong>: 2300mAh<\/p>\n<p><strong>Ladespannung\/-strom<\/strong>: 5V\/1,5A<\/p>\n<p><strong>Verriegeln\/Entriegeln<\/strong>: Schnelles 5-maliges Dr\u00fccken der Power-Taste EIN\/AUS mit Vibrationsr\u00fcckmeldung<\/p>\n<p><strong>Sitzungsdauer<\/strong>: 180 bis 360 Sekunden, einstellbar<\/p>\n<p><strong>Temperaturbereich<\/strong>: 160-221\u00b0C \/320\u00b0F -430\u00b0F<\/p>\n<p><strong>Ladezeit<\/strong>: 2 Stunden<\/p>\n<p>&nbsp;<\/p>","protected":false},"featured_media":16959,"comment_status":"closed","ping_status":"closed","template":"","meta":[],"product_brand":[],"product_cat":[150],"product_tag":[],"class_list":{"0":"post-16212","1":"product","2":"type-product","3":"status-publish","4":"has-post-thumbnail","6":"product_cat-fenix-vaporizer","8":"first","9":"instock","10":"shipping-taxable","11":"product-type-simple"},"_links":{"self":[{"href":"https:\/\/weecke.com\/de\/wp-json\/wp\/v2\/product\/16212","targetHints":{"allow":["GET"]}}],"collection":[{"href":"https:\/\/weecke.com\/de\/wp-json\/wp\/v2\/product"}],"about":[{"href":"https:\/\/weecke.com\/de\/wp-json\/wp\/v2\/types\/product"}],"replies":[{"embeddable":true,"href":"https:\/\/weecke.com\/de\/wp-json\/wp\/v2\/comments?post=16212"}],"wp:featuredmedia":[{"embeddable":true,"href":"https:\/\/weecke.com\/de\/wp-json\/wp\/v2\/media\/16959"}],"wp:attachment":[{"href":"https:\/\/weecke.com\/de\/wp-json\/wp\/v2\/media?parent=16212"}],"wp:term":[{"taxonomy":"product_brand","embeddable":true,"href":"https:\/\/weecke.com\/de\/wp-json\/wp\/v2\/product_brand?post=16212"},{"taxonomy":"product_cat","embeddable":true,"href":"https:\/\/weecke.com\/de\/wp-json\/wp\/v2\/product_cat?post=16212"},{"taxonomy":"product_tag","embeddable":true,"href":"https:\/\/weecke.com\/de\/wp-json\/wp\/v2\/product_tag?post=16212"}],"curies":[{"name":"wp","href":"https:\/\/api.w.org\/{rel}","templated":true}]}}