{"id":16200,"date":"2024-11-11T17:04:19","date_gmt":"2024-11-11T09:04:19","guid":{"rendered":"https:\/\/weecke.com\/?post_type=product&#038;p=16200"},"modified":"2025-03-25T09:32:15","modified_gmt":"2025-03-25T01:32:15","slug":"weecke-c-vapo-5-0","status":"publish","type":"product","link":"https:\/\/weecke.com\/de\/product\/weecke-c-vapo-5-0\/","title":{"rendered":"WEECKE C VAPOR 5.0"},"content":{"rendered":"<h3><strong>Hauptmerkmale<\/strong><\/h3>\n<ul>\n<li><strong>Air-Hi-Heiztechnologie<\/strong>: Gew\u00e4hrleistet gleichm\u00e4\u00dfige, konsistente Hitze f\u00fcr sanften und aromatischen Dampf ohne Verbrennung oder Brandgeschmack.<\/li>\n<li><strong>Isolierter Luftweg<\/strong>: Vollst\u00e4ndig von der Kammer getrennt f\u00fcr reinsten Dampf.<\/li>\n<li><strong>Benutzerfreundliche Oberfl\u00e4che<\/strong>: Digitales Display mit erweiterten Steuerungsm\u00f6glichkeiten f\u00fcr Temperatur, Sitzungsdauer und Celsius\/Fahrenheit-Auswahl.<\/li>\n<li><strong>Einstellbarer Luftstrom<\/strong>: Passen Sie Ihren Zug mit pr\u00e4ziser Luftstromregelung an.<\/li>\n<li><strong>Glas- oder Edelstahl-Mundst\u00fcck<\/strong>: Bewahrt die Aromareinheit bei allen Temperatureinstellungen.<\/li>\n<li><strong>Haptisches Feedback<\/strong>: Informiert Sie, wenn das Ger\u00e4t bereit ist, in den Schlafmodus wechselt oder ein-\/ausgeschaltet wird.<\/li>\n<\/ul>\n<h3><\/h3>\n<h3><strong>Highlights<\/strong><\/h3>\n<ul>\n<li>Automatischer Abschalt-Timer f\u00fcr Sicherheit<\/li>\n<li>Haptisches Feedback f\u00fcr Benachrichtigungen<\/li>\n<li>Integrierte Klasse-A-Li-Polymer-Batterie<\/li>\n<li>\u00dcberladungs- und \u00dcberhitzungsschutz<\/li>\n<li>Breiter Temperaturbereich: 320\u00b0F \u2013 464\u00b0F (160\u00b0C \u2013 240\u00b0C)<\/li>\n<li>Langlebiges Glas- oder Edelstahl-Mundst\u00fcck f\u00fcr puren Geschmack<\/li>\n<li>USB-C-Ladung f\u00fcr schnelleres und bequemeres Aufladen<\/li>\n<\/ul>","protected":false},"excerpt":{"rendered":"<p>Der <strong>C Vapor 5.0<\/strong> stellt die n\u00e4chste Entwicklungsstufe der C-Vapor-Serie dar und bietet fortschrittliche Funktionen sowie die innovative Air-Hi-Heiztechnologie. Konzipiert f\u00fcr Kr\u00e4uter und losen Tabak gew\u00e4hrleistet sein vollst\u00e4ndig isolierter Luftweg gleichm\u00e4\u00dfiges Erhitzen, sanfte Dampfwolken und ein verbrennungsfreies Erlebnis. Mit einer benutzerfreundlichen Oberfl\u00e4che, digitaler Steuerung und einem Dual-Heizsystem bietet der C Vapor 5.0 ein hochwertiges Vaping-Erlebnis, das vielseitig und komfortabel ist.<\/p>\n<ul>\n<li><strong>Heizmethode<\/strong>: Air-Hi-Heizung<\/li>\n<li><strong>Temperaturbereich<\/strong>: 320\u00b0F \u2013 464\u00b0F (160\u00b0C \u2013 240\u00b0C)<\/li>\n<li><strong>Sitzungs-Timer<\/strong>: Einstellbar<\/li>\n<li><strong>Batterietyp<\/strong>: Klasse-A-Li-Polymer (lange Lebensdauer)<\/li>\n<li><strong>Batteriekapazit\u00e4t<\/strong>: 3000mAh<\/li>\n<li><strong>Ladeanschluss<\/strong>: USB-C<\/li>\n<li><strong>Sicherheitsfunktionen<\/strong>: \u00dcberladungs- und \u00dcberhitzungsschutz<\/li>\n<li><strong>Mundst\u00fcck<\/strong>: Glas \/ Edelstahl<\/li>\n<li><strong>Luftweg<\/strong>: Vollst\u00e4ndig isoliert<\/li>\n<\/ul>","protected":false},"featured_media":16370,"comment_status":"closed","ping_status":"closed","template":"","meta":[],"product_brand":[],"product_cat":[149],"product_tag":[],"class_list":{"0":"post-16200","1":"product","2":"type-product","3":"status-publish","4":"has-post-thumbnail","6":"product_cat-weecke-vaporizer","8":"first","9":"instock","10":"shipping-taxable","11":"product-type-simple"},"_links":{"self":[{"href":"https:\/\/weecke.com\/de\/wp-json\/wp\/v2\/product\/16200","targetHints":{"allow":["GET"]}}],"collection":[{"href":"https:\/\/weecke.com\/de\/wp-json\/wp\/v2\/product"}],"about":[{"href":"https:\/\/weecke.com\/de\/wp-json\/wp\/v2\/types\/product"}],"replies":[{"embeddable":true,"href":"https:\/\/weecke.com\/de\/wp-json\/wp\/v2\/comments?post=16200"}],"wp:featuredmedia":[{"embeddable":true,"href":"https:\/\/weecke.com\/de\/wp-json\/wp\/v2\/media\/16370"}],"wp:attachment":[{"href":"https:\/\/weecke.com\/de\/wp-json\/wp\/v2\/media?parent=16200"}],"wp:term":[{"taxonomy":"product_brand","embeddable":true,"href":"https:\/\/weecke.com\/de\/wp-json\/wp\/v2\/product_brand?post=16200"},{"taxonomy":"product_cat","embeddable":true,"href":"https:\/\/weecke.com\/de\/wp-json\/wp\/v2\/product_cat?post=16200"},{"taxonomy":"product_tag","embeddable":true,"href":"https:\/\/weecke.com\/de\/wp-json\/wp\/v2\/product_tag?post=16200"}],"curies":[{"name":"wp","href":"https:\/\/api.w.org\/{rel}","templated":true}]}}