{"id":16197,"date":"2024-11-11T17:03:25","date_gmt":"2024-11-11T09:03:25","guid":{"rendered":"https:\/\/weecke.com\/?post_type=product&#038;p=16197"},"modified":"2024-11-15T12:06:33","modified_gmt":"2024-11-15T04:06:33","slug":"weecke-c-vapor-4-0","status":"publish","type":"product","link":"https:\/\/weecke.com\/de\/product\/weecke-c-vapor-4-0\/","title":{"rendered":"WEECKE C VAPOR 4.0"},"content":{"rendered":"<h3><strong>Hauptmerkmale<\/strong><\/h3>\n<ul>\n<li><strong>Pr\u00e4zise Temperaturkontrolle<\/strong>: Einstellbare Temperatur von 160-226 \u00b0C (320-440\u00b0F) mit einem gro\u00dfen OLED-Display, das sowohl die aktuelle als auch die Zieltemperatur anzeigt.<\/li>\n<li><strong>Einstellbarer Luftstrom<\/strong>: Luftstrom einfach \u00fcber die Bodenregulierung anpassen, um Dampfdichte und Geschmack individuell zu gestalten.<\/li>\n<li><strong>Hochwertige Materialien<\/strong>: Keramik-Heizkammer und langlebiges Glas-Mundst\u00fcck mit internem Keramikfilter f\u00fcr sauberen, sanften Dampf.<\/li>\n<li><strong>Automatische Abschaltung<\/strong>: Schaltet nach 4 Minuten Inaktivit\u00e4t ab, um den Akku zu schonen und die Sicherheit zu erh\u00f6hen, mit Vibrationsr\u00fcckmeldung zur Best\u00e4tigung.<\/li>\n<li><strong>Langlebiger Akku<\/strong>: Leistungsstarker 3000-mAh-Akku erm\u00f6glicht 21-28 Sitzungen pro Ladung und ist in nur 2 Stunden vollst\u00e4ndig aufgeladen.<\/li>\n<li><strong>Tragbares Design<\/strong>: Kompakt und schlank, ideal f\u00fcr unterwegs.<\/li>\n<li><strong>Schnelles Aufheizen<\/strong>: Erreicht die optimale Temperatur in nur 30 Sekunden.<\/li>\n<li><strong>Einfache Wartung<\/strong>: Von unten zu reinigender Luftweg und abnehmbare Keramikkammer f\u00fcr m\u00fchelose Reinigung.<\/li>\n<li><strong>Verbrennungsgesch\u00fctztes Mundst\u00fcck<\/strong>: Angenehm in der Anwendung bei jeder Temperatureinstellung.<\/li>\n<li><strong>Vibrationsr\u00fcckmeldung<\/strong>: Bietet haptisches Feedback f\u00fcr Ein-\/Ausschaltvorgang und Sitzungsbenachrichtigungen.<\/li>\n<li><strong>USB-Aufladung<\/strong>: Bequemes und schnelles Laden mit 5V\/2,0A.<\/li>\n<\/ul>\n<p>&nbsp;<\/p>\n<h3><strong>Optimale Nutzungstipps<\/strong><\/h3>\n<ul>\n<li><strong>F\u00fcr dichten Dampf<\/strong>: H\u00f6here Temperaturen mit eingeschr\u00e4nktem Luftstrom verwenden.<\/li>\n<li><strong>F\u00fcr sanften Dampf<\/strong>: Niedrigere Temperaturen mit reduziertem Luftstrom verwenden.<\/li>\n<\/ul>\n<p><img fetchpriority=\"high\" decoding=\"async\" class=\"size-full wp-image-15337\" src=\"https:\/\/weecke.com\/wp-content\/uploads\/C-Vapor-4.0-P4-1.jpg\" alt=\"\" width=\"2560\" height=\"1440\" srcset=\"https:\/\/weecke.com\/wp-content\/uploads\/C-Vapor-4.0-P4-1.jpg 2560w, https:\/\/weecke.com\/wp-content\/uploads\/C-Vapor-4.0-P4-1-500x281.jpg 500w, https:\/\/weecke.com\/wp-content\/uploads\/C-Vapor-4.0-P4-1-700x394.jpg 700w, https:\/\/weecke.com\/wp-content\/uploads\/C-Vapor-4.0-P4-1-300x169.jpg 300w, https:\/\/weecke.com\/wp-content\/uploads\/C-Vapor-4.0-P4-1-1024x576.jpg 1024w, https:\/\/weecke.com\/wp-content\/uploads\/C-Vapor-4.0-P4-1-768x432.jpg 768w, https:\/\/weecke.com\/wp-content\/uploads\/C-Vapor-4.0-P4-1-1536x864.jpg 1536w, https:\/\/weecke.com\/wp-content\/uploads\/C-Vapor-4.0-P4-1-2048x1152.jpg 2048w\" sizes=\"(max-width: 2560px) 100vw, 2560px\" \/><\/p>\n<p><img decoding=\"async\" class=\"aligncenter size-full wp-image-15333\" src=\"https:\/\/weecke.com\/wp-content\/uploads\/C-Vapor-4.0-P1-3.jpg\" alt=\"\" width=\"2560\" height=\"1627\" srcset=\"https:\/\/weecke.com\/wp-content\/uploads\/C-Vapor-4.0-P1-3.jpg 2560w, https:\/\/weecke.com\/wp-content\/uploads\/C-Vapor-4.0-P1-3-500x318.jpg 500w, https:\/\/weecke.com\/wp-content\/uploads\/C-Vapor-4.0-P1-3-700x445.jpg 700w, https:\/\/weecke.com\/wp-content\/uploads\/C-Vapor-4.0-P1-3-300x191.jpg 300w, https:\/\/weecke.com\/wp-content\/uploads\/C-Vapor-4.0-P1-3-1024x651.jpg 1024w, https:\/\/weecke.com\/wp-content\/uploads\/C-Vapor-4.0-P1-3-768x488.jpg 768w, https:\/\/weecke.com\/wp-content\/uploads\/C-Vapor-4.0-P1-3-1536x976.jpg 1536w, https:\/\/weecke.com\/wp-content\/uploads\/C-Vapor-4.0-P1-3-2048x1302.jpg 2048w\" sizes=\"(max-width: 2560px) 100vw, 2560px\" \/> <img decoding=\"async\" class=\"aligncenter size-full wp-image-15332\" src=\"https:\/\/weecke.com\/wp-content\/uploads\/C-Vapor-4.0-P1-2.jpg\" alt=\"\" width=\"2560\" height=\"1627\" srcset=\"https:\/\/weecke.com\/wp-content\/uploads\/C-Vapor-4.0-P1-2.jpg 2560w, https:\/\/weecke.com\/wp-content\/uploads\/C-Vapor-4.0-P1-2-500x318.jpg 500w, https:\/\/weecke.com\/wp-content\/uploads\/C-Vapor-4.0-P1-2-700x445.jpg 700w, https:\/\/weecke.com\/wp-content\/uploads\/C-Vapor-4.0-P1-2-300x191.jpg 300w, https:\/\/weecke.com\/wp-content\/uploads\/C-Vapor-4.0-P1-2-1024x651.jpg 1024w, https:\/\/weecke.com\/wp-content\/uploads\/C-Vapor-4.0-P1-2-768x488.jpg 768w, https:\/\/weecke.com\/wp-content\/uploads\/C-Vapor-4.0-P1-2-1536x976.jpg 1536w, https:\/\/weecke.com\/wp-content\/uploads\/C-Vapor-4.0-P1-2-2048x1302.jpg 2048w\" sizes=\"(max-width: 2560px) 100vw, 2560px\" \/> <img loading=\"lazy\" decoding=\"async\" class=\"aligncenter size-full wp-image-15331\" src=\"https:\/\/weecke.com\/wp-content\/uploads\/C-Vapor-4.0-P1-1-scaled.jpg\" alt=\"\" width=\"2560\" height=\"1902\" srcset=\"https:\/\/weecke.com\/wp-content\/uploads\/C-Vapor-4.0-P1-1-scaled.jpg 2560w, https:\/\/weecke.com\/wp-content\/uploads\/C-Vapor-4.0-P1-1-scaled-500x371.jpg 500w, https:\/\/weecke.com\/wp-content\/uploads\/C-Vapor-4.0-P1-1-scaled-700x520.jpg 700w, https:\/\/weecke.com\/wp-content\/uploads\/C-Vapor-4.0-P1-1-300x223.jpg 300w, https:\/\/weecke.com\/wp-content\/uploads\/C-Vapor-4.0-P1-1-1024x761.jpg 1024w, https:\/\/weecke.com\/wp-content\/uploads\/C-Vapor-4.0-P1-1-768x571.jpg 768w, https:\/\/weecke.com\/wp-content\/uploads\/C-Vapor-4.0-P1-1-1536x1141.jpg 1536w, https:\/\/weecke.com\/wp-content\/uploads\/C-Vapor-4.0-P1-1-2048x1522.jpg 2048w\" sizes=\"(max-width: 2560px) 100vw, 2560px\" \/><\/p>\n<p>&nbsp;<\/p>","protected":false},"excerpt":{"rendered":"<p>Aufbauend auf dem Erfolg der C Vapor-Serie bietet das <strong>C Vapor 4.0<\/strong> verbesserte Funktionen f\u00fcr ein individuell anpassbares, leistungsstarkes Vaping-Erlebnis. Mit pr\u00e4ziser Temperaturkontrolle, einstellbarem Luftstrom und einem innovativen, von unten zu reinigenden Luftweg bietet dieser kompakte Vaporizer (nur 10 cm x 5,3 cm x 2,6 cm) Vielseitigkeit und einfache Handhabung. Angetrieben von einem robusten 3000-mAh-Akku und aus hochwertigen Materialien gefertigt, liefert das C Vapor 4.0 stets reinen Dampf bei jeder Temperatureinstellung.<\/p>\n<ul>\n<li><strong>Abmessungen<\/strong>: 100 mm x 53 mm x 26 mm<\/li>\n<li><strong>Batteriekapazit\u00e4t<\/strong>: 3000mAh<\/li>\n<li><strong>Ladespannung\/-strom<\/strong>: 5V \/ 2,0A<\/li>\n<li><strong>Verriegeln\/Entriegeln<\/strong>: Zum Ein-\/Ausschalten die Leistungstaste 5 Mal dr\u00fccken, mit Vibrationsr\u00fcckmeldung<\/li>\n<li><strong>Sitzungsdauer<\/strong>: 240 Sekunden<\/li>\n<\/ul>","protected":false},"featured_media":16412,"comment_status":"closed","ping_status":"closed","template":"","meta":[],"product_brand":[],"product_cat":[149],"product_tag":[],"class_list":{"0":"post-16197","1":"product","2":"type-product","3":"status-publish","4":"has-post-thumbnail","6":"product_cat-weecke-vaporizer","8":"first","9":"instock","10":"shipping-taxable","11":"product-type-simple"},"_links":{"self":[{"href":"https:\/\/weecke.com\/de\/wp-json\/wp\/v2\/product\/16197","targetHints":{"allow":["GET"]}}],"collection":[{"href":"https:\/\/weecke.com\/de\/wp-json\/wp\/v2\/product"}],"about":[{"href":"https:\/\/weecke.com\/de\/wp-json\/wp\/v2\/types\/product"}],"replies":[{"embeddable":true,"href":"https:\/\/weecke.com\/de\/wp-json\/wp\/v2\/comments?post=16197"}],"wp:featuredmedia":[{"embeddable":true,"href":"https:\/\/weecke.com\/de\/wp-json\/wp\/v2\/media\/16412"}],"wp:attachment":[{"href":"https:\/\/weecke.com\/de\/wp-json\/wp\/v2\/media?parent=16197"}],"wp:term":[{"taxonomy":"product_brand","embeddable":true,"href":"https:\/\/weecke.com\/de\/wp-json\/wp\/v2\/product_brand?post=16197"},{"taxonomy":"product_cat","embeddable":true,"href":"https:\/\/weecke.com\/de\/wp-json\/wp\/v2\/product_cat?post=16197"},{"taxonomy":"product_tag","embeddable":true,"href":"https:\/\/weecke.com\/de\/wp-json\/wp\/v2\/product_tag?post=16197"}],"curies":[{"name":"wp","href":"https:\/\/api.w.org\/{rel}","templated":true}]}}