{"id":16191,"date":"2024-11-11T17:02:06","date_gmt":"2024-11-11T09:02:06","guid":{"rendered":"https:\/\/weecke.com\/?post_type=product&#038;p=16191"},"modified":"2024-11-14T11:39:57","modified_gmt":"2024-11-14T03:39:57","slug":"weecke-rush","status":"publish","type":"product","link":"https:\/\/weecke.com\/de\/product\/weecke-rush\/","title":{"rendered":"WEECKE RUSH"},"content":{"rendered":"<p data-pm-slice=\"1 1 []\"><strong>Tragbar, leistungsstark, innovativ und mit Top-Leistung<\/strong><\/p>\n<h3><\/h3>\n<h3><strong>Merkmale und Vorteile<\/strong><\/h3>\n<ol>\n<li><strong>Einzigartiges Filtersystem<\/strong>: Doppelte Silikon- und Keramikfilter verhindern das Entweichen von Partikeln und gew\u00e4hrleisten gleichzeitig einen glatten, sauberen Dampf.<\/li>\n<li><strong>Einfache Wartung<\/strong>: Das innovative Filterdesign erm\u00f6glicht eine schnellere und einfachere Reinigung als bei traditionellen Metallfiltern, ohne Kompromisse bei Leistung oder Geschmack.<\/li>\n<li><strong>Dual-Heating-Technologie<\/strong>: Fortschrittliches Dual-Heating sorgt f\u00fcr eine gleichm\u00e4\u00dfigere und effizientere Erw\u00e4rmung, um optimalen Dampfgeschmack und eine verl\u00e4ngerte Nutzungsdauer der trockenen Kr\u00e4uter zu erreichen.<\/li>\n<li><strong>Vielseitige Mundst\u00fccke<\/strong>: W\u00e4hlen Sie zwischen einzigartigen Keramik- und Silikonmundst\u00fccken f\u00fcr ein personalisiertes Erlebnis.<\/li>\n<li><strong>Praktisches Type-C-Laden<\/strong>: Schnelles und zuverl\u00e4ssiges Laden f\u00fcr ein nahtloses Erlebnis.<\/li>\n<li><strong>Vollst\u00e4ndiges Zubeh\u00f6rset<\/strong>: Enth\u00e4lt eine Reinigungsb\u00fcrste, ein Stopfwerkzeug f\u00fcr trockene Kr\u00e4uter und 2 zus\u00e4tzliche Siebe f\u00fcr eine einfache Wartung.<\/li>\n<\/ol>\n<p>&nbsp;<\/p>\n<p><img fetchpriority=\"high\" decoding=\"async\" class=\"aligncenter size-full wp-image-15615\" src=\"https:\/\/weecke.com\/wp-content\/uploads\/1-1.jpg\" alt=\"\" width=\"1920\" height=\"915\" srcset=\"https:\/\/weecke.com\/wp-content\/uploads\/1-1.jpg 1920w, https:\/\/weecke.com\/wp-content\/uploads\/1-1-500x238.jpg 500w, https:\/\/weecke.com\/wp-content\/uploads\/1-1-700x334.jpg 700w, https:\/\/weecke.com\/wp-content\/uploads\/1-1-300x143.jpg 300w, https:\/\/weecke.com\/wp-content\/uploads\/1-1-1024x488.jpg 1024w, https:\/\/weecke.com\/wp-content\/uploads\/1-1-768x366.jpg 768w, https:\/\/weecke.com\/wp-content\/uploads\/1-1-1536x732.jpg 1536w\" sizes=\"(max-width: 1920px) 100vw, 1920px\" \/> <img decoding=\"async\" class=\"aligncenter size-full wp-image-15613\" src=\"https:\/\/weecke.com\/wp-content\/uploads\/Dimensions_.png\" alt=\"\" width=\"1920\" height=\"1080\" srcset=\"https:\/\/weecke.com\/wp-content\/uploads\/Dimensions_.png 1920w, https:\/\/weecke.com\/wp-content\/uploads\/Dimensions_-500x281.png 500w, https:\/\/weecke.com\/wp-content\/uploads\/Dimensions_-700x394.png 700w, https:\/\/weecke.com\/wp-content\/uploads\/Dimensions_-300x169.png 300w, https:\/\/weecke.com\/wp-content\/uploads\/Dimensions_-1024x576.png 1024w, https:\/\/weecke.com\/wp-content\/uploads\/Dimensions_-768x432.png 768w, https:\/\/weecke.com\/wp-content\/uploads\/Dimensions_-1536x864.png 1536w\" sizes=\"(max-width: 1920px) 100vw, 1920px\" \/> <img decoding=\"async\" class=\"aligncenter size-full wp-image-15611\" src=\"https:\/\/weecke.com\/wp-content\/uploads\/Rush-detailed-Instruction_.png\" alt=\"\" width=\"1920\" height=\"1080\" srcset=\"https:\/\/weecke.com\/wp-content\/uploads\/Rush-detailed-Instruction_.png 1920w, https:\/\/weecke.com\/wp-content\/uploads\/Rush-detailed-Instruction_-500x281.png 500w, https:\/\/weecke.com\/wp-content\/uploads\/Rush-detailed-Instruction_-700x394.png 700w, https:\/\/weecke.com\/wp-content\/uploads\/Rush-detailed-Instruction_-300x169.png 300w, https:\/\/weecke.com\/wp-content\/uploads\/Rush-detailed-Instruction_-1024x576.png 1024w, https:\/\/weecke.com\/wp-content\/uploads\/Rush-detailed-Instruction_-768x432.png 768w, https:\/\/weecke.com\/wp-content\/uploads\/Rush-detailed-Instruction_-1536x864.png 1536w\" sizes=\"(max-width: 1920px) 100vw, 1920px\" \/> <img loading=\"lazy\" decoding=\"async\" class=\"aligncenter size-full wp-image-15603\" src=\"https:\/\/weecke.com\/wp-content\/uploads\/Temperature.jpg\" alt=\"\" width=\"1920\" height=\"1080\" srcset=\"https:\/\/weecke.com\/wp-content\/uploads\/Temperature.jpg 1920w, https:\/\/weecke.com\/wp-content\/uploads\/Temperature-500x281.jpg 500w, https:\/\/weecke.com\/wp-content\/uploads\/Temperature-700x394.jpg 700w, https:\/\/weecke.com\/wp-content\/uploads\/Temperature-300x169.jpg 300w, https:\/\/weecke.com\/wp-content\/uploads\/Temperature-1024x576.jpg 1024w, https:\/\/weecke.com\/wp-content\/uploads\/Temperature-768x432.jpg 768w, https:\/\/weecke.com\/wp-content\/uploads\/Temperature-1536x864.jpg 1536w\" sizes=\"(max-width: 1920px) 100vw, 1920px\" \/> <img loading=\"lazy\" decoding=\"async\" class=\"aligncenter size-full wp-image-15602\" src=\"https:\/\/weecke.com\/wp-content\/uploads\/session.jpg\" alt=\"\" width=\"1920\" height=\"1080\" srcset=\"https:\/\/weecke.com\/wp-content\/uploads\/session.jpg 1920w, https:\/\/weecke.com\/wp-content\/uploads\/session-500x281.jpg 500w, https:\/\/weecke.com\/wp-content\/uploads\/session-700x394.jpg 700w, https:\/\/weecke.com\/wp-content\/uploads\/session-300x169.jpg 300w, https:\/\/weecke.com\/wp-content\/uploads\/session-1024x576.jpg 1024w, https:\/\/weecke.com\/wp-content\/uploads\/session-768x432.jpg 768w, https:\/\/weecke.com\/wp-content\/uploads\/session-1536x864.jpg 1536w\" sizes=\"(max-width: 1920px) 100vw, 1920px\" \/> <img loading=\"lazy\" decoding=\"async\" class=\"aligncenter size-full wp-image-15601\" src=\"https:\/\/weecke.com\/wp-content\/uploads\/\u70df\u9505.gif\" alt=\"\" width=\"1920\" height=\"1080\" \/><\/p>\n<p>&nbsp;<\/p>\n<figure id=\"attachment_16626\" aria-describedby=\"caption-attachment-16626\" style=\"width: 1840px\" class=\"wp-caption aligncenter\"><img loading=\"lazy\" decoding=\"async\" class=\"size-full wp-image-16626\" src=\"https:\/\/weecke.com\/wp-content\/uploads\/rUsh-package1.jpg\" alt=\"\" width=\"1840\" height=\"1149\" srcset=\"https:\/\/weecke.com\/wp-content\/uploads\/rUsh-package1.jpg 1840w, https:\/\/weecke.com\/wp-content\/uploads\/rUsh-package1-300x187.jpg 300w, https:\/\/weecke.com\/wp-content\/uploads\/rUsh-package1-1024x639.jpg 1024w, https:\/\/weecke.com\/wp-content\/uploads\/rUsh-package1-768x480.jpg 768w, https:\/\/weecke.com\/wp-content\/uploads\/rUsh-package1-1536x959.jpg 1536w, https:\/\/weecke.com\/wp-content\/uploads\/rUsh-package1-500x312.jpg 500w, https:\/\/weecke.com\/wp-content\/uploads\/rUsh-package1-700x437.jpg 700w\" sizes=\"(max-width: 1840px) 100vw, 1840px\" \/><figcaption id=\"caption-attachment-16626\" class=\"wp-caption-text\">Weecke Rush Paket<\/figcaption><\/figure>","protected":false},"excerpt":{"rendered":"<p><strong>The Rush<\/strong> Der Rush-Vaporizer ist f\u00fcr ultimative Bequemlichkeit und Effizienz konzipiert und verf\u00fcgt \u00fcber ein einzigartiges Silikon- und Keramikfiltersystem, das Partikel fernh\u00e4lt und gleichzeitig reinen, aromatischen Dampf liefert. Seine fortschrittliche Dual-Heating-Methode erhitzt trockene Kr\u00e4uter gleichm\u00e4\u00dfig, maximiert den Geschmack und verl\u00e4ngert die Lebensdauer Ihrer Kr\u00e4uter und bietet so ein deutlich verbessertes Erlebnis gegen\u00fcber traditionellen Vaporizern.<\/p>\n<ul>\n<li><strong>Heizmethode<\/strong>: Dual-Heating<\/li>\n<li><strong>Geeignet f\u00fcr<\/strong>: Trockene Materialien<\/li>\n<li><strong>Luftstrom<\/strong>: Leichter Luftwiderstand<\/li>\n<li><strong>Temperaturbereich<\/strong>: 160\u00b0C \u2013 240\u00b0C<\/li>\n<li><strong>Temperaturregelung<\/strong>: Pr\u00e4zise, in 1\u00b0C-Schritten einstellbar<\/li>\n<li><strong>Kammer<\/strong>: Edelstahl<\/li>\n<li><strong>Fassungsverm\u00f6gen<\/strong>: 0,3 g lose, getrocknete Kr\u00e4uter<\/li>\n<li><strong>Aufheizgeschwindigkeit<\/strong>: ~ 25 Sekunden<\/li>\n<li><strong>Akku<\/strong>: 2300 mAh<\/li>\n<\/ul>","protected":false},"featured_media":16621,"comment_status":"closed","ping_status":"closed","template":"","meta":[],"product_brand":[],"product_cat":[149],"product_tag":[],"class_list":{"0":"post-16191","1":"product","2":"type-product","3":"status-publish","4":"has-post-thumbnail","6":"product_cat-weecke-vaporizer","8":"first","9":"instock","10":"shipping-taxable","11":"product-type-simple"},"_links":{"self":[{"href":"https:\/\/weecke.com\/de\/wp-json\/wp\/v2\/product\/16191","targetHints":{"allow":["GET"]}}],"collection":[{"href":"https:\/\/weecke.com\/de\/wp-json\/wp\/v2\/product"}],"about":[{"href":"https:\/\/weecke.com\/de\/wp-json\/wp\/v2\/types\/product"}],"replies":[{"embeddable":true,"href":"https:\/\/weecke.com\/de\/wp-json\/wp\/v2\/comments?post=16191"}],"wp:featuredmedia":[{"embeddable":true,"href":"https:\/\/weecke.com\/de\/wp-json\/wp\/v2\/media\/16621"}],"wp:attachment":[{"href":"https:\/\/weecke.com\/de\/wp-json\/wp\/v2\/media?parent=16191"}],"wp:term":[{"taxonomy":"product_brand","embeddable":true,"href":"https:\/\/weecke.com\/de\/wp-json\/wp\/v2\/product_brand?post=16191"},{"taxonomy":"product_cat","embeddable":true,"href":"https:\/\/weecke.com\/de\/wp-json\/wp\/v2\/product_cat?post=16191"},{"taxonomy":"product_tag","embeddable":true,"href":"https:\/\/weecke.com\/de\/wp-json\/wp\/v2\/product_tag?post=16191"}],"curies":[{"name":"wp","href":"https:\/\/api.w.org\/{rel}","templated":true}]}}