{"id":16587,"date":"2024-11-14T09:10:22","date_gmt":"2024-11-14T01:10:22","guid":{"rendered":"https:\/\/weecke.com\/?post_type=product&#038;p=16587"},"modified":"2024-11-15T12:14:17","modified_gmt":"2024-11-15T04:14:17","slug":"weecke-c-vapor-3-0","status":"publish","type":"product","link":"https:\/\/weecke.com\/cs\/product\/weecke-c-vapor-3-0\/","title":{"rendered":"WEECKE C VAPOR 3.0"},"content":{"rendered":"<h3><strong>V\u00fdhody a vlastnosti<\/strong><\/h3>\n<ol>\n<li><strong>Prodlou\u017een\u00e1 v\u00fddr\u017e baterie<\/strong>: Vybaven v\u011bt\u0161\u00ed 2300 mAh bateri\u00ed pro del\u0161\u00ed pou\u017e\u00edv\u00e1n\u00ed a dlouhotrvaj\u00edc\u00ed v\u00fdkon.<\/li>\n<li><strong>Rychl\u00e9 zah\u0159\u00edv\u00e1n\u00ed<\/strong>: Vylep\u0161en\u00e1 keramick\u00e1 komora se rychle zah\u0159\u00edv\u00e1, zaji\u0161\u0165uje \u00fa\u010dinnou a chutnou produkci vaporu.<\/li>\n<li><strong>Izolovan\u00fd vzduchov\u00fd kan\u00e1l<\/strong>: P\u0159\u00edm\u00fd vzduchov\u00fd kan\u00e1l z potravin\u00e1\u0159sk\u00e9ho kovu pro bezpe\u010dn\u011bj\u0161\u00ed a \u010dist\u0161\u00ed inhala\u010dn\u00ed z\u00e1\u017eitek.<\/li>\n<li><strong>Nastaviteln\u00fd pr\u016ftok vzduchu<\/strong>: P\u0159izp\u016fsobte si hustotu vaporu pro individu\u00e1ln\u00ed z\u00e1\u017eitek.<\/li>\n<li><strong>OLED displej<\/strong>: P\u0159ehledn\u00fd displej pro okam\u017eit\u00e9 sledov\u00e1n\u00ed teploty a stavu baterie.<\/li>\n<li><strong>Mo\u017enosti p\u0159izp\u016fsoben\u00ed<\/strong>: K dispozici slu\u017eby OEM a ODM pro pln\u00e9 p\u0159izp\u016fsoben\u00ed.<\/li>\n<\/ol>\n<h3><strong>Flexibiln\u00ed nastaven\u00ed teploty<\/strong><\/h3>\n<p>C-Vapor <strong>C Vapor 3.0<\/strong> nab\u00edz\u00ed 8 optimalizovan\u00fdch teplotn\u00edch p\u0159edvoleb (160 \u00b0C, 170 \u00b0C, 180 \u00b0C, 190 \u00b0C, 200 \u00b0C, 210 \u00b0C, 220 \u00b0C, 230 \u00b0C), kter\u00e9 u\u017eivatel\u016fm umo\u017e\u0148uj\u00ed pln\u011b extrahovat byliny p\u0159i preferovan\u00e9 \u00farovni. P\u0159ep\u00edn\u00e1n\u00edm t\u011bchto nastaven\u00ed doch\u00e1z\u00ed k postupn\u00e9mu a \u00fa\u010dinn\u00e9mu odpa\u0159ov\u00e1n\u00ed, co\u017e poskytuje hladk\u00fd a uspokojiv\u00fd z\u00e1\u017eitek.<\/p>\n<h3><strong>V\u00fddr\u017e baterie a rychl\u00e9 nab\u00edjen\u00ed<\/strong><\/h3>\n<p>S vylep\u0161enou kapacitou baterie 2300 mAh poskytuje C Vapor 3.0 dostatek energie pro celodenn\u00ed vaping. Funkce rychl\u00e9ho nab\u00edjen\u00ed zaji\u0161\u0165uje, \u017ee m\u016f\u017eete baterii rychle dob\u00edt a vr\u00e1tit se k vapingu s minim\u00e1ln\u00edmi prostoji.<\/p>","protected":false},"excerpt":{"rendered":"<p>C-Vapor <strong>C Vapor 3.0<\/strong> je t\u0159et\u00ed generac\u00ed \u0159ady C Vapor, kter\u00e1 nab\u00edz\u00ed vylep\u0161en\u00e9 funkce a univerz\u00e1lnost pro v\u00fdjime\u010dn\u00fd vapingov\u00fd z\u00e1\u017eitek. D\u00edky 8 p\u0159ednastaven\u00fdm teplotn\u00edm \u00farovn\u00edm, prostorn\u00e9 keramick\u00e9 vyh\u0159\u00edvac\u00ed komo\u0159e, voliteln\u00fdm n\u00e1ustk\u016fm ze skla nebo silikonu a OLED displeji s regulovateln\u00fdm pr\u016ftokem vzduchu je tento elegantn\u00ed a p\u0159enosn\u00fd vaporiz\u00e9r navr\u017een tak, aby vyhovoval pot\u0159eb\u00e1m za\u010d\u00ednaj\u00edc\u00edch i zku\u0161en\u00fdch u\u017eivatel\u016f.<\/p>\n<ul>\n<li><strong>Rozm\u011bry<\/strong>: 50 mm \u00d7 23,5 mm \u00d7 80 mm<\/li>\n<li><strong>Materi\u00e1l<\/strong>: Odoln\u00fd hlin\u00edk<\/li>\n<li><strong>Kapacita baterie<\/strong>: 2300 mAh A+ Li-ion baterie<\/li>\n<li><strong>\u0158\u00edzen\u00ed teploty<\/strong>: Nastaviteln\u00e1 pro individu\u00e1ln\u00ed pou\u017eit\u00ed<\/li>\n<li><strong>Doba zah\u0159\u00edv\u00e1n\u00ed<\/strong>: 30 sekund pro rychl\u00e9 a \u00fa\u010dinn\u00e9 zah\u0159\u00e1t\u00ed<\/li>\n<\/ul>","protected":false},"featured_media":16413,"comment_status":"closed","ping_status":"closed","template":"","meta":[],"product_brand":[],"product_cat":[149],"product_tag":[],"class_list":{"0":"post-16587","1":"product","2":"type-product","3":"status-publish","4":"has-post-thumbnail","6":"product_cat-weecke-vaporizer","8":"first","9":"instock","10":"shipping-taxable","11":"product-type-simple"},"_links":{"self":[{"href":"https:\/\/weecke.com\/cs\/wp-json\/wp\/v2\/product\/16587","targetHints":{"allow":["GET"]}}],"collection":[{"href":"https:\/\/weecke.com\/cs\/wp-json\/wp\/v2\/product"}],"about":[{"href":"https:\/\/weecke.com\/cs\/wp-json\/wp\/v2\/types\/product"}],"replies":[{"embeddable":true,"href":"https:\/\/weecke.com\/cs\/wp-json\/wp\/v2\/comments?post=16587"}],"wp:featuredmedia":[{"embeddable":true,"href":"https:\/\/weecke.com\/cs\/wp-json\/wp\/v2\/media\/16413"}],"wp:attachment":[{"href":"https:\/\/weecke.com\/cs\/wp-json\/wp\/v2\/media?parent=16587"}],"wp:term":[{"taxonomy":"product_brand","embeddable":true,"href":"https:\/\/weecke.com\/cs\/wp-json\/wp\/v2\/product_brand?post=16587"},{"taxonomy":"product_cat","embeddable":true,"href":"https:\/\/weecke.com\/cs\/wp-json\/wp\/v2\/product_cat?post=16587"},{"taxonomy":"product_tag","embeddable":true,"href":"https:\/\/weecke.com\/cs\/wp-json\/wp\/v2\/product_tag?post=16587"}],"curies":[{"name":"wp","href":"https:\/\/api.w.org\/{rel}","templated":true}]}}