{"id":16224,"date":"2024-11-11T17:10:23","date_gmt":"2024-11-11T09:10:23","guid":{"rendered":"https:\/\/weecke.com\/?post_type=product&#038;p=16224"},"modified":"2024-11-15T16:51:35","modified_gmt":"2024-11-15T08:51:35","slug":"fenix-classic","status":"publish","type":"product","link":"https:\/\/weecke.com\/cs\/product\/fenix-classic\/","title":{"rendered":"FENIX CLASSIC"},"content":{"rendered":"<p><strong>V\u00fdhody a vlastnosti<\/strong><\/p>\n<ol>\n<li>Patentovan\u00e1 konvek\u010dn\u00ed technologie oh\u0159evu vzduchem, 100% oh\u0159ev vzduchem, \u010dist\u00e1 p\u00e1ra.<\/li>\n<li>Special Smoke Intelligent Identification: With this function, the user can enjoy instant, even vapor, on the go.<\/li>\n<li>Fully Isolated Airpath: when you smoke, the air will come into the chamber directly through the food-grade metal path, a safe<\/li>\n<li>Wax&amp;OiI Cup is included and is fit for dry herb, wax, and oil.<\/li>\n<li>Odn\u00edmateln\u00fd a \u010distiteln\u00fd n\u00e1ustek s magnetickou technologi\u00ed, modern\u011bj\u0161\u00ed design.<\/li>\n<li>OLED displej zobrazuje teplotu a stav baterie.<\/li>\n<\/ol>\n<p><strong>Vlastnosti\u00a0<\/strong><\/p>\n<p>* Paraleln\u00ed konvek\u010dn\u00ed technologie<\/p>\n<p>* Inteligentn\u00ed modul rozpozn\u00e1v\u00e1n\u00ed potahu (okam\u017eit\u00e1 p\u00e1ra)<\/p>\n<p>* Inteligentn\u00ed ochrana senzorem proti spalov\u00e1n\u00ed<\/p>\n<p>* 4\u00d72 Multi-Shift functions<\/p>\n<p>* 58,0 mm Vstup: DC 5,0 V \/ 1,0 A<\/p>\n<p>* Kapacita baterie: 2200 mAh<\/p>\n<p>* Typ baterie: EVE t\u0159\u00edda A, lithiumov\u00e1 baterie<\/p>\n<p>* Pr\u00e9miov\u00e1 kom\u016frka s technologi\u00ed oh\u0159evu vzduchem (konvekce)<\/p>\n<p>* Heating time: 20 \u2013 30 seconds<\/p>\n<p>* 2 nastaven\u00ed re\u017eimu inhalace: zes\u00edlen\u00fd a jemn\u00fd re\u017eim<\/p>\n<p>*Temperature Indicator: Flashing: Heating ; Solid Lighting: Device ready<\/p>\n<p>* 4 nastaviteln\u00e9 teplotn\u00ed rozsahy: 170 \u00b0C, 180 \u00b0C, 190 \u00b0C a 210 \u00b0C (338 \u00b0F, 356 \u00b0F, 374 \u00b0F a 410 \u00b0F)<\/p>\n<p>* Micro USB nab\u00edjec\u00ed port<\/p>\n<p>* Automatick\u00e9 bezpe\u010dnostn\u00ed vypnut\u00ed po 5 minut\u00e1ch<\/p>\n<p>* Po\u010det nabit\u00ed baterie: V\u00edce ne\u017e 300<\/p>\n<p>* Bezpe\u010dnostn\u00ed ochrana: Ochrana proti p\u0159ebit\u00ed\/p\u0159\u00edli\u0161n\u00e9mu vybit\u00ed, ochrana proti p\u0159et\u00ed\u017een\u00ed\/zkratu, ochrana proti p\u0159eh\u0159\u00e1t\u00ed, ochrana p\u0159i odpojen\u00e9 z\u00e1t\u011b\u017ei, ochrana p\u0159i chyb\u011b senzoru<\/p>\n<p><strong>C Vapor 3.0 byl vylep\u0161en o kapacitu baterie 2300 mAh. Pro b\u011b\u017en\u00e9ho u\u017eivatele by to m\u011blo bohat\u011b sta\u010dit na celodenn\u00ed vaporizaci. Z\u00e1rove\u0148 disponuje funkc\u00ed rychl\u00e9ho nab\u00edjen\u00ed, co\u017e v\u00fdrazn\u011b usnad\u0148uje dob\u00edjen\u00ed za\u0159\u00edzen\u00ed.<\/strong><\/p>\n<p>1st: Combustion- Though often called a vaporizer, these devices are a convenient electronic pipe where a red hot coil combusts the material.<\/p>\n<p>2nd &amp; 3rd: Conduction- The material is heated in a chamber to extract the vapor. These can work well, but since only the sides and bottom of the chamber are heated, the material in the center doesn\u2019t completely vaporize, requiring you to stir it frequently. The chamber stays heated, so you lose some efficiency as it still vaporizes between draws.<\/p>\n<p>4th: Convection-The technology of the Fenix. The chamber has hundreds of small holes through which hot air is pulled, giving you a more even heat distribution across the herb material. This gives a consistent, efficient, tasty flavor and vapor with minimal stirring. The hot air is primarily drawn through the chamber as you take a draw, so the efficiency loss is minimal between draws.<\/p>\n<p><strong>Co je sou\u010d\u00e1st\u00ed balen\u00ed?<\/strong><\/p>\n<p>&nbsp;<\/p>\n<p>* Vaporiz\u00e9r Fenix Convection<br \/>\n* N\u00e1ustek<br \/>\n* N\u00e1dobka na vosky a oleje<\/p>\n<p>* C Vapor 3.0<br \/>\n* N\u00e1stroj na vosky<br \/>\n* N\u00e1stroj pro pln\u011bn\u00ed<\/p>\n<p><strong>\u00a0<\/strong><\/p>\n<p><strong>\u00a0<\/strong><strong>Z\u00e1ruka<\/strong><\/p>\n<p><strong>A 6-month manufacturer warranty backs all Weecke products.<\/strong><br \/>\nNa baterii se vztahuje samostatn\u00e1 180denn\u00ed z\u00e1ruka.<\/p>\n<p>To claim a warranty, please have proof of purchase and the original box in which the unit came, as they contain a security QR code needed for the warranty process. If you would like to get the warranty process, please get in touch with your retail shop.<\/p>","protected":false},"excerpt":{"rendered":"<p>Fenix is WEECKE\u2019s fourth-generation dry herb vaporizer product after the WEECKE, C Vapor I, and Ispy. It uses a patented convection heating system, which is totally different from the current models in the market. It\u2019s 100% heated by air, so the user can enjoy pure and even vapor on the go.<\/p>\n<ul>\n<li>SIZE: 111.0mm* 28.0mm<\/li>\n<li>ROZM\u011aRY: 50,5 mm \u00d7 26,0 mm \u00d7 118 mm<\/li>\n<li>Charging Voltage\/Current: 5V\/2.5A<\/li>\n<li>Lock\/Unlock: Rapidly press the power button 5 times ON\/OFF with vibration feedback<\/li>\n<li>Doba sezen\u00ed: 240 sekund<\/li>\n<li>Teplotn\u00ed rozsah: 170 \u00b0C, 180 \u00b0C, 190 \u00b0C a 210 \u00b0C (338 \u00b0F, 356 \u00b0F, 374 \u00b0F a 410 \u00b0F)<\/li>\n<li>Charging Time: 2 hours<\/li>\n<\/ul>","protected":false},"featured_media":16124,"comment_status":"closed","ping_status":"closed","template":"","meta":[],"product_brand":[],"product_cat":[150],"product_tag":[],"class_list":{"0":"post-16224","1":"product","2":"type-product","3":"status-publish","4":"has-post-thumbnail","6":"product_cat-fenix-vaporizer","8":"first","9":"instock","10":"shipping-taxable","11":"product-type-simple"},"_links":{"self":[{"href":"https:\/\/weecke.com\/cs\/wp-json\/wp\/v2\/product\/16224","targetHints":{"allow":["GET"]}}],"collection":[{"href":"https:\/\/weecke.com\/cs\/wp-json\/wp\/v2\/product"}],"about":[{"href":"https:\/\/weecke.com\/cs\/wp-json\/wp\/v2\/types\/product"}],"replies":[{"embeddable":true,"href":"https:\/\/weecke.com\/cs\/wp-json\/wp\/v2\/comments?post=16224"}],"wp:featuredmedia":[{"embeddable":true,"href":"https:\/\/weecke.com\/cs\/wp-json\/wp\/v2\/media\/16124"}],"wp:attachment":[{"href":"https:\/\/weecke.com\/cs\/wp-json\/wp\/v2\/media?parent=16224"}],"wp:term":[{"taxonomy":"product_brand","embeddable":true,"href":"https:\/\/weecke.com\/cs\/wp-json\/wp\/v2\/product_brand?post=16224"},{"taxonomy":"product_cat","embeddable":true,"href":"https:\/\/weecke.com\/cs\/wp-json\/wp\/v2\/product_cat?post=16224"},{"taxonomy":"product_tag","embeddable":true,"href":"https:\/\/weecke.com\/cs\/wp-json\/wp\/v2\/product_tag?post=16224"}],"curies":[{"name":"wp","href":"https:\/\/api.w.org\/{rel}","templated":true}]}}