{"id":16337,"date":"2024-11-12T15:42:48","date_gmt":"2024-11-12T07:42:48","guid":{"rendered":"https:\/\/weecke.com\/?page_id=16337"},"modified":"2025-03-31T12:52:42","modified_gmt":"2025-03-31T04:52:42","slug":"rada-dabmax","status":"publish","type":"page","link":"https:\/\/weecke.com\/cs\/rada-dabmax\/","title":{"rendered":"\u0158ada DABMAX"},"content":{"rendered":"<div data-elementor-type=\"wp-page\" data-elementor-id=\"16337\" class=\"elementor elementor-16337\" data-elementor-post-type=\"page\">\n\t\t\t\t<div class=\"elementor-element elementor-element-3d762861 e-flex e-con-boxed e-con e-parent\" data-id=\"3d762861\" data-element_type=\"container\" data-e-type=\"container\" data-settings=\"{&quot;background_background&quot;:&quot;classic&quot;,&quot;background_motion_fx_motion_fx_scrolling&quot;:&quot;yes&quot;,&quot;background_motion_fx_translateY_effect&quot;:&quot;yes&quot;,&quot;background_motion_fx_translateY_speed&quot;:{&quot;unit&quot;:&quot;px&quot;,&quot;size&quot;:3,&quot;sizes&quot;:[]},&quot;background_motion_fx_translateY_affectedRange&quot;:{&quot;unit&quot;:&quot;%&quot;,&quot;size&quot;:&quot;&quot;,&quot;sizes&quot;:{&quot;start&quot;:0,&quot;end&quot;:100}},&quot;background_motion_fx_devices&quot;:[&quot;desktop&quot;,&quot;tablet&quot;,&quot;mobile&quot;],&quot;ekit_has_onepagescroll_dot&quot;:&quot;yes&quot;}\">\n\t\t\t\t\t<div class=\"e-con-inner\">\n\t\t\t\t<div class=\"elementor-element elementor-element-5f20f0fc elementor-invisible elementor-widget elementor-widget-heading\" data-id=\"5f20f0fc\" data-element_type=\"widget\" data-e-type=\"widget\" data-settings=\"{&quot;_animation&quot;:&quot;slideInUp&quot;,&quot;ekit_we_effect_on&quot;:&quot;none&quot;}\" data-widget_type=\"heading.default\">\n\t\t\t\t<div class=\"elementor-widget-container\">\n\t\t\t\t\t<h1 class=\"elementor-heading-title elementor-size-default\">\u0158ada DABMAX<\/h1>\t\t\t\t<\/div>\n\t\t\t\t<\/div>\n\t\t\t\t\t<\/div>\n\t\t\t\t<\/div>\n\t\t<div class=\"elementor-element elementor-element-249a9945 e-flex e-con-boxed elementor-invisible e-con e-parent\" data-id=\"249a9945\" data-element_type=\"container\" data-e-type=\"container\" data-settings=\"{&quot;background_background&quot;:&quot;classic&quot;,&quot;animation&quot;:&quot;slideInUp&quot;,&quot;ekit_has_onepagescroll_dot&quot;:&quot;yes&quot;}\">\n\t\t\t\t\t<div class=\"e-con-inner\">\n\t\t\t\t<div class=\"elementor-element elementor-element-575026be elementor-widget elementor-widget-heading\" data-id=\"575026be\" data-element_type=\"widget\" data-e-type=\"widget\" data-settings=\"{&quot;ekit_we_effect_on&quot;:&quot;none&quot;}\" data-widget_type=\"heading.default\">\n\t\t\t\t<div class=\"elementor-widget-container\">\n\t\t\t\t\t<h5 class=\"elementor-heading-title elementor-size-default\">NEJNOV\u011aJ\u0160\u00cd VAPORIZ\u00c9R NA VOSKY<\/h5>\t\t\t\t<\/div>\n\t\t\t\t<\/div>\n\t\t\t\t<div class=\"elementor-element elementor-element-337f2d6e elementor-widget elementor-widget-heading\" data-id=\"337f2d6e\" data-element_type=\"widget\" data-e-type=\"widget\" data-settings=\"{&quot;ekit_we_effect_on&quot;:&quot;none&quot;}\" data-widget_type=\"heading.default\">\n\t\t\t\t<div class=\"elementor-widget-container\">\n\t\t\t\t\t<h2 class=\"elementor-heading-title elementor-size-default\">DABMAX VAPORIZ\u00c9RY PRO VOSK<\/h2>\t\t\t\t<\/div>\n\t\t\t\t<\/div>\n\t\t\t\t\t<\/div>\n\t\t\t\t<\/div>\n\t\t<div class=\"elementor-element elementor-element-22245ddf e-flex e-con-boxed e-con e-parent\" data-id=\"22245ddf\" data-element_type=\"container\" data-e-type=\"container\" data-settings=\"{&quot;background_background&quot;:&quot;classic&quot;,&quot;ekit_has_onepagescroll_dot&quot;:&quot;yes&quot;}\">\n\t\t\t\t\t<div class=\"e-con-inner\">\n\t\t<div class=\"elementor-element elementor-element-664d0d8b e-con-full e-flex e-con e-child\" data-id=\"664d0d8b\" data-element_type=\"container\" data-e-type=\"container\" data-settings=\"{&quot;background_background&quot;:&quot;gradient&quot;,&quot;ekit_has_onepagescroll_dot&quot;:&quot;yes&quot;}\">\n\t\t\t\t<div class=\"elementor-element elementor-element-60c22c84 elementor-widget elementor-widget-image\" data-id=\"60c22c84\" data-element_type=\"widget\" data-e-type=\"widget\" data-settings=\"{&quot;ekit_we_effect_on&quot;:&quot;none&quot;}\" data-widget_type=\"image.default\">\n\t\t\t\t<div class=\"elementor-widget-container\">\n\t\t\t\t\t\t\t\t\t\t\t\t\t\t\t<img fetchpriority=\"high\" decoding=\"async\" width=\"600\" height=\"600\" src=\"https:\/\/weecke.com\/wp-content\/uploads\/dabmax.jpg\" class=\"attachment-full size-full wp-image-16328\" alt=\"\" srcset=\"https:\/\/weecke.com\/wp-content\/uploads\/dabmax.jpg 600w, https:\/\/weecke.com\/wp-content\/uploads\/dabmax-300x300.jpg 300w, https:\/\/weecke.com\/wp-content\/uploads\/dabmax-150x150.jpg 150w, https:\/\/weecke.com\/wp-content\/uploads\/dabmax-500x500.jpg 500w, https:\/\/weecke.com\/wp-content\/uploads\/dabmax-100x100.jpg 100w\" sizes=\"(max-width: 600px) 100vw, 600px\" \/>\t\t\t\t\t\t\t\t\t\t\t\t\t\t\t<\/div>\n\t\t\t\t<\/div>\n\t\t\t\t<div class=\"elementor-element elementor-element-2f2fdde1 elementor-widget elementor-widget-heading\" data-id=\"2f2fdde1\" data-element_type=\"widget\" data-e-type=\"widget\" data-settings=\"{&quot;ekit_we_effect_on&quot;:&quot;none&quot;}\" data-widget_type=\"heading.default\">\n\t\t\t\t<div class=\"elementor-widget-container\">\n\t\t\t\t\t<h3 class=\"elementor-heading-title elementor-size-default\">DABMAX ERIG<\/h3>\t\t\t\t<\/div>\n\t\t\t\t<\/div>\n\t\t<div class=\"elementor-element elementor-element-6e5f0473 e-flex e-con-boxed e-con e-child\" data-id=\"6e5f0473\" data-element_type=\"container\" data-e-type=\"container\" data-settings=\"{&quot;ekit_has_onepagescroll_dot&quot;:&quot;yes&quot;}\">\n\t\t\t\t\t<div class=\"e-con-inner\">\n\t\t<div class=\"elementor-element elementor-element-1c198bb e-flex e-con-boxed e-con e-child\" data-id=\"1c198bb\" data-element_type=\"container\" data-e-type=\"container\" data-settings=\"{&quot;ekit_has_onepagescroll_dot&quot;:&quot;yes&quot;}\">\n\t\t\t\t\t<div class=\"e-con-inner\">\n\t\t\t\t<div class=\"elementor-element elementor-element-18d78dee elementor-widget__width-auto elementor-widget elementor-widget-heading\" data-id=\"18d78dee\" data-element_type=\"widget\" data-e-type=\"widget\" data-settings=\"{&quot;ekit_we_effect_on&quot;:&quot;none&quot;}\" data-widget_type=\"heading.default\">\n\t\t\t\t<div class=\"elementor-widget-container\">\n\t\t\t\t\t<span class=\"elementor-heading-title elementor-size-default\">Vaporiz\u00e9r na koncentr\u00e1ty<\/span>\t\t\t\t<\/div>\n\t\t\t\t<\/div>\n\t\t\t\t\t<\/div>\n\t\t\t\t<\/div>\n\t\t<div class=\"elementor-element elementor-element-25600b65 e-flex e-con-boxed e-con e-child\" data-id=\"25600b65\" data-element_type=\"container\" data-e-type=\"container\" data-settings=\"{&quot;ekit_has_onepagescroll_dot&quot;:&quot;yes&quot;}\">\n\t\t\t\t\t<div class=\"e-con-inner\">\n\t\t\t\t<div class=\"elementor-element elementor-element-6d8001a1 elementor-align-right elementor-widget elementor-widget-button\" data-id=\"6d8001a1\" data-element_type=\"widget\" data-e-type=\"widget\" data-settings=\"{&quot;ekit_we_effect_on&quot;:&quot;none&quot;}\" data-widget_type=\"button.default\">\n\t\t\t\t<div class=\"elementor-widget-container\">\n\t\t\t\t\t\t\t\t\t<div class=\"elementor-button-wrapper\">\n\t\t\t\t\t<a class=\"elementor-button elementor-button-link elementor-size-sm\" href=\"https:\/\/weecke.com\/cs\/product\/dabmax-e-rig\/\">\n\t\t\t\t\t\t<span class=\"elementor-button-content-wrapper\">\n\t\t\t\t\t\t\t\t\t<span class=\"elementor-button-text\">Podrobnosti<\/span>\n\t\t\t\t\t<\/span>\n\t\t\t\t\t<\/a>\n\t\t\t\t<\/div>\n\t\t\t\t\t\t\t\t<\/div>\n\t\t\t\t<\/div>\n\t\t\t\t\t<\/div>\n\t\t\t\t<\/div>\n\t\t\t\t\t<\/div>\n\t\t\t\t<\/div>\n\t\t\t\t<\/div>\n\t\t<div class=\"elementor-element elementor-element-699ea7f0 e-con-full e-flex e-con e-child\" data-id=\"699ea7f0\" data-element_type=\"container\" data-e-type=\"container\" data-settings=\"{&quot;background_background&quot;:&quot;gradient&quot;,&quot;ekit_has_onepagescroll_dot&quot;:&quot;yes&quot;}\">\n\t\t\t\t<div class=\"elementor-element elementor-element-1354c5b elementor-widget elementor-widget-image\" data-id=\"1354c5b\" data-element_type=\"widget\" data-e-type=\"widget\" data-settings=\"{&quot;ekit_we_effect_on&quot;:&quot;none&quot;}\" data-widget_type=\"image.default\">\n\t\t\t\t<div class=\"elementor-widget-container\">\n\t\t\t\t\t\t\t\t\t\t\t\t\t\t\t<img decoding=\"async\" width=\"600\" height=\"600\" src=\"https:\/\/weecke.com\/wp-content\/uploads\/dabmax-mini.jpg\" class=\"attachment-full size-full wp-image-16329\" alt=\"\" srcset=\"https:\/\/weecke.com\/wp-content\/uploads\/dabmax-mini.jpg 600w, https:\/\/weecke.com\/wp-content\/uploads\/dabmax-mini-300x300.jpg 300w, https:\/\/weecke.com\/wp-content\/uploads\/dabmax-mini-150x150.jpg 150w, https:\/\/weecke.com\/wp-content\/uploads\/dabmax-mini-500x500.jpg 500w, https:\/\/weecke.com\/wp-content\/uploads\/dabmax-mini-100x100.jpg 100w\" sizes=\"(max-width: 600px) 100vw, 600px\" \/>\t\t\t\t\t\t\t\t\t\t\t\t\t\t\t<\/div>\n\t\t\t\t<\/div>\n\t\t\t\t<div class=\"elementor-element elementor-element-5f51d2ba elementor-widget elementor-widget-heading\" data-id=\"5f51d2ba\" data-element_type=\"widget\" data-e-type=\"widget\" data-settings=\"{&quot;ekit_we_effect_on&quot;:&quot;none&quot;}\" data-widget_type=\"heading.default\">\n\t\t\t\t<div class=\"elementor-widget-container\">\n\t\t\t\t\t<h3 class=\"elementor-heading-title elementor-size-default\">DABMAX MINI <\/h3>\t\t\t\t<\/div>\n\t\t\t\t<\/div>\n\t\t<div class=\"elementor-element elementor-element-2cb5837b e-flex e-con-boxed e-con e-child\" data-id=\"2cb5837b\" data-element_type=\"container\" data-e-type=\"container\" data-settings=\"{&quot;ekit_has_onepagescroll_dot&quot;:&quot;yes&quot;}\">\n\t\t\t\t\t<div class=\"e-con-inner\">\n\t\t<div class=\"elementor-element elementor-element-64bacb6c e-flex e-con-boxed e-con e-child\" data-id=\"64bacb6c\" data-element_type=\"container\" data-e-type=\"container\" data-settings=\"{&quot;ekit_has_onepagescroll_dot&quot;:&quot;yes&quot;}\">\n\t\t\t\t\t<div class=\"e-con-inner\">\n\t\t\t\t<div class=\"elementor-element elementor-element-2323a9fe elementor-widget__width-auto elementor-widget elementor-widget-heading\" data-id=\"2323a9fe\" data-element_type=\"widget\" data-e-type=\"widget\" data-settings=\"{&quot;ekit_we_effect_on&quot;:&quot;none&quot;}\" data-widget_type=\"heading.default\">\n\t\t\t\t<div class=\"elementor-widget-container\">\n\t\t\t\t\t<span class=\"elementor-heading-title elementor-size-default\">510 KONCENTR\u00c1T <br> VAPE<\/span>\t\t\t\t<\/div>\n\t\t\t\t<\/div>\n\t\t\t\t\t<\/div>\n\t\t\t\t<\/div>\n\t\t<div class=\"elementor-element elementor-element-3bb5e0e6 e-flex e-con-boxed e-con e-child\" data-id=\"3bb5e0e6\" data-element_type=\"container\" data-e-type=\"container\" data-settings=\"{&quot;ekit_has_onepagescroll_dot&quot;:&quot;yes&quot;}\">\n\t\t\t\t\t<div class=\"e-con-inner\">\n\t\t\t\t<div class=\"elementor-element elementor-element-27758e57 elementor-align-right elementor-widget elementor-widget-button\" data-id=\"27758e57\" data-element_type=\"widget\" data-e-type=\"widget\" data-settings=\"{&quot;ekit_we_effect_on&quot;:&quot;none&quot;}\" data-widget_type=\"button.default\">\n\t\t\t\t<div class=\"elementor-widget-container\">\n\t\t\t\t\t\t\t\t\t<div class=\"elementor-button-wrapper\">\n\t\t\t\t\t<a class=\"elementor-button elementor-button-link elementor-size-sm\" href=\"https:\/\/weecke.com\/cs\/product\/dabmax-mini\/\">\n\t\t\t\t\t\t<span class=\"elementor-button-content-wrapper\">\n\t\t\t\t\t\t\t\t\t<span class=\"elementor-button-text\">Podrobnosti<\/span>\n\t\t\t\t\t<\/span>\n\t\t\t\t\t<\/a>\n\t\t\t\t<\/div>\n\t\t\t\t\t\t\t\t<\/div>\n\t\t\t\t<\/div>\n\t\t\t\t\t<\/div>\n\t\t\t\t<\/div>\n\t\t\t\t\t<\/div>\n\t\t\t\t<\/div>\n\t\t\t\t<\/div>\n\t\t<div class=\"elementor-element elementor-element-21ecdecf e-con-full e-flex e-con e-child\" data-id=\"21ecdecf\" data-element_type=\"container\" data-e-type=\"container\" data-settings=\"{&quot;background_background&quot;:&quot;gradient&quot;,&quot;ekit_has_onepagescroll_dot&quot;:&quot;yes&quot;}\">\n\t\t\t\t<div class=\"elementor-element elementor-element-3441a28c elementor-widget elementor-widget-image\" data-id=\"3441a28c\" data-element_type=\"widget\" data-e-type=\"widget\" data-settings=\"{&quot;ekit_we_effect_on&quot;:&quot;none&quot;}\" data-widget_type=\"image.default\">\n\t\t\t\t<div class=\"elementor-widget-container\">\n\t\t\t\t\t\t\t\t\t\t\t\t\t\t\t<img decoding=\"async\" width=\"1000\" height=\"1000\" src=\"https:\/\/weecke.com\/wp-content\/uploads\/DABMAX-dab-pen.jpg\" class=\"attachment-full size-full wp-image-17225\" alt=\"\" srcset=\"https:\/\/weecke.com\/wp-content\/uploads\/DABMAX-dab-pen.jpg 1000w, https:\/\/weecke.com\/wp-content\/uploads\/DABMAX-dab-pen-300x300.jpg 300w, https:\/\/weecke.com\/wp-content\/uploads\/DABMAX-dab-pen-150x150.jpg 150w, https:\/\/weecke.com\/wp-content\/uploads\/DABMAX-dab-pen-768x768.jpg 768w, https:\/\/weecke.com\/wp-content\/uploads\/DABMAX-dab-pen-500x500.jpg 500w, https:\/\/weecke.com\/wp-content\/uploads\/DABMAX-dab-pen-700x700.jpg 700w, https:\/\/weecke.com\/wp-content\/uploads\/DABMAX-dab-pen-100x100.jpg 100w, https:\/\/weecke.com\/wp-content\/uploads\/elementor\/thumbs\/DABMAX-dab-pen-r3nkf8hkap5ysjo5twi9bsgf5z1zr8xqh825uiqpgw.jpg 600w\" sizes=\"(max-width: 1000px) 100vw, 1000px\" \/>\t\t\t\t\t\t\t\t\t\t\t\t\t\t\t<\/div>\n\t\t\t\t<\/div>\n\t\t\t\t<div class=\"elementor-element elementor-element-43c51880 elementor-widget elementor-widget-heading\" data-id=\"43c51880\" data-element_type=\"widget\" data-e-type=\"widget\" data-settings=\"{&quot;ekit_we_effect_on&quot;:&quot;none&quot;}\" data-widget_type=\"heading.default\">\n\t\t\t\t<div class=\"elementor-widget-container\">\n\t\t\t\t\t<h3 class=\"elementor-heading-title elementor-size-default\">DABMAX ZYRA<\/h3>\t\t\t\t<\/div>\n\t\t\t\t<\/div>\n\t\t<div class=\"elementor-element elementor-element-52d951c1 e-flex e-con-boxed e-con e-child\" data-id=\"52d951c1\" data-element_type=\"container\" data-e-type=\"container\" data-settings=\"{&quot;ekit_has_onepagescroll_dot&quot;:&quot;yes&quot;}\">\n\t\t\t\t\t<div class=\"e-con-inner\">\n\t\t<div class=\"elementor-element elementor-element-704ff2ed e-flex e-con-boxed e-con e-child\" data-id=\"704ff2ed\" data-element_type=\"container\" data-e-type=\"container\" data-settings=\"{&quot;ekit_has_onepagescroll_dot&quot;:&quot;yes&quot;}\">\n\t\t\t\t\t<div class=\"e-con-inner\">\n\t\t\t\t<div class=\"elementor-element elementor-element-7f4020a1 elementor-widget__width-auto elementor-widget elementor-widget-heading\" data-id=\"7f4020a1\" data-element_type=\"widget\" data-e-type=\"widget\" data-settings=\"{&quot;ekit_we_effect_on&quot;:&quot;none&quot;}\" data-widget_type=\"heading.default\">\n\t\t\t\t<div class=\"elementor-widget-container\">\n\t\t\t\t\t<span class=\"elementor-heading-title elementor-size-default\">Vaporiz\u00e9r na koncentr\u00e1ty ve tvaru pera<\/span>\t\t\t\t<\/div>\n\t\t\t\t<\/div>\n\t\t\t\t\t<\/div>\n\t\t\t\t<\/div>\n\t\t<div class=\"elementor-element elementor-element-4eeff5e6 e-flex e-con-boxed e-con e-child\" data-id=\"4eeff5e6\" data-element_type=\"container\" data-e-type=\"container\" data-settings=\"{&quot;ekit_has_onepagescroll_dot&quot;:&quot;yes&quot;}\">\n\t\t\t\t\t<div class=\"e-con-inner\">\n\t\t\t\t<div class=\"elementor-element elementor-element-17640265 elementor-align-right elementor-widget elementor-widget-button\" data-id=\"17640265\" data-element_type=\"widget\" data-e-type=\"widget\" data-settings=\"{&quot;ekit_we_effect_on&quot;:&quot;none&quot;}\" data-widget_type=\"button.default\">\n\t\t\t\t<div class=\"elementor-widget-container\">\n\t\t\t\t\t\t\t\t\t<div class=\"elementor-button-wrapper\">\n\t\t\t\t\t<a class=\"elementor-button elementor-button-link elementor-size-sm\" href=\"https:\/\/weecke.com\/cs\/product\/dabmax-zyra\/\">\n\t\t\t\t\t\t<span class=\"elementor-button-content-wrapper\">\n\t\t\t\t\t\t\t\t\t<span class=\"elementor-button-text\">Podrobnosti<\/span>\n\t\t\t\t\t<\/span>\n\t\t\t\t\t<\/a>\n\t\t\t\t<\/div>\n\t\t\t\t\t\t\t\t<\/div>\n\t\t\t\t<\/div>\n\t\t\t\t\t<\/div>\n\t\t\t\t<\/div>\n\t\t\t\t\t<\/div>\n\t\t\t\t<\/div>\n\t\t\t\t<\/div>\n\t\t\t\t\t<\/div>\n\t\t\t\t<\/div>\n\t\t<div class=\"elementor-element elementor-element-31df1b09 e-con-full e-flex e-con e-parent\" data-id=\"31df1b09\" data-element_type=\"container\" data-e-type=\"container\" data-settings=\"{&quot;ekit_has_onepagescroll_dot&quot;:&quot;yes&quot;}\">\n\t\t<div class=\"elementor-element elementor-element-15e3f534 e-con-full e-flex e-con e-child\" data-id=\"15e3f534\" data-element_type=\"container\" data-e-type=\"container\" data-settings=\"{&quot;background_background&quot;:&quot;gradient&quot;,&quot;ekit_has_onepagescroll_dot&quot;:&quot;yes&quot;}\">\n\t\t<div class=\"elementor-element elementor-element-566aae9a e-flex e-con-boxed e-con e-child\" data-id=\"566aae9a\" data-element_type=\"container\" data-e-type=\"container\" data-settings=\"{&quot;background_background&quot;:&quot;gradient&quot;,&quot;ekit_has_onepagescroll_dot&quot;:&quot;yes&quot;}\">\n\t\t\t\t\t<div class=\"e-con-inner\">\n\t\t\t\t<div class=\"elementor-element elementor-element-54520755 elementor-position-left elementor-vertical-align-middle elementor-invisible elementor-widget elementor-widget-image-box\" data-id=\"54520755\" data-element_type=\"widget\" data-e-type=\"widget\" data-settings=\"{&quot;_animation&quot;:&quot;slideInLeft&quot;,&quot;ekit_we_effect_on&quot;:&quot;none&quot;}\" data-widget_type=\"image-box.default\">\n\t\t\t\t<div class=\"elementor-widget-container\">\n\t\t\t\t\t<div class=\"elementor-image-box-wrapper\"><figure class=\"elementor-image-box-img\"><img loading=\"lazy\" decoding=\"async\" width=\"200\" height=\"200\" src=\"https:\/\/weecke.com\/wp-content\/uploads\/brandfolder.png\" class=\"attachment-full size-full wp-image-16978\" alt=\"\" srcset=\"https:\/\/weecke.com\/wp-content\/uploads\/brandfolder.png 200w, https:\/\/weecke.com\/wp-content\/uploads\/brandfolder-150x150.png 150w, https:\/\/weecke.com\/wp-content\/uploads\/brandfolder-100x100.png 100w\" sizes=\"(max-width: 200px) 100vw, 200px\" \/><\/figure><div class=\"elementor-image-box-content\"><h4 class=\"elementor-image-box-title\">Zna\u010dkov\u00fd produkt<\/h4><p class=\"elementor-image-box-description\">Kvalitn\u00ed vaporiz\u00e9ry podpo\u0159en\u00e9 d\u016fv\u011bryhodnou zna\u010dkou Weecke. Inovativn\u00ed design, spolehliv\u00fd v\u00fdkon.<\/p><\/div><\/div>\t\t\t\t<\/div>\n\t\t\t\t<\/div>\n\t\t\t\t\t<\/div>\n\t\t\t\t<\/div>\n\t\t\t\t<\/div>\n\t\t<div class=\"elementor-element elementor-element-2f76ece5 e-con-full e-flex e-con e-child\" data-id=\"2f76ece5\" data-element_type=\"container\" data-e-type=\"container\" data-settings=\"{&quot;background_background&quot;:&quot;gradient&quot;,&quot;ekit_has_onepagescroll_dot&quot;:&quot;yes&quot;}\">\n\t\t<div class=\"elementor-element elementor-element-4ad27a5 e-flex e-con-boxed e-con e-child\" data-id=\"4ad27a5\" data-element_type=\"container\" data-e-type=\"container\" data-settings=\"{&quot;background_background&quot;:&quot;gradient&quot;,&quot;ekit_has_onepagescroll_dot&quot;:&quot;yes&quot;}\">\n\t\t\t\t\t<div class=\"e-con-inner\">\n\t\t\t\t<div class=\"elementor-element elementor-element-2e53b73b elementor-position-left elementor-vertical-align-middle elementor-invisible elementor-widget elementor-widget-image-box\" data-id=\"2e53b73b\" data-element_type=\"widget\" data-e-type=\"widget\" data-settings=\"{&quot;_animation&quot;:&quot;slideInUp&quot;,&quot;ekit_we_effect_on&quot;:&quot;none&quot;}\" data-widget_type=\"image-box.default\">\n\t\t\t\t<div class=\"elementor-widget-container\">\n\t\t\t\t\t<div class=\"elementor-image-box-wrapper\"><figure class=\"elementor-image-box-img\"><img loading=\"lazy\" decoding=\"async\" width=\"2572\" height=\"2830\" src=\"https:\/\/weecke.com\/wp-content\/uploads\/price.png\" class=\"attachment-full size-full wp-image-16981\" alt=\"\" srcset=\"https:\/\/weecke.com\/wp-content\/uploads\/price.png 2572w, https:\/\/weecke.com\/wp-content\/uploads\/price-273x300.png 273w, https:\/\/weecke.com\/wp-content\/uploads\/price-931x1024.png 931w, https:\/\/weecke.com\/wp-content\/uploads\/price-768x845.png 768w, https:\/\/weecke.com\/wp-content\/uploads\/price-1396x1536.png 1396w, https:\/\/weecke.com\/wp-content\/uploads\/price-1861x2048.png 1861w, https:\/\/weecke.com\/wp-content\/uploads\/price-500x550.png 500w, https:\/\/weecke.com\/wp-content\/uploads\/price-700x770.png 700w\" sizes=\"(max-width: 2572px) 100vw, 2572px\" \/><\/figure><div class=\"elementor-image-box-content\"><h4 class=\"elementor-image-box-title\">P\u0159\u00edv\u011btiv\u00e9 ceny<\/h4><p class=\"elementor-image-box-description\">Dostupn\u00e1 cenov\u00e1 politika bez kompromis\u016f v kvalit\u011b. Z\u00edskejte pr\u00e9miov\u00e9 funkce za konkurenceschopn\u00e9 sazby.<\/p><\/div><\/div>\t\t\t\t<\/div>\n\t\t\t\t<\/div>\n\t\t\t\t\t<\/div>\n\t\t\t\t<\/div>\n\t\t\t\t<\/div>\n\t\t<div class=\"elementor-element elementor-element-5c764bc0 e-con-full e-flex e-con e-child\" data-id=\"5c764bc0\" data-element_type=\"container\" data-e-type=\"container\" data-settings=\"{&quot;background_background&quot;:&quot;gradient&quot;,&quot;ekit_has_onepagescroll_dot&quot;:&quot;yes&quot;}\">\n\t\t<div class=\"elementor-element elementor-element-dfce7df e-flex e-con-boxed e-con e-child\" data-id=\"dfce7df\" data-element_type=\"container\" data-e-type=\"container\" data-settings=\"{&quot;background_background&quot;:&quot;gradient&quot;,&quot;ekit_has_onepagescroll_dot&quot;:&quot;yes&quot;}\">\n\t\t\t\t\t<div class=\"e-con-inner\">\n\t\t\t\t<div class=\"elementor-element elementor-element-48a571a5 elementor-position-left elementor-vertical-align-middle elementor-invisible elementor-widget elementor-widget-image-box\" data-id=\"48a571a5\" data-element_type=\"widget\" data-e-type=\"widget\" data-settings=\"{&quot;_animation&quot;:&quot;slideInRight&quot;,&quot;ekit_we_effect_on&quot;:&quot;none&quot;}\" data-widget_type=\"image-box.default\">\n\t\t\t\t<div class=\"elementor-widget-container\">\n\t\t\t\t\t<div class=\"elementor-image-box-wrapper\"><figure class=\"elementor-image-box-img\"><img loading=\"lazy\" decoding=\"async\" width=\"201\" height=\"200\" src=\"https:\/\/weecke.com\/wp-content\/uploads\/process.png\" class=\"attachment-full size-full wp-image-16979\" alt=\"\" srcset=\"https:\/\/weecke.com\/wp-content\/uploads\/process.png 201w, https:\/\/weecke.com\/wp-content\/uploads\/process-150x150.png 150w, https:\/\/weecke.com\/wp-content\/uploads\/process-100x100.png 100w\" sizes=\"(max-width: 201px) 100vw, 201px\" \/><\/figure><div class=\"elementor-image-box-content\"><h4 class=\"elementor-image-box-title\">Jednoduch\u00fd proces<\/h4><p class=\"elementor-image-box-description\">Jednoduch\u00e9 a bezprobl\u00e9mov\u00e9 objedn\u00e1v\u00e1n\u00ed. Od dotazu po dod\u00e1n\u00ed v\u00e1m v\u0161e usnadn\u00edme.<\/p><\/div><\/div>\t\t\t\t<\/div>\n\t\t\t\t<\/div>\n\t\t\t\t\t<\/div>\n\t\t\t\t<\/div>\n\t\t\t\t<\/div>\n\t\t\t\t<\/div>\n\t\t\t\t<\/div>","protected":false},"excerpt":{"rendered":"<p>DABMAX Series LATEST WAX VAPORIZER DABMAX WAX VAPORIZERS DABMAX ERIG Concentrate Vaporizer Details DABMAX MINI 510 Concentrate Vape Details DABMAX ZYRA Concentrate Vape Pen Details Branded ProductQuality vaporizers backed by the trusted Weecke brand. Innovative designs, reliable performance. Friendly PricesAffordable pricing without compromising quality. Get premium features at competitive rates. Easy ProcessSimple and seamless ordering. [&hellip;]<\/p>","protected":false},"author":1,"featured_media":0,"parent":0,"menu_order":0,"comment_status":"closed","ping_status":"closed","template":"","meta":{"footnotes":""},"class_list":["post-16337","page","type-page","status-publish","hentry"],"_links":{"self":[{"href":"https:\/\/weecke.com\/cs\/wp-json\/wp\/v2\/pages\/16337","targetHints":{"allow":["GET"]}}],"collection":[{"href":"https:\/\/weecke.com\/cs\/wp-json\/wp\/v2\/pages"}],"about":[{"href":"https:\/\/weecke.com\/cs\/wp-json\/wp\/v2\/types\/page"}],"author":[{"embeddable":true,"href":"https:\/\/weecke.com\/cs\/wp-json\/wp\/v2\/users\/1"}],"replies":[{"embeddable":true,"href":"https:\/\/weecke.com\/cs\/wp-json\/wp\/v2\/comments?post=16337"}],"version-history":[{"count":10,"href":"https:\/\/weecke.com\/cs\/wp-json\/wp\/v2\/pages\/16337\/revisions"}],"predecessor-version":[{"id":17240,"href":"https:\/\/weecke.com\/cs\/wp-json\/wp\/v2\/pages\/16337\/revisions\/17240"}],"wp:attachment":[{"href":"https:\/\/weecke.com\/cs\/wp-json\/wp\/v2\/media?parent=16337"}],"curies":[{"name":"wp","href":"https:\/\/api.w.org\/{rel}","templated":true}]}}