{"id":15235,"date":"2019-11-09T19:58:09","date_gmt":"2019-11-09T11:58:09","guid":{"rendered":"https:\/\/weecke.com\/?page_id=15235"},"modified":"2024-11-16T18:49:04","modified_gmt":"2024-11-16T10:49:04","slug":"patent","status":"publish","type":"page","link":"https:\/\/weecke.com\/cs\/patent\/","title":{"rendered":"Patenty"},"content":{"rendered":"<div data-elementor-type=\"wp-page\" data-elementor-id=\"15235\" class=\"elementor elementor-15235\" data-elementor-post-type=\"page\">\n\t\t\t\t<div class=\"elementor-element elementor-element-7a98418f e-flex e-con-boxed e-con e-parent\" data-id=\"7a98418f\" data-element_type=\"container\" data-e-type=\"container\" data-settings=\"{&quot;background_background&quot;:&quot;classic&quot;,&quot;background_motion_fx_motion_fx_scrolling&quot;:&quot;yes&quot;,&quot;background_motion_fx_translateY_effect&quot;:&quot;yes&quot;,&quot;background_motion_fx_translateY_speed&quot;:{&quot;unit&quot;:&quot;px&quot;,&quot;size&quot;:3,&quot;sizes&quot;:[]},&quot;background_motion_fx_translateY_affectedRange&quot;:{&quot;unit&quot;:&quot;%&quot;,&quot;size&quot;:&quot;&quot;,&quot;sizes&quot;:{&quot;start&quot;:0,&quot;end&quot;:100}},&quot;background_motion_fx_devices&quot;:[&quot;desktop&quot;,&quot;tablet&quot;,&quot;mobile&quot;],&quot;ekit_has_onepagescroll_dot&quot;:&quot;yes&quot;}\">\n\t\t\t\t\t<div class=\"e-con-inner\">\n\t\t\t\t<div class=\"elementor-element elementor-element-6782e5bf elementor-invisible elementor-widget elementor-widget-heading\" data-id=\"6782e5bf\" data-element_type=\"widget\" data-e-type=\"widget\" data-settings=\"{&quot;_animation&quot;:&quot;slideInUp&quot;,&quot;ekit_we_effect_on&quot;:&quot;none&quot;}\" data-widget_type=\"heading.default\">\n\t\t\t\t<div class=\"elementor-widget-container\">\n\t\t\t\t\t<h1 class=\"elementor-heading-title elementor-size-default\">Na\u0161e patenty:<br> Inovace a ochrana<\/h1>\t\t\t\t<\/div>\n\t\t\t\t<\/div>\n\t\t\t\t\t<\/div>\n\t\t\t\t<\/div>\n\t\t\t\t<section class=\"elementor-section elementor-top-section elementor-element elementor-element-6d13453 elementor-section-boxed elementor-section-height-default elementor-section-height-default\" data-id=\"6d13453\" data-element_type=\"section\" data-e-type=\"section\" data-settings=\"{&quot;ekit_has_onepagescroll_dot&quot;:&quot;yes&quot;}\">\n\t\t\t\t\t\t<div class=\"elementor-container elementor-column-gap-default\">\n\t\t\t\t\t<div class=\"elementor-column elementor-col-100 elementor-top-column elementor-element elementor-element-7b5130bb\" data-id=\"7b5130bb\" data-element_type=\"column\" data-e-type=\"column\">\n\t\t\t<div class=\"elementor-widget-wrap elementor-element-populated\">\n\t\t\t\t\t\t<section class=\"elementor-section elementor-inner-section elementor-element elementor-element-166918b9 elementor-section-boxed elementor-section-height-default elementor-section-height-default\" data-id=\"166918b9\" data-element_type=\"section\" data-e-type=\"section\" data-settings=\"{&quot;ekit_has_onepagescroll_dot&quot;:&quot;yes&quot;}\">\n\t\t\t\t\t\t<div class=\"elementor-container elementor-column-gap-default\">\n\t\t\t\t\t<div class=\"elementor-column elementor-col-33 elementor-inner-column elementor-element elementor-element-8bf3a9d\" data-id=\"8bf3a9d\" data-element_type=\"column\" data-e-type=\"column\">\n\t\t\t<div class=\"elementor-widget-wrap elementor-element-populated\">\n\t\t\t\t\t\t<div class=\"elementor-element elementor-element-29c2e6cf ekit-equal-height-disable elementor-widget elementor-widget-elementskit-image-box\" data-id=\"29c2e6cf\" data-element_type=\"widget\" data-e-type=\"widget\" data-settings=\"{&quot;ekit_we_effect_on&quot;:&quot;none&quot;}\" data-widget_type=\"elementskit-image-box.default\">\n\t\t\t\t<div class=\"elementor-widget-container\">\n\t\t\t\t\t<div class=\"ekit-wid-con\" >\n            <div class=\"elementskit-info-image-box ekit-image-box text-center hover_from_center hover-border-bottom\" >\n\n                \n                <div class=\"elementskit-box-header image-box-img-center\">\n\n                    <img fetchpriority=\"high\" decoding=\"async\" width=\"600\" height=\"600\" src=\"https:\/\/weecke.com\/wp-content\/uploads\/106-1.png\" class=\"attachment-full size-full wp-image-204\" alt=\"Patent C Vapor\" srcset=\"https:\/\/weecke.com\/wp-content\/uploads\/106-1.png 600w, https:\/\/weecke.com\/wp-content\/uploads\/106-1-500x500.png 500w, https:\/\/weecke.com\/wp-content\/uploads\/106-1-100x100.png 100w, https:\/\/weecke.com\/wp-content\/uploads\/106-1-150x150.png 150w, https:\/\/weecke.com\/wp-content\/uploads\/106-1-300x300.png 300w\" sizes=\"(max-width: 600px) 100vw, 600px\" \/>\n                <\/div>\n                \n                <div class=\"elementskit-box-body ekit-image-box-body\">\n                    <div class=\"elementskit-box-content ekit-image-box-body-inner\">\n                                                <h3 class=\"elementskit-info-box-title\">\n\n                        Weecke C Vapor\n                        \n                    <\/h3>\n                                                            <div class=\"elementskit-box-style-content\">\n                        Za\u017eijte inovaci s Weecke C Vapor, kter\u00fd byl navr\u017een a je chr\u00e1n\u011bn 6 v\u00fdhradn\u00edmi patenty po cel\u00e9m sv\u011bt\u011b.                    <\/div>\n                                    <\/div>\n\n                                <div class=\"elementskit-box-footer\">\n                    <div class=\"box-footer\">\n                        <div class=\"btn-wraper\">\n                                                            <a href=\"https:\/\/weecke.com\/cs\/patent-c-vapor\/\" class=\"elementskit-btn whitespace--normal\">\n                                    \n                                    \n                                    \u010c\u00edst v\u00edce                                <\/a>\n                                                        <\/div>\n                    <\/div>\n                <\/div>\n                            <\/div>\n            <\/div>\n    <\/div>\t\t\t\t<\/div>\n\t\t\t\t<\/div>\n\t\t\t\t\t<\/div>\n\t\t<\/div>\n\t\t\t\t<div class=\"elementor-column elementor-col-33 elementor-inner-column elementor-element elementor-element-2f10cc45\" data-id=\"2f10cc45\" data-element_type=\"column\" data-e-type=\"column\">\n\t\t\t<div class=\"elementor-widget-wrap elementor-element-populated\">\n\t\t\t\t\t\t<div class=\"elementor-element elementor-element-509760ff ekit-equal-height-disable elementor-widget elementor-widget-elementskit-image-box\" data-id=\"509760ff\" data-element_type=\"widget\" data-e-type=\"widget\" data-settings=\"{&quot;ekit_we_effect_on&quot;:&quot;none&quot;}\" data-widget_type=\"elementskit-image-box.default\">\n\t\t\t\t<div class=\"elementor-widget-container\">\n\t\t\t\t\t<div class=\"ekit-wid-con\" >\n            <div class=\"elementskit-info-image-box ekit-image-box text-center hover_from_center hover-border-bottom\" >\n\n                \n                <div class=\"elementskit-box-header image-box-img-center\">\n\n                    <img decoding=\"async\" width=\"600\" height=\"600\" src=\"https:\/\/weecke.com\/wp-content\/uploads\/108-3\u4e13\u5229.png\" class=\"attachment-full size-full wp-image-172\" alt=\"patent na vaporiz\u00e9r pro tab\u00e1k\" srcset=\"https:\/\/weecke.com\/wp-content\/uploads\/108-3\u4e13\u5229.png 600w, https:\/\/weecke.com\/wp-content\/uploads\/108-3\u4e13\u5229-500x500.png 500w, https:\/\/weecke.com\/wp-content\/uploads\/108-3\u4e13\u5229-100x100.png 100w, https:\/\/weecke.com\/wp-content\/uploads\/108-3\u4e13\u5229-150x150.png 150w, https:\/\/weecke.com\/wp-content\/uploads\/108-3\u4e13\u5229-300x300.png 300w\" sizes=\"(max-width: 600px) 100vw, 600px\" \/>\n                <\/div>\n                \n                <div class=\"elementskit-box-body ekit-image-box-body\">\n                    <div class=\"elementskit-box-content ekit-image-box-body-inner\">\n                                                <h3 class=\"elementskit-info-box-title\">\n\n                        Weecke Vaporizer Pen\n                        \n                    <\/h3>\n                                                            <div class=\"elementskit-box-style-content\">\n                        Weecke Vaporizer Pen vynik\u00e1 na trhu d\u00edky 11 mezin\u00e1rodn\u00edm patent\u016fm pro v\u00fdjime\u010dn\u00fd design a v\u00fdkon.                    <\/div>\n                                    <\/div>\n\n                                <div class=\"elementskit-box-footer\">\n                    <div class=\"box-footer\">\n                        <div class=\"btn-wraper\">\n                                                            <a href=\"https:\/\/weecke.com\/cs\/patent-na-vaporizer-pro-tabak\/\" class=\"elementskit-btn whitespace--normal\">\n                                    \n                                    \n                                    \u010c\u00edst v\u00edce                                <\/a>\n                                                        <\/div>\n                    <\/div>\n                <\/div>\n                            <\/div>\n            <\/div>\n    <\/div>\t\t\t\t<\/div>\n\t\t\t\t<\/div>\n\t\t\t\t\t<\/div>\n\t\t<\/div>\n\t\t\t\t<div class=\"elementor-column elementor-col-33 elementor-inner-column elementor-element elementor-element-2570a21c\" data-id=\"2570a21c\" data-element_type=\"column\" data-e-type=\"column\">\n\t\t\t<div class=\"elementor-widget-wrap elementor-element-populated\">\n\t\t\t\t\t\t<div class=\"elementor-element elementor-element-60b8f21c ekit-equal-height-disable elementor-widget elementor-widget-elementskit-image-box\" data-id=\"60b8f21c\" data-element_type=\"widget\" data-e-type=\"widget\" data-settings=\"{&quot;ekit_we_effect_on&quot;:&quot;none&quot;}\" data-widget_type=\"elementskit-image-box.default\">\n\t\t\t\t<div class=\"elementor-widget-container\">\n\t\t\t\t\t<div class=\"ekit-wid-con\" >\n            <div class=\"elementskit-info-image-box ekit-image-box text-center hover_from_center hover-border-bottom\" >\n\n                \n                <div class=\"elementskit-box-header image-box-img-center\">\n\n                    <img decoding=\"async\" width=\"600\" height=\"600\" src=\"https:\/\/weecke.com\/wp-content\/uploads\/116-1.png\" class=\"attachment-full size-full wp-image-196\" alt=\"patent WEECKE Tobacco Vaporizer\u2161\" srcset=\"https:\/\/weecke.com\/wp-content\/uploads\/116-1.png 600w, https:\/\/weecke.com\/wp-content\/uploads\/116-1-500x500.png 500w, https:\/\/weecke.com\/wp-content\/uploads\/116-1-100x100.png 100w, https:\/\/weecke.com\/wp-content\/uploads\/116-1-150x150.png 150w, https:\/\/weecke.com\/wp-content\/uploads\/116-1-300x300.png 300w\" sizes=\"(max-width: 600px) 100vw, 600px\" \/>\n                <\/div>\n                \n                <div class=\"elementskit-box-body ekit-image-box-body\">\n                    <div class=\"elementskit-box-content ekit-image-box-body-inner\">\n                                                <h3 class=\"elementskit-info-box-title\">\n\n                        Weecke II Vaporizer\n                        \n                    <\/h3>\n                                                            <div class=\"elementskit-box-style-content\">\n                        Weecke II Vaporizer nab\u00edz\u00ed patentovanou technologii, kter\u00e1 zaji\u0161\u0165uje kvalitu a spolehlivost a je chr\u00e1n\u011bna 2 celosv\u011btov\u011b uzn\u00e1van\u00fdmi patenty.                    <\/div>\n                                    <\/div>\n\n                                <div class=\"elementskit-box-footer\">\n                    <div class=\"box-footer\">\n                        <div class=\"btn-wraper\">\n                                                            <a href=\"https:\/\/weecke.com\/cs\/patent-na-tabakovy-vaporizer-weecke%e2%85%b1\/\" class=\"elementskit-btn whitespace--normal\">\n                                    \n                                    \n                                    \u010c\u00edst v\u00edce                                <\/a>\n                                                        <\/div>\n                    <\/div>\n                <\/div>\n                            <\/div>\n            <\/div>\n    <\/div>\t\t\t\t<\/div>\n\t\t\t\t<\/div>\n\t\t\t\t\t<\/div>\n\t\t<\/div>\n\t\t\t\t\t<\/div>\n\t\t<\/section>\n\t\t\t\t\t<\/div>\n\t\t<\/div>\n\t\t\t\t\t<\/div>\n\t\t<\/section>\n\t\t\t\t<\/div>","protected":false},"excerpt":{"rendered":"<p>Our Patents: Innovation and Protection Weecke C Vapor Experience innovation with the Weecke C Vapor, designed and safeguarded by 6 exclusive patents worldwide. Read More Weecke Vaporizer Pen The Weecke Vaporizer Pen stands out in the market, featuring 11 international patents for exceptional design and performance. Read More Weecke II Vaporizer Weecke II Vaporizer offers [&hellip;]<\/p>","protected":false},"author":1,"featured_media":0,"parent":0,"menu_order":0,"comment_status":"closed","ping_status":"closed","template":"","meta":{"footnotes":""},"class_list":["post-15235","page","type-page","status-publish","hentry"],"_links":{"self":[{"href":"https:\/\/weecke.com\/cs\/wp-json\/wp\/v2\/pages\/15235","targetHints":{"allow":["GET"]}}],"collection":[{"href":"https:\/\/weecke.com\/cs\/wp-json\/wp\/v2\/pages"}],"about":[{"href":"https:\/\/weecke.com\/cs\/wp-json\/wp\/v2\/types\/page"}],"author":[{"embeddable":true,"href":"https:\/\/weecke.com\/cs\/wp-json\/wp\/v2\/users\/1"}],"replies":[{"embeddable":true,"href":"https:\/\/weecke.com\/cs\/wp-json\/wp\/v2\/comments?post=15235"}],"version-history":[{"count":22,"href":"https:\/\/weecke.com\/cs\/wp-json\/wp\/v2\/pages\/15235\/revisions"}],"predecessor-version":[{"id":17034,"href":"https:\/\/weecke.com\/cs\/wp-json\/wp\/v2\/pages\/15235\/revisions\/17034"}],"wp:attachment":[{"href":"https:\/\/weecke.com\/cs\/wp-json\/wp\/v2\/media?parent=15235"}],"curies":[{"name":"wp","href":"https:\/\/api.w.org\/{rel}","templated":true}]}}