{"id":15198,"date":"2019-11-09T19:36:00","date_gmt":"2019-11-09T11:36:00","guid":{"rendered":"https:\/\/weecke.com\/?page_id=15198"},"modified":"2025-05-15T16:58:34","modified_gmt":"2025-05-15T08:58:34","slug":"weecke","status":"publish","type":"page","link":"https:\/\/weecke.com\/cs\/produkty\/weecke\/","title":{"rendered":"WEECKE Vaporizer"},"content":{"rendered":"<div data-elementor-type=\"wp-page\" data-elementor-id=\"15198\" class=\"elementor elementor-15198\" data-elementor-post-type=\"page\">\n\t\t\t\t<div class=\"elementor-element elementor-element-5e29e4e4 e-flex e-con-boxed e-con e-parent\" data-id=\"5e29e4e4\" data-element_type=\"container\" data-e-type=\"container\" data-settings=\"{&quot;background_background&quot;:&quot;classic&quot;,&quot;background_motion_fx_motion_fx_scrolling&quot;:&quot;yes&quot;,&quot;background_motion_fx_translateY_effect&quot;:&quot;yes&quot;,&quot;background_motion_fx_translateY_speed&quot;:{&quot;unit&quot;:&quot;px&quot;,&quot;size&quot;:3,&quot;sizes&quot;:[]},&quot;background_motion_fx_translateY_affectedRange&quot;:{&quot;unit&quot;:&quot;%&quot;,&quot;size&quot;:&quot;&quot;,&quot;sizes&quot;:{&quot;start&quot;:0,&quot;end&quot;:100}},&quot;background_motion_fx_devices&quot;:[&quot;desktop&quot;,&quot;tablet&quot;,&quot;mobile&quot;],&quot;ekit_has_onepagescroll_dot&quot;:&quot;yes&quot;}\">\n\t\t\t\t\t<div class=\"e-con-inner\">\n\t\t\t\t<div class=\"elementor-element elementor-element-300dc243 elementor-invisible elementor-widget elementor-widget-heading\" data-id=\"300dc243\" data-element_type=\"widget\" data-e-type=\"widget\" data-settings=\"{&quot;_animation&quot;:&quot;slideInUp&quot;,&quot;ekit_we_effect_on&quot;:&quot;none&quot;}\" data-widget_type=\"heading.default\">\n\t\t\t\t<div class=\"elementor-widget-container\">\n\t\t\t\t\t<h1 class=\"elementor-heading-title elementor-size-default\">WEECKE\u00ae Vaporiz\u00e9ry<\/h1>\t\t\t\t<\/div>\n\t\t\t\t<\/div>\n\t\t\t\t\t<\/div>\n\t\t\t\t<\/div>\n\t\t<div class=\"elementor-element elementor-element-136da86d e-flex e-con-boxed elementor-invisible e-con e-parent\" data-id=\"136da86d\" data-element_type=\"container\" data-e-type=\"container\" data-settings=\"{&quot;background_background&quot;:&quot;classic&quot;,&quot;animation&quot;:&quot;slideInUp&quot;,&quot;ekit_has_onepagescroll_dot&quot;:&quot;yes&quot;}\">\n\t\t\t\t\t<div class=\"e-con-inner\">\n\t\t\t\t<div class=\"elementor-element elementor-element-2b5beeea elementor-widget elementor-widget-heading\" data-id=\"2b5beeea\" data-element_type=\"widget\" data-e-type=\"widget\" data-settings=\"{&quot;ekit_we_effect_on&quot;:&quot;none&quot;}\" data-widget_type=\"heading.default\">\n\t\t\t\t<div class=\"elementor-widget-container\">\n\t\t\t\t\t<h5 class=\"elementor-heading-title elementor-size-default\">WEECKE VAPORIZER<\/h5>\t\t\t\t<\/div>\n\t\t\t\t<\/div>\n\t\t\t\t<div class=\"elementor-element elementor-element-6bd5b2a5 elementor-widget elementor-widget-heading\" data-id=\"6bd5b2a5\" data-element_type=\"widget\" data-e-type=\"widget\" data-settings=\"{&quot;ekit_we_effect_on&quot;:&quot;none&quot;}\" data-widget_type=\"heading.default\">\n\t\t\t\t<div class=\"elementor-widget-container\">\n\t\t\t\t\t<h2 class=\"elementor-heading-title elementor-size-default\">Obl\u00edben\u00fd vaporiz\u00e9r WEECKE<\/h2>\t\t\t\t<\/div>\n\t\t\t\t<\/div>\n\t\t\t\t\t<\/div>\n\t\t\t\t<\/div>\n\t\t<div class=\"elementor-element elementor-element-3491eb23 e-flex e-con-boxed e-con e-parent\" data-id=\"3491eb23\" data-element_type=\"container\" data-e-type=\"container\" data-settings=\"{&quot;background_background&quot;:&quot;classic&quot;,&quot;ekit_has_onepagescroll_dot&quot;:&quot;yes&quot;}\">\n\t\t\t\t\t<div class=\"e-con-inner\">\n\t\t<div class=\"elementor-element elementor-element-3f2cc708 e-con-full e-flex e-con e-child\" data-id=\"3f2cc708\" data-element_type=\"container\" data-e-type=\"container\" data-settings=\"{&quot;background_background&quot;:&quot;gradient&quot;,&quot;ekit_has_onepagescroll_dot&quot;:&quot;yes&quot;}\">\n\t\t\t\t<div class=\"elementor-element elementor-element-a5b7487 elementor-widget elementor-widget-image\" data-id=\"a5b7487\" data-element_type=\"widget\" data-e-type=\"widget\" data-settings=\"{&quot;ekit_we_effect_on&quot;:&quot;none&quot;}\" data-widget_type=\"image.default\">\n\t\t\t\t<div class=\"elementor-widget-container\">\n\t\t\t\t\t\t\t\t\t\t\t\t\t\t\t<img fetchpriority=\"high\" decoding=\"async\" width=\"600\" height=\"600\" src=\"https:\/\/weecke.com\/wp-content\/uploads\/Rush.jpg\" class=\"attachment-full size-full wp-image-16369\" alt=\"\" srcset=\"https:\/\/weecke.com\/wp-content\/uploads\/Rush.jpg 600w, https:\/\/weecke.com\/wp-content\/uploads\/Rush-300x300.jpg 300w, https:\/\/weecke.com\/wp-content\/uploads\/Rush-150x150.jpg 150w, https:\/\/weecke.com\/wp-content\/uploads\/Rush-500x500.jpg 500w, https:\/\/weecke.com\/wp-content\/uploads\/Rush-100x100.jpg 100w\" sizes=\"(max-width: 600px) 100vw, 600px\" \/>\t\t\t\t\t\t\t\t\t\t\t\t\t\t\t<\/div>\n\t\t\t\t<\/div>\n\t\t\t\t<div class=\"elementor-element elementor-element-3d974c00 elementor-widget elementor-widget-heading\" data-id=\"3d974c00\" data-element_type=\"widget\" data-e-type=\"widget\" data-settings=\"{&quot;ekit_we_effect_on&quot;:&quot;none&quot;}\" data-widget_type=\"heading.default\">\n\t\t\t\t<div class=\"elementor-widget-container\">\n\t\t\t\t\t<h3 class=\"elementor-heading-title elementor-size-default\">WEECKE RUSH<\/h3>\t\t\t\t<\/div>\n\t\t\t\t<\/div>\n\t\t<div class=\"elementor-element elementor-element-1a6eae0c e-flex e-con-boxed e-con e-child\" data-id=\"1a6eae0c\" data-element_type=\"container\" data-e-type=\"container\" data-settings=\"{&quot;ekit_has_onepagescroll_dot&quot;:&quot;yes&quot;}\">\n\t\t\t\t\t<div class=\"e-con-inner\">\n\t\t<div class=\"elementor-element elementor-element-2065982 e-flex e-con-boxed e-con e-child\" data-id=\"2065982\" data-element_type=\"container\" data-e-type=\"container\" data-settings=\"{&quot;ekit_has_onepagescroll_dot&quot;:&quot;yes&quot;}\">\n\t\t\t\t\t<div class=\"e-con-inner\">\n\t\t\t\t<div class=\"elementor-element elementor-element-4adc132 elementor-widget__width-auto elementor-widget elementor-widget-heading\" data-id=\"4adc132\" data-element_type=\"widget\" data-e-type=\"widget\" data-settings=\"{&quot;ekit_we_effect_on&quot;:&quot;none&quot;}\" data-widget_type=\"heading.default\">\n\t\t\t\t<div class=\"elementor-widget-container\">\n\t\t\t\t\t<span class=\"elementor-heading-title elementor-size-default\">Vaporiz\u00e9r na such\u00e9 byliny<\/span>\t\t\t\t<\/div>\n\t\t\t\t<\/div>\n\t\t\t\t\t<\/div>\n\t\t\t\t<\/div>\n\t\t<div class=\"elementor-element elementor-element-5b6a6c3a e-flex e-con-boxed e-con e-child\" data-id=\"5b6a6c3a\" data-element_type=\"container\" data-e-type=\"container\" data-settings=\"{&quot;ekit_has_onepagescroll_dot&quot;:&quot;yes&quot;}\">\n\t\t\t\t\t<div class=\"e-con-inner\">\n\t\t\t\t<div class=\"elementor-element elementor-element-3eab51a elementor-align-right elementor-widget elementor-widget-button\" data-id=\"3eab51a\" data-element_type=\"widget\" data-e-type=\"widget\" data-settings=\"{&quot;ekit_we_effect_on&quot;:&quot;none&quot;}\" data-widget_type=\"button.default\">\n\t\t\t\t<div class=\"elementor-widget-container\">\n\t\t\t\t\t\t\t\t\t<div class=\"elementor-button-wrapper\">\n\t\t\t\t\t<a class=\"elementor-button elementor-button-link elementor-size-sm\" href=\"https:\/\/weecke.com\/cs\/product\/weecke-rush\/\">\n\t\t\t\t\t\t<span class=\"elementor-button-content-wrapper\">\n\t\t\t\t\t\t\t\t\t<span class=\"elementor-button-text\">Podrobnosti<\/span>\n\t\t\t\t\t<\/span>\n\t\t\t\t\t<\/a>\n\t\t\t\t<\/div>\n\t\t\t\t\t\t\t\t<\/div>\n\t\t\t\t<\/div>\n\t\t\t\t\t<\/div>\n\t\t\t\t<\/div>\n\t\t\t\t\t<\/div>\n\t\t\t\t<\/div>\n\t\t\t\t<\/div>\n\t\t<div class=\"elementor-element elementor-element-17eada36 e-con-full e-flex e-con e-child\" data-id=\"17eada36\" data-element_type=\"container\" data-e-type=\"container\" data-settings=\"{&quot;background_background&quot;:&quot;gradient&quot;,&quot;ekit_has_onepagescroll_dot&quot;:&quot;yes&quot;}\">\n\t\t\t\t<div class=\"elementor-element elementor-element-37cbff8a elementor-widget elementor-widget-image\" data-id=\"37cbff8a\" data-element_type=\"widget\" data-e-type=\"widget\" data-settings=\"{&quot;ekit_we_effect_on&quot;:&quot;none&quot;}\" data-widget_type=\"image.default\">\n\t\t\t\t<div class=\"elementor-widget-container\">\n\t\t\t\t\t\t\t\t\t\t\t\t\t\t\t<img decoding=\"async\" src=\"https:\/\/weecke.com\/wp-content\/uploads\/elementor\/thumbs\/-qwxy62hy2lzp8avjy51hwd3aoiagxr3bs5f4iwc8ds.jpg\" title=\"\" alt=\"Weecke Viliz\" loading=\"lazy\" \/>\t\t\t\t\t\t\t\t\t\t\t\t\t\t\t<\/div>\n\t\t\t\t<\/div>\n\t\t\t\t<div class=\"elementor-element elementor-element-483bd6e6 elementor-widget elementor-widget-heading\" data-id=\"483bd6e6\" data-element_type=\"widget\" data-e-type=\"widget\" data-settings=\"{&quot;ekit_we_effect_on&quot;:&quot;none&quot;}\" data-widget_type=\"heading.default\">\n\t\t\t\t<div class=\"elementor-widget-container\">\n\t\t\t\t\t<h3 class=\"elementor-heading-title elementor-size-default\">WEECKE VILIZ<\/h3>\t\t\t\t<\/div>\n\t\t\t\t<\/div>\n\t\t<div class=\"elementor-element elementor-element-2d180dba e-flex e-con-boxed e-con e-child\" data-id=\"2d180dba\" data-element_type=\"container\" data-e-type=\"container\" data-settings=\"{&quot;ekit_has_onepagescroll_dot&quot;:&quot;yes&quot;}\">\n\t\t\t\t\t<div class=\"e-con-inner\">\n\t\t<div class=\"elementor-element elementor-element-10be2f2f e-flex e-con-boxed e-con e-child\" data-id=\"10be2f2f\" data-element_type=\"container\" data-e-type=\"container\" data-settings=\"{&quot;ekit_has_onepagescroll_dot&quot;:&quot;yes&quot;}\">\n\t\t\t\t\t<div class=\"e-con-inner\">\n\t\t\t\t<div class=\"elementor-element elementor-element-2e761fa8 elementor-widget__width-auto elementor-widget elementor-widget-heading\" data-id=\"2e761fa8\" data-element_type=\"widget\" data-e-type=\"widget\" data-settings=\"{&quot;ekit_we_effect_on&quot;:&quot;none&quot;}\" data-widget_type=\"heading.default\">\n\t\t\t\t<div class=\"elementor-widget-container\">\n\t\t\t\t\t<span class=\"elementor-heading-title elementor-size-default\">Vaporiz\u00e9r na such\u00e9 byliny<\/span>\t\t\t\t<\/div>\n\t\t\t\t<\/div>\n\t\t\t\t\t<\/div>\n\t\t\t\t<\/div>\n\t\t<div class=\"elementor-element elementor-element-5ffc28d2 e-flex e-con-boxed e-con e-child\" data-id=\"5ffc28d2\" data-element_type=\"container\" data-e-type=\"container\" data-settings=\"{&quot;ekit_has_onepagescroll_dot&quot;:&quot;yes&quot;}\">\n\t\t\t\t\t<div class=\"e-con-inner\">\n\t\t\t\t<div class=\"elementor-element elementor-element-5d7c120d elementor-align-right elementor-widget elementor-widget-button\" data-id=\"5d7c120d\" data-element_type=\"widget\" data-e-type=\"widget\" data-settings=\"{&quot;ekit_we_effect_on&quot;:&quot;none&quot;}\" data-widget_type=\"button.default\">\n\t\t\t\t<div class=\"elementor-widget-container\">\n\t\t\t\t\t\t\t\t\t<div class=\"elementor-button-wrapper\">\n\t\t\t\t\t<a class=\"elementor-button elementor-button-link elementor-size-sm\" href=\"https:\/\/weecke.com\/cs\/product\/weecke-viliz\/\">\n\t\t\t\t\t\t<span class=\"elementor-button-content-wrapper\">\n\t\t\t\t\t\t\t\t\t<span class=\"elementor-button-text\">Podrobnosti<\/span>\n\t\t\t\t\t<\/span>\n\t\t\t\t\t<\/a>\n\t\t\t\t<\/div>\n\t\t\t\t\t\t\t\t<\/div>\n\t\t\t\t<\/div>\n\t\t\t\t\t<\/div>\n\t\t\t\t<\/div>\n\t\t\t\t\t<\/div>\n\t\t\t\t<\/div>\n\t\t\t\t<\/div>\n\t\t<div class=\"elementor-element elementor-element-39a21ed2 e-con-full e-flex e-con e-child\" data-id=\"39a21ed2\" data-element_type=\"container\" data-e-type=\"container\" data-settings=\"{&quot;background_background&quot;:&quot;gradient&quot;,&quot;ekit_has_onepagescroll_dot&quot;:&quot;yes&quot;}\">\n\t\t\t\t<div class=\"elementor-element elementor-element-27a0d6e3 elementor-widget elementor-widget-image\" data-id=\"27a0d6e3\" data-element_type=\"widget\" data-e-type=\"widget\" data-settings=\"{&quot;ekit_we_effect_on&quot;:&quot;none&quot;}\" data-widget_type=\"image.default\">\n\t\t\t\t<div class=\"elementor-widget-container\">\n\t\t\t\t\t\t\t\t\t\t\t\t\t\t\t<img decoding=\"async\" width=\"1000\" height=\"1000\" src=\"https:\/\/weecke.com\/wp-content\/uploads\/Weecke-Puzzle-Vaporizer.jpg\" class=\"attachment-full size-full wp-image-17252\" alt=\"\" srcset=\"https:\/\/weecke.com\/wp-content\/uploads\/Weecke-Puzzle-Vaporizer.jpg 1000w, https:\/\/weecke.com\/wp-content\/uploads\/Weecke-Puzzle-Vaporizer-300x300.jpg 300w, https:\/\/weecke.com\/wp-content\/uploads\/Weecke-Puzzle-Vaporizer-150x150.jpg 150w, https:\/\/weecke.com\/wp-content\/uploads\/Weecke-Puzzle-Vaporizer-768x768.jpg 768w, https:\/\/weecke.com\/wp-content\/uploads\/Weecke-Puzzle-Vaporizer-500x500.jpg 500w, https:\/\/weecke.com\/wp-content\/uploads\/Weecke-Puzzle-Vaporizer-700x700.jpg 700w, https:\/\/weecke.com\/wp-content\/uploads\/Weecke-Puzzle-Vaporizer-100x100.jpg 100w, https:\/\/weecke.com\/wp-content\/uploads\/elementor\/thumbs\/Weecke-Puzzle-Vaporizer-r5u3u6kmujtlvcg9jvcgy7itk85ez0267u292q7ypc.jpg 600w\" sizes=\"(max-width: 1000px) 100vw, 1000px\" \/>\t\t\t\t\t\t\t\t\t\t\t\t\t\t\t<\/div>\n\t\t\t\t<\/div>\n\t\t\t\t<div class=\"elementor-element elementor-element-7188c8d0 elementor-widget elementor-widget-heading\" data-id=\"7188c8d0\" data-element_type=\"widget\" data-e-type=\"widget\" data-settings=\"{&quot;ekit_we_effect_on&quot;:&quot;none&quot;}\" data-widget_type=\"heading.default\">\n\t\t\t\t<div class=\"elementor-widget-container\">\n\t\t\t\t\t<h3 class=\"elementor-heading-title elementor-size-default\">WEECKE PUZZLE<\/h3>\t\t\t\t<\/div>\n\t\t\t\t<\/div>\n\t\t<div class=\"elementor-element elementor-element-2a0adc16 e-flex e-con-boxed e-con e-child\" data-id=\"2a0adc16\" data-element_type=\"container\" data-e-type=\"container\" data-settings=\"{&quot;ekit_has_onepagescroll_dot&quot;:&quot;yes&quot;}\">\n\t\t\t\t\t<div class=\"e-con-inner\">\n\t\t<div class=\"elementor-element elementor-element-2f76bb67 e-flex e-con-boxed e-con e-child\" data-id=\"2f76bb67\" data-element_type=\"container\" data-e-type=\"container\" data-settings=\"{&quot;ekit_has_onepagescroll_dot&quot;:&quot;yes&quot;}\">\n\t\t\t\t\t<div class=\"e-con-inner\">\n\t\t\t\t<div class=\"elementor-element elementor-element-6f48a4fd elementor-widget__width-auto elementor-widget elementor-widget-heading\" data-id=\"6f48a4fd\" data-element_type=\"widget\" data-e-type=\"widget\" data-settings=\"{&quot;ekit_we_effect_on&quot;:&quot;none&quot;}\" data-widget_type=\"heading.default\">\n\t\t\t\t<div class=\"elementor-widget-container\">\n\t\t\t\t\t<span class=\"elementor-heading-title elementor-size-default\">Vaporiz\u00e9r na such\u00e9 byliny<\/span>\t\t\t\t<\/div>\n\t\t\t\t<\/div>\n\t\t\t\t\t<\/div>\n\t\t\t\t<\/div>\n\t\t<div class=\"elementor-element elementor-element-4748efda e-flex e-con-boxed e-con e-child\" data-id=\"4748efda\" data-element_type=\"container\" data-e-type=\"container\" data-settings=\"{&quot;ekit_has_onepagescroll_dot&quot;:&quot;yes&quot;}\">\n\t\t\t\t\t<div class=\"e-con-inner\">\n\t\t\t\t<div class=\"elementor-element elementor-element-6fd93598 elementor-align-right elementor-widget elementor-widget-button\" data-id=\"6fd93598\" data-element_type=\"widget\" data-e-type=\"widget\" data-settings=\"{&quot;ekit_we_effect_on&quot;:&quot;none&quot;}\" data-widget_type=\"button.default\">\n\t\t\t\t<div class=\"elementor-widget-container\">\n\t\t\t\t\t\t\t\t\t<div class=\"elementor-button-wrapper\">\n\t\t\t\t\t<a class=\"elementor-button elementor-button-link elementor-size-sm\" href=\"https:\/\/weecke.com\/cs\/product\/weecke-puzzle\/\">\n\t\t\t\t\t\t<span class=\"elementor-button-content-wrapper\">\n\t\t\t\t\t\t\t\t\t<span class=\"elementor-button-text\">Podrobnosti<\/span>\n\t\t\t\t\t<\/span>\n\t\t\t\t\t<\/a>\n\t\t\t\t<\/div>\n\t\t\t\t\t\t\t\t<\/div>\n\t\t\t\t<\/div>\n\t\t\t\t\t<\/div>\n\t\t\t\t<\/div>\n\t\t\t\t\t<\/div>\n\t\t\t\t<\/div>\n\t\t\t\t<\/div>\n\t\t\t\t\t<\/div>\n\t\t\t\t<\/div>\n\t\t<div class=\"elementor-element elementor-element-3e8266a9 e-con-full e-flex e-con e-parent\" data-id=\"3e8266a9\" data-element_type=\"container\" data-e-type=\"container\" data-settings=\"{&quot;ekit_has_onepagescroll_dot&quot;:&quot;yes&quot;}\">\n\t\t<div class=\"elementor-element elementor-element-54732e64 e-con-full e-flex e-con e-child\" data-id=\"54732e64\" data-element_type=\"container\" data-e-type=\"container\" data-settings=\"{&quot;background_background&quot;:&quot;gradient&quot;,&quot;ekit_has_onepagescroll_dot&quot;:&quot;yes&quot;}\">\n\t\t<div class=\"elementor-element elementor-element-25489058 e-flex e-con-boxed e-con e-child\" data-id=\"25489058\" data-element_type=\"container\" data-e-type=\"container\" data-settings=\"{&quot;background_background&quot;:&quot;gradient&quot;,&quot;ekit_has_onepagescroll_dot&quot;:&quot;yes&quot;}\">\n\t\t\t\t\t<div class=\"e-con-inner\">\n\t\t\t\t<div class=\"elementor-element elementor-element-42216ba9 elementor-position-left elementor-vertical-align-middle elementor-invisible elementor-widget elementor-widget-image-box\" data-id=\"42216ba9\" data-element_type=\"widget\" data-e-type=\"widget\" data-settings=\"{&quot;_animation&quot;:&quot;slideInLeft&quot;,&quot;ekit_we_effect_on&quot;:&quot;none&quot;}\" data-widget_type=\"image-box.default\">\n\t\t\t\t<div class=\"elementor-widget-container\">\n\t\t\t\t\t<div class=\"elementor-image-box-wrapper\"><figure class=\"elementor-image-box-img\"><img decoding=\"async\" width=\"200\" height=\"200\" src=\"https:\/\/weecke.com\/wp-content\/uploads\/brandfolder.png\" class=\"attachment-full size-full wp-image-16978\" alt=\"\" srcset=\"https:\/\/weecke.com\/wp-content\/uploads\/brandfolder.png 200w, https:\/\/weecke.com\/wp-content\/uploads\/brandfolder-150x150.png 150w, https:\/\/weecke.com\/wp-content\/uploads\/brandfolder-100x100.png 100w\" sizes=\"(max-width: 200px) 100vw, 200px\" \/><\/figure><div class=\"elementor-image-box-content\"><h4 class=\"elementor-image-box-title\">Zna\u010dkov\u00fd produkt<\/h4><p class=\"elementor-image-box-description\">Kvalitn\u00ed vaporiz\u00e9ry podpo\u0159en\u00e9 d\u016fv\u011bryhodnou zna\u010dkou Weecke. Inovativn\u00ed design, spolehliv\u00fd v\u00fdkon.<\/p><\/div><\/div>\t\t\t\t<\/div>\n\t\t\t\t<\/div>\n\t\t\t\t\t<\/div>\n\t\t\t\t<\/div>\n\t\t\t\t<\/div>\n\t\t<div class=\"elementor-element elementor-element-7dc85c2a e-con-full e-flex e-con e-child\" data-id=\"7dc85c2a\" data-element_type=\"container\" data-e-type=\"container\" data-settings=\"{&quot;background_background&quot;:&quot;gradient&quot;,&quot;ekit_has_onepagescroll_dot&quot;:&quot;yes&quot;}\">\n\t\t<div class=\"elementor-element elementor-element-d45142d e-flex e-con-boxed e-con e-child\" data-id=\"d45142d\" data-element_type=\"container\" data-e-type=\"container\" data-settings=\"{&quot;background_background&quot;:&quot;gradient&quot;,&quot;ekit_has_onepagescroll_dot&quot;:&quot;yes&quot;}\">\n\t\t\t\t\t<div class=\"e-con-inner\">\n\t\t\t\t<div class=\"elementor-element elementor-element-472dab87 elementor-position-left elementor-vertical-align-middle elementor-invisible elementor-widget elementor-widget-image-box\" data-id=\"472dab87\" data-element_type=\"widget\" data-e-type=\"widget\" data-settings=\"{&quot;_animation&quot;:&quot;slideInUp&quot;,&quot;ekit_we_effect_on&quot;:&quot;none&quot;}\" data-widget_type=\"image-box.default\">\n\t\t\t\t<div class=\"elementor-widget-container\">\n\t\t\t\t\t<div class=\"elementor-image-box-wrapper\"><figure class=\"elementor-image-box-img\"><img loading=\"lazy\" decoding=\"async\" width=\"2572\" height=\"2830\" src=\"https:\/\/weecke.com\/wp-content\/uploads\/price.png\" class=\"attachment-full size-full wp-image-16981\" alt=\"\" srcset=\"https:\/\/weecke.com\/wp-content\/uploads\/price.png 2572w, https:\/\/weecke.com\/wp-content\/uploads\/price-273x300.png 273w, https:\/\/weecke.com\/wp-content\/uploads\/price-931x1024.png 931w, https:\/\/weecke.com\/wp-content\/uploads\/price-768x845.png 768w, https:\/\/weecke.com\/wp-content\/uploads\/price-1396x1536.png 1396w, https:\/\/weecke.com\/wp-content\/uploads\/price-1861x2048.png 1861w, https:\/\/weecke.com\/wp-content\/uploads\/price-500x550.png 500w, https:\/\/weecke.com\/wp-content\/uploads\/price-700x770.png 700w\" sizes=\"(max-width: 2572px) 100vw, 2572px\" \/><\/figure><div class=\"elementor-image-box-content\"><h4 class=\"elementor-image-box-title\">P\u0159\u00edv\u011btiv\u00e9 ceny<\/h4><p class=\"elementor-image-box-description\">Dostupn\u00e1 cenov\u00e1 politika bez kompromis\u016f v kvalit\u011b. Z\u00edskejte pr\u00e9miov\u00e9 funkce za konkurenceschopn\u00e9 sazby.<\/p><\/div><\/div>\t\t\t\t<\/div>\n\t\t\t\t<\/div>\n\t\t\t\t\t<\/div>\n\t\t\t\t<\/div>\n\t\t\t\t<\/div>\n\t\t<div class=\"elementor-element elementor-element-7b8216c3 e-con-full e-flex e-con e-child\" data-id=\"7b8216c3\" data-element_type=\"container\" data-e-type=\"container\" data-settings=\"{&quot;background_background&quot;:&quot;gradient&quot;,&quot;ekit_has_onepagescroll_dot&quot;:&quot;yes&quot;}\">\n\t\t<div class=\"elementor-element elementor-element-6b669cf5 e-flex e-con-boxed e-con e-child\" data-id=\"6b669cf5\" data-element_type=\"container\" data-e-type=\"container\" data-settings=\"{&quot;background_background&quot;:&quot;gradient&quot;,&quot;ekit_has_onepagescroll_dot&quot;:&quot;yes&quot;}\">\n\t\t\t\t\t<div class=\"e-con-inner\">\n\t\t\t\t<div class=\"elementor-element elementor-element-54a681c8 elementor-position-left elementor-vertical-align-middle elementor-invisible elementor-widget elementor-widget-image-box\" data-id=\"54a681c8\" data-element_type=\"widget\" data-e-type=\"widget\" data-settings=\"{&quot;_animation&quot;:&quot;slideInRight&quot;,&quot;ekit_we_effect_on&quot;:&quot;none&quot;}\" data-widget_type=\"image-box.default\">\n\t\t\t\t<div class=\"elementor-widget-container\">\n\t\t\t\t\t<div class=\"elementor-image-box-wrapper\"><figure class=\"elementor-image-box-img\"><img loading=\"lazy\" decoding=\"async\" width=\"201\" height=\"200\" src=\"https:\/\/weecke.com\/wp-content\/uploads\/process.png\" class=\"attachment-full size-full wp-image-16979\" alt=\"\" srcset=\"https:\/\/weecke.com\/wp-content\/uploads\/process.png 201w, https:\/\/weecke.com\/wp-content\/uploads\/process-150x150.png 150w, https:\/\/weecke.com\/wp-content\/uploads\/process-100x100.png 100w\" sizes=\"(max-width: 201px) 100vw, 201px\" \/><\/figure><div class=\"elementor-image-box-content\"><h4 class=\"elementor-image-box-title\">Jednoduch\u00fd proces<\/h4><p class=\"elementor-image-box-description\">Jednoduch\u00e9 a bezprobl\u00e9mov\u00e9 objedn\u00e1v\u00e1n\u00ed. Od dotazu po dod\u00e1n\u00ed v\u00e1m v\u0161e usnadn\u00edme.<\/p><\/div><\/div>\t\t\t\t<\/div>\n\t\t\t\t<\/div>\n\t\t\t\t\t<\/div>\n\t\t\t\t<\/div>\n\t\t\t\t<\/div>\n\t\t\t\t<\/div>\n\t\t\t\t<\/div>","protected":false},"excerpt":{"rendered":"<p>WEECKE\u00ae Vaporizers WEECKE VAPORIZER Popular WEECKE Vaporizer WEECKE RUSH Dry Herb Vaporizer Details WEECKE VILIZ Dry Herb Vaporizer Details WEECKE PUZZLE Dry Herb Vaporizer Details Branded ProductQuality vaporizers backed by the trusted Weecke brand. Innovative designs, reliable performance. Friendly PricesAffordable pricing without compromising quality. Get premium features at competitive rates. Easy ProcessSimple and seamless ordering. [&hellip;]<\/p>","protected":false},"author":1,"featured_media":0,"parent":15173,"menu_order":0,"comment_status":"closed","ping_status":"closed","template":"","meta":{"footnotes":""},"class_list":["post-15198","page","type-page","status-publish","hentry"],"_links":{"self":[{"href":"https:\/\/weecke.com\/cs\/wp-json\/wp\/v2\/pages\/15198","targetHints":{"allow":["GET"]}}],"collection":[{"href":"https:\/\/weecke.com\/cs\/wp-json\/wp\/v2\/pages"}],"about":[{"href":"https:\/\/weecke.com\/cs\/wp-json\/wp\/v2\/types\/page"}],"author":[{"embeddable":true,"href":"https:\/\/weecke.com\/cs\/wp-json\/wp\/v2\/users\/1"}],"replies":[{"embeddable":true,"href":"https:\/\/weecke.com\/cs\/wp-json\/wp\/v2\/comments?post=15198"}],"version-history":[{"count":27,"href":"https:\/\/weecke.com\/cs\/wp-json\/wp\/v2\/pages\/15198\/revisions"}],"predecessor-version":[{"id":17272,"href":"https:\/\/weecke.com\/cs\/wp-json\/wp\/v2\/pages\/15198\/revisions\/17272"}],"up":[{"embeddable":true,"href":"https:\/\/weecke.com\/cs\/wp-json\/wp\/v2\/pages\/15173"}],"wp:attachment":[{"href":"https:\/\/weecke.com\/cs\/wp-json\/wp\/v2\/media?parent=15198"}],"curies":[{"name":"wp","href":"https:\/\/api.w.org\/{rel}","templated":true}]}}